{"id":153,"date":"2025-05-20T09:56:39","date_gmt":"2025-05-20T07:56:39","guid":{"rendered":"https:\/\/lavoixdesaintjo.fr\/2025\/corse\/?page_id=153"},"modified":"2025-06-16T15:18:55","modified_gmt":"2025-06-16T13:18:55","slug":"conditions-generales-dutilisation","status":"publish","type":"page","link":"https:\/\/lavoixdesaintjo.fr\/2025\/corse\/conditions-generales-dutilisation\/","title":{"rendered":"Mentions L\u00e9gales"},"content":{"rendered":"<div class=\"yoast-breadcrumbs\"><span><span><a href=\"https:\/\/lavoixdesaintjo.fr\/2025\/corse\/\">Accueil<\/a><\/span> \u00bb <span class=\"breadcrumb_last\" aria-current=\"page\">Mentions L\u00e9gales<\/span><\/span><\/div>\n\n\n<p>En vigueur au 20\/05\/2025 <\/p>\n\n\n\n<p>Conform\u00e9ment aux dispositions de la loi n\u00b02004-575 du 21 juin 2004 pour la Confiance en l\u2019\u00e9conomie num\u00e9rique, il est port\u00e9 \u00e0 la connaissance des utilisateurs et visiteurs, ci-apr\u00e8s l&rsquo; \u00ab\u00a0Utilisateur\u00a0\u00bb, du site https:\/\/lavoixdesaintjo.fr\/2025\/corse\/ , ci-apr\u00e8s le \u00ab\u00a0Site\u00a0\u00bb, les pr\u00e9sentes mentions l\u00e9gales.<\/p>\n\n\n\n<p>La connexion et la navigation sur le Site par l\u2019Utilisateur implique acceptation int\u00e9grale et sans r\u00e9serve des pr\u00e9sentes mentions l\u00e9gales. Ces derni\u00e8res sont accessibles sur le Site \u00e0 la rubrique \u00ab\u00a0Mentions l\u00e9gales\u00a0\u00bb.<\/p>\n\n\n\n<h2 class=\"wp-block-heading\">EDITION DU SITE<\/h2>\n\n\n\n<p>L\u2019\u00e9dition et la direction de la publication du Site est assur\u00e9e par La Voix de Saint Jo.<\/p>\n\n\n\n<h2 class=\"wp-block-heading\">HEBERGEUR<\/h2>\n\n\n\n<p>L&rsquo;h\u00e9bergeur du Site est la soci\u00e9t\u00e9 Infomaniak, dont le si\u00e8ge social est situ\u00e9 au<strong> Infomaniak Network SA, Rue Eug\u00e8ne Marziano 25, 1227 Les Acacias, Gen\u00e8ve,Suisse<\/strong>.<\/p>\n\n\n\n<h2 class=\"wp-block-heading\">CONTENU<\/h2>\n\n\n\n<p>Images : site libre de droit tel que Pexel, Pixabay, photos personnelles, Canva.<\/p>\n\n\n\n<p>R\u00e9daction des pages : IA, Nous m\u00eame<\/p>\n\n\n\n<p>Carte : Issus de Google Map<\/p>\n\n\n\n<h2 class=\"wp-block-heading\">ACCES AU SITE<\/h2>\n\n\n\n<p>Le Site est normalement accessible, \u00e0 tout moment, \u00e0 l&rsquo;Utilisateur. Toutefois, l&rsquo;Editeur pourra, \u00e0 tout moment, suspendre, limiter ou interrompre le Site afin de proc\u00e9der, notamment, \u00e0 des mises \u00e0 jour ou des modifications de son contenu. L&rsquo;Editeur ne pourra en aucun cas \u00eatre tenu responsable des cons\u00e9quences \u00e9ventuelles de cette indisponibilit\u00e9 sur les activit\u00e9s de l&rsquo;Utilisateur.<\/p>\n\n\n\n<h2 class=\"wp-block-heading\">COLLECTE DES DONNEES<\/h2>\n\n\n\n<p>Le Site assure \u00e0 l&rsquo;Utilisateur une collecte et un traitement des donn\u00e9es personnelles dans le respect de la vie priv\u00e9e conform\u00e9ment \u00e0 la loi n\u00b078-17 du 6 janvier 1978 relative \u00e0 l&rsquo;informatique, aux fichiers aux libert\u00e9s et dans le respect de la r\u00e8glementation applicable en mati\u00e8re de traitement des donn\u00e9es \u00e0 caract\u00e8re personnel conform\u00e9ment au r\u00e8glement (UE) 2016\/679 du Parlement europ\u00e9en et du Conseil du 27 avril 2016 (ci-apr\u00e8s, ensemble, la \u00ab\u00a0R\u00e8glementation applicable en mati\u00e8re de protection des Donn\u00e9es \u00e0 caract\u00e8re personnel\u00a0\u00bb).<\/p>\n\n\n\n<p>En vertu de la R\u00e8glementation applicable en mati\u00e8re de protection des Donn\u00e9es \u00e0 caract\u00e8re personnel, l&rsquo;Utilisateur dispose d&rsquo;un droit d&rsquo;acc\u00e8s, de rectification, de suppression et d&rsquo;opposition de ses donn\u00e9es personnelles. L&rsquo;Utilisateur peut exercer ce droit : depuis le formulaire de contact ;<\/p>\n\n\n\n<p>Toute utilisation, reproduction, diffusion, commercialisation, modification de toute ou partie du Site, sans autorisation expresse de l\u2019Editeur est prohib\u00e9e et pourra entra\u00eener des actions et poursuites judiciaires telles que pr\u00e9vues par la r\u00e8glementation en vigueur.<\/p>\n\n\n\n<p><strong>R\u00e9dig\u00e9 sur http:\/\/legalplace.fr<\/strong><\/p>\n","protected":false},"excerpt":{"rendered":"<p>En vigueur au 20\/05\/2025 Conform\u00e9ment aux dispositions de la loi n\u00b02004-575 du 21 juin 2004 pour la Confiance en l\u2019\u00e9conomie num\u00e9rique, il est port\u00e9 \u00e0 la connaissance des utilisateurs et visiteurs, ci-apr\u00e8s l&rsquo; \u00ab\u00a0Utilisateur\u00a0\u00bb, du site https:\/\/lavoixdesaintjo.fr\/2025\/corse\/ , ci-apr\u00e8s le \u00ab\u00a0Site\u00a0\u00bb, les pr\u00e9sentes mentions l\u00e9gales. La connexion et la navigation sur le Site par l\u2019Utilisateur implique acceptation int\u00e9grale et sans r\u00e9serve des pr\u00e9sentes mentions l\u00e9gales. Ces derni\u00e8res sont accessibles sur le Site \u00e0 la rubrique \u00ab\u00a0Mentions l\u00e9gales\u00a0\u00bb. EDITION DU SITE L\u2019\u00e9dition et la direction de la publication du Site est assur\u00e9e par La Voix de Saint Jo. HEBERGEUR L&rsquo;h\u00e9bergeur du Site est la soci\u00e9t\u00e9 Infomaniak, dont le si\u00e8ge social est situ\u00e9 au Infomaniak Network SA, Rue Eug\u00e8ne Marziano 25, 1227 Les Acacias, Gen\u00e8ve,Suisse. CONTENU Images : site libre de droit tel que Pexel, Pixabay, photos personnelles, Canva. R\u00e9daction des pages : IA, Nous m\u00eame Carte : Issus de Google Map ACCES AU SITE Le Site est normalement accessible, \u00e0 tout moment, \u00e0 l&rsquo;Utilisateur. Toutefois, l&rsquo;Editeur pourra, \u00e0 tout moment, suspendre, limiter ou interrompre le Site afin de proc\u00e9der, notamment, \u00e0 des mises \u00e0 jour ou des modifications de son contenu. L&rsquo;Editeur ne pourra en aucun cas \u00eatre tenu responsable des cons\u00e9quences \u00e9ventuelles de cette indisponibilit\u00e9 sur les activit\u00e9s de l&rsquo;Utilisateur. COLLECTE DES DONNEES Le Site assure \u00e0 l&rsquo;Utilisateur une collecte et un traitement des donn\u00e9es personnelles dans le respect de la vie priv\u00e9e conform\u00e9ment \u00e0 la loi n\u00b078-17 du 6 janvier 1978 relative \u00e0 l&rsquo;informatique, aux fichiers aux libert\u00e9s et dans le respect de la r\u00e8glementation applicable en mati\u00e8re de traitement des donn\u00e9es \u00e0 caract\u00e8re personnel conform\u00e9ment au r\u00e8glement (UE) 2016\/679 du Parlement europ\u00e9en et du Conseil du 27 avril 2016 (ci-apr\u00e8s, ensemble, la \u00ab\u00a0R\u00e8glementation applicable en mati\u00e8re de protection des Donn\u00e9es \u00e0 caract\u00e8re personnel\u00a0\u00bb). En vertu de la R\u00e8glementation applicable en mati\u00e8re de protection des Donn\u00e9es \u00e0 caract\u00e8re personnel, l&rsquo;Utilisateur dispose d&rsquo;un droit d&rsquo;acc\u00e8s, de rectification, de suppression et d&rsquo;opposition de ses donn\u00e9es personnelles. L&rsquo;Utilisateur peut exercer ce droit : depuis le formulaire de contact ; Toute utilisation, reproduction, diffusion, commercialisation, modification de toute ou partie du Site, sans autorisation expresse de l\u2019Editeur est prohib\u00e9e et pourra entra\u00eener des actions et poursuites judiciaires telles que pr\u00e9vues par la r\u00e8glementation en vigueur. R\u00e9dig\u00e9 sur http:\/\/legalplace.fr<\/p>\n","protected":false},"author":1,"featured_media":536,"parent":0,"menu_order":0,"comment_status":"closed","ping_status":"closed","template":"","meta":{"_acf_changed":false,"footnotes":""},"class_list":["post-153","page","type-page","status-publish","has-post-thumbnail","hentry"],"acf":[],"yoast_head":"<!-- This site is optimized with the Yoast SEO plugin v25.1 - https:\/\/yoast.com\/wordpress\/plugins\/seo\/ -->\n<title>Mentions L\u00e9gales - L&#039;\u00eele de beaut\u00e9 - La Corse<\/title>\n<meta name=\"description\" content=\"D\u00e9couvrez nos mentions l\u00e9gales du blog d\u00e9di\u00e9 \u00e0 la Corse.\" \/>\n<meta name=\"robots\" content=\"index, follow, max-snippet:-1, max-image-preview:large, max-video-preview:-1\" \/>\n<link rel=\"canonical\" href=\"https:\/\/lavoixdesaintjo.fr\/2025\/corse\/conditions-generales-dutilisation\/\" \/>\n<meta property=\"og:locale\" content=\"fr_FR\" \/>\n<meta property=\"og:type\" content=\"article\" \/>\n<meta property=\"og:title\" content=\"Mentions L\u00e9gales - L&#039;\u00eele de beaut\u00e9 - La Corse\" \/>\n<meta property=\"og:description\" content=\"D\u00e9couvrez nos mentions l\u00e9gales du blog d\u00e9di\u00e9 \u00e0 la Corse.\" \/>\n<meta property=\"og:url\" content=\"https:\/\/lavoixdesaintjo.fr\/2025\/corse\/conditions-generales-dutilisation\/\" \/>\n<meta property=\"og:site_name\" content=\"L&#039;\u00eele de beaut\u00e9 - La Corse\" \/>\n<meta property=\"article:modified_time\" content=\"2025-06-16T13:18:55+00:00\" \/>\n<meta property=\"og:image\" content=\"https:\/\/lavoixdesaintjo.fr\/2025\/corse\/wp-content\/uploads\/2025\/05\/12-1024x576.png\" \/>\n\t<meta property=\"og:image:width\" content=\"1024\" \/>\n\t<meta property=\"og:image:height\" content=\"576\" \/>\n\t<meta property=\"og:image:type\" content=\"image\/png\" \/>\n<meta name=\"twitter:card\" content=\"summary_large_image\" \/>\n<meta name=\"twitter:label1\" content=\"Dur\u00e9e de lecture estim\u00e9e\" \/>\n\t<meta name=\"twitter:data1\" content=\"3 minutes\" \/>\n<script type=\"application\/ld+json\" class=\"yoast-schema-graph\">{\"@context\":\"https:\/\/schema.org\",\"@graph\":[{\"@type\":\"WebPage\",\"@id\":\"https:\/\/lavoixdesaintjo.fr\/2025\/corse\/conditions-generales-dutilisation\/\",\"url\":\"https:\/\/lavoixdesaintjo.fr\/2025\/corse\/conditions-generales-dutilisation\/\",\"name\":\"Mentions L\u00e9gales - L&#039;\u00eele de beaut\u00e9 - La Corse\",\"isPartOf\":{\"@id\":\"https:\/\/lavoixdesaintjo.fr\/2025\/corse\/#website\"},\"primaryImageOfPage\":{\"@id\":\"https:\/\/lavoixdesaintjo.fr\/2025\/corse\/conditions-generales-dutilisation\/#primaryimage\"},\"image\":{\"@id\":\"https:\/\/lavoixdesaintjo.fr\/2025\/corse\/conditions-generales-dutilisation\/#primaryimage\"},\"thumbnailUrl\":\"https:\/\/lavoixdesaintjo.fr\/2025\/corse\/wp-content\/uploads\/2025\/05\/12.png\",\"datePublished\":\"2025-05-20T07:56:39+00:00\",\"dateModified\":\"2025-06-16T13:18:55+00:00\",\"description\":\"D\u00e9couvrez nos mentions l\u00e9gales du blog d\u00e9di\u00e9 \u00e0 la Corse.\",\"breadcrumb\":{\"@id\":\"https:\/\/lavoixdesaintjo.fr\/2025\/corse\/conditions-generales-dutilisation\/#breadcrumb\"},\"inLanguage\":\"fr-FR\",\"potentialAction\":[{\"@type\":\"ReadAction\",\"target\":[\"https:\/\/lavoixdesaintjo.fr\/2025\/corse\/conditions-generales-dutilisation\/\"]}]},{\"@type\":\"ImageObject\",\"inLanguage\":\"fr-FR\",\"@id\":\"https:\/\/lavoixdesaintjo.fr\/2025\/corse\/conditions-generales-dutilisation\/#primaryimage\",\"url\":\"https:\/\/lavoixdesaintjo.fr\/2025\/corse\/wp-content\/uploads\/2025\/05\/12.png\",\"contentUrl\":\"https:\/\/lavoixdesaintjo.fr\/2025\/corse\/wp-content\/uploads\/2025\/05\/12.png\",\"width\":1920,\"height\":1080},{\"@type\":\"BreadcrumbList\",\"@id\":\"https:\/\/lavoixdesaintjo.fr\/2025\/corse\/conditions-generales-dutilisation\/#breadcrumb\",\"itemListElement\":[{\"@type\":\"ListItem\",\"position\":1,\"name\":\"Accueil\",\"item\":\"https:\/\/lavoixdesaintjo.fr\/2025\/corse\/\"},{\"@type\":\"ListItem\",\"position\":2,\"name\":\"Mentions L\u00e9gales\"}]},{\"@type\":\"WebSite\",\"@id\":\"https:\/\/lavoixdesaintjo.fr\/2025\/corse\/#website\",\"url\":\"https:\/\/lavoixdesaintjo.fr\/2025\/corse\/\",\"name\":\"L&#039;\u00eele de beaut\u00e9 - La Corse\",\"description\":\"\",\"publisher\":{\"@id\":\"https:\/\/lavoixdesaintjo.fr\/2025\/corse\/#organization\"},\"potentialAction\":[{\"@type\":\"SearchAction\",\"target\":{\"@type\":\"EntryPoint\",\"urlTemplate\":\"https:\/\/lavoixdesaintjo.fr\/2025\/corse\/?s={search_term_string}\"},\"query-input\":{\"@type\":\"PropertyValueSpecification\",\"valueRequired\":true,\"valueName\":\"search_term_string\"}}],\"inLanguage\":\"fr-FR\"},{\"@type\":\"Organization\",\"@id\":\"https:\/\/lavoixdesaintjo.fr\/2025\/corse\/#organization\",\"name\":\"L&#039;\u00eele de beaut\u00e9 - La Corse\",\"url\":\"https:\/\/lavoixdesaintjo.fr\/2025\/corse\/\",\"logo\":{\"@type\":\"ImageObject\",\"inLanguage\":\"fr-FR\",\"@id\":\"https:\/\/lavoixdesaintjo.fr\/2025\/corse\/#\/schema\/logo\/image\/\",\"url\":\"https:\/\/lavoixdesaintjo.fr\/2025\/corse\/wp-content\/uploads\/2025\/05\/cropped-LOGO-CORSE-V2.png\",\"contentUrl\":\"https:\/\/lavoixdesaintjo.fr\/2025\/corse\/wp-content\/uploads\/2025\/05\/cropped-LOGO-CORSE-V2.png\",\"width\":616,\"height\":813,\"caption\":\"L&#039;\u00eele de beaut\u00e9 - La Corse\"},\"image\":{\"@id\":\"https:\/\/lavoixdesaintjo.fr\/2025\/corse\/#\/schema\/logo\/image\/\"}}]}<\/script>\n<!-- \/ Yoast SEO plugin. -->","yoast_head_json":{"title":"Mentions L\u00e9gales - L&#039;\u00eele de beaut\u00e9 - La Corse","description":"D\u00e9couvrez nos mentions l\u00e9gales du blog d\u00e9di\u00e9 \u00e0 la Corse.","robots":{"index":"index","follow":"follow","max-snippet":"max-snippet:-1","max-image-preview":"max-image-preview:large","max-video-preview":"max-video-preview:-1"},"canonical":"https:\/\/lavoixdesaintjo.fr\/2025\/corse\/conditions-generales-dutilisation\/","og_locale":"fr_FR","og_type":"article","og_title":"Mentions L\u00e9gales - L&#039;\u00eele de beaut\u00e9 - La Corse","og_description":"D\u00e9couvrez nos mentions l\u00e9gales du blog d\u00e9di\u00e9 \u00e0 la Corse.","og_url":"https:\/\/lavoixdesaintjo.fr\/2025\/corse\/conditions-generales-dutilisation\/","og_site_name":"L&#039;\u00eele de beaut\u00e9 - La Corse","article_modified_time":"2025-06-16T13:18:55+00:00","og_image":[{"width":1024,"height":576,"url":"https:\/\/lavoixdesaintjo.fr\/2025\/corse\/wp-content\/uploads\/2025\/05\/12-1024x576.png","type":"image\/png"}],"twitter_card":"summary_large_image","twitter_misc":{"Dur\u00e9e de lecture estim\u00e9e":"3 minutes"},"schema":{"@context":"https:\/\/schema.org","@graph":[{"@type":"WebPage","@id":"https:\/\/lavoixdesaintjo.fr\/2025\/corse\/conditions-generales-dutilisation\/","url":"https:\/\/lavoixdesaintjo.fr\/2025\/corse\/conditions-generales-dutilisation\/","name":"Mentions L\u00e9gales - L&#039;\u00eele de beaut\u00e9 - La Corse","isPartOf":{"@id":"https:\/\/lavoixdesaintjo.fr\/2025\/corse\/#website"},"primaryImageOfPage":{"@id":"https:\/\/lavoixdesaintjo.fr\/2025\/corse\/conditions-generales-dutilisation\/#primaryimage"},"image":{"@id":"https:\/\/lavoixdesaintjo.fr\/2025\/corse\/conditions-generales-dutilisation\/#primaryimage"},"thumbnailUrl":"https:\/\/lavoixdesaintjo.fr\/2025\/corse\/wp-content\/uploads\/2025\/05\/12.png","datePublished":"2025-05-20T07:56:39+00:00","dateModified":"2025-06-16T13:18:55+00:00","description":"D\u00e9couvrez nos mentions l\u00e9gales du blog d\u00e9di\u00e9 \u00e0 la Corse.","breadcrumb":{"@id":"https:\/\/lavoixdesaintjo.fr\/2025\/corse\/conditions-generales-dutilisation\/#breadcrumb"},"inLanguage":"fr-FR","potentialAction":[{"@type":"ReadAction","target":["https:\/\/lavoixdesaintjo.fr\/2025\/corse\/conditions-generales-dutilisation\/"]}]},{"@type":"ImageObject","inLanguage":"fr-FR","@id":"https:\/\/lavoixdesaintjo.fr\/2025\/corse\/conditions-generales-dutilisation\/#primaryimage","url":"https:\/\/lavoixdesaintjo.fr\/2025\/corse\/wp-content\/uploads\/2025\/05\/12.png","contentUrl":"https:\/\/lavoixdesaintjo.fr\/2025\/corse\/wp-content\/uploads\/2025\/05\/12.png","width":1920,"height":1080},{"@type":"BreadcrumbList","@id":"https:\/\/lavoixdesaintjo.fr\/2025\/corse\/conditions-generales-dutilisation\/#breadcrumb","itemListElement":[{"@type":"ListItem","position":1,"name":"Accueil","item":"https:\/\/lavoixdesaintjo.fr\/2025\/corse\/"},{"@type":"ListItem","position":2,"name":"Mentions L\u00e9gales"}]},{"@type":"WebSite","@id":"https:\/\/lavoixdesaintjo.fr\/2025\/corse\/#website","url":"https:\/\/lavoixdesaintjo.fr\/2025\/corse\/","name":"L&#039;\u00eele de beaut\u00e9 - La Corse","description":"","publisher":{"@id":"https:\/\/lavoixdesaintjo.fr\/2025\/corse\/#organization"},"potentialAction":[{"@type":"SearchAction","target":{"@type":"EntryPoint","urlTemplate":"https:\/\/lavoixdesaintjo.fr\/2025\/corse\/?s={search_term_string}"},"query-input":{"@type":"PropertyValueSpecification","valueRequired":true,"valueName":"search_term_string"}}],"inLanguage":"fr-FR"},{"@type":"Organization","@id":"https:\/\/lavoixdesaintjo.fr\/2025\/corse\/#organization","name":"L&#039;\u00eele de beaut\u00e9 - La Corse","url":"https:\/\/lavoixdesaintjo.fr\/2025\/corse\/","logo":{"@type":"ImageObject","inLanguage":"fr-FR","@id":"https:\/\/lavoixdesaintjo.fr\/2025\/corse\/#\/schema\/logo\/image\/","url":"https:\/\/lavoixdesaintjo.fr\/2025\/corse\/wp-content\/uploads\/2025\/05\/cropped-LOGO-CORSE-V2.png","contentUrl":"https:\/\/lavoixdesaintjo.fr\/2025\/corse\/wp-content\/uploads\/2025\/05\/cropped-LOGO-CORSE-V2.png","width":616,"height":813,"caption":"L&#039;\u00eele de beaut\u00e9 - La Corse"},"image":{"@id":"https:\/\/lavoixdesaintjo.fr\/2025\/corse\/#\/schema\/logo\/image\/"}}]}},"jetpack_sharing_enabled":true,"_links":{"self":[{"href":"https:\/\/lavoixdesaintjo.fr\/2025\/corse\/wp-json\/wp\/v2\/pages\/153","targetHints":{"allow":["GET"]}}],"collection":[{"href":"https:\/\/lavoixdesaintjo.fr\/2025\/corse\/wp-json\/wp\/v2\/pages"}],"about":[{"href":"https:\/\/lavoixdesaintjo.fr\/2025\/corse\/wp-json\/wp\/v2\/types\/page"}],"author":[{"embeddable":true,"href":"https:\/\/lavoixdesaintjo.fr\/2025\/corse\/wp-json\/wp\/v2\/users\/1"}],"replies":[{"embeddable":true,"href":"https:\/\/lavoixdesaintjo.fr\/2025\/corse\/wp-json\/wp\/v2\/comments?post=153"}],"version-history":[{"count":7,"href":"https:\/\/lavoixdesaintjo.fr\/2025\/corse\/wp-json\/wp\/v2\/pages\/153\/revisions"}],"predecessor-version":[{"id":619,"href":"https:\/\/lavoixdesaintjo.fr\/2025\/corse\/wp-json\/wp\/v2\/pages\/153\/revisions\/619"}],"wp:featuredmedia":[{"embeddable":true,"href":"https:\/\/lavoixdesaintjo.fr\/2025\/corse\/wp-json\/wp\/v2\/media\/536"}],"wp:attachment":[{"href":"https:\/\/lavoixdesaintjo.fr\/2025\/corse\/wp-json\/wp\/v2\/media?parent=153"}],"curies":[{"name":"wp","href":"https:\/\/api.w.org\/{rel}","templated":true}]}}