{"id":189,"date":"2025-05-20T10:33:43","date_gmt":"2025-05-20T08:33:43","guid":{"rendered":"https:\/\/lavoixdesaintjo.fr\/2025\/corse\/?page_id=189"},"modified":"2025-05-27T11:50:40","modified_gmt":"2025-05-27T09:50:40","slug":"qui-sommes-nous","status":"publish","type":"page","link":"https:\/\/lavoixdesaintjo.fr\/2025\/corse\/qui-sommes-nous\/","title":{"rendered":"Qui sommes nous ?"},"content":{"rendered":"<div class=\"yoast-breadcrumbs\"><span><span><a href=\"https:\/\/lavoixdesaintjo.fr\/2025\/corse\/\">Accueil<\/a><\/span> \u00bb <span class=\"breadcrumb_last\" aria-current=\"page\">Qui sommes nous ?<\/span><\/span><\/div>\n\n\n<p><\/p>\n\n\n\n<p>Bienvenue sur notre site d\u00e9di\u00e9 \u00e0 la d\u00e9couverte de la&nbsp;<strong>Corse<\/strong>, l\u2019\u00eele de Beaut\u00e9 ! Passionn\u00e9s de voyage, de nature sauvage et de culture m\u00e9diterran\u00e9enne, nous avons cr\u00e9\u00e9 ce site pour partager avec vous notre amour profond pour la Corse. Que vous soyez en qu\u00eate de plages paradisiaques, de randonn\u00e9es spectaculaires ou de villages authentiques, vous \u00eates au bon endroit.<\/p>\n\n\n\n<h2 class=\"wp-block-heading\">Notre mission<\/h2>\n\n\n\n<p><strong>Vous aider \u00e0 pr\u00e9parer un voyage inoubliable en Corse<\/strong>, que vous soyez aventurier, amateur de farniente ou curieux de culture locale.<\/p>\n\n\n\n<p>Nous mettons \u00e0 votre disposition :<\/p>\n\n\n\n<ul class=\"wp-block-list\">\n<li>Des&nbsp;<strong>guides pratiques<\/strong>&nbsp;pour chaque r\u00e9gion de l\u2019\u00eele<\/li>\n\n\n\n<li>Des&nbsp;<strong>itin\u00e9raires sur mesure<\/strong>&nbsp;(road trip, randonn\u00e9es, escapades)<\/li>\n\n\n\n<li>Nos&nbsp;<strong>bons plans h\u00e9bergements<\/strong>&nbsp;et activit\u00e9s<\/li>\n\n\n\n<li>Des articles sur les&nbsp;<strong>traditions corses<\/strong>, la gastronomie, et les \u00e9v\u00e9nements locaux<\/li>\n<\/ul>\n\n\n\n<h2 class=\"wp-block-heading\"><strong>Envie d\u2019\u00e9changer ?<\/strong><\/h2>\n\n\n\n<p>Une question ? Une suggestion ? Une envie de collaboration ?<\/p>\n\n\n\n<p>Nous serions ravis d\u2019\u00e9changer avec vous. Rendez-vous sur notre&nbsp;<a href=\"#\">page contact<\/a>&nbsp;!<\/p>\n\n\n\n<p><\/p>\n","protected":false},"excerpt":{"rendered":"<p>Bienvenue sur notre site d\u00e9di\u00e9 \u00e0 la d\u00e9couverte de la&nbsp;Corse, l\u2019\u00eele de Beaut\u00e9 ! Passionn\u00e9s de voyage, de nature sauvage et de culture m\u00e9diterran\u00e9enne, nous avons cr\u00e9\u00e9 ce site pour partager avec vous notre amour profond pour la Corse. Que vous soyez en qu\u00eate de plages paradisiaques, de randonn\u00e9es spectaculaires ou de villages authentiques, vous \u00eates au bon endroit. Notre mission Vous aider \u00e0 pr\u00e9parer un voyage inoubliable en Corse, que vous soyez aventurier, amateur de farniente ou curieux de culture locale. Nous mettons \u00e0 votre disposition : Envie d\u2019\u00e9changer ? Une question ? Une suggestion ? Une envie de collaboration ? Nous serions ravis d\u2019\u00e9changer avec vous. Rendez-vous sur notre&nbsp;page contact&nbsp;!<\/p>\n","protected":false},"author":1,"featured_media":539,"parent":0,"menu_order":0,"comment_status":"closed","ping_status":"closed","template":"","meta":{"_acf_changed":false,"footnotes":""},"class_list":["post-189","page","type-page","status-publish","has-post-thumbnail","hentry"],"acf":[],"yoast_head":"<!-- This site is optimized with the Yoast SEO plugin v25.1 - https:\/\/yoast.com\/wordpress\/plugins\/seo\/ -->\n<title>Qui sommes nous ? - L&#039;\u00eele de beaut\u00e9 - La Corse<\/title>\n<meta name=\"robots\" content=\"index, follow, max-snippet:-1, max-image-preview:large, max-video-preview:-1\" \/>\n<link rel=\"canonical\" href=\"https:\/\/lavoixdesaintjo.fr\/2025\/corse\/qui-sommes-nous\/\" \/>\n<meta property=\"og:locale\" content=\"fr_FR\" \/>\n<meta property=\"og:type\" content=\"article\" \/>\n<meta property=\"og:title\" content=\"Qui sommes nous ? - L&#039;\u00eele de beaut\u00e9 - La Corse\" \/>\n<meta property=\"og:description\" content=\"Bienvenue sur notre site d\u00e9di\u00e9 \u00e0 la d\u00e9couverte de la&nbsp;Corse, l\u2019\u00eele de Beaut\u00e9 ! Passionn\u00e9s de voyage, de nature sauvage et de culture m\u00e9diterran\u00e9enne, nous avons cr\u00e9\u00e9 ce site pour partager avec vous notre amour profond pour la Corse. Que vous soyez en qu\u00eate de plages paradisiaques, de randonn\u00e9es spectaculaires ou de villages authentiques, vous \u00eates au bon endroit. Notre mission Vous aider \u00e0 pr\u00e9parer un voyage inoubliable en Corse, que vous soyez aventurier, amateur de farniente ou curieux de culture locale. Nous mettons \u00e0 votre disposition : Envie d\u2019\u00e9changer ? Une question ? Une suggestion ? Une envie de collaboration ? Nous serions ravis d\u2019\u00e9changer avec vous. Rendez-vous sur notre&nbsp;page contact&nbsp;!\" \/>\n<meta property=\"og:url\" content=\"https:\/\/lavoixdesaintjo.fr\/2025\/corse\/qui-sommes-nous\/\" \/>\n<meta property=\"og:site_name\" content=\"L&#039;\u00eele de beaut\u00e9 - La Corse\" \/>\n<meta property=\"article:modified_time\" content=\"2025-05-27T09:50:40+00:00\" \/>\n<meta property=\"og:image\" content=\"https:\/\/lavoixdesaintjo.fr\/2025\/corse\/wp-content\/uploads\/2025\/05\/11-1024x576.png\" \/>\n\t<meta property=\"og:image:width\" content=\"1024\" \/>\n\t<meta property=\"og:image:height\" content=\"576\" \/>\n\t<meta property=\"og:image:type\" content=\"image\/png\" \/>\n<meta name=\"twitter:card\" content=\"summary_large_image\" \/>\n<meta name=\"twitter:label1\" content=\"Dur\u00e9e de lecture estim\u00e9e\" \/>\n\t<meta name=\"twitter:data1\" content=\"1 minute\" \/>\n<script type=\"application\/ld+json\" class=\"yoast-schema-graph\">{\"@context\":\"https:\/\/schema.org\",\"@graph\":[{\"@type\":\"WebPage\",\"@id\":\"https:\/\/lavoixdesaintjo.fr\/2025\/corse\/qui-sommes-nous\/\",\"url\":\"https:\/\/lavoixdesaintjo.fr\/2025\/corse\/qui-sommes-nous\/\",\"name\":\"Qui sommes nous ? - L&#039;\u00eele de beaut\u00e9 - La Corse\",\"isPartOf\":{\"@id\":\"https:\/\/lavoixdesaintjo.fr\/2025\/corse\/#website\"},\"primaryImageOfPage\":{\"@id\":\"https:\/\/lavoixdesaintjo.fr\/2025\/corse\/qui-sommes-nous\/#primaryimage\"},\"image\":{\"@id\":\"https:\/\/lavoixdesaintjo.fr\/2025\/corse\/qui-sommes-nous\/#primaryimage\"},\"thumbnailUrl\":\"https:\/\/lavoixdesaintjo.fr\/2025\/corse\/wp-content\/uploads\/2025\/05\/11.png\",\"datePublished\":\"2025-05-20T08:33:43+00:00\",\"dateModified\":\"2025-05-27T09:50:40+00:00\",\"breadcrumb\":{\"@id\":\"https:\/\/lavoixdesaintjo.fr\/2025\/corse\/qui-sommes-nous\/#breadcrumb\"},\"inLanguage\":\"fr-FR\",\"potentialAction\":[{\"@type\":\"ReadAction\",\"target\":[\"https:\/\/lavoixdesaintjo.fr\/2025\/corse\/qui-sommes-nous\/\"]}]},{\"@type\":\"ImageObject\",\"inLanguage\":\"fr-FR\",\"@id\":\"https:\/\/lavoixdesaintjo.fr\/2025\/corse\/qui-sommes-nous\/#primaryimage\",\"url\":\"https:\/\/lavoixdesaintjo.fr\/2025\/corse\/wp-content\/uploads\/2025\/05\/11.png\",\"contentUrl\":\"https:\/\/lavoixdesaintjo.fr\/2025\/corse\/wp-content\/uploads\/2025\/05\/11.png\",\"width\":1920,\"height\":1080},{\"@type\":\"BreadcrumbList\",\"@id\":\"https:\/\/lavoixdesaintjo.fr\/2025\/corse\/qui-sommes-nous\/#breadcrumb\",\"itemListElement\":[{\"@type\":\"ListItem\",\"position\":1,\"name\":\"Accueil\",\"item\":\"https:\/\/lavoixdesaintjo.fr\/2025\/corse\/\"},{\"@type\":\"ListItem\",\"position\":2,\"name\":\"Qui sommes nous ?\"}]},{\"@type\":\"WebSite\",\"@id\":\"https:\/\/lavoixdesaintjo.fr\/2025\/corse\/#website\",\"url\":\"https:\/\/lavoixdesaintjo.fr\/2025\/corse\/\",\"name\":\"L&#039;\u00eele de beaut\u00e9 - La Corse\",\"description\":\"\",\"publisher\":{\"@id\":\"https:\/\/lavoixdesaintjo.fr\/2025\/corse\/#organization\"},\"potentialAction\":[{\"@type\":\"SearchAction\",\"target\":{\"@type\":\"EntryPoint\",\"urlTemplate\":\"https:\/\/lavoixdesaintjo.fr\/2025\/corse\/?s={search_term_string}\"},\"query-input\":{\"@type\":\"PropertyValueSpecification\",\"valueRequired\":true,\"valueName\":\"search_term_string\"}}],\"inLanguage\":\"fr-FR\"},{\"@type\":\"Organization\",\"@id\":\"https:\/\/lavoixdesaintjo.fr\/2025\/corse\/#organization\",\"name\":\"L&#039;\u00eele de beaut\u00e9 - La Corse\",\"url\":\"https:\/\/lavoixdesaintjo.fr\/2025\/corse\/\",\"logo\":{\"@type\":\"ImageObject\",\"inLanguage\":\"fr-FR\",\"@id\":\"https:\/\/lavoixdesaintjo.fr\/2025\/corse\/#\/schema\/logo\/image\/\",\"url\":\"https:\/\/lavoixdesaintjo.fr\/2025\/corse\/wp-content\/uploads\/2025\/05\/cropped-LOGO-CORSE-V2.png\",\"contentUrl\":\"https:\/\/lavoixdesaintjo.fr\/2025\/corse\/wp-content\/uploads\/2025\/05\/cropped-LOGO-CORSE-V2.png\",\"width\":616,\"height\":813,\"caption\":\"L&#039;\u00eele de beaut\u00e9 - La Corse\"},\"image\":{\"@id\":\"https:\/\/lavoixdesaintjo.fr\/2025\/corse\/#\/schema\/logo\/image\/\"}}]}<\/script>\n<!-- \/ Yoast SEO plugin. -->","yoast_head_json":{"title":"Qui sommes nous ? - L&#039;\u00eele de beaut\u00e9 - La Corse","robots":{"index":"index","follow":"follow","max-snippet":"max-snippet:-1","max-image-preview":"max-image-preview:large","max-video-preview":"max-video-preview:-1"},"canonical":"https:\/\/lavoixdesaintjo.fr\/2025\/corse\/qui-sommes-nous\/","og_locale":"fr_FR","og_type":"article","og_title":"Qui sommes nous ? - L&#039;\u00eele de beaut\u00e9 - La Corse","og_description":"Bienvenue sur notre site d\u00e9di\u00e9 \u00e0 la d\u00e9couverte de la&nbsp;Corse, l\u2019\u00eele de Beaut\u00e9 ! Passionn\u00e9s de voyage, de nature sauvage et de culture m\u00e9diterran\u00e9enne, nous avons cr\u00e9\u00e9 ce site pour partager avec vous notre amour profond pour la Corse. Que vous soyez en qu\u00eate de plages paradisiaques, de randonn\u00e9es spectaculaires ou de villages authentiques, vous \u00eates au bon endroit. Notre mission Vous aider \u00e0 pr\u00e9parer un voyage inoubliable en Corse, que vous soyez aventurier, amateur de farniente ou curieux de culture locale. Nous mettons \u00e0 votre disposition : Envie d\u2019\u00e9changer ? Une question ? Une suggestion ? Une envie de collaboration ? Nous serions ravis d\u2019\u00e9changer avec vous. Rendez-vous sur notre&nbsp;page contact&nbsp;!","og_url":"https:\/\/lavoixdesaintjo.fr\/2025\/corse\/qui-sommes-nous\/","og_site_name":"L&#039;\u00eele de beaut\u00e9 - La Corse","article_modified_time":"2025-05-27T09:50:40+00:00","og_image":[{"width":1024,"height":576,"url":"https:\/\/lavoixdesaintjo.fr\/2025\/corse\/wp-content\/uploads\/2025\/05\/11-1024x576.png","type":"image\/png"}],"twitter_card":"summary_large_image","twitter_misc":{"Dur\u00e9e de lecture estim\u00e9e":"1 minute"},"schema":{"@context":"https:\/\/schema.org","@graph":[{"@type":"WebPage","@id":"https:\/\/lavoixdesaintjo.fr\/2025\/corse\/qui-sommes-nous\/","url":"https:\/\/lavoixdesaintjo.fr\/2025\/corse\/qui-sommes-nous\/","name":"Qui sommes nous ? - L&#039;\u00eele de beaut\u00e9 - La Corse","isPartOf":{"@id":"https:\/\/lavoixdesaintjo.fr\/2025\/corse\/#website"},"primaryImageOfPage":{"@id":"https:\/\/lavoixdesaintjo.fr\/2025\/corse\/qui-sommes-nous\/#primaryimage"},"image":{"@id":"https:\/\/lavoixdesaintjo.fr\/2025\/corse\/qui-sommes-nous\/#primaryimage"},"thumbnailUrl":"https:\/\/lavoixdesaintjo.fr\/2025\/corse\/wp-content\/uploads\/2025\/05\/11.png","datePublished":"2025-05-20T08:33:43+00:00","dateModified":"2025-05-27T09:50:40+00:00","breadcrumb":{"@id":"https:\/\/lavoixdesaintjo.fr\/2025\/corse\/qui-sommes-nous\/#breadcrumb"},"inLanguage":"fr-FR","potentialAction":[{"@type":"ReadAction","target":["https:\/\/lavoixdesaintjo.fr\/2025\/corse\/qui-sommes-nous\/"]}]},{"@type":"ImageObject","inLanguage":"fr-FR","@id":"https:\/\/lavoixdesaintjo.fr\/2025\/corse\/qui-sommes-nous\/#primaryimage","url":"https:\/\/lavoixdesaintjo.fr\/2025\/corse\/wp-content\/uploads\/2025\/05\/11.png","contentUrl":"https:\/\/lavoixdesaintjo.fr\/2025\/corse\/wp-content\/uploads\/2025\/05\/11.png","width":1920,"height":1080},{"@type":"BreadcrumbList","@id":"https:\/\/lavoixdesaintjo.fr\/2025\/corse\/qui-sommes-nous\/#breadcrumb","itemListElement":[{"@type":"ListItem","position":1,"name":"Accueil","item":"https:\/\/lavoixdesaintjo.fr\/2025\/corse\/"},{"@type":"ListItem","position":2,"name":"Qui sommes nous ?"}]},{"@type":"WebSite","@id":"https:\/\/lavoixdesaintjo.fr\/2025\/corse\/#website","url":"https:\/\/lavoixdesaintjo.fr\/2025\/corse\/","name":"L&#039;\u00eele de beaut\u00e9 - La Corse","description":"","publisher":{"@id":"https:\/\/lavoixdesaintjo.fr\/2025\/corse\/#organization"},"potentialAction":[{"@type":"SearchAction","target":{"@type":"EntryPoint","urlTemplate":"https:\/\/lavoixdesaintjo.fr\/2025\/corse\/?s={search_term_string}"},"query-input":{"@type":"PropertyValueSpecification","valueRequired":true,"valueName":"search_term_string"}}],"inLanguage":"fr-FR"},{"@type":"Organization","@id":"https:\/\/lavoixdesaintjo.fr\/2025\/corse\/#organization","name":"L&#039;\u00eele de beaut\u00e9 - La Corse","url":"https:\/\/lavoixdesaintjo.fr\/2025\/corse\/","logo":{"@type":"ImageObject","inLanguage":"fr-FR","@id":"https:\/\/lavoixdesaintjo.fr\/2025\/corse\/#\/schema\/logo\/image\/","url":"https:\/\/lavoixdesaintjo.fr\/2025\/corse\/wp-content\/uploads\/2025\/05\/cropped-LOGO-CORSE-V2.png","contentUrl":"https:\/\/lavoixdesaintjo.fr\/2025\/corse\/wp-content\/uploads\/2025\/05\/cropped-LOGO-CORSE-V2.png","width":616,"height":813,"caption":"L&#039;\u00eele de beaut\u00e9 - La Corse"},"image":{"@id":"https:\/\/lavoixdesaintjo.fr\/2025\/corse\/#\/schema\/logo\/image\/"}}]}},"jetpack_sharing_enabled":true,"_links":{"self":[{"href":"https:\/\/lavoixdesaintjo.fr\/2025\/corse\/wp-json\/wp\/v2\/pages\/189","targetHints":{"allow":["GET"]}}],"collection":[{"href":"https:\/\/lavoixdesaintjo.fr\/2025\/corse\/wp-json\/wp\/v2\/pages"}],"about":[{"href":"https:\/\/lavoixdesaintjo.fr\/2025\/corse\/wp-json\/wp\/v2\/types\/page"}],"author":[{"embeddable":true,"href":"https:\/\/lavoixdesaintjo.fr\/2025\/corse\/wp-json\/wp\/v2\/users\/1"}],"replies":[{"embeddable":true,"href":"https:\/\/lavoixdesaintjo.fr\/2025\/corse\/wp-json\/wp\/v2\/comments?post=189"}],"version-history":[{"count":4,"href":"https:\/\/lavoixdesaintjo.fr\/2025\/corse\/wp-json\/wp\/v2\/pages\/189\/revisions"}],"predecessor-version":[{"id":548,"href":"https:\/\/lavoixdesaintjo.fr\/2025\/corse\/wp-json\/wp\/v2\/pages\/189\/revisions\/548"}],"wp:featuredmedia":[{"embeddable":true,"href":"https:\/\/lavoixdesaintjo.fr\/2025\/corse\/wp-json\/wp\/v2\/media\/539"}],"wp:attachment":[{"href":"https:\/\/lavoixdesaintjo.fr\/2025\/corse\/wp-json\/wp\/v2\/media?parent=189"}],"curies":[{"name":"wp","href":"https:\/\/api.w.org\/{rel}","templated":true}]}}