{"id":2,"date":"2025-05-12T15:06:36","date_gmt":"2025-05-12T13:06:36","guid":{"rendered":"https:\/\/lavoixdesaintjo.fr\/2025\/corse\/?page_id=2"},"modified":"2025-06-18T15:29:24","modified_gmt":"2025-06-18T13:29:24","slug":"page-d-exemple","status":"publish","type":"page","link":"https:\/\/lavoixdesaintjo.fr\/2025\/corse\/","title":{"rendered":"L&rsquo;\u00cele de beaut\u00e9 \u00e0 explorer"},"content":{"rendered":"\n<p>La Corse, joyau de la M\u00e9diterran\u00e9e, offre une diversit\u00e9 unique entre mer et montagne. Partez \u00e0 la d\u00e9couverte de ses plages paradisiaques, de ses villages authentiques, de ses sp\u00e9cialit\u00e9s gourmandes et de ses sentiers de randonn\u00e9e l\u00e9gendaires.<\/p>\n\n\n\n<div class=\"wp-block-columns is-layout-flex wp-container-core-columns-is-layout-28f84493 wp-block-columns-is-layout-flex\">\n<div class=\"wp-block-column is-layout-flow wp-block-column-is-layout-flow\">\n<iframe src=\"https:\/\/www.google.com\/maps\/d\/embed?mid=1Te1DdLENsPzsjNUdU38AztXqwPiiRWw&#038;ehbc=2E312F&#038;noprof=1\" width=\"440\" height=\"280\"><\/iframe>\n<\/div>\n\n\n\n<div class=\"wp-block-column is-layout-flow wp-block-column-is-layout-flow\">\n<div class=\"wp-block-group has-global-padding is-layout-constrained wp-block-group-is-layout-constrained\">\n<p>Du nord au sud, la Corse est une \u00eele aux mille visages. <\/p>\n<\/div>\n\n\n\n<div class=\"wp-block-group has-global-padding is-layout-constrained wp-block-group-is-layout-constrained\">\n<p class=\"has-text-align-left\">En cliquant sur la carte, laissez-vous guider \u00e0 travers ses destinations incontournables. Chaque point vous emm\u00e8ne dans un univers unique, entre mer, montagne et traditions corses.<\/p>\n<\/div>\n\n\n\n<div class=\"wp-block-group has-global-padding is-layout-constrained wp-block-group-is-layout-constrained\">\n<p>Prenez le temps de voyager, de r\u00eaver\u2026 et de choisir votre prochaine escapade !<\/p>\n\n\n\n<div class=\"wp-block-buttons is-content-justification-center is-layout-flex wp-container-core-buttons-is-layout-a89b3969 wp-block-buttons-is-layout-flex\">\n<div class=\"wp-block-button\"><a class=\"wp-block-button__link has-text-align-center wp-element-button\" href=\"https:\/\/lavoixdesaintjo.fr\/2025\/corse\/itineraires\/\">D\u00e9couvrir les itin\u00e9raires<\/a><\/div>\n<\/div>\n<\/div>\n<\/div>\n<\/div>\n\n\n\n<hr class=\"wp-block-separator has-alpha-channel-opacity\"\/>\n\n\n\n<h2 class=\"wp-block-heading has-text-align-center\">Activit\u00e9s \u00e0 faire <\/h2>\n\n\n\n<div style=\"height:33px\" aria-hidden=\"true\" class=\"wp-block-spacer\"><\/div>\n\n\n\n<div class=\"wp-block-columns is-layout-flex wp-container-core-columns-is-layout-28f84493 wp-block-columns-is-layout-flex\">\n<div class=\"wp-block-column is-layout-flow wp-block-column-is-layout-flow\" style=\"flex-basis:100%\">\n<p class=\"has-text-align-left\">Entre randonn\u00e9es, baignades, d\u00e9couvertes culturelles et plaisirs gourmands, la Corse offre mille fa\u00e7ons de s\u2019\u00e9merveiller.<br>Que vous soyez amateurs d\u2019aventure ou de d\u00e9tente, chaque jour sera une nouvelle exp\u00e9rience.<\/p>\n<\/div>\n<\/div>\n\n\n\n<div style=\"height:45px\" aria-hidden=\"true\" class=\"wp-block-spacer\"><\/div>\n\n\n\n<div class=\"wp-block-jetpack-slideshow alignfull\" data-autoplay=\"true\" data-delay=\"3\" data-effect=\"slide\"><div class=\"wp-block-jetpack-slideshow_container swiper-container\"><ul class=\"wp-block-jetpack-slideshow_swiper-wrapper swiper-wrapper\"><li class=\"wp-block-jetpack-slideshow_slide swiper-slide\"><figure><img fetchpriority=\"high\" decoding=\"async\" width=\"1024\" height=\"576\" alt=\"\" class=\"wp-block-jetpack-slideshow_image wp-image-260\" data-id=\"260\" src=\"https:\/\/lavoixdesaintjo.fr\/2025\/corse\/wp-content\/uploads\/2025\/05\/plonger-1024x576.png\" srcset=\"https:\/\/lavoixdesaintjo.fr\/2025\/corse\/wp-content\/uploads\/2025\/05\/plonger-1024x576.png 1024w, https:\/\/lavoixdesaintjo.fr\/2025\/corse\/wp-content\/uploads\/2025\/05\/plonger-300x169.png 300w, https:\/\/lavoixdesaintjo.fr\/2025\/corse\/wp-content\/uploads\/2025\/05\/plonger.png 1920w\" sizes=\"(max-width: 1024px) 100vw, 1024px\" \/><\/figure><\/li><li class=\"wp-block-jetpack-slideshow_slide swiper-slide\"><figure><img decoding=\"async\" width=\"1920\" height=\"1080\" alt=\"\" class=\"wp-block-jetpack-slideshow_image wp-image-250\" data-id=\"250\" src=\"https:\/\/lavoixdesaintjo.fr\/2025\/corse\/wp-content\/uploads\/2025\/05\/6-1.png\" srcset=\"https:\/\/lavoixdesaintjo.fr\/2025\/corse\/wp-content\/uploads\/2025\/05\/6-1.png 1920w, https:\/\/lavoixdesaintjo.fr\/2025\/corse\/wp-content\/uploads\/2025\/05\/6-1-300x169.png 300w, https:\/\/lavoixdesaintjo.fr\/2025\/corse\/wp-content\/uploads\/2025\/05\/6-1-1024x576.png 1024w\" sizes=\"(max-width: 1920px) 100vw, 1920px\" \/><\/figure><\/li><li class=\"wp-block-jetpack-slideshow_slide swiper-slide\"><figure><img decoding=\"async\" width=\"1024\" height=\"576\" alt=\"\" class=\"wp-block-jetpack-slideshow_image wp-image-262\" data-id=\"262\" src=\"https:\/\/lavoixdesaintjo.fr\/2025\/corse\/wp-content\/uploads\/2025\/05\/avion-1024x576.png\" srcset=\"https:\/\/lavoixdesaintjo.fr\/2025\/corse\/wp-content\/uploads\/2025\/05\/avion-1024x576.png 1024w, https:\/\/lavoixdesaintjo.fr\/2025\/corse\/wp-content\/uploads\/2025\/05\/avion-300x169.png 300w, https:\/\/lavoixdesaintjo.fr\/2025\/corse\/wp-content\/uploads\/2025\/05\/avion.png 1920w\" sizes=\"(max-width: 1024px) 100vw, 1024px\" \/><\/figure><\/li><li class=\"wp-block-jetpack-slideshow_slide swiper-slide\"><figure><img loading=\"lazy\" decoding=\"async\" width=\"1920\" height=\"1080\" alt=\"\" class=\"wp-block-jetpack-slideshow_image wp-image-251\" data-id=\"251\" src=\"https:\/\/lavoixdesaintjo.fr\/2025\/corse\/wp-content\/uploads\/2025\/05\/4-2-1.png\" srcset=\"https:\/\/lavoixdesaintjo.fr\/2025\/corse\/wp-content\/uploads\/2025\/05\/4-2-1.png 1920w, https:\/\/lavoixdesaintjo.fr\/2025\/corse\/wp-content\/uploads\/2025\/05\/4-2-1-300x169.png 300w, https:\/\/lavoixdesaintjo.fr\/2025\/corse\/wp-content\/uploads\/2025\/05\/4-2-1-1024x576.png 1024w\" sizes=\"(max-width: 1920px) 100vw, 1920px\" \/><\/figure><\/li><li class=\"wp-block-jetpack-slideshow_slide swiper-slide\"><figure><img loading=\"lazy\" decoding=\"async\" width=\"1024\" height=\"576\" alt=\"\" class=\"wp-block-jetpack-slideshow_image wp-image-263\" data-id=\"263\" src=\"https:\/\/lavoixdesaintjo.fr\/2025\/corse\/wp-content\/uploads\/2025\/05\/8-2-1024x576.png\" srcset=\"https:\/\/lavoixdesaintjo.fr\/2025\/corse\/wp-content\/uploads\/2025\/05\/8-2-1024x576.png 1024w, https:\/\/lavoixdesaintjo.fr\/2025\/corse\/wp-content\/uploads\/2025\/05\/8-2-300x169.png 300w, https:\/\/lavoixdesaintjo.fr\/2025\/corse\/wp-content\/uploads\/2025\/05\/8-2-1536x864.png 1536w, https:\/\/lavoixdesaintjo.fr\/2025\/corse\/wp-content\/uploads\/2025\/05\/8-2.png 1920w\" sizes=\"(max-width: 1024px) 100vw, 1024px\" \/><\/figure><\/li><li class=\"wp-block-jetpack-slideshow_slide swiper-slide\"><figure><img loading=\"lazy\" decoding=\"async\" width=\"1024\" height=\"576\" alt=\"\" class=\"wp-block-jetpack-slideshow_image wp-image-264\" data-id=\"264\" src=\"https:\/\/lavoixdesaintjo.fr\/2025\/corse\/wp-content\/uploads\/2025\/05\/soleil-1024x576.png\" srcset=\"https:\/\/lavoixdesaintjo.fr\/2025\/corse\/wp-content\/uploads\/2025\/05\/soleil-1024x576.png 1024w, https:\/\/lavoixdesaintjo.fr\/2025\/corse\/wp-content\/uploads\/2025\/05\/soleil-300x169.png 300w, https:\/\/lavoixdesaintjo.fr\/2025\/corse\/wp-content\/uploads\/2025\/05\/soleil.png 1920w\" sizes=\"(max-width: 1024px) 100vw, 1024px\" \/><\/figure><\/li><\/ul><a class=\"wp-block-jetpack-slideshow_button-prev swiper-button-prev swiper-button-white\" role=\"button\"><\/a><a class=\"wp-block-jetpack-slideshow_button-next swiper-button-next swiper-button-white\" role=\"button\"><\/a><a aria-label=\"Pause Slideshow\" class=\"wp-block-jetpack-slideshow_button-pause\" role=\"button\"><\/a><div class=\"wp-block-jetpack-slideshow_pagination swiper-pagination swiper-pagination-white\"><\/div><\/div><\/div>\n\n\n\n<hr class=\"wp-block-separator has-alpha-channel-opacity\"\/>\n\n\n\n<h2 class=\"wp-block-heading has-text-align-center\">Pr\u00eat \u00e0 vivre la Corse \u00e0 100% ?<\/h2>\n\n\n\n<div style=\"height:33px\" aria-hidden=\"true\" class=\"wp-block-spacer\"><\/div>\n\n\n\n<div class=\"wp-block-columns is-layout-flex wp-container-core-columns-is-layout-28f84493 wp-block-columns-is-layout-flex\">\n<div class=\"wp-block-column is-layout-flow wp-block-column-is-layout-flow\" style=\"flex-basis:100%\">\n<h4 class=\"wp-block-heading\">D\u00e9couvrez nos locations sur-mesure pour un s\u00e9jour inoubliable :<\/h4>\n<\/div>\n<\/div>\n\n\n\n<ul class=\"wp-block-list\">\n<li>Roulez librement avec nos voitures, scooters et motos <\/li>\n<\/ul>\n\n\n\n<ul class=\"wp-block-list\">\n<li>Partez \u00e0 l\u2019aventure en bateau le long des plus belles c\u00f4tes <\/li>\n<\/ul>\n\n\n\n<ul class=\"wp-block-list\">\n<li>Reposez-vous dans des h\u00f4tels et villas s\u00e9lectionn\u00e9s avec soin <\/li>\n<\/ul>\n\n\n\n\n\n<div style=\"height:50px\" aria-hidden=\"true\" class=\"wp-block-spacer\"><\/div>\n\n\n\n<hr class=\"wp-block-separator has-alpha-channel-opacity\"\/>\n\n\n\n<h2 class=\"wp-block-heading has-text-align-center\">Restez connect\u00e9 avec la Corse !<\/h2>\n\n\n\n<p class=\"has-text-align-center\">\ud83d\udce9Inscrivez vous \u00e0 notre newsletter pour ne rien manquer des nouveaut\u00e9s, \u00e9v\u00e9nements et offres sp\u00e9ciales<\/p>\n\n\n\n<div class=\"wp-block-buttons has-custom-font-size has-x-small-font-size is-content-justification-center is-layout-flex wp-container-core-buttons-is-layout-a89b3969 wp-block-buttons-is-layout-flex\">\n<div class=\"wp-block-button is-style-fill\"><a class=\"wp-block-button__link has-text-align-center wp-element-button\" href=\"https:\/\/lavoixdesaintjo.fr\/2025\/corse\/sinscrire-a-la-newsletter\/\" style=\"padding-top:var(--wp--preset--spacing--x-small);padding-right:var(--wp--preset--spacing--x-small);padding-bottom:var(--wp--preset--spacing--x-small);padding-left:var(--wp--preset--spacing--x-small)\">Inscription \u00e0 la newsletter<\/a><\/div>\n<\/div>\n\n\n\n<div style=\"height:41px\" aria-hidden=\"true\" class=\"wp-block-spacer\"><\/div>\n","protected":false},"excerpt":{"rendered":"<p>La Corse, joyau de la M\u00e9diterran\u00e9e, offre une diversit\u00e9 unique entre mer et montagne. Partez \u00e0 la d\u00e9couverte de ses plages paradisiaques, de ses villages authentiques, de ses sp\u00e9cialit\u00e9s gourmandes et de ses sentiers de randonn\u00e9e l\u00e9gendaires. Du nord au sud, la Corse est une \u00eele aux mille visages. En cliquant sur la carte, laissez-vous guider \u00e0 travers ses destinations incontournables. Chaque point vous emm\u00e8ne dans un univers unique, entre mer, montagne et traditions corses. Prenez le temps de voyager, de r\u00eaver\u2026 et de choisir votre prochaine escapade ! Activit\u00e9s \u00e0 faire Entre randonn\u00e9es, baignades, d\u00e9couvertes culturelles et plaisirs gourmands, la Corse offre mille fa\u00e7ons de s\u2019\u00e9merveiller.Que vous soyez amateurs d\u2019aventure ou de d\u00e9tente, chaque jour sera une nouvelle exp\u00e9rience. Pr\u00eat \u00e0 vivre la Corse \u00e0 100% ? D\u00e9couvrez nos locations sur-mesure pour un s\u00e9jour inoubliable : Restez connect\u00e9 avec la Corse ! \ud83d\udce9Inscrivez vous \u00e0 notre newsletter pour ne rien manquer des nouveaut\u00e9s, \u00e9v\u00e9nements et offres sp\u00e9ciales<\/p>\n","protected":false},"author":1,"featured_media":0,"parent":0,"menu_order":0,"comment_status":"closed","ping_status":"open","template":"","meta":{"_acf_changed":false,"footnotes":""},"class_list":["post-2","page","type-page","status-publish","hentry"],"acf":[],"yoast_head":"<!-- This site is optimized with the Yoast SEO plugin v25.1 - https:\/\/yoast.com\/wordpress\/plugins\/seo\/ -->\n<title>L\u2019\u00cele de Beaut\u00e9 \u2013 D\u00e9couvrir la Corse : nature, culture, bons plans<\/title>\n<meta name=\"description\" content=\"Partez \u00e0 la d\u00e9couverte de la Corse \u00e0 travers ses paysages, traditions, activit\u00e9s et bons plans pour un s\u00e9jour unique sur l\u2019\u00eele de Beaut\u00e9.\" \/>\n<meta name=\"robots\" content=\"index, follow, max-snippet:-1, max-image-preview:large, max-video-preview:-1\" \/>\n<link rel=\"canonical\" href=\"https:\/\/lavoixdesaintjo.fr\/2025\/corse\/\" \/>\n<meta property=\"og:locale\" content=\"fr_FR\" \/>\n<meta property=\"og:type\" content=\"article\" \/>\n<meta property=\"og:title\" content=\"L\u2019\u00cele de Beaut\u00e9 \u2013 D\u00e9couvrir la Corse : nature, culture, bons plans\" \/>\n<meta property=\"og:description\" content=\"Partez \u00e0 la d\u00e9couverte de la Corse \u00e0 travers ses paysages, traditions, activit\u00e9s et bons plans pour un s\u00e9jour unique sur l\u2019\u00eele de Beaut\u00e9.\" \/>\n<meta property=\"og:url\" content=\"https:\/\/lavoixdesaintjo.fr\/2025\/corse\/\" \/>\n<meta property=\"og:site_name\" content=\"L&#039;\u00eele de beaut\u00e9 - La Corse\" \/>\n<meta property=\"article:modified_time\" content=\"2025-06-18T13:29:24+00:00\" \/>\n<meta property=\"og:image\" content=\"https:\/\/lavoixdesaintjo.fr\/2025\/corse\/wp-content\/uploads\/2025\/05\/plonger-1024x576.png\" \/>\n\t<meta property=\"og:image:width\" content=\"1024\" \/>\n\t<meta property=\"og:image:height\" content=\"576\" \/>\n\t<meta property=\"og:image:type\" content=\"image\/png\" \/>\n<meta name=\"twitter:card\" content=\"summary_large_image\" \/>\n<meta name=\"twitter:label1\" content=\"Dur\u00e9e de lecture estim\u00e9e\" \/>\n\t<meta name=\"twitter:data1\" content=\"3 minutes\" \/>\n<script type=\"application\/ld+json\" class=\"yoast-schema-graph\">{\"@context\":\"https:\/\/schema.org\",\"@graph\":[{\"@type\":\"WebPage\",\"@id\":\"https:\/\/lavoixdesaintjo.fr\/2025\/corse\/\",\"url\":\"https:\/\/lavoixdesaintjo.fr\/2025\/corse\/\",\"name\":\"L\u2019\u00cele de Beaut\u00e9 \u2013 D\u00e9couvrir la Corse : nature, culture, bons plans\",\"isPartOf\":{\"@id\":\"https:\/\/lavoixdesaintjo.fr\/2025\/corse\/#website\"},\"primaryImageOfPage\":{\"@id\":\"https:\/\/lavoixdesaintjo.fr\/2025\/corse\/#primaryimage\"},\"image\":{\"@id\":\"https:\/\/lavoixdesaintjo.fr\/2025\/corse\/#primaryimage\"},\"thumbnailUrl\":\"https:\/\/lavoixdesaintjo.fr\/2025\/corse\/wp-content\/uploads\/2025\/05\/plonger-1024x576.png\",\"datePublished\":\"2025-05-12T13:06:36+00:00\",\"dateModified\":\"2025-06-18T13:29:24+00:00\",\"description\":\"Partez \u00e0 la d\u00e9couverte de la Corse \u00e0 travers ses paysages, traditions, activit\u00e9s et bons plans pour un s\u00e9jour unique sur l\u2019\u00eele de Beaut\u00e9.\",\"breadcrumb\":{\"@id\":\"https:\/\/lavoixdesaintjo.fr\/2025\/corse\/#breadcrumb\"},\"inLanguage\":\"fr-FR\",\"potentialAction\":[{\"@type\":\"ReadAction\",\"target\":[\"https:\/\/lavoixdesaintjo.fr\/2025\/corse\/\"]}]},{\"@type\":\"ImageObject\",\"inLanguage\":\"fr-FR\",\"@id\":\"https:\/\/lavoixdesaintjo.fr\/2025\/corse\/#primaryimage\",\"url\":\"https:\/\/lavoixdesaintjo.fr\/2025\/corse\/wp-content\/uploads\/2025\/05\/plonger.png\",\"contentUrl\":\"https:\/\/lavoixdesaintjo.fr\/2025\/corse\/wp-content\/uploads\/2025\/05\/plonger.png\",\"width\":1920,\"height\":1080},{\"@type\":\"BreadcrumbList\",\"@id\":\"https:\/\/lavoixdesaintjo.fr\/2025\/corse\/#breadcrumb\",\"itemListElement\":[{\"@type\":\"ListItem\",\"position\":1,\"name\":\"Accueil\",\"item\":\"https:\/\/lavoixdesaintjo.fr\/2025\/corse\/\"},{\"@type\":\"ListItem\",\"position\":2,\"name\":\"L&rsquo;\u00cele de beaut\u00e9 \u00e0 explorer\"}]},{\"@type\":\"WebSite\",\"@id\":\"https:\/\/lavoixdesaintjo.fr\/2025\/corse\/#website\",\"url\":\"https:\/\/lavoixdesaintjo.fr\/2025\/corse\/\",\"name\":\"L&#039;\u00eele de beaut\u00e9 - La Corse\",\"description\":\"\",\"publisher\":{\"@id\":\"https:\/\/lavoixdesaintjo.fr\/2025\/corse\/#organization\"},\"potentialAction\":[{\"@type\":\"SearchAction\",\"target\":{\"@type\":\"EntryPoint\",\"urlTemplate\":\"https:\/\/lavoixdesaintjo.fr\/2025\/corse\/?s={search_term_string}\"},\"query-input\":{\"@type\":\"PropertyValueSpecification\",\"valueRequired\":true,\"valueName\":\"search_term_string\"}}],\"inLanguage\":\"fr-FR\"},{\"@type\":\"Organization\",\"@id\":\"https:\/\/lavoixdesaintjo.fr\/2025\/corse\/#organization\",\"name\":\"L&#039;\u00eele de beaut\u00e9 - La Corse\",\"url\":\"https:\/\/lavoixdesaintjo.fr\/2025\/corse\/\",\"logo\":{\"@type\":\"ImageObject\",\"inLanguage\":\"fr-FR\",\"@id\":\"https:\/\/lavoixdesaintjo.fr\/2025\/corse\/#\/schema\/logo\/image\/\",\"url\":\"https:\/\/lavoixdesaintjo.fr\/2025\/corse\/wp-content\/uploads\/2025\/05\/cropped-LOGO-CORSE-V2.png\",\"contentUrl\":\"https:\/\/lavoixdesaintjo.fr\/2025\/corse\/wp-content\/uploads\/2025\/05\/cropped-LOGO-CORSE-V2.png\",\"width\":616,\"height\":813,\"caption\":\"L&#039;\u00eele de beaut\u00e9 - La Corse\"},\"image\":{\"@id\":\"https:\/\/lavoixdesaintjo.fr\/2025\/corse\/#\/schema\/logo\/image\/\"}}]}<\/script>\n<!-- \/ Yoast SEO plugin. -->","yoast_head_json":{"title":"L\u2019\u00cele de Beaut\u00e9 \u2013 D\u00e9couvrir la Corse : nature, culture, bons plans","description":"Partez \u00e0 la d\u00e9couverte de la Corse \u00e0 travers ses paysages, traditions, activit\u00e9s et bons plans pour un s\u00e9jour unique sur l\u2019\u00eele de Beaut\u00e9.","robots":{"index":"index","follow":"follow","max-snippet":"max-snippet:-1","max-image-preview":"max-image-preview:large","max-video-preview":"max-video-preview:-1"},"canonical":"https:\/\/lavoixdesaintjo.fr\/2025\/corse\/","og_locale":"fr_FR","og_type":"article","og_title":"L\u2019\u00cele de Beaut\u00e9 \u2013 D\u00e9couvrir la Corse : nature, culture, bons plans","og_description":"Partez \u00e0 la d\u00e9couverte de la Corse \u00e0 travers ses paysages, traditions, activit\u00e9s et bons plans pour un s\u00e9jour unique sur l\u2019\u00eele de Beaut\u00e9.","og_url":"https:\/\/lavoixdesaintjo.fr\/2025\/corse\/","og_site_name":"L&#039;\u00eele de beaut\u00e9 - La Corse","article_modified_time":"2025-06-18T13:29:24+00:00","og_image":[{"width":1024,"height":576,"url":"https:\/\/lavoixdesaintjo.fr\/2025\/corse\/wp-content\/uploads\/2025\/05\/plonger-1024x576.png","type":"image\/png"}],"twitter_card":"summary_large_image","twitter_misc":{"Dur\u00e9e de lecture estim\u00e9e":"3 minutes"},"schema":{"@context":"https:\/\/schema.org","@graph":[{"@type":"WebPage","@id":"https:\/\/lavoixdesaintjo.fr\/2025\/corse\/","url":"https:\/\/lavoixdesaintjo.fr\/2025\/corse\/","name":"L\u2019\u00cele de Beaut\u00e9 \u2013 D\u00e9couvrir la Corse : nature, culture, bons plans","isPartOf":{"@id":"https:\/\/lavoixdesaintjo.fr\/2025\/corse\/#website"},"primaryImageOfPage":{"@id":"https:\/\/lavoixdesaintjo.fr\/2025\/corse\/#primaryimage"},"image":{"@id":"https:\/\/lavoixdesaintjo.fr\/2025\/corse\/#primaryimage"},"thumbnailUrl":"https:\/\/lavoixdesaintjo.fr\/2025\/corse\/wp-content\/uploads\/2025\/05\/plonger-1024x576.png","datePublished":"2025-05-12T13:06:36+00:00","dateModified":"2025-06-18T13:29:24+00:00","description":"Partez \u00e0 la d\u00e9couverte de la Corse \u00e0 travers ses paysages, traditions, activit\u00e9s et bons plans pour un s\u00e9jour unique sur l\u2019\u00eele de Beaut\u00e9.","breadcrumb":{"@id":"https:\/\/lavoixdesaintjo.fr\/2025\/corse\/#breadcrumb"},"inLanguage":"fr-FR","potentialAction":[{"@type":"ReadAction","target":["https:\/\/lavoixdesaintjo.fr\/2025\/corse\/"]}]},{"@type":"ImageObject","inLanguage":"fr-FR","@id":"https:\/\/lavoixdesaintjo.fr\/2025\/corse\/#primaryimage","url":"https:\/\/lavoixdesaintjo.fr\/2025\/corse\/wp-content\/uploads\/2025\/05\/plonger.png","contentUrl":"https:\/\/lavoixdesaintjo.fr\/2025\/corse\/wp-content\/uploads\/2025\/05\/plonger.png","width":1920,"height":1080},{"@type":"BreadcrumbList","@id":"https:\/\/lavoixdesaintjo.fr\/2025\/corse\/#breadcrumb","itemListElement":[{"@type":"ListItem","position":1,"name":"Accueil","item":"https:\/\/lavoixdesaintjo.fr\/2025\/corse\/"},{"@type":"ListItem","position":2,"name":"L&rsquo;\u00cele de beaut\u00e9 \u00e0 explorer"}]},{"@type":"WebSite","@id":"https:\/\/lavoixdesaintjo.fr\/2025\/corse\/#website","url":"https:\/\/lavoixdesaintjo.fr\/2025\/corse\/","name":"L&#039;\u00eele de beaut\u00e9 - La Corse","description":"","publisher":{"@id":"https:\/\/lavoixdesaintjo.fr\/2025\/corse\/#organization"},"potentialAction":[{"@type":"SearchAction","target":{"@type":"EntryPoint","urlTemplate":"https:\/\/lavoixdesaintjo.fr\/2025\/corse\/?s={search_term_string}"},"query-input":{"@type":"PropertyValueSpecification","valueRequired":true,"valueName":"search_term_string"}}],"inLanguage":"fr-FR"},{"@type":"Organization","@id":"https:\/\/lavoixdesaintjo.fr\/2025\/corse\/#organization","name":"L&#039;\u00eele de beaut\u00e9 - La Corse","url":"https:\/\/lavoixdesaintjo.fr\/2025\/corse\/","logo":{"@type":"ImageObject","inLanguage":"fr-FR","@id":"https:\/\/lavoixdesaintjo.fr\/2025\/corse\/#\/schema\/logo\/image\/","url":"https:\/\/lavoixdesaintjo.fr\/2025\/corse\/wp-content\/uploads\/2025\/05\/cropped-LOGO-CORSE-V2.png","contentUrl":"https:\/\/lavoixdesaintjo.fr\/2025\/corse\/wp-content\/uploads\/2025\/05\/cropped-LOGO-CORSE-V2.png","width":616,"height":813,"caption":"L&#039;\u00eele de beaut\u00e9 - La Corse"},"image":{"@id":"https:\/\/lavoixdesaintjo.fr\/2025\/corse\/#\/schema\/logo\/image\/"}}]}},"jetpack_sharing_enabled":true,"_links":{"self":[{"href":"https:\/\/lavoixdesaintjo.fr\/2025\/corse\/wp-json\/wp\/v2\/pages\/2","targetHints":{"allow":["GET"]}}],"collection":[{"href":"https:\/\/lavoixdesaintjo.fr\/2025\/corse\/wp-json\/wp\/v2\/pages"}],"about":[{"href":"https:\/\/lavoixdesaintjo.fr\/2025\/corse\/wp-json\/wp\/v2\/types\/page"}],"author":[{"embeddable":true,"href":"https:\/\/lavoixdesaintjo.fr\/2025\/corse\/wp-json\/wp\/v2\/users\/1"}],"replies":[{"embeddable":true,"href":"https:\/\/lavoixdesaintjo.fr\/2025\/corse\/wp-json\/wp\/v2\/comments?post=2"}],"version-history":[{"count":54,"href":"https:\/\/lavoixdesaintjo.fr\/2025\/corse\/wp-json\/wp\/v2\/pages\/2\/revisions"}],"predecessor-version":[{"id":781,"href":"https:\/\/lavoixdesaintjo.fr\/2025\/corse\/wp-json\/wp\/v2\/pages\/2\/revisions\/781"}],"wp:attachment":[{"href":"https:\/\/lavoixdesaintjo.fr\/2025\/corse\/wp-json\/wp\/v2\/media?parent=2"}],"curies":[{"name":"wp","href":"https:\/\/api.w.org\/{rel}","templated":true}]}}