{"id":23,"date":"2025-05-12T16:19:44","date_gmt":"2025-05-12T14:19:44","guid":{"rendered":"https:\/\/lavoixdesaintjo.fr\/2025\/corse\/?page_id=23"},"modified":"2025-05-12T16:19:44","modified_gmt":"2025-05-12T14:19:44","slug":"locations-dhotels","status":"publish","type":"page","link":"https:\/\/lavoixdesaintjo.fr\/2025\/corse\/locations-dhotels\/","title":{"rendered":"Locations d&rsquo;h\u00f4tels"},"content":{"rendered":"","protected":false},"excerpt":{"rendered":"","protected":false},"author":1,"featured_media":0,"parent":0,"menu_order":0,"comment_status":"closed","ping_status":"closed","template":"","meta":{"_acf_changed":false,"footnotes":""},"class_list":["post-23","page","type-page","status-publish","hentry"],"acf":[],"yoast_head":"<!-- This site is optimized with the Yoast SEO plugin v25.1 - https:\/\/yoast.com\/wordpress\/plugins\/seo\/ -->\n<title>Locations d&#039;h\u00f4tels - L&#039;\u00eele de beaut\u00e9 - La Corse<\/title>\n<meta name=\"robots\" content=\"index, follow, max-snippet:-1, max-image-preview:large, max-video-preview:-1\" \/>\n<link rel=\"canonical\" href=\"https:\/\/lavoixdesaintjo.fr\/2025\/corse\/locations-dhotels\/\" \/>\n<meta property=\"og:locale\" content=\"fr_FR\" \/>\n<meta property=\"og:type\" content=\"article\" \/>\n<meta property=\"og:title\" content=\"Locations d&#039;h\u00f4tels - L&#039;\u00eele de beaut\u00e9 - La Corse\" \/>\n<meta property=\"og:url\" content=\"https:\/\/lavoixdesaintjo.fr\/2025\/corse\/locations-dhotels\/\" \/>\n<meta property=\"og:site_name\" content=\"L&#039;\u00eele de beaut\u00e9 - La Corse\" \/>\n<meta name=\"twitter:card\" content=\"summary_large_image\" \/>\n<script type=\"application\/ld+json\" class=\"yoast-schema-graph\">{\"@context\":\"https:\/\/schema.org\",\"@graph\":[{\"@type\":\"WebPage\",\"@id\":\"https:\/\/lavoixdesaintjo.fr\/2025\/corse\/locations-dhotels\/\",\"url\":\"https:\/\/lavoixdesaintjo.fr\/2025\/corse\/locations-dhotels\/\",\"name\":\"Locations d'h\u00f4tels - L&#039;\u00eele de beaut\u00e9 - La Corse\",\"isPartOf\":{\"@id\":\"https:\/\/lavoixdesaintjo.fr\/2025\/corse\/#website\"},\"datePublished\":\"2025-05-12T14:19:44+00:00\",\"breadcrumb\":{\"@id\":\"https:\/\/lavoixdesaintjo.fr\/2025\/corse\/locations-dhotels\/#breadcrumb\"},\"inLanguage\":\"fr-FR\",\"potentialAction\":[{\"@type\":\"ReadAction\",\"target\":[\"https:\/\/lavoixdesaintjo.fr\/2025\/corse\/locations-dhotels\/\"]}]},{\"@type\":\"BreadcrumbList\",\"@id\":\"https:\/\/lavoixdesaintjo.fr\/2025\/corse\/locations-dhotels\/#breadcrumb\",\"itemListElement\":[{\"@type\":\"ListItem\",\"position\":1,\"name\":\"Accueil\",\"item\":\"https:\/\/lavoixdesaintjo.fr\/2025\/corse\/\"},{\"@type\":\"ListItem\",\"position\":2,\"name\":\"Locations d&rsquo;h\u00f4tels\"}]},{\"@type\":\"WebSite\",\"@id\":\"https:\/\/lavoixdesaintjo.fr\/2025\/corse\/#website\",\"url\":\"https:\/\/lavoixdesaintjo.fr\/2025\/corse\/\",\"name\":\"L&#039;\u00eele de beaut\u00e9 - La Corse\",\"description\":\"\",\"publisher\":{\"@id\":\"https:\/\/lavoixdesaintjo.fr\/2025\/corse\/#organization\"},\"potentialAction\":[{\"@type\":\"SearchAction\",\"target\":{\"@type\":\"EntryPoint\",\"urlTemplate\":\"https:\/\/lavoixdesaintjo.fr\/2025\/corse\/?s={search_term_string}\"},\"query-input\":{\"@type\":\"PropertyValueSpecification\",\"valueRequired\":true,\"valueName\":\"search_term_string\"}}],\"inLanguage\":\"fr-FR\"},{\"@type\":\"Organization\",\"@id\":\"https:\/\/lavoixdesaintjo.fr\/2025\/corse\/#organization\",\"name\":\"L&#039;\u00eele de beaut\u00e9 - La Corse\",\"url\":\"https:\/\/lavoixdesaintjo.fr\/2025\/corse\/\",\"logo\":{\"@type\":\"ImageObject\",\"inLanguage\":\"fr-FR\",\"@id\":\"https:\/\/lavoixdesaintjo.fr\/2025\/corse\/#\/schema\/logo\/image\/\",\"url\":\"https:\/\/lavoixdesaintjo.fr\/2025\/corse\/wp-content\/uploads\/2025\/05\/cropped-LOGO-CORSE-V2.png\",\"contentUrl\":\"https:\/\/lavoixdesaintjo.fr\/2025\/corse\/wp-content\/uploads\/2025\/05\/cropped-LOGO-CORSE-V2.png\",\"width\":616,\"height\":813,\"caption\":\"L&#039;\u00eele de beaut\u00e9 - La Corse\"},\"image\":{\"@id\":\"https:\/\/lavoixdesaintjo.fr\/2025\/corse\/#\/schema\/logo\/image\/\"}}]}<\/script>\n<!-- \/ Yoast SEO plugin. -->","yoast_head_json":{"title":"Locations d'h\u00f4tels - L&#039;\u00eele de beaut\u00e9 - La Corse","robots":{"index":"index","follow":"follow","max-snippet":"max-snippet:-1","max-image-preview":"max-image-preview:large","max-video-preview":"max-video-preview:-1"},"canonical":"https:\/\/lavoixdesaintjo.fr\/2025\/corse\/locations-dhotels\/","og_locale":"fr_FR","og_type":"article","og_title":"Locations d'h\u00f4tels - L&#039;\u00eele de beaut\u00e9 - La Corse","og_url":"https:\/\/lavoixdesaintjo.fr\/2025\/corse\/locations-dhotels\/","og_site_name":"L&#039;\u00eele de beaut\u00e9 - La Corse","twitter_card":"summary_large_image","schema":{"@context":"https:\/\/schema.org","@graph":[{"@type":"WebPage","@id":"https:\/\/lavoixdesaintjo.fr\/2025\/corse\/locations-dhotels\/","url":"https:\/\/lavoixdesaintjo.fr\/2025\/corse\/locations-dhotels\/","name":"Locations d'h\u00f4tels - L&#039;\u00eele de beaut\u00e9 - La Corse","isPartOf":{"@id":"https:\/\/lavoixdesaintjo.fr\/2025\/corse\/#website"},"datePublished":"2025-05-12T14:19:44+00:00","breadcrumb":{"@id":"https:\/\/lavoixdesaintjo.fr\/2025\/corse\/locations-dhotels\/#breadcrumb"},"inLanguage":"fr-FR","potentialAction":[{"@type":"ReadAction","target":["https:\/\/lavoixdesaintjo.fr\/2025\/corse\/locations-dhotels\/"]}]},{"@type":"BreadcrumbList","@id":"https:\/\/lavoixdesaintjo.fr\/2025\/corse\/locations-dhotels\/#breadcrumb","itemListElement":[{"@type":"ListItem","position":1,"name":"Accueil","item":"https:\/\/lavoixdesaintjo.fr\/2025\/corse\/"},{"@type":"ListItem","position":2,"name":"Locations d&rsquo;h\u00f4tels"}]},{"@type":"WebSite","@id":"https:\/\/lavoixdesaintjo.fr\/2025\/corse\/#website","url":"https:\/\/lavoixdesaintjo.fr\/2025\/corse\/","name":"L&#039;\u00eele de beaut\u00e9 - La Corse","description":"","publisher":{"@id":"https:\/\/lavoixdesaintjo.fr\/2025\/corse\/#organization"},"potentialAction":[{"@type":"SearchAction","target":{"@type":"EntryPoint","urlTemplate":"https:\/\/lavoixdesaintjo.fr\/2025\/corse\/?s={search_term_string}"},"query-input":{"@type":"PropertyValueSpecification","valueRequired":true,"valueName":"search_term_string"}}],"inLanguage":"fr-FR"},{"@type":"Organization","@id":"https:\/\/lavoixdesaintjo.fr\/2025\/corse\/#organization","name":"L&#039;\u00eele de beaut\u00e9 - La Corse","url":"https:\/\/lavoixdesaintjo.fr\/2025\/corse\/","logo":{"@type":"ImageObject","inLanguage":"fr-FR","@id":"https:\/\/lavoixdesaintjo.fr\/2025\/corse\/#\/schema\/logo\/image\/","url":"https:\/\/lavoixdesaintjo.fr\/2025\/corse\/wp-content\/uploads\/2025\/05\/cropped-LOGO-CORSE-V2.png","contentUrl":"https:\/\/lavoixdesaintjo.fr\/2025\/corse\/wp-content\/uploads\/2025\/05\/cropped-LOGO-CORSE-V2.png","width":616,"height":813,"caption":"L&#039;\u00eele de beaut\u00e9 - La Corse"},"image":{"@id":"https:\/\/lavoixdesaintjo.fr\/2025\/corse\/#\/schema\/logo\/image\/"}}]}},"jetpack_sharing_enabled":true,"_links":{"self":[{"href":"https:\/\/lavoixdesaintjo.fr\/2025\/corse\/wp-json\/wp\/v2\/pages\/23","targetHints":{"allow":["GET"]}}],"collection":[{"href":"https:\/\/lavoixdesaintjo.fr\/2025\/corse\/wp-json\/wp\/v2\/pages"}],"about":[{"href":"https:\/\/lavoixdesaintjo.fr\/2025\/corse\/wp-json\/wp\/v2\/types\/page"}],"author":[{"embeddable":true,"href":"https:\/\/lavoixdesaintjo.fr\/2025\/corse\/wp-json\/wp\/v2\/users\/1"}],"replies":[{"embeddable":true,"href":"https:\/\/lavoixdesaintjo.fr\/2025\/corse\/wp-json\/wp\/v2\/comments?post=23"}],"version-history":[{"count":1,"href":"https:\/\/lavoixdesaintjo.fr\/2025\/corse\/wp-json\/wp\/v2\/pages\/23\/revisions"}],"predecessor-version":[{"id":24,"href":"https:\/\/lavoixdesaintjo.fr\/2025\/corse\/wp-json\/wp\/v2\/pages\/23\/revisions\/24"}],"wp:attachment":[{"href":"https:\/\/lavoixdesaintjo.fr\/2025\/corse\/wp-json\/wp\/v2\/media?parent=23"}],"curies":[{"name":"wp","href":"https:\/\/api.w.org\/{rel}","templated":true}]}}