{"id":33,"date":"2025-05-12T16:22:13","date_gmt":"2025-05-12T14:22:13","guid":{"rendered":"https:\/\/lavoixdesaintjo.fr\/2025\/corse\/?page_id=33"},"modified":"2025-07-04T15:01:52","modified_gmt":"2025-07-04T13:01:52","slug":"plages-corse","status":"publish","type":"page","link":"https:\/\/lavoixdesaintjo.fr\/2025\/corse\/plages-corse\/","title":{"rendered":"Plages Corse"},"content":{"rendered":"<div class=\"yoast-breadcrumbs\"><span><span><a href=\"https:\/\/lavoixdesaintjo.fr\/2025\/corse\/\">Accueil<\/a><\/span> \u00bb <span class=\"breadcrumb_last\" aria-current=\"page\">Plages Corse<\/span><\/span><\/div>\n\n\n<h1 class=\"wp-block-heading has-text-align-center\">Les Plages de Corse : un littoral d&rsquo;exception<\/h1>\n\n\n\n<div style=\"height:28px\" aria-hidden=\"true\" class=\"wp-block-spacer\"><\/div>\n\n\n\n<p>La Corse est c\u00e9l\u00e8bre pour ses plages aux eaux limpides, ses criques secr\u00e8tes et ses \u00e9tendues de sable fin. Que vous soyez \u00e0 la recherche de farniente, d&rsquo;aventure ou de sports nautiques, les plages corses sauront vous s\u00e9duire. D\u00e9couvrez ci-dessous les plages incontournables \u00e0 Bastia, Ajaccio, Calvi, Bonifacio, ainsi que d&rsquo;autres tr\u00e9sors cach\u00e9s.<\/p>\n\n\n\n<h2 class=\"wp-block-heading\">Les plages \u00e0 Bastia<\/h2>\n\n\n\n<div class=\"wp-block-columns is-layout-flex wp-container-core-columns-is-layout-28f84493 wp-block-columns-is-layout-flex\">\n<div class=\"wp-block-column is-layout-flow wp-block-column-is-layout-flow\">\n<h3 class=\"wp-block-heading\">Plage de l\u2019Arinella<\/h3>\n\n\n\n<p>Situ\u00e9e \u00e0 seulement quelques minutes du centre-ville de Bastia, la plage de l\u2019Arinella est une plage de sable fin id\u00e9ale pour une baignade rapide apr\u00e8s une visite en ville. Elle est \u00e9quip\u00e9e de services comme des restaurants et locations de mat\u00e9riel nautique. Parfait pour les familles et les locaux.<\/p>\n\n\n\n<p><a href=\"https:\/\/www.visit-corsica.com\/fr\/Mon-sejour\/Patrimoine-naturel\/Tout-le-patrimoine-naturel\/PLAGE-DE-L-ARINELLA\">Cliquez ici pour plus d&rsquo;information sur cette plage<\/a><\/p>\n<\/div>\n\n\n\n<div class=\"wp-block-column is-layout-flow wp-block-column-is-layout-flow\">\n<figure class=\"wp-block-image aligncenter size-full is-resized\"><img fetchpriority=\"high\" decoding=\"async\" width=\"500\" height=\"300\" src=\"https:\/\/lavoixdesaintjo.fr\/2025\/corse\/wp-content\/uploads\/2025\/06\/plage-1.jpg\" alt=\"\" class=\"wp-image-794\" style=\"object-fit:cover;width:600px;height:250px\" srcset=\"https:\/\/lavoixdesaintjo.fr\/2025\/corse\/wp-content\/uploads\/2025\/06\/plage-1.jpg 500w, https:\/\/lavoixdesaintjo.fr\/2025\/corse\/wp-content\/uploads\/2025\/06\/plage-1-300x180.jpg 300w\" sizes=\"(max-width: 500px) 100vw, 500px\" \/><\/figure>\n<\/div>\n<\/div>\n\n\n\n<div class=\"wp-block-columns is-layout-flex wp-container-core-columns-is-layout-28f84493 wp-block-columns-is-layout-flex\">\n<div class=\"wp-block-column is-layout-flow wp-block-column-is-layout-flow\">\n<h3 class=\"wp-block-heading\">Plage de la Marana<\/h3>\n\n\n\n<p>\u00c0 une vingtaine de kilom\u00e8tres au sud de Bastia, cette longue plage de sable offre un cadre naturel avec des dunes et une pin\u00e8de. Plus sauvage et moins fr\u00e9quent\u00e9e, elle est parfaite pour ceux qui cherchent un peu plus de calme.<\/p>\n\n\n\n<p><a href=\"https:\/\/www.visit-corsica.com\/fr\/Mon-sejour\/Patrimoine-naturel\/Tout-le-patrimoine-naturel\/PLAGE-DE-LA-MARANA\">Cliquez ici pour plus d&rsquo;information sur cette plage<\/a><\/p>\n<\/div>\n\n\n\n<div class=\"wp-block-column is-layout-flow wp-block-column-is-layout-flow\">\n<figure class=\"wp-block-image aligncenter size-full is-resized\"><img decoding=\"async\" width=\"500\" height=\"300\" src=\"https:\/\/lavoixdesaintjo.fr\/2025\/corse\/wp-content\/uploads\/2025\/06\/plage-2.jpg\" alt=\"\" class=\"wp-image-802\" style=\"object-fit:cover;width:600px;height:250px\" srcset=\"https:\/\/lavoixdesaintjo.fr\/2025\/corse\/wp-content\/uploads\/2025\/06\/plage-2.jpg 500w, https:\/\/lavoixdesaintjo.fr\/2025\/corse\/wp-content\/uploads\/2025\/06\/plage-2-300x180.jpg 300w\" sizes=\"(max-width: 500px) 100vw, 500px\" \/><\/figure>\n<\/div>\n<\/div>\n\n\n\n<div style=\"height:38px\" aria-hidden=\"true\" class=\"wp-block-spacer\"><\/div>\n\n\n\n<h2 class=\"wp-block-heading\">Les plages \u00e0 Ajaccio<\/h2>\n\n\n\n<div class=\"wp-block-columns is-layout-flex wp-container-core-columns-is-layout-28f84493 wp-block-columns-is-layout-flex\">\n<div class=\"wp-block-column is-layout-flow wp-block-column-is-layout-flow\">\n<h3 class=\"wp-block-heading\">Plage de la Marinella<\/h3>\n\n\n\n<p>\u00c0 une dizaine de kilom\u00e8tres \u00e0 l\u2019ouest d\u2019Ajaccio, la plage d\u2019Argent est c\u00e9l\u00e8bre pour son sable blanc et ses eaux turquoise, bord\u00e9e de pins parasols. C\u2019est une des plus belles plages proches de la ville.<\/p>\n\n\n\n<p><a href=\"https:\/\/www.visit-corsica.com\/fr\/Mon-sejour\/Patrimoine-naturel\/Tout-le-patrimoine-naturel\/PLAGE-DE-MARINELLA\">Cliquez ici pour plus d&rsquo;information sur cette plage<\/a><\/p>\n<\/div>\n\n\n\n<div class=\"wp-block-column is-layout-flow wp-block-column-is-layout-flow\">\n<figure class=\"wp-block-image aligncenter size-full is-resized\"><img decoding=\"async\" width=\"500\" height=\"300\" src=\"https:\/\/lavoixdesaintjo.fr\/2025\/corse\/wp-content\/uploads\/2025\/06\/plage-3.jpg\" alt=\"\" class=\"wp-image-807\" style=\"object-fit:cover;width:600px;height:250px\" srcset=\"https:\/\/lavoixdesaintjo.fr\/2025\/corse\/wp-content\/uploads\/2025\/06\/plage-3.jpg 500w, https:\/\/lavoixdesaintjo.fr\/2025\/corse\/wp-content\/uploads\/2025\/06\/plage-3-300x180.jpg 300w\" sizes=\"(max-width: 500px) 100vw, 500px\" \/><\/figure>\n<\/div>\n<\/div>\n\n\n\n<div class=\"wp-block-columns is-layout-flex wp-container-core-columns-is-layout-28f84493 wp-block-columns-is-layout-flex\">\n<div class=\"wp-block-column is-layout-flow wp-block-column-is-layout-flow\">\n<h3 class=\"wp-block-heading\">Plage d\u2019Argent<\/h3>\n\n\n\n<p>Situ\u00e9e \u00e0 seulement quelques minutes du centre-ville de Bastia, la plage de l\u2019Arinella est une plage de sable fin id\u00e9ale pour une baignade rapide apr\u00e8s une visite en ville. Elle est \u00e9quip\u00e9e de services comme des restaurants et locations de mat\u00e9riel nautique. Parfait pour les familles et les locaux.<\/p>\n\n\n\n<p><a href=\"https:\/\/www.visit-corsica.com\/fr\/Mon-sejour\/Patrimoine-naturel\/Tout-le-patrimoine-naturel\/PLAGE-D-ARGENT-MARE-E-SOLE\">Cliquez ici pour plus d&rsquo;information sur cette plage<\/a><\/p>\n<\/div>\n\n\n\n<div class=\"wp-block-column is-layout-flow wp-block-column-is-layout-flow\">\n<figure class=\"wp-block-image aligncenter size-full is-resized\"><img loading=\"lazy\" decoding=\"async\" width=\"500\" height=\"300\" src=\"https:\/\/lavoixdesaintjo.fr\/2025\/corse\/wp-content\/uploads\/2025\/06\/plage-4.jpg\" alt=\"\" class=\"wp-image-808\" style=\"object-fit:cover;width:600px;height:250px\" srcset=\"https:\/\/lavoixdesaintjo.fr\/2025\/corse\/wp-content\/uploads\/2025\/06\/plage-4.jpg 500w, https:\/\/lavoixdesaintjo.fr\/2025\/corse\/wp-content\/uploads\/2025\/06\/plage-4-300x180.jpg 300w\" sizes=\"(max-width: 500px) 100vw, 500px\" \/><\/figure>\n<\/div>\n<\/div>\n\n\n\n<div style=\"height:51px\" aria-hidden=\"true\" class=\"wp-block-spacer\"><\/div>\n\n\n\n<h2 class=\"wp-block-heading\">Les plages \u00e0 Calvi<\/h2>\n\n\n\n<div class=\"wp-block-columns is-layout-flex wp-container-core-columns-is-layout-28f84493 wp-block-columns-is-layout-flex\">\n<div class=\"wp-block-column is-layout-flow wp-block-column-is-layout-flow\">\n<h3 class=\"wp-block-heading\">Plage de Calvi<\/h3>\n\n\n\n<p>La plage principale de Calvi est une grande \u00e9tendue de sable fin, avec une promenade anim\u00e9e, id\u00e9ale pour les familles et les amateurs de baignade en douceur. Elle offre une vue magnifique sur la citadelle de Calvi.<\/p>\n\n\n\n<p><a href=\"https:\/\/www.visit-corsica.com\/fr\/Mon-sejour\/Patrimoine-naturel\/Tout-le-patrimoine-naturel\/PLAGE-DE-CALVI\">Cliquez ici pour plus d&rsquo;information sur cette plage<\/a><\/p>\n<\/div>\n\n\n\n<div class=\"wp-block-column is-layout-flow wp-block-column-is-layout-flow\">\n<figure class=\"wp-block-image aligncenter size-full is-resized\"><img loading=\"lazy\" decoding=\"async\" width=\"600\" height=\"250\" src=\"https:\/\/lavoixdesaintjo.fr\/2025\/corse\/wp-content\/uploads\/2025\/07\/corse.jpg\" alt=\"\" class=\"wp-image-869\" style=\"object-fit:cover;width:600px;height:250px\" srcset=\"https:\/\/lavoixdesaintjo.fr\/2025\/corse\/wp-content\/uploads\/2025\/07\/corse.jpg 600w, https:\/\/lavoixdesaintjo.fr\/2025\/corse\/wp-content\/uploads\/2025\/07\/corse-300x125.jpg 300w\" sizes=\"(max-width: 600px) 100vw, 600px\" \/><\/figure>\n<\/div>\n<\/div>\n\n\n\n<div style=\"height:46px\" aria-hidden=\"true\" class=\"wp-block-spacer\"><\/div>\n\n\n\n<h2 class=\"wp-block-heading\">Conseils pratiques pour profiter des plages Corses !<\/h2>\n\n\n\n<ul class=\"wp-block-list\">\n<li><strong>Acc\u00e8s<\/strong> : Certaines plages comme Saleccia ou le Lotu sont uniquement accessibles en bateau ou apr\u00e8s une randonn\u00e9e. Pr\u00e9voyez de bonnes chaussures et v\u00e9rifiez les horaires des bateaux.<\/li>\n<\/ul>\n\n\n\n<div style=\"height:18px\" aria-hidden=\"true\" class=\"wp-block-spacer\"><\/div>\n\n\n\n<ul class=\"wp-block-list\">\n<li><strong>Services<\/strong> : Les plages proches des villes sont g\u00e9n\u00e9ralement bien \u00e9quip\u00e9es (restaurants, locations de transats). En revanche, les plages sauvages ne disposent d\u2019aucun service, pensez \u00e0 emporter de l\u2019eau et de quoi vous prot\u00e9ger du soleil.<\/li>\n<\/ul>\n\n\n\n<div style=\"height:18px\" aria-hidden=\"true\" class=\"wp-block-spacer\"><\/div>\n\n\n\n<ul class=\"wp-block-list\">\n<li><strong>Respect de l\u2019environnement<\/strong> : La Corse est une \u00eele prot\u00e9g\u00e9e, veillez \u00e0 ne rien laisser derri\u00e8re vous et \u00e0 respecter la faune et la flore.<\/li>\n<\/ul>\n\n\n\n<p><\/p>\n","protected":false},"excerpt":{"rendered":"<p>Les Plages de Corse : un littoral d&rsquo;exception La Corse est c\u00e9l\u00e8bre pour ses plages aux eaux limpides, ses criques secr\u00e8tes et ses \u00e9tendues de sable fin. Que vous soyez \u00e0 la recherche de farniente, d&rsquo;aventure ou de sports nautiques, les plages corses sauront vous s\u00e9duire. D\u00e9couvrez ci-dessous les plages incontournables \u00e0 Bastia, Ajaccio, Calvi, Bonifacio, ainsi que d&rsquo;autres tr\u00e9sors cach\u00e9s. Les plages \u00e0 Bastia Plage de l\u2019Arinella Situ\u00e9e \u00e0 seulement quelques minutes du centre-ville de Bastia, la plage de l\u2019Arinella est une plage de sable fin id\u00e9ale pour une baignade rapide apr\u00e8s une visite en ville. Elle est \u00e9quip\u00e9e de services comme des restaurants et locations de mat\u00e9riel nautique. Parfait pour les familles et les locaux. Cliquez ici pour plus d&rsquo;information sur cette plage Plage de la Marana \u00c0 une vingtaine de kilom\u00e8tres au sud de Bastia, cette longue plage de sable offre un cadre naturel avec des dunes et une pin\u00e8de. Plus sauvage et moins fr\u00e9quent\u00e9e, elle est parfaite pour ceux qui cherchent un peu plus de calme. Cliquez ici pour plus d&rsquo;information sur cette plage Les plages \u00e0 Ajaccio Plage de la Marinella \u00c0 une dizaine de kilom\u00e8tres \u00e0 l\u2019ouest d\u2019Ajaccio, la plage d\u2019Argent est c\u00e9l\u00e8bre pour son sable blanc et ses eaux turquoise, bord\u00e9e de pins parasols. C\u2019est une des plus belles plages proches de la ville. Cliquez ici pour plus d&rsquo;information sur cette plage Plage d\u2019Argent Situ\u00e9e \u00e0 seulement quelques minutes du centre-ville de Bastia, la plage de l\u2019Arinella est une plage de sable fin id\u00e9ale pour une baignade rapide apr\u00e8s une visite en ville. Elle est \u00e9quip\u00e9e de services comme des restaurants et locations de mat\u00e9riel nautique. Parfait pour les familles et les locaux. Cliquez ici pour plus d&rsquo;information sur cette plage Les plages \u00e0 Calvi Plage de Calvi La plage principale de Calvi est une grande \u00e9tendue de sable fin, avec une promenade anim\u00e9e, id\u00e9ale pour les familles et les amateurs de baignade en douceur. Elle offre une vue magnifique sur la citadelle de Calvi. Cliquez ici pour plus d&rsquo;information sur cette plage Conseils pratiques pour profiter des plages Corses !<\/p>\n","protected":false},"author":1,"featured_media":790,"parent":0,"menu_order":0,"comment_status":"closed","ping_status":"closed","template":"","meta":{"_acf_changed":false,"footnotes":""},"class_list":["post-33","page","type-page","status-publish","has-post-thumbnail","hentry"],"acf":[],"yoast_head":"<!-- This site is optimized with the Yoast SEO plugin v25.1 - https:\/\/yoast.com\/wordpress\/plugins\/seo\/ -->\n<title>Plages Corse - L&#039;\u00eele de beaut\u00e9 - La Corse<\/title>\n<meta name=\"robots\" content=\"index, follow, max-snippet:-1, max-image-preview:large, max-video-preview:-1\" \/>\n<link rel=\"canonical\" href=\"https:\/\/lavoixdesaintjo.fr\/2025\/corse\/plages-corse\/\" \/>\n<meta property=\"og:locale\" content=\"fr_FR\" \/>\n<meta property=\"og:type\" content=\"article\" \/>\n<meta property=\"og:title\" content=\"Plages Corse - L&#039;\u00eele de beaut\u00e9 - La Corse\" \/>\n<meta property=\"og:description\" content=\"Les Plages de Corse : un littoral d&rsquo;exception La Corse est c\u00e9l\u00e8bre pour ses plages aux eaux limpides, ses criques secr\u00e8tes et ses \u00e9tendues de sable fin. Que vous soyez \u00e0 la recherche de farniente, d&rsquo;aventure ou de sports nautiques, les plages corses sauront vous s\u00e9duire. D\u00e9couvrez ci-dessous les plages incontournables \u00e0 Bastia, Ajaccio, Calvi, Bonifacio, ainsi que d&rsquo;autres tr\u00e9sors cach\u00e9s. Les plages \u00e0 Bastia Plage de l\u2019Arinella Situ\u00e9e \u00e0 seulement quelques minutes du centre-ville de Bastia, la plage de l\u2019Arinella est une plage de sable fin id\u00e9ale pour une baignade rapide apr\u00e8s une visite en ville. Elle est \u00e9quip\u00e9e de services comme des restaurants et locations de mat\u00e9riel nautique. Parfait pour les familles et les locaux. Cliquez ici pour plus d&rsquo;information sur cette plage Plage de la Marana \u00c0 une vingtaine de kilom\u00e8tres au sud de Bastia, cette longue plage de sable offre un cadre naturel avec des dunes et une pin\u00e8de. Plus sauvage et moins fr\u00e9quent\u00e9e, elle est parfaite pour ceux qui cherchent un peu plus de calme. Cliquez ici pour plus d&rsquo;information sur cette plage Les plages \u00e0 Ajaccio Plage de la Marinella \u00c0 une dizaine de kilom\u00e8tres \u00e0 l\u2019ouest d\u2019Ajaccio, la plage d\u2019Argent est c\u00e9l\u00e8bre pour son sable blanc et ses eaux turquoise, bord\u00e9e de pins parasols. C\u2019est une des plus belles plages proches de la ville. Cliquez ici pour plus d&rsquo;information sur cette plage Plage d\u2019Argent Situ\u00e9e \u00e0 seulement quelques minutes du centre-ville de Bastia, la plage de l\u2019Arinella est une plage de sable fin id\u00e9ale pour une baignade rapide apr\u00e8s une visite en ville. Elle est \u00e9quip\u00e9e de services comme des restaurants et locations de mat\u00e9riel nautique. Parfait pour les familles et les locaux. Cliquez ici pour plus d&rsquo;information sur cette plage Les plages \u00e0 Calvi Plage de Calvi La plage principale de Calvi est une grande \u00e9tendue de sable fin, avec une promenade anim\u00e9e, id\u00e9ale pour les familles et les amateurs de baignade en douceur. Elle offre une vue magnifique sur la citadelle de Calvi. Cliquez ici pour plus d&rsquo;information sur cette plage Conseils pratiques pour profiter des plages Corses !\" \/>\n<meta property=\"og:url\" content=\"https:\/\/lavoixdesaintjo.fr\/2025\/corse\/plages-corse\/\" \/>\n<meta property=\"og:site_name\" content=\"L&#039;\u00eele de beaut\u00e9 - La Corse\" \/>\n<meta property=\"article:modified_time\" content=\"2025-07-04T13:01:52+00:00\" \/>\n<meta property=\"og:image\" content=\"https:\/\/lavoixdesaintjo.fr\/2025\/corse\/wp-content\/uploads\/2025\/06\/plage-corse-page.jpg\" \/>\n\t<meta property=\"og:image:width\" content=\"2048\" \/>\n\t<meta property=\"og:image:height\" content=\"1365\" \/>\n\t<meta property=\"og:image:type\" content=\"image\/jpeg\" \/>\n<meta name=\"twitter:card\" content=\"summary_large_image\" \/>\n<meta name=\"twitter:label1\" content=\"Dur\u00e9e de lecture estim\u00e9e\" \/>\n\t<meta name=\"twitter:data1\" content=\"4 minutes\" \/>\n<script type=\"application\/ld+json\" class=\"yoast-schema-graph\">{\"@context\":\"https:\/\/schema.org\",\"@graph\":[{\"@type\":\"WebPage\",\"@id\":\"https:\/\/lavoixdesaintjo.fr\/2025\/corse\/plages-corse\/\",\"url\":\"https:\/\/lavoixdesaintjo.fr\/2025\/corse\/plages-corse\/\",\"name\":\"Plages Corse - L&#039;\u00eele de beaut\u00e9 - La Corse\",\"isPartOf\":{\"@id\":\"https:\/\/lavoixdesaintjo.fr\/2025\/corse\/#website\"},\"primaryImageOfPage\":{\"@id\":\"https:\/\/lavoixdesaintjo.fr\/2025\/corse\/plages-corse\/#primaryimage\"},\"image\":{\"@id\":\"https:\/\/lavoixdesaintjo.fr\/2025\/corse\/plages-corse\/#primaryimage\"},\"thumbnailUrl\":\"https:\/\/lavoixdesaintjo.fr\/2025\/corse\/wp-content\/uploads\/2025\/06\/plage-corse-page.jpg\",\"datePublished\":\"2025-05-12T14:22:13+00:00\",\"dateModified\":\"2025-07-04T13:01:52+00:00\",\"breadcrumb\":{\"@id\":\"https:\/\/lavoixdesaintjo.fr\/2025\/corse\/plages-corse\/#breadcrumb\"},\"inLanguage\":\"fr-FR\",\"potentialAction\":[{\"@type\":\"ReadAction\",\"target\":[\"https:\/\/lavoixdesaintjo.fr\/2025\/corse\/plages-corse\/\"]}]},{\"@type\":\"ImageObject\",\"inLanguage\":\"fr-FR\",\"@id\":\"https:\/\/lavoixdesaintjo.fr\/2025\/corse\/plages-corse\/#primaryimage\",\"url\":\"https:\/\/lavoixdesaintjo.fr\/2025\/corse\/wp-content\/uploads\/2025\/06\/plage-corse-page.jpg\",\"contentUrl\":\"https:\/\/lavoixdesaintjo.fr\/2025\/corse\/wp-content\/uploads\/2025\/06\/plage-corse-page.jpg\",\"width\":2048,\"height\":1365},{\"@type\":\"BreadcrumbList\",\"@id\":\"https:\/\/lavoixdesaintjo.fr\/2025\/corse\/plages-corse\/#breadcrumb\",\"itemListElement\":[{\"@type\":\"ListItem\",\"position\":1,\"name\":\"Accueil\",\"item\":\"https:\/\/lavoixdesaintjo.fr\/2025\/corse\/\"},{\"@type\":\"ListItem\",\"position\":2,\"name\":\"Plages Corse\"}]},{\"@type\":\"WebSite\",\"@id\":\"https:\/\/lavoixdesaintjo.fr\/2025\/corse\/#website\",\"url\":\"https:\/\/lavoixdesaintjo.fr\/2025\/corse\/\",\"name\":\"L&#039;\u00eele de beaut\u00e9 - La Corse\",\"description\":\"\",\"publisher\":{\"@id\":\"https:\/\/lavoixdesaintjo.fr\/2025\/corse\/#organization\"},\"potentialAction\":[{\"@type\":\"SearchAction\",\"target\":{\"@type\":\"EntryPoint\",\"urlTemplate\":\"https:\/\/lavoixdesaintjo.fr\/2025\/corse\/?s={search_term_string}\"},\"query-input\":{\"@type\":\"PropertyValueSpecification\",\"valueRequired\":true,\"valueName\":\"search_term_string\"}}],\"inLanguage\":\"fr-FR\"},{\"@type\":\"Organization\",\"@id\":\"https:\/\/lavoixdesaintjo.fr\/2025\/corse\/#organization\",\"name\":\"L&#039;\u00eele de beaut\u00e9 - La Corse\",\"url\":\"https:\/\/lavoixdesaintjo.fr\/2025\/corse\/\",\"logo\":{\"@type\":\"ImageObject\",\"inLanguage\":\"fr-FR\",\"@id\":\"https:\/\/lavoixdesaintjo.fr\/2025\/corse\/#\/schema\/logo\/image\/\",\"url\":\"https:\/\/lavoixdesaintjo.fr\/2025\/corse\/wp-content\/uploads\/2025\/05\/cropped-LOGO-CORSE-V2.png\",\"contentUrl\":\"https:\/\/lavoixdesaintjo.fr\/2025\/corse\/wp-content\/uploads\/2025\/05\/cropped-LOGO-CORSE-V2.png\",\"width\":616,\"height\":813,\"caption\":\"L&#039;\u00eele de beaut\u00e9 - La Corse\"},\"image\":{\"@id\":\"https:\/\/lavoixdesaintjo.fr\/2025\/corse\/#\/schema\/logo\/image\/\"}}]}<\/script>\n<!-- \/ Yoast SEO plugin. -->","yoast_head_json":{"title":"Plages Corse - L&#039;\u00eele de beaut\u00e9 - La Corse","robots":{"index":"index","follow":"follow","max-snippet":"max-snippet:-1","max-image-preview":"max-image-preview:large","max-video-preview":"max-video-preview:-1"},"canonical":"https:\/\/lavoixdesaintjo.fr\/2025\/corse\/plages-corse\/","og_locale":"fr_FR","og_type":"article","og_title":"Plages Corse - L&#039;\u00eele de beaut\u00e9 - La Corse","og_description":"Les Plages de Corse : un littoral d&rsquo;exception La Corse est c\u00e9l\u00e8bre pour ses plages aux eaux limpides, ses criques secr\u00e8tes et ses \u00e9tendues de sable fin. Que vous soyez \u00e0 la recherche de farniente, d&rsquo;aventure ou de sports nautiques, les plages corses sauront vous s\u00e9duire. D\u00e9couvrez ci-dessous les plages incontournables \u00e0 Bastia, Ajaccio, Calvi, Bonifacio, ainsi que d&rsquo;autres tr\u00e9sors cach\u00e9s. Les plages \u00e0 Bastia Plage de l\u2019Arinella Situ\u00e9e \u00e0 seulement quelques minutes du centre-ville de Bastia, la plage de l\u2019Arinella est une plage de sable fin id\u00e9ale pour une baignade rapide apr\u00e8s une visite en ville. Elle est \u00e9quip\u00e9e de services comme des restaurants et locations de mat\u00e9riel nautique. Parfait pour les familles et les locaux. Cliquez ici pour plus d&rsquo;information sur cette plage Plage de la Marana \u00c0 une vingtaine de kilom\u00e8tres au sud de Bastia, cette longue plage de sable offre un cadre naturel avec des dunes et une pin\u00e8de. Plus sauvage et moins fr\u00e9quent\u00e9e, elle est parfaite pour ceux qui cherchent un peu plus de calme. Cliquez ici pour plus d&rsquo;information sur cette plage Les plages \u00e0 Ajaccio Plage de la Marinella \u00c0 une dizaine de kilom\u00e8tres \u00e0 l\u2019ouest d\u2019Ajaccio, la plage d\u2019Argent est c\u00e9l\u00e8bre pour son sable blanc et ses eaux turquoise, bord\u00e9e de pins parasols. C\u2019est une des plus belles plages proches de la ville. Cliquez ici pour plus d&rsquo;information sur cette plage Plage d\u2019Argent Situ\u00e9e \u00e0 seulement quelques minutes du centre-ville de Bastia, la plage de l\u2019Arinella est une plage de sable fin id\u00e9ale pour une baignade rapide apr\u00e8s une visite en ville. Elle est \u00e9quip\u00e9e de services comme des restaurants et locations de mat\u00e9riel nautique. Parfait pour les familles et les locaux. Cliquez ici pour plus d&rsquo;information sur cette plage Les plages \u00e0 Calvi Plage de Calvi La plage principale de Calvi est une grande \u00e9tendue de sable fin, avec une promenade anim\u00e9e, id\u00e9ale pour les familles et les amateurs de baignade en douceur. Elle offre une vue magnifique sur la citadelle de Calvi. Cliquez ici pour plus d&rsquo;information sur cette plage Conseils pratiques pour profiter des plages Corses !","og_url":"https:\/\/lavoixdesaintjo.fr\/2025\/corse\/plages-corse\/","og_site_name":"L&#039;\u00eele de beaut\u00e9 - La Corse","article_modified_time":"2025-07-04T13:01:52+00:00","og_image":[{"width":2048,"height":1365,"url":"https:\/\/lavoixdesaintjo.fr\/2025\/corse\/wp-content\/uploads\/2025\/06\/plage-corse-page.jpg","type":"image\/jpeg"}],"twitter_card":"summary_large_image","twitter_misc":{"Dur\u00e9e de lecture estim\u00e9e":"4 minutes"},"schema":{"@context":"https:\/\/schema.org","@graph":[{"@type":"WebPage","@id":"https:\/\/lavoixdesaintjo.fr\/2025\/corse\/plages-corse\/","url":"https:\/\/lavoixdesaintjo.fr\/2025\/corse\/plages-corse\/","name":"Plages Corse - L&#039;\u00eele de beaut\u00e9 - La Corse","isPartOf":{"@id":"https:\/\/lavoixdesaintjo.fr\/2025\/corse\/#website"},"primaryImageOfPage":{"@id":"https:\/\/lavoixdesaintjo.fr\/2025\/corse\/plages-corse\/#primaryimage"},"image":{"@id":"https:\/\/lavoixdesaintjo.fr\/2025\/corse\/plages-corse\/#primaryimage"},"thumbnailUrl":"https:\/\/lavoixdesaintjo.fr\/2025\/corse\/wp-content\/uploads\/2025\/06\/plage-corse-page.jpg","datePublished":"2025-05-12T14:22:13+00:00","dateModified":"2025-07-04T13:01:52+00:00","breadcrumb":{"@id":"https:\/\/lavoixdesaintjo.fr\/2025\/corse\/plages-corse\/#breadcrumb"},"inLanguage":"fr-FR","potentialAction":[{"@type":"ReadAction","target":["https:\/\/lavoixdesaintjo.fr\/2025\/corse\/plages-corse\/"]}]},{"@type":"ImageObject","inLanguage":"fr-FR","@id":"https:\/\/lavoixdesaintjo.fr\/2025\/corse\/plages-corse\/#primaryimage","url":"https:\/\/lavoixdesaintjo.fr\/2025\/corse\/wp-content\/uploads\/2025\/06\/plage-corse-page.jpg","contentUrl":"https:\/\/lavoixdesaintjo.fr\/2025\/corse\/wp-content\/uploads\/2025\/06\/plage-corse-page.jpg","width":2048,"height":1365},{"@type":"BreadcrumbList","@id":"https:\/\/lavoixdesaintjo.fr\/2025\/corse\/plages-corse\/#breadcrumb","itemListElement":[{"@type":"ListItem","position":1,"name":"Accueil","item":"https:\/\/lavoixdesaintjo.fr\/2025\/corse\/"},{"@type":"ListItem","position":2,"name":"Plages Corse"}]},{"@type":"WebSite","@id":"https:\/\/lavoixdesaintjo.fr\/2025\/corse\/#website","url":"https:\/\/lavoixdesaintjo.fr\/2025\/corse\/","name":"L&#039;\u00eele de beaut\u00e9 - La Corse","description":"","publisher":{"@id":"https:\/\/lavoixdesaintjo.fr\/2025\/corse\/#organization"},"potentialAction":[{"@type":"SearchAction","target":{"@type":"EntryPoint","urlTemplate":"https:\/\/lavoixdesaintjo.fr\/2025\/corse\/?s={search_term_string}"},"query-input":{"@type":"PropertyValueSpecification","valueRequired":true,"valueName":"search_term_string"}}],"inLanguage":"fr-FR"},{"@type":"Organization","@id":"https:\/\/lavoixdesaintjo.fr\/2025\/corse\/#organization","name":"L&#039;\u00eele de beaut\u00e9 - La Corse","url":"https:\/\/lavoixdesaintjo.fr\/2025\/corse\/","logo":{"@type":"ImageObject","inLanguage":"fr-FR","@id":"https:\/\/lavoixdesaintjo.fr\/2025\/corse\/#\/schema\/logo\/image\/","url":"https:\/\/lavoixdesaintjo.fr\/2025\/corse\/wp-content\/uploads\/2025\/05\/cropped-LOGO-CORSE-V2.png","contentUrl":"https:\/\/lavoixdesaintjo.fr\/2025\/corse\/wp-content\/uploads\/2025\/05\/cropped-LOGO-CORSE-V2.png","width":616,"height":813,"caption":"L&#039;\u00eele de beaut\u00e9 - La Corse"},"image":{"@id":"https:\/\/lavoixdesaintjo.fr\/2025\/corse\/#\/schema\/logo\/image\/"}}]}},"jetpack_sharing_enabled":true,"_links":{"self":[{"href":"https:\/\/lavoixdesaintjo.fr\/2025\/corse\/wp-json\/wp\/v2\/pages\/33","targetHints":{"allow":["GET"]}}],"collection":[{"href":"https:\/\/lavoixdesaintjo.fr\/2025\/corse\/wp-json\/wp\/v2\/pages"}],"about":[{"href":"https:\/\/lavoixdesaintjo.fr\/2025\/corse\/wp-json\/wp\/v2\/types\/page"}],"author":[{"embeddable":true,"href":"https:\/\/lavoixdesaintjo.fr\/2025\/corse\/wp-json\/wp\/v2\/users\/1"}],"replies":[{"embeddable":true,"href":"https:\/\/lavoixdesaintjo.fr\/2025\/corse\/wp-json\/wp\/v2\/comments?post=33"}],"version-history":[{"count":13,"href":"https:\/\/lavoixdesaintjo.fr\/2025\/corse\/wp-json\/wp\/v2\/pages\/33\/revisions"}],"predecessor-version":[{"id":872,"href":"https:\/\/lavoixdesaintjo.fr\/2025\/corse\/wp-json\/wp\/v2\/pages\/33\/revisions\/872"}],"wp:featuredmedia":[{"embeddable":true,"href":"https:\/\/lavoixdesaintjo.fr\/2025\/corse\/wp-json\/wp\/v2\/media\/790"}],"wp:attachment":[{"href":"https:\/\/lavoixdesaintjo.fr\/2025\/corse\/wp-json\/wp\/v2\/media?parent=33"}],"curies":[{"name":"wp","href":"https:\/\/api.w.org\/{rel}","templated":true}]}}