{"id":41,"date":"2025-05-12T16:23:22","date_gmt":"2025-05-12T14:23:22","guid":{"rendered":"https:\/\/lavoixdesaintjo.fr\/2025\/corse\/?page_id=41"},"modified":"2025-06-18T15:36:35","modified_gmt":"2025-06-18T13:36:35","slug":"bastia","status":"publish","type":"page","link":"https:\/\/lavoixdesaintjo.fr\/2025\/corse\/bastia\/","title":{"rendered":"Bastia"},"content":{"rendered":"<div class=\"yoast-breadcrumbs\"><span><span><a href=\"https:\/\/lavoixdesaintjo.fr\/2025\/corse\/\">Accueil<\/a><\/span> \u00bb <span class=\"breadcrumb_last\" aria-current=\"page\">Bastia<\/span><\/span><\/div>\n\n\n<h1 class=\"wp-block-heading has-text-align-center\">Capitale du Nord, authentique et plein de caract\u00e8re<\/h1>\n\n\n\n<div style=\"height:13px\" aria-hidden=\"true\" class=\"wp-block-spacer\"><\/div>\n\n\n\n<p>Nich\u00e9e entre montagne et M\u00e9diterran\u00e9e, Bastia est la porte d\u2019entr\u00e9e principale de la Haute-Corse. Ville de caract\u00e8re, d\u2019art et de culture, elle s\u00e9duit par son patrimoine baroque, son ambiance anim\u00e9e et ses panoramas c\u00f4tiers saisissants. Ici, la Corse se vit toute l\u2019ann\u00e9e, avec authenticit\u00e9.<\/p>\n\n\n\n<div class=\"wp-block-columns is-layout-flex wp-container-core-columns-is-layout-28f84493 wp-block-columns-is-layout-flex\">\n<div class=\"wp-block-column is-layout-flow wp-block-column-is-layout-flow\">\n<figure class=\"wp-block-image aligncenter size-full\"><img fetchpriority=\"high\" decoding=\"async\" width=\"500\" height=\"300\" src=\"https:\/\/lavoixdesaintjo.fr\/2025\/corse\/wp-content\/uploads\/2025\/06\/terra-nova.jpg\" alt=\"\" class=\"wp-image-754\" srcset=\"https:\/\/lavoixdesaintjo.fr\/2025\/corse\/wp-content\/uploads\/2025\/06\/terra-nova.jpg 500w, https:\/\/lavoixdesaintjo.fr\/2025\/corse\/wp-content\/uploads\/2025\/06\/terra-nova-300x180.jpg 300w\" sizes=\"(max-width: 500px) 100vw, 500px\" \/><\/figure>\n\n\n\n<h3 class=\"wp-block-heading has-text-align-center\">La Citadelle Terra Nova<\/h3>\n\n\n\n<p class=\"has-text-align-center\">Un quartier charg\u00e9 d\u2019histoire avec ses ruelles pav\u00e9es, ses fa\u00e7ades pastel et son panorama sur le Vieux-Port.<\/p>\n<\/div>\n\n\n\n<div class=\"wp-block-column is-layout-flow wp-block-column-is-layout-flow\">\n<figure class=\"wp-block-image aligncenter size-full\"><img decoding=\"async\" width=\"500\" height=\"300\" src=\"https:\/\/lavoixdesaintjo.fr\/2025\/corse\/wp-content\/uploads\/2025\/06\/vieux-port-a-vers-terra-vecchia-bastia-corse-france-ar223r.jpg\" alt=\"\" class=\"wp-image-755\" srcset=\"https:\/\/lavoixdesaintjo.fr\/2025\/corse\/wp-content\/uploads\/2025\/06\/vieux-port-a-vers-terra-vecchia-bastia-corse-france-ar223r.jpg 500w, https:\/\/lavoixdesaintjo.fr\/2025\/corse\/wp-content\/uploads\/2025\/06\/vieux-port-a-vers-terra-vecchia-bastia-corse-france-ar223r-300x180.jpg 300w\" sizes=\"(max-width: 500px) 100vw, 500px\" \/><\/figure>\n\n\n\n<h3 class=\"wp-block-heading has-text-align-center\">Le Vieux-Port Terra Vecchia<\/h3>\n\n\n\n<p class=\"has-text-align-center\">C\u0153ur vivant de Bastia, il abrite des terrasses anim\u00e9es et des barques color\u00e9es.<\/p>\n<\/div>\n<\/div>\n\n\n\n<div class=\"wp-block-columns is-layout-flex wp-container-core-columns-is-layout-28f84493 wp-block-columns-is-layout-flex\">\n<div class=\"wp-block-column is-layout-flow wp-block-column-is-layout-flow\">\n<figure class=\"wp-block-image aligncenter size-full\"><img decoding=\"async\" width=\"500\" height=\"300\" src=\"https:\/\/lavoixdesaintjo.fr\/2025\/corse\/wp-content\/uploads\/2025\/06\/place-saint-nicolas.jpg\" alt=\"\" class=\"wp-image-760\" srcset=\"https:\/\/lavoixdesaintjo.fr\/2025\/corse\/wp-content\/uploads\/2025\/06\/place-saint-nicolas.jpg 500w, https:\/\/lavoixdesaintjo.fr\/2025\/corse\/wp-content\/uploads\/2025\/06\/place-saint-nicolas-300x180.jpg 300w\" sizes=\"(max-width: 500px) 100vw, 500px\" \/><\/figure>\n\n\n\n<h3 class=\"wp-block-heading has-text-align-center\">Place Saint-Nicolas<\/h3>\n\n\n\n<p class=\"has-text-align-center\">Une des plus grandes places de France ! Bord\u00e9e de palmiers, elle accueille march\u00e9s, concerts, foires et \u00e9v\u00e9nements toute l\u2019ann\u00e9e.<\/p>\n<\/div>\n\n\n\n<div class=\"wp-block-column is-layout-flow wp-block-column-is-layout-flow\">\n<figure class=\"wp-block-image aligncenter size-full\"><img loading=\"lazy\" decoding=\"async\" width=\"500\" height=\"300\" src=\"https:\/\/lavoixdesaintjo.fr\/2025\/corse\/wp-content\/uploads\/2025\/06\/eglise-st-jean-baptiste.jpg\" alt=\"\" class=\"wp-image-761\" srcset=\"https:\/\/lavoixdesaintjo.fr\/2025\/corse\/wp-content\/uploads\/2025\/06\/eglise-st-jean-baptiste.jpg 500w, https:\/\/lavoixdesaintjo.fr\/2025\/corse\/wp-content\/uploads\/2025\/06\/eglise-st-jean-baptiste-300x180.jpg 300w\" sizes=\"(max-width: 500px) 100vw, 500px\" \/><\/figure>\n\n\n\n<h3 class=\"wp-block-heading has-text-align-center\">Les \u00e9glises Baroques<\/h3>\n\n\n\n<p class=\"has-text-align-center\">Bastia est r\u00e9put\u00e9e pour son architecture religieuse avec l&rsquo;\u00e9glise Saint-Jean-Baptiste, la plus grande de Corse, l&rsquo;Oratoire de l&rsquo;Immacul\u00e9e-Conception et la Chapelle Sainte-Croix.<\/p>\n<\/div>\n<\/div>\n\n\n\n<h2 class=\"wp-block-heading\">Saveurs et vie locale<\/h2>\n\n\n\n<p>Le march\u00e9 de la place de l\u2019H\u00f4tel de Ville vous plonge dans les senteurs du terroir :<\/p>\n\n\n\n<ul class=\"wp-block-list\">\n<li>Fromages fermiers, charcuterie, huile d\u2019olive<\/li>\n\n\n\n<li>Miel, confitures, vins du Cap Corse<\/li>\n\n\n\n<li>Produits artisanaux : savons, cosm\u00e9tiques, bijoux en corail<\/li>\n<\/ul>\n\n\n\n<div class=\"wp-block-columns is-layout-flex wp-container-core-columns-is-layout-28f84493 wp-block-columns-is-layout-flex\">\n<div class=\"wp-block-column is-layout-flow wp-block-column-is-layout-flow\">\n<p><\/p>\n\n\n\n<h2 class=\"wp-block-heading\">Sp\u00e9cialit\u00e9s \u00e0 go\u00fbter absolument !<\/h2>\n\n\n\n<div style=\"height:20px\" aria-hidden=\"true\" class=\"wp-block-spacer\"><\/div>\n\n\n\n<ul class=\"wp-block-list\">\n<li><strong>Fiadone<\/strong> (g\u00e2teau au brocciu et citron)<\/li>\n\n\n\n<li><strong>Stufatu<\/strong> (rago\u00fbt \u00e0 la Corse)<\/li>\n\n\n\n<li><strong>Sardines au brocciu<\/strong><\/li>\n\n\n\n<li><strong>Canistrelli<\/strong> (biscuits secs)<\/li>\n<\/ul>\n<\/div>\n\n\n\n<div class=\"wp-block-column is-layout-flow wp-block-column-is-layout-flow\">\n<div class=\"wp-block-jetpack-slideshow\" data-autoplay=\"true\" data-delay=\"3\" data-effect=\"slide\"><div class=\"wp-block-jetpack-slideshow_container swiper-container\"><ul class=\"wp-block-jetpack-slideshow_swiper-wrapper swiper-wrapper\"><li class=\"wp-block-jetpack-slideshow_slide swiper-slide\"><figure><img loading=\"lazy\" decoding=\"async\" width=\"500\" height=\"300\" alt=\"\" class=\"wp-block-jetpack-slideshow_image wp-image-766\" data-id=\"766\" src=\"https:\/\/lavoixdesaintjo.fr\/2025\/corse\/wp-content\/uploads\/2025\/06\/fiadone.jpg\" srcset=\"https:\/\/lavoixdesaintjo.fr\/2025\/corse\/wp-content\/uploads\/2025\/06\/fiadone.jpg 500w, https:\/\/lavoixdesaintjo.fr\/2025\/corse\/wp-content\/uploads\/2025\/06\/fiadone-300x180.jpg 300w\" sizes=\"(max-width: 500px) 100vw, 500px\" \/><\/figure><\/li><li class=\"wp-block-jetpack-slideshow_slide swiper-slide\"><figure><img loading=\"lazy\" decoding=\"async\" width=\"500\" height=\"300\" alt=\"\" class=\"wp-block-jetpack-slideshow_image wp-image-773\" data-id=\"773\" src=\"https:\/\/lavoixdesaintjo.fr\/2025\/corse\/wp-content\/uploads\/2025\/06\/stufatu.jpg\" srcset=\"https:\/\/lavoixdesaintjo.fr\/2025\/corse\/wp-content\/uploads\/2025\/06\/stufatu.jpg 500w, https:\/\/lavoixdesaintjo.fr\/2025\/corse\/wp-content\/uploads\/2025\/06\/stufatu-300x180.jpg 300w\" sizes=\"(max-width: 500px) 100vw, 500px\" \/><\/figure><\/li><li class=\"wp-block-jetpack-slideshow_slide swiper-slide\"><figure><img loading=\"lazy\" decoding=\"async\" width=\"500\" height=\"300\" alt=\"\" class=\"wp-block-jetpack-slideshow_image wp-image-772\" data-id=\"772\" src=\"https:\/\/lavoixdesaintjo.fr\/2025\/corse\/wp-content\/uploads\/2025\/06\/sardine-1.jpg\" srcset=\"https:\/\/lavoixdesaintjo.fr\/2025\/corse\/wp-content\/uploads\/2025\/06\/sardine-1.jpg 500w, https:\/\/lavoixdesaintjo.fr\/2025\/corse\/wp-content\/uploads\/2025\/06\/sardine-1-300x180.jpg 300w\" sizes=\"(max-width: 500px) 100vw, 500px\" \/><\/figure><\/li><li class=\"wp-block-jetpack-slideshow_slide swiper-slide\"><figure><img loading=\"lazy\" decoding=\"async\" width=\"500\" height=\"300\" alt=\"\" class=\"wp-block-jetpack-slideshow_image wp-image-767\" data-id=\"767\" src=\"https:\/\/lavoixdesaintjo.fr\/2025\/corse\/wp-content\/uploads\/2025\/06\/Canistrelli.jpg\" srcset=\"https:\/\/lavoixdesaintjo.fr\/2025\/corse\/wp-content\/uploads\/2025\/06\/Canistrelli.jpg 500w, https:\/\/lavoixdesaintjo.fr\/2025\/corse\/wp-content\/uploads\/2025\/06\/Canistrelli-300x180.jpg 300w\" sizes=\"(max-width: 500px) 100vw, 500px\" \/><\/figure><\/li><\/ul><a class=\"wp-block-jetpack-slideshow_button-prev swiper-button-prev swiper-button-white\" role=\"button\"><\/a><a class=\"wp-block-jetpack-slideshow_button-next swiper-button-next swiper-button-white\" role=\"button\"><\/a><a aria-label=\"Pause Slideshow\" class=\"wp-block-jetpack-slideshow_button-pause\" role=\"button\"><\/a><div class=\"wp-block-jetpack-slideshow_pagination swiper-pagination swiper-pagination-white\"><\/div><\/div><\/div>\n<\/div>\n<\/div>\n\n\n\n<h2 class=\"wp-block-heading\">Culture et \u00e9v\u00e9nements<\/h2>\n\n\n\n<p>Bastia vibre toute l\u2019ann\u00e9e au rythme des festivit\u00e9s :<\/p>\n\n\n\n<ul class=\"wp-block-list\">\n<li><strong>Natale in Bastia<\/strong> : march\u00e9 de No\u00ebl, concerts, animations familiales<\/li>\n\n\n\n<li><strong>Carnaval de Bastia<\/strong> : d\u00e9fil\u00e9s color\u00e9s dans les rues<\/li>\n\n\n\n<li><strong>Festival du film m\u00e9diterran\u00e9en<\/strong>, <strong>th\u00e9\u00e2tre<\/strong>, <strong>expositions<\/strong><\/li>\n\n\n\n<li><strong>F\u00eates traditionnelles<\/strong><\/li>\n<\/ul>\n\n\n\n<div class=\"wp-block-buttons is-content-justification-center is-layout-flex wp-container-core-buttons-is-layout-a89b3969 wp-block-buttons-is-layout-flex\">\n<div class=\"wp-block-button\"><a class=\"wp-block-button__link has-text-align-center wp-element-button\" href=\"https:\/\/lavoixdesaintjo.fr\/2025\/corse\/bons-plans-evenements-a-ne-pas-manquer\/\">D\u00e9couvrir les \u00e9v\u00e9nements<\/a><\/div>\n<\/div>\n\n\n\n<div style=\"height:25px\" aria-hidden=\"true\" class=\"wp-block-spacer\"><\/div>\n\n\n\n<h2 class=\"wp-block-heading\">Nature et balade autour de la ville de Bastia<\/h2>\n\n\n\n<h3 class=\"wp-block-heading\">Jardin Romieu &amp; ses escaliers<\/h3>\n\n\n\n<p>Ce jardin en terrasse relie la Citadelle au Vieux-Port par de superbes escaliers en pierre bord\u00e9s de palmiers et pins parasols. Calme et ombrag\u00e9, c\u2019est l\u2019endroit id\u00e9al pour une pause nature avec vue sur la mer.<br>\u00c0 ne pas manquer : le panorama au coucher du soleil et l\u2019ambiance paisible.<\/p>\n\n\n\n<h3 class=\"wp-block-heading\">Plages proches de Bastia<\/h3>\n\n\n\n<ul class=\"wp-block-list\">\n<li><strong>Plage de l&rsquo;Arinella<\/strong> : familiale et accessible<\/li>\n\n\n\n<li><strong>Plages sauvages du Lido de la Marana<\/strong> : id\u00e9ales pour les couchers de soleil !<\/li>\n<\/ul>\n\n\n\n<div class=\"wp-block-buttons is-content-justification-center is-layout-flex wp-container-core-buttons-is-layout-a89b3969 wp-block-buttons-is-layout-flex\">\n<div class=\"wp-block-button\"><a class=\"wp-block-button__link wp-element-button\" href=\"https:\/\/lavoixdesaintjo.fr\/2025\/corse\/plages-corse\/\">D\u00e9couvrir les plages<\/a><\/div>\n<\/div>\n","protected":false},"excerpt":{"rendered":"<p>Capitale du Nord, authentique et plein de caract\u00e8re Nich\u00e9e entre montagne et M\u00e9diterran\u00e9e, Bastia est la porte d\u2019entr\u00e9e principale de la Haute-Corse. Ville de caract\u00e8re, d\u2019art et de culture, elle s\u00e9duit par son patrimoine baroque, son ambiance anim\u00e9e et ses panoramas c\u00f4tiers saisissants. Ici, la Corse se vit toute l\u2019ann\u00e9e, avec authenticit\u00e9. La Citadelle Terra Nova Un quartier charg\u00e9 d\u2019histoire avec ses ruelles pav\u00e9es, ses fa\u00e7ades pastel et son panorama sur le Vieux-Port. Le Vieux-Port Terra Vecchia C\u0153ur vivant de Bastia, il abrite des terrasses anim\u00e9es et des barques color\u00e9es. Place Saint-Nicolas Une des plus grandes places de France ! Bord\u00e9e de palmiers, elle accueille march\u00e9s, concerts, foires et \u00e9v\u00e9nements toute l\u2019ann\u00e9e. Les \u00e9glises Baroques Bastia est r\u00e9put\u00e9e pour son architecture religieuse avec l&rsquo;\u00e9glise Saint-Jean-Baptiste, la plus grande de Corse, l&rsquo;Oratoire de l&rsquo;Immacul\u00e9e-Conception et la Chapelle Sainte-Croix. Saveurs et vie locale Le march\u00e9 de la place de l\u2019H\u00f4tel de Ville vous plonge dans les senteurs du terroir : Sp\u00e9cialit\u00e9s \u00e0 go\u00fbter absolument ! Culture et \u00e9v\u00e9nements Bastia vibre toute l\u2019ann\u00e9e au rythme des festivit\u00e9s : Nature et balade autour de la ville de Bastia Jardin Romieu &amp; ses escaliers Ce jardin en terrasse relie la Citadelle au Vieux-Port par de superbes escaliers en pierre bord\u00e9s de palmiers et pins parasols. Calme et ombrag\u00e9, c\u2019est l\u2019endroit id\u00e9al pour une pause nature avec vue sur la mer.\u00c0 ne pas manquer : le panorama au coucher du soleil et l\u2019ambiance paisible. Plages proches de Bastia<\/p>\n","protected":false},"author":1,"featured_media":752,"parent":0,"menu_order":0,"comment_status":"closed","ping_status":"closed","template":"","meta":{"_acf_changed":false,"footnotes":""},"class_list":["post-41","page","type-page","status-publish","has-post-thumbnail","hentry"],"acf":[],"yoast_head":"<!-- This site is optimized with the Yoast SEO plugin v25.1 - https:\/\/yoast.com\/wordpress\/plugins\/seo\/ -->\n<title>Bastia - L&#039;\u00eele de beaut\u00e9 - La Corse<\/title>\n<meta name=\"robots\" content=\"index, follow, max-snippet:-1, max-image-preview:large, max-video-preview:-1\" \/>\n<link rel=\"canonical\" href=\"https:\/\/lavoixdesaintjo.fr\/2025\/corse\/bastia\/\" \/>\n<meta property=\"og:locale\" content=\"fr_FR\" \/>\n<meta property=\"og:type\" content=\"article\" \/>\n<meta property=\"og:title\" content=\"Bastia - L&#039;\u00eele de beaut\u00e9 - La Corse\" \/>\n<meta property=\"og:description\" content=\"Capitale du Nord, authentique et plein de caract\u00e8re Nich\u00e9e entre montagne et M\u00e9diterran\u00e9e, Bastia est la porte d\u2019entr\u00e9e principale de la Haute-Corse. Ville de caract\u00e8re, d\u2019art et de culture, elle s\u00e9duit par son patrimoine baroque, son ambiance anim\u00e9e et ses panoramas c\u00f4tiers saisissants. Ici, la Corse se vit toute l\u2019ann\u00e9e, avec authenticit\u00e9. La Citadelle Terra Nova Un quartier charg\u00e9 d\u2019histoire avec ses ruelles pav\u00e9es, ses fa\u00e7ades pastel et son panorama sur le Vieux-Port. Le Vieux-Port Terra Vecchia C\u0153ur vivant de Bastia, il abrite des terrasses anim\u00e9es et des barques color\u00e9es. Place Saint-Nicolas Une des plus grandes places de France ! Bord\u00e9e de palmiers, elle accueille march\u00e9s, concerts, foires et \u00e9v\u00e9nements toute l\u2019ann\u00e9e. Les \u00e9glises Baroques Bastia est r\u00e9put\u00e9e pour son architecture religieuse avec l&rsquo;\u00e9glise Saint-Jean-Baptiste, la plus grande de Corse, l&rsquo;Oratoire de l&rsquo;Immacul\u00e9e-Conception et la Chapelle Sainte-Croix. Saveurs et vie locale Le march\u00e9 de la place de l\u2019H\u00f4tel de Ville vous plonge dans les senteurs du terroir : Sp\u00e9cialit\u00e9s \u00e0 go\u00fbter absolument ! Culture et \u00e9v\u00e9nements Bastia vibre toute l\u2019ann\u00e9e au rythme des festivit\u00e9s : Nature et balade autour de la ville de Bastia Jardin Romieu &amp; ses escaliers Ce jardin en terrasse relie la Citadelle au Vieux-Port par de superbes escaliers en pierre bord\u00e9s de palmiers et pins parasols. Calme et ombrag\u00e9, c\u2019est l\u2019endroit id\u00e9al pour une pause nature avec vue sur la mer.\u00c0 ne pas manquer : le panorama au coucher du soleil et l\u2019ambiance paisible. Plages proches de Bastia\" \/>\n<meta property=\"og:url\" content=\"https:\/\/lavoixdesaintjo.fr\/2025\/corse\/bastia\/\" \/>\n<meta property=\"og:site_name\" content=\"L&#039;\u00eele de beaut\u00e9 - La Corse\" \/>\n<meta property=\"article:modified_time\" content=\"2025-06-18T13:36:35+00:00\" \/>\n<meta property=\"og:image\" content=\"https:\/\/lavoixdesaintjo.fr\/2025\/corse\/wp-content\/uploads\/2025\/06\/bastia-1.jpg\" \/>\n\t<meta property=\"og:image:width\" content=\"2048\" \/>\n\t<meta property=\"og:image:height\" content=\"1380\" \/>\n\t<meta property=\"og:image:type\" content=\"image\/jpeg\" \/>\n<meta name=\"twitter:card\" content=\"summary_large_image\" \/>\n<meta name=\"twitter:label1\" content=\"Dur\u00e9e de lecture estim\u00e9e\" \/>\n\t<meta name=\"twitter:data1\" content=\"4 minutes\" \/>\n<script type=\"application\/ld+json\" class=\"yoast-schema-graph\">{\"@context\":\"https:\/\/schema.org\",\"@graph\":[{\"@type\":\"WebPage\",\"@id\":\"https:\/\/lavoixdesaintjo.fr\/2025\/corse\/bastia\/\",\"url\":\"https:\/\/lavoixdesaintjo.fr\/2025\/corse\/bastia\/\",\"name\":\"Bastia - L&#039;\u00eele de beaut\u00e9 - La Corse\",\"isPartOf\":{\"@id\":\"https:\/\/lavoixdesaintjo.fr\/2025\/corse\/#website\"},\"primaryImageOfPage\":{\"@id\":\"https:\/\/lavoixdesaintjo.fr\/2025\/corse\/bastia\/#primaryimage\"},\"image\":{\"@id\":\"https:\/\/lavoixdesaintjo.fr\/2025\/corse\/bastia\/#primaryimage\"},\"thumbnailUrl\":\"https:\/\/lavoixdesaintjo.fr\/2025\/corse\/wp-content\/uploads\/2025\/06\/bastia-1.jpg\",\"datePublished\":\"2025-05-12T14:23:22+00:00\",\"dateModified\":\"2025-06-18T13:36:35+00:00\",\"breadcrumb\":{\"@id\":\"https:\/\/lavoixdesaintjo.fr\/2025\/corse\/bastia\/#breadcrumb\"},\"inLanguage\":\"fr-FR\",\"potentialAction\":[{\"@type\":\"ReadAction\",\"target\":[\"https:\/\/lavoixdesaintjo.fr\/2025\/corse\/bastia\/\"]}]},{\"@type\":\"ImageObject\",\"inLanguage\":\"fr-FR\",\"@id\":\"https:\/\/lavoixdesaintjo.fr\/2025\/corse\/bastia\/#primaryimage\",\"url\":\"https:\/\/lavoixdesaintjo.fr\/2025\/corse\/wp-content\/uploads\/2025\/06\/bastia-1.jpg\",\"contentUrl\":\"https:\/\/lavoixdesaintjo.fr\/2025\/corse\/wp-content\/uploads\/2025\/06\/bastia-1.jpg\",\"width\":2048,\"height\":1380},{\"@type\":\"BreadcrumbList\",\"@id\":\"https:\/\/lavoixdesaintjo.fr\/2025\/corse\/bastia\/#breadcrumb\",\"itemListElement\":[{\"@type\":\"ListItem\",\"position\":1,\"name\":\"Accueil\",\"item\":\"https:\/\/lavoixdesaintjo.fr\/2025\/corse\/\"},{\"@type\":\"ListItem\",\"position\":2,\"name\":\"Bastia\"}]},{\"@type\":\"WebSite\",\"@id\":\"https:\/\/lavoixdesaintjo.fr\/2025\/corse\/#website\",\"url\":\"https:\/\/lavoixdesaintjo.fr\/2025\/corse\/\",\"name\":\"L&#039;\u00eele de beaut\u00e9 - La Corse\",\"description\":\"\",\"publisher\":{\"@id\":\"https:\/\/lavoixdesaintjo.fr\/2025\/corse\/#organization\"},\"potentialAction\":[{\"@type\":\"SearchAction\",\"target\":{\"@type\":\"EntryPoint\",\"urlTemplate\":\"https:\/\/lavoixdesaintjo.fr\/2025\/corse\/?s={search_term_string}\"},\"query-input\":{\"@type\":\"PropertyValueSpecification\",\"valueRequired\":true,\"valueName\":\"search_term_string\"}}],\"inLanguage\":\"fr-FR\"},{\"@type\":\"Organization\",\"@id\":\"https:\/\/lavoixdesaintjo.fr\/2025\/corse\/#organization\",\"name\":\"L&#039;\u00eele de beaut\u00e9 - La Corse\",\"url\":\"https:\/\/lavoixdesaintjo.fr\/2025\/corse\/\",\"logo\":{\"@type\":\"ImageObject\",\"inLanguage\":\"fr-FR\",\"@id\":\"https:\/\/lavoixdesaintjo.fr\/2025\/corse\/#\/schema\/logo\/image\/\",\"url\":\"https:\/\/lavoixdesaintjo.fr\/2025\/corse\/wp-content\/uploads\/2025\/05\/cropped-LOGO-CORSE-V2.png\",\"contentUrl\":\"https:\/\/lavoixdesaintjo.fr\/2025\/corse\/wp-content\/uploads\/2025\/05\/cropped-LOGO-CORSE-V2.png\",\"width\":616,\"height\":813,\"caption\":\"L&#039;\u00eele de beaut\u00e9 - La Corse\"},\"image\":{\"@id\":\"https:\/\/lavoixdesaintjo.fr\/2025\/corse\/#\/schema\/logo\/image\/\"}}]}<\/script>\n<!-- \/ Yoast SEO plugin. -->","yoast_head_json":{"title":"Bastia - L&#039;\u00eele de beaut\u00e9 - La Corse","robots":{"index":"index","follow":"follow","max-snippet":"max-snippet:-1","max-image-preview":"max-image-preview:large","max-video-preview":"max-video-preview:-1"},"canonical":"https:\/\/lavoixdesaintjo.fr\/2025\/corse\/bastia\/","og_locale":"fr_FR","og_type":"article","og_title":"Bastia - L&#039;\u00eele de beaut\u00e9 - La Corse","og_description":"Capitale du Nord, authentique et plein de caract\u00e8re Nich\u00e9e entre montagne et M\u00e9diterran\u00e9e, Bastia est la porte d\u2019entr\u00e9e principale de la Haute-Corse. Ville de caract\u00e8re, d\u2019art et de culture, elle s\u00e9duit par son patrimoine baroque, son ambiance anim\u00e9e et ses panoramas c\u00f4tiers saisissants. Ici, la Corse se vit toute l\u2019ann\u00e9e, avec authenticit\u00e9. La Citadelle Terra Nova Un quartier charg\u00e9 d\u2019histoire avec ses ruelles pav\u00e9es, ses fa\u00e7ades pastel et son panorama sur le Vieux-Port. Le Vieux-Port Terra Vecchia C\u0153ur vivant de Bastia, il abrite des terrasses anim\u00e9es et des barques color\u00e9es. Place Saint-Nicolas Une des plus grandes places de France ! Bord\u00e9e de palmiers, elle accueille march\u00e9s, concerts, foires et \u00e9v\u00e9nements toute l\u2019ann\u00e9e. Les \u00e9glises Baroques Bastia est r\u00e9put\u00e9e pour son architecture religieuse avec l&rsquo;\u00e9glise Saint-Jean-Baptiste, la plus grande de Corse, l&rsquo;Oratoire de l&rsquo;Immacul\u00e9e-Conception et la Chapelle Sainte-Croix. Saveurs et vie locale Le march\u00e9 de la place de l\u2019H\u00f4tel de Ville vous plonge dans les senteurs du terroir : Sp\u00e9cialit\u00e9s \u00e0 go\u00fbter absolument ! Culture et \u00e9v\u00e9nements Bastia vibre toute l\u2019ann\u00e9e au rythme des festivit\u00e9s : Nature et balade autour de la ville de Bastia Jardin Romieu &amp; ses escaliers Ce jardin en terrasse relie la Citadelle au Vieux-Port par de superbes escaliers en pierre bord\u00e9s de palmiers et pins parasols. Calme et ombrag\u00e9, c\u2019est l\u2019endroit id\u00e9al pour une pause nature avec vue sur la mer.\u00c0 ne pas manquer : le panorama au coucher du soleil et l\u2019ambiance paisible. Plages proches de Bastia","og_url":"https:\/\/lavoixdesaintjo.fr\/2025\/corse\/bastia\/","og_site_name":"L&#039;\u00eele de beaut\u00e9 - La Corse","article_modified_time":"2025-06-18T13:36:35+00:00","og_image":[{"width":2048,"height":1380,"url":"https:\/\/lavoixdesaintjo.fr\/2025\/corse\/wp-content\/uploads\/2025\/06\/bastia-1.jpg","type":"image\/jpeg"}],"twitter_card":"summary_large_image","twitter_misc":{"Dur\u00e9e de lecture estim\u00e9e":"4 minutes"},"schema":{"@context":"https:\/\/schema.org","@graph":[{"@type":"WebPage","@id":"https:\/\/lavoixdesaintjo.fr\/2025\/corse\/bastia\/","url":"https:\/\/lavoixdesaintjo.fr\/2025\/corse\/bastia\/","name":"Bastia - L&#039;\u00eele de beaut\u00e9 - La Corse","isPartOf":{"@id":"https:\/\/lavoixdesaintjo.fr\/2025\/corse\/#website"},"primaryImageOfPage":{"@id":"https:\/\/lavoixdesaintjo.fr\/2025\/corse\/bastia\/#primaryimage"},"image":{"@id":"https:\/\/lavoixdesaintjo.fr\/2025\/corse\/bastia\/#primaryimage"},"thumbnailUrl":"https:\/\/lavoixdesaintjo.fr\/2025\/corse\/wp-content\/uploads\/2025\/06\/bastia-1.jpg","datePublished":"2025-05-12T14:23:22+00:00","dateModified":"2025-06-18T13:36:35+00:00","breadcrumb":{"@id":"https:\/\/lavoixdesaintjo.fr\/2025\/corse\/bastia\/#breadcrumb"},"inLanguage":"fr-FR","potentialAction":[{"@type":"ReadAction","target":["https:\/\/lavoixdesaintjo.fr\/2025\/corse\/bastia\/"]}]},{"@type":"ImageObject","inLanguage":"fr-FR","@id":"https:\/\/lavoixdesaintjo.fr\/2025\/corse\/bastia\/#primaryimage","url":"https:\/\/lavoixdesaintjo.fr\/2025\/corse\/wp-content\/uploads\/2025\/06\/bastia-1.jpg","contentUrl":"https:\/\/lavoixdesaintjo.fr\/2025\/corse\/wp-content\/uploads\/2025\/06\/bastia-1.jpg","width":2048,"height":1380},{"@type":"BreadcrumbList","@id":"https:\/\/lavoixdesaintjo.fr\/2025\/corse\/bastia\/#breadcrumb","itemListElement":[{"@type":"ListItem","position":1,"name":"Accueil","item":"https:\/\/lavoixdesaintjo.fr\/2025\/corse\/"},{"@type":"ListItem","position":2,"name":"Bastia"}]},{"@type":"WebSite","@id":"https:\/\/lavoixdesaintjo.fr\/2025\/corse\/#website","url":"https:\/\/lavoixdesaintjo.fr\/2025\/corse\/","name":"L&#039;\u00eele de beaut\u00e9 - La Corse","description":"","publisher":{"@id":"https:\/\/lavoixdesaintjo.fr\/2025\/corse\/#organization"},"potentialAction":[{"@type":"SearchAction","target":{"@type":"EntryPoint","urlTemplate":"https:\/\/lavoixdesaintjo.fr\/2025\/corse\/?s={search_term_string}"},"query-input":{"@type":"PropertyValueSpecification","valueRequired":true,"valueName":"search_term_string"}}],"inLanguage":"fr-FR"},{"@type":"Organization","@id":"https:\/\/lavoixdesaintjo.fr\/2025\/corse\/#organization","name":"L&#039;\u00eele de beaut\u00e9 - La Corse","url":"https:\/\/lavoixdesaintjo.fr\/2025\/corse\/","logo":{"@type":"ImageObject","inLanguage":"fr-FR","@id":"https:\/\/lavoixdesaintjo.fr\/2025\/corse\/#\/schema\/logo\/image\/","url":"https:\/\/lavoixdesaintjo.fr\/2025\/corse\/wp-content\/uploads\/2025\/05\/cropped-LOGO-CORSE-V2.png","contentUrl":"https:\/\/lavoixdesaintjo.fr\/2025\/corse\/wp-content\/uploads\/2025\/05\/cropped-LOGO-CORSE-V2.png","width":616,"height":813,"caption":"L&#039;\u00eele de beaut\u00e9 - La Corse"},"image":{"@id":"https:\/\/lavoixdesaintjo.fr\/2025\/corse\/#\/schema\/logo\/image\/"}}]}},"jetpack_sharing_enabled":true,"_links":{"self":[{"href":"https:\/\/lavoixdesaintjo.fr\/2025\/corse\/wp-json\/wp\/v2\/pages\/41","targetHints":{"allow":["GET"]}}],"collection":[{"href":"https:\/\/lavoixdesaintjo.fr\/2025\/corse\/wp-json\/wp\/v2\/pages"}],"about":[{"href":"https:\/\/lavoixdesaintjo.fr\/2025\/corse\/wp-json\/wp\/v2\/types\/page"}],"author":[{"embeddable":true,"href":"https:\/\/lavoixdesaintjo.fr\/2025\/corse\/wp-json\/wp\/v2\/users\/1"}],"replies":[{"embeddable":true,"href":"https:\/\/lavoixdesaintjo.fr\/2025\/corse\/wp-json\/wp\/v2\/comments?post=41"}],"version-history":[{"count":14,"href":"https:\/\/lavoixdesaintjo.fr\/2025\/corse\/wp-json\/wp\/v2\/pages\/41\/revisions"}],"predecessor-version":[{"id":787,"href":"https:\/\/lavoixdesaintjo.fr\/2025\/corse\/wp-json\/wp\/v2\/pages\/41\/revisions\/787"}],"wp:featuredmedia":[{"embeddable":true,"href":"https:\/\/lavoixdesaintjo.fr\/2025\/corse\/wp-json\/wp\/v2\/media\/752"}],"wp:attachment":[{"href":"https:\/\/lavoixdesaintjo.fr\/2025\/corse\/wp-json\/wp\/v2\/media?parent=41"}],"curies":[{"name":"wp","href":"https:\/\/api.w.org\/{rel}","templated":true}]}}