 {"id":68,"date":"2025-05-20T09:53:05","date_gmt":"2025-05-20T07:53:05","guid":{"rendered":"https:\/\/lavoixdesaintjo.fr\/2025\/lisbonne\/?page_id=68"},"modified":"2025-05-20T14:42:57","modified_gmt":"2025-05-20T12:42:57","slug":"contact","status":"publish","type":"page","link":"https:\/\/lavoixdesaintjo.fr\/2025\/lisbonne\/contact\/","title":{"rendered":"Contact"},"content":{"rendered":"\n<h2 class=\"wp-block-heading\">Une question, une destination, un projet ?<\/h2>\n\n\n\n<p>Vous avez une question, une suggestion ou envie de collaborer avec <strong>Palmtrip<\/strong> ?<br>Nous serons ravis de vous lire !<\/p>\n\n\n\n<figure class=\"wp-block-gallery has-nested-images columns-3 is-cropped wp-block-gallery-1 is-layout-flex wp-block-gallery-is-layout-flex\">\n<figure class=\"wp-block-image size-full\" style=\"margin-top:0;margin-bottom:0\"><img fetchpriority=\"high\" decoding=\"async\" width=\"1920\" height=\"2560\" data-id=\"257\" src=\"https:\/\/lavoixdesaintjo.fr\/2025\/lisbonne\/wp-content\/uploads\/2025\/05\/pexels-petra-nesti-1766376-17049904-scaled.jpg\" alt=\"\" class=\"wp-image-257\" srcset=\"https:\/\/lavoixdesaintjo.fr\/2025\/lisbonne\/wp-content\/uploads\/2025\/05\/pexels-petra-nesti-1766376-17049904-scaled.jpg 1920w, https:\/\/lavoixdesaintjo.fr\/2025\/lisbonne\/wp-content\/uploads\/2025\/05\/pexels-petra-nesti-1766376-17049904-225x300.jpg 225w, https:\/\/lavoixdesaintjo.fr\/2025\/lisbonne\/wp-content\/uploads\/2025\/05\/pexels-petra-nesti-1766376-17049904-768x1024.jpg 768w, https:\/\/lavoixdesaintjo.fr\/2025\/lisbonne\/wp-content\/uploads\/2025\/05\/pexels-petra-nesti-1766376-17049904-2000x2667.jpg 2000w\" sizes=\"(max-width: 1920px) 100vw, 1920px\" \/><\/figure>\n\n\n\n<figure class=\"wp-block-image size-full\"><img decoding=\"async\" width=\"1920\" height=\"2560\" data-id=\"256\" src=\"https:\/\/lavoixdesaintjo.fr\/2025\/lisbonne\/wp-content\/uploads\/2025\/05\/pexels-jose-edgardo-cruz-1302796772-32114705-scaled.jpg\" alt=\"\" class=\"wp-image-256\" srcset=\"https:\/\/lavoixdesaintjo.fr\/2025\/lisbonne\/wp-content\/uploads\/2025\/05\/pexels-jose-edgardo-cruz-1302796772-32114705-scaled.jpg 1920w, https:\/\/lavoixdesaintjo.fr\/2025\/lisbonne\/wp-content\/uploads\/2025\/05\/pexels-jose-edgardo-cruz-1302796772-32114705-225x300.jpg 225w, https:\/\/lavoixdesaintjo.fr\/2025\/lisbonne\/wp-content\/uploads\/2025\/05\/pexels-jose-edgardo-cruz-1302796772-32114705-768x1024.jpg 768w, https:\/\/lavoixdesaintjo.fr\/2025\/lisbonne\/wp-content\/uploads\/2025\/05\/pexels-jose-edgardo-cruz-1302796772-32114705-2000x2667.jpg 2000w\" sizes=\"(max-width: 1920px) 100vw, 1920px\" \/><\/figure>\n\n\n\n<figure class=\"wp-block-image size-full\"><img decoding=\"async\" width=\"736\" height=\"906\" data-id=\"225\" src=\"https:\/\/lavoixdesaintjo.fr\/2025\/lisbonne\/wp-content\/uploads\/2025\/05\/605383733b97568dd6cc6e22b58a5c43.jpg\" alt=\"\" class=\"wp-image-225\" srcset=\"https:\/\/lavoixdesaintjo.fr\/2025\/lisbonne\/wp-content\/uploads\/2025\/05\/605383733b97568dd6cc6e22b58a5c43.jpg 736w, https:\/\/lavoixdesaintjo.fr\/2025\/lisbonne\/wp-content\/uploads\/2025\/05\/605383733b97568dd6cc6e22b58a5c43-244x300.jpg 244w\" sizes=\"(max-width: 736px) 100vw, 736px\" \/><\/figure>\n<\/figure>\n\n\n\n<p><\/p>\n\n\n\n<h3 class=\"wp-block-heading\">\ud83d\udcac Une question sur un voyage ?<\/h3>\n\n\n\n<p>Vous pr\u00e9parez un s\u00e9jour \u00e0 <strong>Lisbonne<\/strong> ou ailleurs, et vous avez besoin d\u2019un conseil, d\u2019un bon plan ou d\u2019un retour d\u2019exp\u00e9rience ?<br>\u00c9crivez-nous, on adore partager nos astuces de voyage !<\/p>\n\n\n\n<p><\/p>\n\n\n\n<h3 class=\"wp-block-heading\">\ud83e\udd1d Une collaboration ?<\/h3>\n\n\n\n<p>Nous sommes ouverts aux partenariats avec des marques, offices de tourisme ou cr\u00e9ateurs de contenu qui partagent notre passion du voyage.<br>Propositions de collaboration, articles sponsoris\u00e9s, reportages, tests d\u2019h\u00e9bergements ou d\u2019activit\u00e9s\u2026 Parlons-en !<\/p>\n\n\n\n<hr class=\"wp-block-separator has-alpha-channel-opacity\"\/>\n\n\n\n<div class=\"wp-block-media-text is-image-fill-element\" style=\"border-radius:10px;grid-template-columns:15% auto\"><figure class=\"wp-block-media-text__media\"><img loading=\"lazy\" decoding=\"async\" width=\"675\" height=\"1200\" src=\"https:\/\/lavoixdesaintjo.fr\/2025\/lisbonne\/wp-content\/uploads\/2025\/05\/6c7170798628d6c4b02f36718be2364f.jpg\" alt=\"\" class=\"wp-image-259 size-full\" style=\"object-position:50% 68%\" srcset=\"https:\/\/lavoixdesaintjo.fr\/2025\/lisbonne\/wp-content\/uploads\/2025\/05\/6c7170798628d6c4b02f36718be2364f.jpg 675w, https:\/\/lavoixdesaintjo.fr\/2025\/lisbonne\/wp-content\/uploads\/2025\/05\/6c7170798628d6c4b02f36718be2364f-169x300.jpg 169w, https:\/\/lavoixdesaintjo.fr\/2025\/lisbonne\/wp-content\/uploads\/2025\/05\/6c7170798628d6c4b02f36718be2364f-576x1024.jpg 576w\" sizes=\"(max-width: 675px) 100vw, 675px\" \/><\/figure><div class=\"wp-block-media-text__content\">\n<p>\ud83d\udcec Nous contacter<\/p>\n\n\n\n<p>Vous pouvez nous \u00e9crire directement :<\/p>\n\n\n\n<div class=\"wp-block-buttons is-content-justification-space-between is-layout-flex wp-container-core-buttons-is-layout-dd20f382 wp-block-buttons-is-layout-flex\">\n<div class=\"wp-block-button has-custom-width wp-block-button__width-25 is-style-fill\"><a class=\"wp-block-button__link has-x-small-font-size has-text-align-center has-custom-font-size wp-element-button\" href=\"mailto:contact@palmtrip.fr?subject=Demande%20d'information%20via%20le%20site%20Palmtrip\" style=\"border-style:none;border-width:0px;border-radius:31px;padding-top:10px;padding-bottom:10px\">Nous \u00e9crire<\/a><\/div>\n<\/div>\n\n\n\n<p><\/p>\n\n\n\n<p class=\"has-x-small-font-size\">Nous r\u00e9pondons g\u00e9n\u00e9ralement sous 48h. Merci pour votre message !<\/p>\n<\/div><\/div>\n\n\n\n<p><\/p>\n\n\n\n<p><\/p>\n","protected":false},"excerpt":{"rendered":"<p>Une question, une destination, un projet ? Vous avez une question, une suggestion ou envie de collaborer avec Palmtrip ?Nous serons ravis de vous lire ! \ud83d\udcac Une question sur un voyage ? Vous pr\u00e9parez un s\u00e9jour \u00e0 Lisbonne ou ailleurs, et vous avez besoin d\u2019un conseil, d\u2019un bon plan ou d\u2019un retour d\u2019exp\u00e9rience ?\u00c9crivez-nous, &hellip; <\/p>\n<p class=\"link-more\"><a href=\"https:\/\/lavoixdesaintjo.fr\/2025\/lisbonne\/contact\/\" class=\"more-link\">Lire la suite de<span class=\"screen-reader-text\">\u00ab\u00a0Contact\u00a0\u00bb<\/span><\/a><\/p>\n","protected":false},"author":1,"featured_media":0,"parent":0,"menu_order":0,"comment_status":"closed","ping_status":"closed","template":"","meta":{"_acf_changed":false,"footnotes":""},"class_list":["post-68","page","type-page","status-publish","hentry"],"acf":[],"_links":{"self":[{"href":"https:\/\/lavoixdesaintjo.fr\/2025\/lisbonne\/wp-json\/wp\/v2\/pages\/68","targetHints":{"allow":["GET"]}}],"collection":[{"href":"https:\/\/lavoixdesaintjo.fr\/2025\/lisbonne\/wp-json\/wp\/v2\/pages"}],"about":[{"href":"https:\/\/lavoixdesaintjo.fr\/2025\/lisbonne\/wp-json\/wp\/v2\/types\/page"}],"author":[{"embeddable":true,"href":"https:\/\/lavoixdesaintjo.fr\/2025\/lisbonne\/wp-json\/wp\/v2\/users\/1"}],"replies":[{"embeddable":true,"href":"https:\/\/lavoixdesaintjo.fr\/2025\/lisbonne\/wp-json\/wp\/v2\/comments?post=68"}],"version-history":[{"count":8,"href":"https:\/\/lavoixdesaintjo.fr\/2025\/lisbonne\/wp-json\/wp\/v2\/pages\/68\/revisions"}],"predecessor-version":[{"id":271,"href":"https:\/\/lavoixdesaintjo.fr\/2025\/lisbonne\/wp-json\/wp\/v2\/pages\/68\/revisions\/271"}],"wp:attachment":[{"href":"https:\/\/lavoixdesaintjo.fr\/2025\/lisbonne\/wp-json\/wp\/v2\/media?parent=68"}],"curies":[{"name":"wp","href":"https:\/\/api.w.org\/{rel}","templated":true}]}}