{"id":108,"date":"2025-05-20T10:47:56","date_gmt":"2025-05-20T08:47:56","guid":{"rendered":"https:\/\/lavoixdesaintjo.fr\/2025\/marrakech\/?page_id=108"},"modified":"2025-06-16T14:57:34","modified_gmt":"2025-06-16T12:57:34","slug":"chefchaouen","status":"publish","type":"page","link":"https:\/\/lavoixdesaintjo.fr\/2025\/marrakech\/chefchaouen\/","title":{"rendered":"Chefchaouen"},"content":{"rendered":"\n<h2 class=\"wp-block-heading\">La perle bleue du Rif<\/h2>\n\n\n\n<p><\/p>\n\n\n\n<p>Nich\u00e9e dans les montagnes du <strong>Rif<\/strong>, au nord du Maroc, <strong>Chefchaouen<\/strong> est une ville \u00e0 part, c\u00e9l\u00e8bre dans le monde entier pour ses <strong>ruelles peintes en bleu<\/strong>, son atmosph\u00e8re paisible et son d\u00e9cor montagneux \u00e0 couper le souffle. Surnomm\u00e9e \u00ab\u00a0la perle bleue\u00a0\u00bb, elle offre une escapade unique entre culture, nature et spiritualit\u00e9.<\/p>\n\n\n\n<h3 class=\"wp-block-heading\">Une ville aux mille nuances de bleu<\/h3>\n\n\n\n<p>D\u00e8s qu\u2019on entre dans la m\u00e9dina de Chefchaouen, on est envelopp\u00e9 par un <strong>univers monochrome<\/strong> fascinant : murs, portes, escaliers, fontaines&#8230; tout est d\u00e9clin\u00e9 en diff\u00e9rentes teintes de bleu, du pastel au cobalt. Cette tradition, h\u00e9rit\u00e9e des communaut\u00e9s juives et andalouses, aurait pour but de rappeler le ciel et la spiritualit\u00e9, tout en gardant les insectes \u00e0 distance.<\/p>\n\n\n\n<p>Se promener dans la m\u00e9dina, c\u2019est comme <strong>voyager dans une peinture vivante<\/strong> : chaque coin de rue est un tableau, chaque fa\u00e7ade invite \u00e0 la contemplation et \u00e0 la photographie.<\/p>\n\n\n\n<p><\/p>\n\n\n\n<div class=\"wp-block-media-text has-media-on-the-right is-stacked-on-mobile\" style=\"grid-template-columns:auto 37%\"><div class=\"wp-block-media-text__content\">\n<p>Chefchaouen est aussi une ville d\u2019histoire. Fond\u00e9e au XVe si\u00e8cle par des r\u00e9fugi\u00e9s andalous, elle conserve une <strong>architecture hispano-mauresque<\/strong> unique. On y d\u00e9couvre :<\/p>\n\n\n\n<p><strong>Le souk artisanal<\/strong> : r\u00e9put\u00e9 pour ses tapis, couvertures en laine, poteries, et produits \u00e0 base de plantes locales.<\/p>\n\n\n\n<p><strong>La Kasbah<\/strong> : une ancienne forteresse au c\u0153ur de la ville, entour\u00e9e de jardins paisibles.<\/p>\n\n\n\n<p><strong>La Place Outa el-Hammam<\/strong> : lieu de vie anim\u00e9 avec caf\u00e9s, restaurants et vues sur la mosqu\u00e9e.<\/p>\n<\/div><figure class=\"wp-block-media-text__media\"><img fetchpriority=\"high\" decoding=\"async\" width=\"1024\" height=\"683\" src=\"https:\/\/lavoixdesaintjo.fr\/2025\/marrakech\/wp-content\/uploads\/2025\/06\/22ccdc67-00c7-4951-825d-df60e5090454.jpg-1024x683.png\" alt=\"\" class=\"wp-image-373 size-full\" srcset=\"https:\/\/lavoixdesaintjo.fr\/2025\/marrakech\/wp-content\/uploads\/2025\/06\/22ccdc67-00c7-4951-825d-df60e5090454.jpg-1024x683.png 1024w, https:\/\/lavoixdesaintjo.fr\/2025\/marrakech\/wp-content\/uploads\/2025\/06\/22ccdc67-00c7-4951-825d-df60e5090454.jpg-300x200.png 300w, https:\/\/lavoixdesaintjo.fr\/2025\/marrakech\/wp-content\/uploads\/2025\/06\/22ccdc67-00c7-4951-825d-df60e5090454.jpg.png 1920w\" sizes=\"(max-width: 1024px) 100vw, 1024px\" \/><\/figure><\/div>\n\n\n\n<h3 class=\"wp-block-heading\">Entre montagnes et sources naturelles<\/h3>\n\n\n\n<div class=\"wp-block-media-text is-stacked-on-mobile\" style=\"grid-template-columns:26% auto\"><figure class=\"wp-block-media-text__media\"><img decoding=\"async\" width=\"408\" height=\"612\" src=\"https:\/\/lavoixdesaintjo.fr\/2025\/marrakech\/wp-content\/uploads\/2025\/06\/istockphoto-1987286581-612x612-1.jpg\" alt=\"\" class=\"wp-image-376 size-full\" srcset=\"https:\/\/lavoixdesaintjo.fr\/2025\/marrakech\/wp-content\/uploads\/2025\/06\/istockphoto-1987286581-612x612-1.jpg 408w, https:\/\/lavoixdesaintjo.fr\/2025\/marrakech\/wp-content\/uploads\/2025\/06\/istockphoto-1987286581-612x612-1-200x300.jpg 200w\" sizes=\"(max-width: 408px) 100vw, 408px\" \/><\/figure><div class=\"wp-block-media-text__content\">\n<p>Chefchaouen est \u00e9galement un point de d\u00e9part id\u00e9al pour les amateurs de nature. Les montagnes qui entourent la ville offrent des randonn\u00e9es exceptionnelles, comme celle vers <strong>les cascades d\u2019Akchour<\/strong> ou dans le <strong>Parc national de Talassemtane<\/strong>, riche en biodiversit\u00e9 et panoramas \u00e9poustouflants.<\/p>\n<\/div><\/div>\n\n\n\n<p><\/p>\n","protected":false},"excerpt":{"rendered":"<p>La perle bleue du Rif Nich\u00e9e dans les montagnes du Rif, au nord du Maroc, Chefchaouen est une ville \u00e0 part, c\u00e9l\u00e8bre dans le monde entier pour ses ruelles peintes en bleu, son atmosph\u00e8re paisible et son d\u00e9cor montagneux \u00e0 couper le souffle. Surnomm\u00e9e \u00ab\u00a0la perle bleue\u00a0\u00bb, elle offre une escapade unique entre culture, nature &hellip; <\/p>\n<p class=\"link-more\"><a href=\"https:\/\/lavoixdesaintjo.fr\/2025\/marrakech\/chefchaouen\/\" class=\"more-link\">Lire la suite de<span class=\"screen-reader-text\">\u00ab\u00a0Chefchaouen\u00a0\u00bb<\/span><\/a><\/p>\n","protected":false},"author":1,"featured_media":363,"parent":0,"menu_order":0,"comment_status":"closed","ping_status":"closed","template":"","meta":{"_acf_changed":false,"footnotes":""},"class_list":["post-108","page","type-page","status-publish","has-post-thumbnail","hentry"],"acf":[],"yoast_head":"<!-- This site is optimized with the Yoast SEO plugin v25.1 - https:\/\/yoast.com\/wordpress\/plugins\/seo\/ -->\n<title>Chefchaouen - \u00c0 la d\u00e9couverte de marrakech<\/title>\n<meta name=\"robots\" content=\"index, follow, max-snippet:-1, max-image-preview:large, max-video-preview:-1\" \/>\n<link rel=\"canonical\" href=\"https:\/\/lavoixdesaintjo.fr\/2025\/marrakech\/chefchaouen\/\" \/>\n<meta property=\"og:locale\" content=\"fr_FR\" \/>\n<meta property=\"og:type\" content=\"article\" \/>\n<meta property=\"og:title\" content=\"Chefchaouen - \u00c0 la d\u00e9couverte de marrakech\" \/>\n<meta property=\"og:description\" content=\"La perle bleue du Rif Nich\u00e9e dans les montagnes du Rif, au nord du Maroc, Chefchaouen est une ville \u00e0 part, c\u00e9l\u00e8bre dans le monde entier pour ses ruelles peintes en bleu, son atmosph\u00e8re paisible et son d\u00e9cor montagneux \u00e0 couper le souffle. Surnomm\u00e9e \u00ab\u00a0la perle bleue\u00a0\u00bb, elle offre une escapade unique entre culture, nature &hellip; Lire la suite de\u00ab\u00a0Chefchaouen\u00a0\u00bb\" \/>\n<meta property=\"og:url\" content=\"https:\/\/lavoixdesaintjo.fr\/2025\/marrakech\/chefchaouen\/\" \/>\n<meta property=\"og:site_name\" content=\"\u00c0 la d\u00e9couverte de marrakech\" \/>\n<meta property=\"article:modified_time\" content=\"2025-06-16T12:57:34+00:00\" \/>\n<meta property=\"og:image\" content=\"https:\/\/lavoixdesaintjo.fr\/2025\/marrakech\/wp-content\/uploads\/2025\/06\/istockphoto-2168430825-612x612-1.jpg\" \/>\n\t<meta property=\"og:image:width\" content=\"612\" \/>\n\t<meta property=\"og:image:height\" content=\"408\" \/>\n\t<meta property=\"og:image:type\" content=\"image\/jpeg\" \/>\n<meta name=\"twitter:card\" content=\"summary_large_image\" \/>\n<meta name=\"twitter:label1\" content=\"Dur\u00e9e de lecture estim\u00e9e\" \/>\n\t<meta name=\"twitter:data1\" content=\"2 minutes\" \/>\n<script type=\"application\/ld+json\" class=\"yoast-schema-graph\">{\"@context\":\"https:\/\/schema.org\",\"@graph\":[{\"@type\":\"WebPage\",\"@id\":\"https:\/\/lavoixdesaintjo.fr\/2025\/marrakech\/chefchaouen\/\",\"url\":\"https:\/\/lavoixdesaintjo.fr\/2025\/marrakech\/chefchaouen\/\",\"name\":\"Chefchaouen - \u00c0 la d\u00e9couverte de marrakech\",\"isPartOf\":{\"@id\":\"https:\/\/lavoixdesaintjo.fr\/2025\/marrakech\/#website\"},\"primaryImageOfPage\":{\"@id\":\"https:\/\/lavoixdesaintjo.fr\/2025\/marrakech\/chefchaouen\/#primaryimage\"},\"image\":{\"@id\":\"https:\/\/lavoixdesaintjo.fr\/2025\/marrakech\/chefchaouen\/#primaryimage\"},\"thumbnailUrl\":\"https:\/\/lavoixdesaintjo.fr\/2025\/marrakech\/wp-content\/uploads\/2025\/06\/istockphoto-2168430825-612x612-1.jpg\",\"datePublished\":\"2025-05-20T08:47:56+00:00\",\"dateModified\":\"2025-06-16T12:57:34+00:00\",\"breadcrumb\":{\"@id\":\"https:\/\/lavoixdesaintjo.fr\/2025\/marrakech\/chefchaouen\/#breadcrumb\"},\"inLanguage\":\"fr-FR\",\"potentialAction\":[{\"@type\":\"ReadAction\",\"target\":[\"https:\/\/lavoixdesaintjo.fr\/2025\/marrakech\/chefchaouen\/\"]}]},{\"@type\":\"ImageObject\",\"inLanguage\":\"fr-FR\",\"@id\":\"https:\/\/lavoixdesaintjo.fr\/2025\/marrakech\/chefchaouen\/#primaryimage\",\"url\":\"https:\/\/lavoixdesaintjo.fr\/2025\/marrakech\/wp-content\/uploads\/2025\/06\/istockphoto-2168430825-612x612-1.jpg\",\"contentUrl\":\"https:\/\/lavoixdesaintjo.fr\/2025\/marrakech\/wp-content\/uploads\/2025\/06\/istockphoto-2168430825-612x612-1.jpg\",\"width\":612,\"height\":408,\"caption\":\"Chefchaouen, Morocco at sunset\"},{\"@type\":\"BreadcrumbList\",\"@id\":\"https:\/\/lavoixdesaintjo.fr\/2025\/marrakech\/chefchaouen\/#breadcrumb\",\"itemListElement\":[{\"@type\":\"ListItem\",\"position\":1,\"name\":\"Accueil\",\"item\":\"https:\/\/lavoixdesaintjo.fr\/2025\/marrakech\/\"},{\"@type\":\"ListItem\",\"position\":2,\"name\":\"Chefchaouen\"}]},{\"@type\":\"WebSite\",\"@id\":\"https:\/\/lavoixdesaintjo.fr\/2025\/marrakech\/#website\",\"url\":\"https:\/\/lavoixdesaintjo.fr\/2025\/marrakech\/\",\"name\":\"\u00c0 la d\u00e9couverte de marrakech\",\"description\":\"\",\"publisher\":{\"@id\":\"https:\/\/lavoixdesaintjo.fr\/2025\/marrakech\/#organization\"},\"potentialAction\":[{\"@type\":\"SearchAction\",\"target\":{\"@type\":\"EntryPoint\",\"urlTemplate\":\"https:\/\/lavoixdesaintjo.fr\/2025\/marrakech\/?s={search_term_string}\"},\"query-input\":{\"@type\":\"PropertyValueSpecification\",\"valueRequired\":true,\"valueName\":\"search_term_string\"}}],\"inLanguage\":\"fr-FR\"},{\"@type\":\"Organization\",\"@id\":\"https:\/\/lavoixdesaintjo.fr\/2025\/marrakech\/#organization\",\"name\":\"\u00c0 la d\u00e9couverte de marrakech\",\"url\":\"https:\/\/lavoixdesaintjo.fr\/2025\/marrakech\/\",\"logo\":{\"@type\":\"ImageObject\",\"inLanguage\":\"fr-FR\",\"@id\":\"https:\/\/lavoixdesaintjo.fr\/2025\/marrakech\/#\/schema\/logo\/image\/\",\"url\":\"https:\/\/lavoixdesaintjo.fr\/2025\/marrakech\/wp-content\/uploads\/2025\/05\/logo-marrakech.webp\",\"contentUrl\":\"https:\/\/lavoixdesaintjo.fr\/2025\/marrakech\/wp-content\/uploads\/2025\/05\/logo-marrakech.webp\",\"width\":1024,\"height\":1024,\"caption\":\"\u00c0 la d\u00e9couverte de marrakech\"},\"image\":{\"@id\":\"https:\/\/lavoixdesaintjo.fr\/2025\/marrakech\/#\/schema\/logo\/image\/\"}}]}<\/script>\n<!-- \/ Yoast SEO plugin. -->","yoast_head_json":{"title":"Chefchaouen - \u00c0 la d\u00e9couverte de marrakech","robots":{"index":"index","follow":"follow","max-snippet":"max-snippet:-1","max-image-preview":"max-image-preview:large","max-video-preview":"max-video-preview:-1"},"canonical":"https:\/\/lavoixdesaintjo.fr\/2025\/marrakech\/chefchaouen\/","og_locale":"fr_FR","og_type":"article","og_title":"Chefchaouen - \u00c0 la d\u00e9couverte de marrakech","og_description":"La perle bleue du Rif Nich\u00e9e dans les montagnes du Rif, au nord du Maroc, Chefchaouen est une ville \u00e0 part, c\u00e9l\u00e8bre dans le monde entier pour ses ruelles peintes en bleu, son atmosph\u00e8re paisible et son d\u00e9cor montagneux \u00e0 couper le souffle. Surnomm\u00e9e \u00ab\u00a0la perle bleue\u00a0\u00bb, elle offre une escapade unique entre culture, nature &hellip; Lire la suite de\u00ab\u00a0Chefchaouen\u00a0\u00bb","og_url":"https:\/\/lavoixdesaintjo.fr\/2025\/marrakech\/chefchaouen\/","og_site_name":"\u00c0 la d\u00e9couverte de marrakech","article_modified_time":"2025-06-16T12:57:34+00:00","og_image":[{"width":612,"height":408,"url":"https:\/\/lavoixdesaintjo.fr\/2025\/marrakech\/wp-content\/uploads\/2025\/06\/istockphoto-2168430825-612x612-1.jpg","type":"image\/jpeg"}],"twitter_card":"summary_large_image","twitter_misc":{"Dur\u00e9e de lecture estim\u00e9e":"2 minutes"},"schema":{"@context":"https:\/\/schema.org","@graph":[{"@type":"WebPage","@id":"https:\/\/lavoixdesaintjo.fr\/2025\/marrakech\/chefchaouen\/","url":"https:\/\/lavoixdesaintjo.fr\/2025\/marrakech\/chefchaouen\/","name":"Chefchaouen - \u00c0 la d\u00e9couverte de marrakech","isPartOf":{"@id":"https:\/\/lavoixdesaintjo.fr\/2025\/marrakech\/#website"},"primaryImageOfPage":{"@id":"https:\/\/lavoixdesaintjo.fr\/2025\/marrakech\/chefchaouen\/#primaryimage"},"image":{"@id":"https:\/\/lavoixdesaintjo.fr\/2025\/marrakech\/chefchaouen\/#primaryimage"},"thumbnailUrl":"https:\/\/lavoixdesaintjo.fr\/2025\/marrakech\/wp-content\/uploads\/2025\/06\/istockphoto-2168430825-612x612-1.jpg","datePublished":"2025-05-20T08:47:56+00:00","dateModified":"2025-06-16T12:57:34+00:00","breadcrumb":{"@id":"https:\/\/lavoixdesaintjo.fr\/2025\/marrakech\/chefchaouen\/#breadcrumb"},"inLanguage":"fr-FR","potentialAction":[{"@type":"ReadAction","target":["https:\/\/lavoixdesaintjo.fr\/2025\/marrakech\/chefchaouen\/"]}]},{"@type":"ImageObject","inLanguage":"fr-FR","@id":"https:\/\/lavoixdesaintjo.fr\/2025\/marrakech\/chefchaouen\/#primaryimage","url":"https:\/\/lavoixdesaintjo.fr\/2025\/marrakech\/wp-content\/uploads\/2025\/06\/istockphoto-2168430825-612x612-1.jpg","contentUrl":"https:\/\/lavoixdesaintjo.fr\/2025\/marrakech\/wp-content\/uploads\/2025\/06\/istockphoto-2168430825-612x612-1.jpg","width":612,"height":408,"caption":"Chefchaouen, Morocco at sunset"},{"@type":"BreadcrumbList","@id":"https:\/\/lavoixdesaintjo.fr\/2025\/marrakech\/chefchaouen\/#breadcrumb","itemListElement":[{"@type":"ListItem","position":1,"name":"Accueil","item":"https:\/\/lavoixdesaintjo.fr\/2025\/marrakech\/"},{"@type":"ListItem","position":2,"name":"Chefchaouen"}]},{"@type":"WebSite","@id":"https:\/\/lavoixdesaintjo.fr\/2025\/marrakech\/#website","url":"https:\/\/lavoixdesaintjo.fr\/2025\/marrakech\/","name":"\u00c0 la d\u00e9couverte de marrakech","description":"","publisher":{"@id":"https:\/\/lavoixdesaintjo.fr\/2025\/marrakech\/#organization"},"potentialAction":[{"@type":"SearchAction","target":{"@type":"EntryPoint","urlTemplate":"https:\/\/lavoixdesaintjo.fr\/2025\/marrakech\/?s={search_term_string}"},"query-input":{"@type":"PropertyValueSpecification","valueRequired":true,"valueName":"search_term_string"}}],"inLanguage":"fr-FR"},{"@type":"Organization","@id":"https:\/\/lavoixdesaintjo.fr\/2025\/marrakech\/#organization","name":"\u00c0 la d\u00e9couverte de marrakech","url":"https:\/\/lavoixdesaintjo.fr\/2025\/marrakech\/","logo":{"@type":"ImageObject","inLanguage":"fr-FR","@id":"https:\/\/lavoixdesaintjo.fr\/2025\/marrakech\/#\/schema\/logo\/image\/","url":"https:\/\/lavoixdesaintjo.fr\/2025\/marrakech\/wp-content\/uploads\/2025\/05\/logo-marrakech.webp","contentUrl":"https:\/\/lavoixdesaintjo.fr\/2025\/marrakech\/wp-content\/uploads\/2025\/05\/logo-marrakech.webp","width":1024,"height":1024,"caption":"\u00c0 la d\u00e9couverte de marrakech"},"image":{"@id":"https:\/\/lavoixdesaintjo.fr\/2025\/marrakech\/#\/schema\/logo\/image\/"}}]}},"_links":{"self":[{"href":"https:\/\/lavoixdesaintjo.fr\/2025\/marrakech\/wp-json\/wp\/v2\/pages\/108","targetHints":{"allow":["GET"]}}],"collection":[{"href":"https:\/\/lavoixdesaintjo.fr\/2025\/marrakech\/wp-json\/wp\/v2\/pages"}],"about":[{"href":"https:\/\/lavoixdesaintjo.fr\/2025\/marrakech\/wp-json\/wp\/v2\/types\/page"}],"author":[{"embeddable":true,"href":"https:\/\/lavoixdesaintjo.fr\/2025\/marrakech\/wp-json\/wp\/v2\/users\/1"}],"replies":[{"embeddable":true,"href":"https:\/\/lavoixdesaintjo.fr\/2025\/marrakech\/wp-json\/wp\/v2\/comments?post=108"}],"version-history":[{"count":6,"href":"https:\/\/lavoixdesaintjo.fr\/2025\/marrakech\/wp-json\/wp\/v2\/pages\/108\/revisions"}],"predecessor-version":[{"id":413,"href":"https:\/\/lavoixdesaintjo.fr\/2025\/marrakech\/wp-json\/wp\/v2\/pages\/108\/revisions\/413"}],"wp:featuredmedia":[{"embeddable":true,"href":"https:\/\/lavoixdesaintjo.fr\/2025\/marrakech\/wp-json\/wp\/v2\/media\/363"}],"wp:attachment":[{"href":"https:\/\/lavoixdesaintjo.fr\/2025\/marrakech\/wp-json\/wp\/v2\/media?parent=108"}],"curies":[{"name":"wp","href":"https:\/\/api.w.org\/{rel}","templated":true}]}}