{"id":120,"date":"2025-05-20T10:53:21","date_gmt":"2025-05-20T08:53:21","guid":{"rendered":"https:\/\/lavoixdesaintjo.fr\/2025\/marrakech\/?page_id=120"},"modified":"2025-06-16T14:23:50","modified_gmt":"2025-06-16T12:23:50","slug":"les-villes-imperiales","status":"publish","type":"page","link":"https:\/\/lavoixdesaintjo.fr\/2025\/marrakech\/les-villes-imperiales\/","title":{"rendered":"Les 4 villes imp\u00e9riales du Maroc"},"content":{"rendered":"\n<p>Le Maroc regorge de merveilles historiques, mais rien ne symbolise mieux son riche pass\u00e9 que ses <strong>4 villes imp\u00e9riales<\/strong> : <strong>F\u00e8s, Marrakech, Mekn\u00e8s<\/strong> et <strong>Rabat<\/strong>. Ces cit\u00e9s embl\u00e9matiques ont toutes \u00e9t\u00e9 tour \u00e0 tour capitale du royaume et conservent aujourd\u2019hui un patrimoine exceptionnel m\u00ealant architecture mill\u00e9naire, monuments majestueux et ambiance unique ! <\/p>\n\n\n\n<div class=\"wp-block-columns is-layout-flex wp-container-core-columns-is-layout-28f84493 wp-block-columns-is-layout-flex\">\n<div class=\"wp-block-column is-layout-flow wp-block-column-is-layout-flow\">\n<figure class=\"wp-block-image size-full\"><img fetchpriority=\"high\" decoding=\"async\" width=\"474\" height=\"309\" src=\"https:\/\/lavoixdesaintjo.fr\/2025\/marrakech\/wp-content\/uploads\/2025\/06\/fes.jpg\" alt=\"\" class=\"wp-image-364\" srcset=\"https:\/\/lavoixdesaintjo.fr\/2025\/marrakech\/wp-content\/uploads\/2025\/06\/fes.jpg 474w, https:\/\/lavoixdesaintjo.fr\/2025\/marrakech\/wp-content\/uploads\/2025\/06\/fes-300x196.jpg 300w\" sizes=\"(max-width: 474px) 100vw, 474px\" \/><\/figure>\n<\/div>\n\n\n\n<div class=\"wp-block-column is-layout-flow wp-block-column-is-layout-flow\">\n<h3 class=\"wp-block-heading\"><strong>F\u00e8s<\/strong> \u2013 La spirituelle<\/h3>\n\n\n\n<ul class=\"wp-block-list\">\n<li><strong>Fond\u00e9e en<\/strong> : 789 par Idriss Ier<\/li>\n\n\n\n<li><strong>Particularit\u00e9<\/strong> : berceau de l\u2019Islam au Maroc et capitale culturelle<\/li>\n\n\n\n<li><strong>\u00c0 voir absolument<\/strong> :\n<ul class=\"wp-block-list\">\n<li>La m\u00e9dina de F\u00e8s (F\u00e8s el-Bali), class\u00e9e UNESCO<\/li>\n\n\n\n<li>L\u2019Universit\u00e9 Al Quaraouiyine, la plus ancienne du monde<\/li>\n\n\n\n<li>Les souks et tanneries traditionnelles<\/li>\n\n\n\n<li>Les medersas (Bou Inania, Attarine)<\/li>\n<\/ul>\n<\/li>\n<\/ul>\n\n\n\n<blockquote class=\"wp-block-quote is-layout-flow wp-block-quote-is-layout-flow\">\n<p>F\u00e8s est la plus ancienne des villes imp\u00e9riales, r\u00e9put\u00e9e pour son savoir, son artisanat, et sa spiritualit\u00e9.<\/p>\n<\/blockquote>\n<\/div>\n<\/div>\n\n\n\n<div class=\"wp-block-columns is-layout-flex wp-container-core-columns-is-layout-28f84493 wp-block-columns-is-layout-flex\">\n<div class=\"wp-block-column is-layout-flow wp-block-column-is-layout-flow\">\n<figure class=\"wp-block-image size-full\"><img decoding=\"async\" width=\"474\" height=\"316\" src=\"https:\/\/lavoixdesaintjo.fr\/2025\/marrakech\/wp-content\/uploads\/2025\/06\/marrakech.jpg\" alt=\"\" class=\"wp-image-365\" srcset=\"https:\/\/lavoixdesaintjo.fr\/2025\/marrakech\/wp-content\/uploads\/2025\/06\/marrakech.jpg 474w, https:\/\/lavoixdesaintjo.fr\/2025\/marrakech\/wp-content\/uploads\/2025\/06\/marrakech-300x200.jpg 300w\" sizes=\"(max-width: 474px) 100vw, 474px\" \/><\/figure>\n<\/div>\n\n\n\n<div class=\"wp-block-column is-layout-flow wp-block-column-is-layout-flow\">\n<h3 class=\"wp-block-heading\"><strong>Marrakech<\/strong> \u2013 La vibrante<\/h3>\n\n\n\n<ul class=\"wp-block-list\">\n<li><strong>Fond\u00e9e en<\/strong> : 1062 par les Almoravides<\/li>\n\n\n\n<li><strong>Particularit\u00e9<\/strong> : surnomm\u00e9e la \u00ab ville rouge \u00bb<\/li>\n\n\n\n<li><strong>\u00c0 voir absolument<\/strong> :\n<ul class=\"wp-block-list\">\n<li>La place Jemaa el-Fna<\/li>\n\n\n\n<li>Les souks et la M\u00e9dina<\/li>\n\n\n\n<li>Le jardin Majorelle<\/li>\n\n\n\n<li>Le palais de la Bahia<\/li>\n\n\n\n<li>La Koutoubia<\/li>\n<\/ul>\n<\/li>\n<\/ul>\n\n\n\n<blockquote class=\"wp-block-quote is-layout-flow wp-block-quote-is-layout-flow\">\n<p>Ville touristique par excellence, Marrakech allie modernit\u00e9 et tradition dans une ambiance unique.<\/p>\n<\/blockquote>\n<\/div>\n<\/div>\n\n\n\n<div class=\"wp-block-columns is-layout-flex wp-container-core-columns-is-layout-28f84493 wp-block-columns-is-layout-flex\">\n<div class=\"wp-block-column is-layout-flow wp-block-column-is-layout-flow\">\n<figure class=\"wp-block-image size-full is-resized\"><img decoding=\"async\" width=\"612\" height=\"408\" src=\"https:\/\/lavoixdesaintjo.fr\/2025\/marrakech\/wp-content\/uploads\/2025\/06\/meknes.jpg\" alt=\"\" class=\"wp-image-367\" style=\"width:480px;height:auto\" srcset=\"https:\/\/lavoixdesaintjo.fr\/2025\/marrakech\/wp-content\/uploads\/2025\/06\/meknes.jpg 612w, https:\/\/lavoixdesaintjo.fr\/2025\/marrakech\/wp-content\/uploads\/2025\/06\/meknes-300x200.jpg 300w\" sizes=\"(max-width: 612px) 100vw, 612px\" \/><\/figure>\n<\/div>\n\n\n\n<div class=\"wp-block-column is-layout-flow wp-block-column-is-layout-flow\">\n<h3 class=\"wp-block-heading\"><strong>Mekn\u00e8s<\/strong> \u2013 La discr\u00e8te<\/h3>\n\n\n\n<ul class=\"wp-block-list\">\n<li><strong>Fond\u00e9e en<\/strong> : 1672 (capitale sous le r\u00e8gne de Moulay Isma\u00efl)<\/li>\n\n\n\n<li><strong>Particularit\u00e9<\/strong> : la plus m\u00e9connue des villes imp\u00e9riales<\/li>\n\n\n\n<li><strong>\u00c0 voir absolument<\/strong> :\n<ul class=\"wp-block-list\">\n<li>Bab Mansour (porte monumentale)<\/li>\n\n\n\n<li>Le mausol\u00e9e de Moulay Isma\u00efl<\/li>\n\n\n\n<li>Les greniers royaux<\/li>\n\n\n\n<li>La m\u00e9dina de Mekn\u00e8s, moins touristique mais authentique<\/li>\n<\/ul>\n<\/li>\n<\/ul>\n\n\n\n<blockquote class=\"wp-block-quote is-layout-flow wp-block-quote-is-layout-flow\">\n<p>Mekn\u00e8s est plus calme que F\u00e8s ou Marrakech, mais tout aussi charg\u00e9e d\u2019histoire.<\/p>\n<\/blockquote>\n<\/div>\n<\/div>\n\n\n\n<div class=\"wp-block-columns is-layout-flex wp-container-core-columns-is-layout-28f84493 wp-block-columns-is-layout-flex\">\n<div class=\"wp-block-column is-layout-flow wp-block-column-is-layout-flow\">\n<figure class=\"wp-block-image size-full\"><img loading=\"lazy\" decoding=\"async\" width=\"474\" height=\"316\" src=\"https:\/\/lavoixdesaintjo.fr\/2025\/marrakech\/wp-content\/uploads\/2025\/06\/rabat.jpg\" alt=\"\" class=\"wp-image-370\" srcset=\"https:\/\/lavoixdesaintjo.fr\/2025\/marrakech\/wp-content\/uploads\/2025\/06\/rabat.jpg 474w, https:\/\/lavoixdesaintjo.fr\/2025\/marrakech\/wp-content\/uploads\/2025\/06\/rabat-300x200.jpg 300w\" sizes=\"(max-width: 474px) 100vw, 474px\" \/><\/figure>\n<\/div>\n\n\n\n<div class=\"wp-block-column is-layout-flow wp-block-column-is-layout-flow\">\n<h3 class=\"wp-block-heading\"><strong>Rabat<\/strong> \u2013 La capitale actuelle<\/h3>\n\n\n\n<ul class=\"wp-block-list\">\n<li><strong>Fond\u00e9e en<\/strong> : 1150 par les Almohades<\/li>\n\n\n\n<li><strong>Particularit\u00e9<\/strong> : capitale politique et administrative du Maroc<\/li>\n\n\n\n<li><strong>\u00c0 voir absolument<\/strong> :\n<ul class=\"wp-block-list\">\n<li>La tour Hassan<\/li>\n\n\n\n<li>Le mausol\u00e9e Mohammed V<\/li>\n\n\n\n<li>La kasbah des Oudayas<\/li>\n\n\n\n<li>Le palais royal<\/li>\n<\/ul>\n<\/li>\n<\/ul>\n\n\n\n<blockquote class=\"wp-block-quote is-layout-flow wp-block-quote-is-layout-flow\">\n<p>Rabat allie patrimoine imp\u00e9rial et institutions modernes. C\u2019est une ville \u00e0 la fois historique et tourn\u00e9e vers l\u2019avenir.<\/p>\n<\/blockquote>\n<\/div>\n<\/div>\n\n\n\n<p><\/p>\n","protected":false},"excerpt":{"rendered":"<p>Le Maroc regorge de merveilles historiques, mais rien ne symbolise mieux son riche pass\u00e9 que ses 4 villes imp\u00e9riales : F\u00e8s, Marrakech, Mekn\u00e8s et Rabat. Ces cit\u00e9s embl\u00e9matiques ont toutes \u00e9t\u00e9 tour \u00e0 tour capitale du royaume et conservent aujourd\u2019hui un patrimoine exceptionnel m\u00ealant architecture mill\u00e9naire, monuments majestueux et ambiance unique ! F\u00e8s \u2013 La &hellip; <\/p>\n<p class=\"link-more\"><a href=\"https:\/\/lavoixdesaintjo.fr\/2025\/marrakech\/les-villes-imperiales\/\" class=\"more-link\">Lire la suite de<span class=\"screen-reader-text\">\u00ab\u00a0Les 4 villes imp\u00e9riales du Maroc\u00a0\u00bb<\/span><\/a><\/p>\n","protected":false},"author":1,"featured_media":0,"parent":0,"menu_order":0,"comment_status":"closed","ping_status":"closed","template":"","meta":{"_acf_changed":false,"footnotes":""},"class_list":["post-120","page","type-page","status-publish","hentry"],"acf":[],"yoast_head":"<!-- This site is optimized with the Yoast SEO plugin v25.1 - https:\/\/yoast.com\/wordpress\/plugins\/seo\/ -->\n<title>Les 4 villes imp\u00e9riales du Maroc - \u00c0 la d\u00e9couverte de marrakech<\/title>\n<meta name=\"robots\" content=\"index, follow, max-snippet:-1, max-image-preview:large, max-video-preview:-1\" \/>\n<link rel=\"canonical\" href=\"https:\/\/lavoixdesaintjo.fr\/2025\/marrakech\/les-villes-imperiales\/\" \/>\n<meta property=\"og:locale\" content=\"fr_FR\" \/>\n<meta property=\"og:type\" content=\"article\" \/>\n<meta property=\"og:title\" content=\"Les 4 villes imp\u00e9riales du Maroc - \u00c0 la d\u00e9couverte de marrakech\" \/>\n<meta property=\"og:description\" content=\"Le Maroc regorge de merveilles historiques, mais rien ne symbolise mieux son riche pass\u00e9 que ses 4 villes imp\u00e9riales : F\u00e8s, Marrakech, Mekn\u00e8s et Rabat. Ces cit\u00e9s embl\u00e9matiques ont toutes \u00e9t\u00e9 tour \u00e0 tour capitale du royaume et conservent aujourd\u2019hui un patrimoine exceptionnel m\u00ealant architecture mill\u00e9naire, monuments majestueux et ambiance unique ! F\u00e8s \u2013 La &hellip; Lire la suite de\u00ab\u00a0Les 4 villes imp\u00e9riales du Maroc\u00a0\u00bb\" \/>\n<meta property=\"og:url\" content=\"https:\/\/lavoixdesaintjo.fr\/2025\/marrakech\/les-villes-imperiales\/\" \/>\n<meta property=\"og:site_name\" content=\"\u00c0 la d\u00e9couverte de marrakech\" \/>\n<meta property=\"article:modified_time\" content=\"2025-06-16T12:23:50+00:00\" \/>\n<meta property=\"og:image\" content=\"https:\/\/lavoixdesaintjo.fr\/2025\/marrakech\/wp-content\/uploads\/2025\/06\/fes.jpg\" \/>\n\t<meta property=\"og:image:width\" content=\"474\" \/>\n\t<meta property=\"og:image:height\" content=\"309\" \/>\n\t<meta property=\"og:image:type\" content=\"image\/jpeg\" \/>\n<meta name=\"twitter:card\" content=\"summary_large_image\" \/>\n<meta name=\"twitter:label1\" content=\"Dur\u00e9e de lecture estim\u00e9e\" \/>\n\t<meta name=\"twitter:data1\" content=\"2 minutes\" \/>\n<script type=\"application\/ld+json\" class=\"yoast-schema-graph\">{\"@context\":\"https:\/\/schema.org\",\"@graph\":[{\"@type\":\"WebPage\",\"@id\":\"https:\/\/lavoixdesaintjo.fr\/2025\/marrakech\/les-villes-imperiales\/\",\"url\":\"https:\/\/lavoixdesaintjo.fr\/2025\/marrakech\/les-villes-imperiales\/\",\"name\":\"Les 4 villes imp\u00e9riales du Maroc - \u00c0 la d\u00e9couverte de marrakech\",\"isPartOf\":{\"@id\":\"https:\/\/lavoixdesaintjo.fr\/2025\/marrakech\/#website\"},\"primaryImageOfPage\":{\"@id\":\"https:\/\/lavoixdesaintjo.fr\/2025\/marrakech\/les-villes-imperiales\/#primaryimage\"},\"image\":{\"@id\":\"https:\/\/lavoixdesaintjo.fr\/2025\/marrakech\/les-villes-imperiales\/#primaryimage\"},\"thumbnailUrl\":\"https:\/\/lavoixdesaintjo.fr\/2025\/marrakech\/wp-content\/uploads\/2025\/06\/fes.jpg\",\"datePublished\":\"2025-05-20T08:53:21+00:00\",\"dateModified\":\"2025-06-16T12:23:50+00:00\",\"breadcrumb\":{\"@id\":\"https:\/\/lavoixdesaintjo.fr\/2025\/marrakech\/les-villes-imperiales\/#breadcrumb\"},\"inLanguage\":\"fr-FR\",\"potentialAction\":[{\"@type\":\"ReadAction\",\"target\":[\"https:\/\/lavoixdesaintjo.fr\/2025\/marrakech\/les-villes-imperiales\/\"]}]},{\"@type\":\"ImageObject\",\"inLanguage\":\"fr-FR\",\"@id\":\"https:\/\/lavoixdesaintjo.fr\/2025\/marrakech\/les-villes-imperiales\/#primaryimage\",\"url\":\"https:\/\/lavoixdesaintjo.fr\/2025\/marrakech\/wp-content\/uploads\/2025\/06\/fes.jpg\",\"contentUrl\":\"https:\/\/lavoixdesaintjo.fr\/2025\/marrakech\/wp-content\/uploads\/2025\/06\/fes.jpg\",\"width\":474,\"height\":309},{\"@type\":\"BreadcrumbList\",\"@id\":\"https:\/\/lavoixdesaintjo.fr\/2025\/marrakech\/les-villes-imperiales\/#breadcrumb\",\"itemListElement\":[{\"@type\":\"ListItem\",\"position\":1,\"name\":\"Accueil\",\"item\":\"https:\/\/lavoixdesaintjo.fr\/2025\/marrakech\/\"},{\"@type\":\"ListItem\",\"position\":2,\"name\":\"Les 4 villes imp\u00e9riales du Maroc\"}]},{\"@type\":\"WebSite\",\"@id\":\"https:\/\/lavoixdesaintjo.fr\/2025\/marrakech\/#website\",\"url\":\"https:\/\/lavoixdesaintjo.fr\/2025\/marrakech\/\",\"name\":\"\u00c0 la d\u00e9couverte de marrakech\",\"description\":\"\",\"publisher\":{\"@id\":\"https:\/\/lavoixdesaintjo.fr\/2025\/marrakech\/#organization\"},\"potentialAction\":[{\"@type\":\"SearchAction\",\"target\":{\"@type\":\"EntryPoint\",\"urlTemplate\":\"https:\/\/lavoixdesaintjo.fr\/2025\/marrakech\/?s={search_term_string}\"},\"query-input\":{\"@type\":\"PropertyValueSpecification\",\"valueRequired\":true,\"valueName\":\"search_term_string\"}}],\"inLanguage\":\"fr-FR\"},{\"@type\":\"Organization\",\"@id\":\"https:\/\/lavoixdesaintjo.fr\/2025\/marrakech\/#organization\",\"name\":\"\u00c0 la d\u00e9couverte de marrakech\",\"url\":\"https:\/\/lavoixdesaintjo.fr\/2025\/marrakech\/\",\"logo\":{\"@type\":\"ImageObject\",\"inLanguage\":\"fr-FR\",\"@id\":\"https:\/\/lavoixdesaintjo.fr\/2025\/marrakech\/#\/schema\/logo\/image\/\",\"url\":\"https:\/\/lavoixdesaintjo.fr\/2025\/marrakech\/wp-content\/uploads\/2025\/05\/logo-marrakech.webp\",\"contentUrl\":\"https:\/\/lavoixdesaintjo.fr\/2025\/marrakech\/wp-content\/uploads\/2025\/05\/logo-marrakech.webp\",\"width\":1024,\"height\":1024,\"caption\":\"\u00c0 la d\u00e9couverte de marrakech\"},\"image\":{\"@id\":\"https:\/\/lavoixdesaintjo.fr\/2025\/marrakech\/#\/schema\/logo\/image\/\"}}]}<\/script>\n<!-- \/ Yoast SEO plugin. -->","yoast_head_json":{"title":"Les 4 villes imp\u00e9riales du Maroc - \u00c0 la d\u00e9couverte de marrakech","robots":{"index":"index","follow":"follow","max-snippet":"max-snippet:-1","max-image-preview":"max-image-preview:large","max-video-preview":"max-video-preview:-1"},"canonical":"https:\/\/lavoixdesaintjo.fr\/2025\/marrakech\/les-villes-imperiales\/","og_locale":"fr_FR","og_type":"article","og_title":"Les 4 villes imp\u00e9riales du Maroc - \u00c0 la d\u00e9couverte de marrakech","og_description":"Le Maroc regorge de merveilles historiques, mais rien ne symbolise mieux son riche pass\u00e9 que ses 4 villes imp\u00e9riales : F\u00e8s, Marrakech, Mekn\u00e8s et Rabat. Ces cit\u00e9s embl\u00e9matiques ont toutes \u00e9t\u00e9 tour \u00e0 tour capitale du royaume et conservent aujourd\u2019hui un patrimoine exceptionnel m\u00ealant architecture mill\u00e9naire, monuments majestueux et ambiance unique ! F\u00e8s \u2013 La &hellip; Lire la suite de\u00ab\u00a0Les 4 villes imp\u00e9riales du Maroc\u00a0\u00bb","og_url":"https:\/\/lavoixdesaintjo.fr\/2025\/marrakech\/les-villes-imperiales\/","og_site_name":"\u00c0 la d\u00e9couverte de marrakech","article_modified_time":"2025-06-16T12:23:50+00:00","og_image":[{"width":474,"height":309,"url":"https:\/\/lavoixdesaintjo.fr\/2025\/marrakech\/wp-content\/uploads\/2025\/06\/fes.jpg","type":"image\/jpeg"}],"twitter_card":"summary_large_image","twitter_misc":{"Dur\u00e9e de lecture estim\u00e9e":"2 minutes"},"schema":{"@context":"https:\/\/schema.org","@graph":[{"@type":"WebPage","@id":"https:\/\/lavoixdesaintjo.fr\/2025\/marrakech\/les-villes-imperiales\/","url":"https:\/\/lavoixdesaintjo.fr\/2025\/marrakech\/les-villes-imperiales\/","name":"Les 4 villes imp\u00e9riales du Maroc - \u00c0 la d\u00e9couverte de marrakech","isPartOf":{"@id":"https:\/\/lavoixdesaintjo.fr\/2025\/marrakech\/#website"},"primaryImageOfPage":{"@id":"https:\/\/lavoixdesaintjo.fr\/2025\/marrakech\/les-villes-imperiales\/#primaryimage"},"image":{"@id":"https:\/\/lavoixdesaintjo.fr\/2025\/marrakech\/les-villes-imperiales\/#primaryimage"},"thumbnailUrl":"https:\/\/lavoixdesaintjo.fr\/2025\/marrakech\/wp-content\/uploads\/2025\/06\/fes.jpg","datePublished":"2025-05-20T08:53:21+00:00","dateModified":"2025-06-16T12:23:50+00:00","breadcrumb":{"@id":"https:\/\/lavoixdesaintjo.fr\/2025\/marrakech\/les-villes-imperiales\/#breadcrumb"},"inLanguage":"fr-FR","potentialAction":[{"@type":"ReadAction","target":["https:\/\/lavoixdesaintjo.fr\/2025\/marrakech\/les-villes-imperiales\/"]}]},{"@type":"ImageObject","inLanguage":"fr-FR","@id":"https:\/\/lavoixdesaintjo.fr\/2025\/marrakech\/les-villes-imperiales\/#primaryimage","url":"https:\/\/lavoixdesaintjo.fr\/2025\/marrakech\/wp-content\/uploads\/2025\/06\/fes.jpg","contentUrl":"https:\/\/lavoixdesaintjo.fr\/2025\/marrakech\/wp-content\/uploads\/2025\/06\/fes.jpg","width":474,"height":309},{"@type":"BreadcrumbList","@id":"https:\/\/lavoixdesaintjo.fr\/2025\/marrakech\/les-villes-imperiales\/#breadcrumb","itemListElement":[{"@type":"ListItem","position":1,"name":"Accueil","item":"https:\/\/lavoixdesaintjo.fr\/2025\/marrakech\/"},{"@type":"ListItem","position":2,"name":"Les 4 villes imp\u00e9riales du Maroc"}]},{"@type":"WebSite","@id":"https:\/\/lavoixdesaintjo.fr\/2025\/marrakech\/#website","url":"https:\/\/lavoixdesaintjo.fr\/2025\/marrakech\/","name":"\u00c0 la d\u00e9couverte de marrakech","description":"","publisher":{"@id":"https:\/\/lavoixdesaintjo.fr\/2025\/marrakech\/#organization"},"potentialAction":[{"@type":"SearchAction","target":{"@type":"EntryPoint","urlTemplate":"https:\/\/lavoixdesaintjo.fr\/2025\/marrakech\/?s={search_term_string}"},"query-input":{"@type":"PropertyValueSpecification","valueRequired":true,"valueName":"search_term_string"}}],"inLanguage":"fr-FR"},{"@type":"Organization","@id":"https:\/\/lavoixdesaintjo.fr\/2025\/marrakech\/#organization","name":"\u00c0 la d\u00e9couverte de marrakech","url":"https:\/\/lavoixdesaintjo.fr\/2025\/marrakech\/","logo":{"@type":"ImageObject","inLanguage":"fr-FR","@id":"https:\/\/lavoixdesaintjo.fr\/2025\/marrakech\/#\/schema\/logo\/image\/","url":"https:\/\/lavoixdesaintjo.fr\/2025\/marrakech\/wp-content\/uploads\/2025\/05\/logo-marrakech.webp","contentUrl":"https:\/\/lavoixdesaintjo.fr\/2025\/marrakech\/wp-content\/uploads\/2025\/05\/logo-marrakech.webp","width":1024,"height":1024,"caption":"\u00c0 la d\u00e9couverte de marrakech"},"image":{"@id":"https:\/\/lavoixdesaintjo.fr\/2025\/marrakech\/#\/schema\/logo\/image\/"}}]}},"_links":{"self":[{"href":"https:\/\/lavoixdesaintjo.fr\/2025\/marrakech\/wp-json\/wp\/v2\/pages\/120","targetHints":{"allow":["GET"]}}],"collection":[{"href":"https:\/\/lavoixdesaintjo.fr\/2025\/marrakech\/wp-json\/wp\/v2\/pages"}],"about":[{"href":"https:\/\/lavoixdesaintjo.fr\/2025\/marrakech\/wp-json\/wp\/v2\/types\/page"}],"author":[{"embeddable":true,"href":"https:\/\/lavoixdesaintjo.fr\/2025\/marrakech\/wp-json\/wp\/v2\/users\/1"}],"replies":[{"embeddable":true,"href":"https:\/\/lavoixdesaintjo.fr\/2025\/marrakech\/wp-json\/wp\/v2\/comments?post=120"}],"version-history":[{"count":6,"href":"https:\/\/lavoixdesaintjo.fr\/2025\/marrakech\/wp-json\/wp\/v2\/pages\/120\/revisions"}],"predecessor-version":[{"id":380,"href":"https:\/\/lavoixdesaintjo.fr\/2025\/marrakech\/wp-json\/wp\/v2\/pages\/120\/revisions\/380"}],"wp:attachment":[{"href":"https:\/\/lavoixdesaintjo.fr\/2025\/marrakech\/wp-json\/wp\/v2\/media?parent=120"}],"curies":[{"name":"wp","href":"https:\/\/api.w.org\/{rel}","templated":true}]}}