{"id":122,"date":"2025-05-20T10:53:49","date_gmt":"2025-05-20T08:53:49","guid":{"rendered":"https:\/\/lavoixdesaintjo.fr\/2025\/marrakech\/?page_id=122"},"modified":"2025-06-16T16:36:19","modified_gmt":"2025-06-16T14:36:19","slug":"la-route-du-miel","status":"publish","type":"page","link":"https:\/\/lavoixdesaintjo.fr\/2025\/marrakech\/la-route-du-miel\/","title":{"rendered":"La route du Miel"},"content":{"rendered":"\n<p>Au c\u0153ur des montagnes marocaines, loin des sentiers battus, <strong>la Route du Miel<\/strong> invite \u00e0 d\u00e9couvrir un patrimoine m\u00e9connu mais profond\u00e9ment enracin\u00e9 : <strong>l\u2019art de l\u2019apiculture traditionnelle<\/strong>. Entre vall\u00e9es verdoyantes, villages berb\u00e8res et montagnes parfum\u00e9es, ce parcours unique m\u00eale <strong>nature, culture et saveurs<\/strong>.<\/p>\n\n\n\n<hr class=\"wp-block-separator has-alpha-channel-opacity is-style-dots\"\/>\n\n\n\n<h2 class=\"wp-block-heading\">Une tradition mill\u00e9naire<\/h2>\n\n\n\n<div class=\"wp-block-media-text is-stacked-on-mobile\" style=\"grid-template-columns:36% auto\"><figure class=\"wp-block-media-text__media\"><img fetchpriority=\"high\" decoding=\"async\" width=\"612\" height=\"408\" src=\"https:\/\/lavoixdesaintjo.fr\/2025\/marrakech\/wp-content\/uploads\/2025\/06\/istockphoto-513982438-612x612-1.jpg\" alt=\"\" class=\"wp-image-473 size-full\" srcset=\"https:\/\/lavoixdesaintjo.fr\/2025\/marrakech\/wp-content\/uploads\/2025\/06\/istockphoto-513982438-612x612-1.jpg 612w, https:\/\/lavoixdesaintjo.fr\/2025\/marrakech\/wp-content\/uploads\/2025\/06\/istockphoto-513982438-612x612-1-300x200.jpg 300w\" sizes=\"(max-width: 612px) 100vw, 612px\" \/><\/figure><div class=\"wp-block-media-text__content\">\n<p>Depuis des si\u00e8cles, les communaut\u00e9s rurales du Maroc \u00e9l\u00e8vent des abeilles et produisent un miel d\u2019exception, reconnu pour ses vertus m\u00e9dicinales et sa puret\u00e9. On y r\u00e9colte des miels rares et parfum\u00e9s, issus de plantes locales : <strong>thym<\/strong>, <strong>arganier<\/strong>, <strong>lavande sauvage<\/strong>, <strong>euphorbe<\/strong> ou encore <strong>jujubier<\/strong>.<\/p>\n\n\n\n<p>L\u2019apiculture au Maroc ne se limite pas \u00e0 la production : elle refl\u00e8te un <strong>mode de vie durable<\/strong>, bas\u00e9 sur le respect de la nature et le savoir-faire ancestral transmis de g\u00e9n\u00e9ration en g\u00e9n\u00e9ration.<\/p>\n<\/div><\/div>\n\n\n\n<hr class=\"wp-block-separator has-alpha-channel-opacity\"\/>\n\n\n\n<h3 class=\"wp-block-heading\">Un itin\u00e9raire sensoriel<\/h3>\n\n\n\n<p>La Route du Miel traverse plusieurs r\u00e9gions propices \u00e0 l\u2019apiculture, notamment :<\/p>\n\n\n\n<ul class=\"wp-block-list\">\n<li><strong>Les montagnes du Haut Atlas<\/strong> (r\u00e9gion de Taroudant, Imouzzer, Ida Outanane)<\/li>\n\n\n\n<li><strong>Les vall\u00e9es du Rif<\/strong>, notamment autour de Chefchaouen<\/li>\n\n\n\n<li><strong>Les contreforts du Moyen Atlas<\/strong> (Azilal, B\u00e9ni Mellal)<\/li>\n<\/ul>\n\n\n\n<figure class=\"wp-block-gallery has-nested-images columns-default is-cropped wp-block-gallery-1 is-layout-flex wp-block-gallery-is-layout-flex\">\n<figure class=\"wp-block-image size-large\"><img decoding=\"async\" width=\"612\" height=\"407\" data-id=\"474\" src=\"https:\/\/lavoixdesaintjo.fr\/2025\/marrakech\/wp-content\/uploads\/2025\/06\/istockphoto-1388434358-612x612-1.jpg\" alt=\"\" class=\"wp-image-474\" srcset=\"https:\/\/lavoixdesaintjo.fr\/2025\/marrakech\/wp-content\/uploads\/2025\/06\/istockphoto-1388434358-612x612-1.jpg 612w, https:\/\/lavoixdesaintjo.fr\/2025\/marrakech\/wp-content\/uploads\/2025\/06\/istockphoto-1388434358-612x612-1-300x200.jpg 300w\" sizes=\"(max-width: 612px) 100vw, 612px\" \/><\/figure>\n\n\n\n<figure class=\"wp-block-image size-large\"><img decoding=\"async\" width=\"612\" height=\"408\" data-id=\"475\" src=\"https:\/\/lavoixdesaintjo.fr\/2025\/marrakech\/wp-content\/uploads\/2025\/06\/istockphoto-1262669837-612x612-1.jpg\" alt=\"\" class=\"wp-image-475\" srcset=\"https:\/\/lavoixdesaintjo.fr\/2025\/marrakech\/wp-content\/uploads\/2025\/06\/istockphoto-1262669837-612x612-1.jpg 612w, https:\/\/lavoixdesaintjo.fr\/2025\/marrakech\/wp-content\/uploads\/2025\/06\/istockphoto-1262669837-612x612-1-300x200.jpg 300w\" sizes=\"(max-width: 612px) 100vw, 612px\" \/><\/figure>\n\n\n\n<figure class=\"wp-block-image size-large\"><img loading=\"lazy\" decoding=\"async\" width=\"612\" height=\"408\" data-id=\"476\" src=\"https:\/\/lavoixdesaintjo.fr\/2025\/marrakech\/wp-content\/uploads\/2025\/06\/istockphoto-2188894362-612x612-1.jpg\" alt=\"\" class=\"wp-image-476\" srcset=\"https:\/\/lavoixdesaintjo.fr\/2025\/marrakech\/wp-content\/uploads\/2025\/06\/istockphoto-2188894362-612x612-1.jpg 612w, https:\/\/lavoixdesaintjo.fr\/2025\/marrakech\/wp-content\/uploads\/2025\/06\/istockphoto-2188894362-612x612-1-300x200.jpg 300w\" sizes=\"(max-width: 612px) 100vw, 612px\" \/><\/figure>\n<\/figure>\n\n\n\n<hr class=\"wp-block-separator has-alpha-channel-opacity\"\/>\n\n\n\n<p>Chaque \u00e9tape est l\u2019occasion de :<\/p>\n\n\n\n<p>\u2705 Rencontrer des apiculteurs passionn\u00e9s<br>\u2705 D\u00e9guster des miels purs et locaux<br>\u2705 Participer \u00e0 des ateliers de fabrication artisanale<br>\u2705 Explorer des paysages \u00e0 couper le souffle<br>\u2705 D\u00e9couvrir une agriculture durable et respectueuse de la biodiversit\u00e9<\/p>\n","protected":false},"excerpt":{"rendered":"<p>Au c\u0153ur des montagnes marocaines, loin des sentiers battus, la Route du Miel invite \u00e0 d\u00e9couvrir un patrimoine m\u00e9connu mais profond\u00e9ment enracin\u00e9 : l\u2019art de l\u2019apiculture traditionnelle. Entre vall\u00e9es verdoyantes, villages berb\u00e8res et montagnes parfum\u00e9es, ce parcours unique m\u00eale nature, culture et saveurs. Une tradition mill\u00e9naire Depuis des si\u00e8cles, les communaut\u00e9s rurales du Maroc \u00e9l\u00e8vent &hellip; <\/p>\n<p class=\"link-more\"><a href=\"https:\/\/lavoixdesaintjo.fr\/2025\/marrakech\/la-route-du-miel\/\" class=\"more-link\">Lire la suite de<span class=\"screen-reader-text\">\u00ab\u00a0La route du Miel\u00a0\u00bb<\/span><\/a><\/p>\n","protected":false},"author":1,"featured_media":470,"parent":0,"menu_order":0,"comment_status":"closed","ping_status":"closed","template":"","meta":{"_acf_changed":false,"footnotes":""},"class_list":["post-122","page","type-page","status-publish","has-post-thumbnail","hentry"],"acf":[],"yoast_head":"<!-- This site is optimized with the Yoast SEO plugin v25.1 - https:\/\/yoast.com\/wordpress\/plugins\/seo\/ -->\n<title>La route du Miel - \u00c0 la d\u00e9couverte de marrakech<\/title>\n<meta name=\"robots\" content=\"index, follow, max-snippet:-1, max-image-preview:large, max-video-preview:-1\" \/>\n<link rel=\"canonical\" href=\"https:\/\/lavoixdesaintjo.fr\/2025\/marrakech\/la-route-du-miel\/\" \/>\n<meta property=\"og:locale\" content=\"fr_FR\" \/>\n<meta property=\"og:type\" content=\"article\" \/>\n<meta property=\"og:title\" content=\"La route du Miel - \u00c0 la d\u00e9couverte de marrakech\" \/>\n<meta property=\"og:description\" content=\"Au c\u0153ur des montagnes marocaines, loin des sentiers battus, la Route du Miel invite \u00e0 d\u00e9couvrir un patrimoine m\u00e9connu mais profond\u00e9ment enracin\u00e9 : l\u2019art de l\u2019apiculture traditionnelle. Entre vall\u00e9es verdoyantes, villages berb\u00e8res et montagnes parfum\u00e9es, ce parcours unique m\u00eale nature, culture et saveurs. Une tradition mill\u00e9naire Depuis des si\u00e8cles, les communaut\u00e9s rurales du Maroc \u00e9l\u00e8vent &hellip; Lire la suite de\u00ab\u00a0La route du Miel\u00a0\u00bb\" \/>\n<meta property=\"og:url\" content=\"https:\/\/lavoixdesaintjo.fr\/2025\/marrakech\/la-route-du-miel\/\" \/>\n<meta property=\"og:site_name\" content=\"\u00c0 la d\u00e9couverte de marrakech\" \/>\n<meta property=\"article:modified_time\" content=\"2025-06-16T14:36:19+00:00\" \/>\n<meta property=\"og:image\" content=\"https:\/\/lavoixdesaintjo.fr\/2025\/marrakech\/wp-content\/uploads\/2025\/06\/istockphoto-464437698-612x612-1.jpg\" \/>\n\t<meta property=\"og:image:width\" content=\"612\" \/>\n\t<meta property=\"og:image:height\" content=\"409\" \/>\n\t<meta property=\"og:image:type\" content=\"image\/jpeg\" \/>\n<meta name=\"twitter:card\" content=\"summary_large_image\" \/>\n<meta name=\"twitter:label1\" content=\"Dur\u00e9e de lecture estim\u00e9e\" \/>\n\t<meta name=\"twitter:data1\" content=\"3 minutes\" \/>\n<script type=\"application\/ld+json\" class=\"yoast-schema-graph\">{\"@context\":\"https:\/\/schema.org\",\"@graph\":[{\"@type\":\"WebPage\",\"@id\":\"https:\/\/lavoixdesaintjo.fr\/2025\/marrakech\/la-route-du-miel\/\",\"url\":\"https:\/\/lavoixdesaintjo.fr\/2025\/marrakech\/la-route-du-miel\/\",\"name\":\"La route du Miel - \u00c0 la d\u00e9couverte de marrakech\",\"isPartOf\":{\"@id\":\"https:\/\/lavoixdesaintjo.fr\/2025\/marrakech\/#website\"},\"primaryImageOfPage\":{\"@id\":\"https:\/\/lavoixdesaintjo.fr\/2025\/marrakech\/la-route-du-miel\/#primaryimage\"},\"image\":{\"@id\":\"https:\/\/lavoixdesaintjo.fr\/2025\/marrakech\/la-route-du-miel\/#primaryimage\"},\"thumbnailUrl\":\"https:\/\/lavoixdesaintjo.fr\/2025\/marrakech\/wp-content\/uploads\/2025\/06\/istockphoto-464437698-612x612-1.jpg\",\"datePublished\":\"2025-05-20T08:53:49+00:00\",\"dateModified\":\"2025-06-16T14:36:19+00:00\",\"breadcrumb\":{\"@id\":\"https:\/\/lavoixdesaintjo.fr\/2025\/marrakech\/la-route-du-miel\/#breadcrumb\"},\"inLanguage\":\"fr-FR\",\"potentialAction\":[{\"@type\":\"ReadAction\",\"target\":[\"https:\/\/lavoixdesaintjo.fr\/2025\/marrakech\/la-route-du-miel\/\"]}]},{\"@type\":\"ImageObject\",\"inLanguage\":\"fr-FR\",\"@id\":\"https:\/\/lavoixdesaintjo.fr\/2025\/marrakech\/la-route-du-miel\/#primaryimage\",\"url\":\"https:\/\/lavoixdesaintjo.fr\/2025\/marrakech\/wp-content\/uploads\/2025\/06\/istockphoto-464437698-612x612-1.jpg\",\"contentUrl\":\"https:\/\/lavoixdesaintjo.fr\/2025\/marrakech\/wp-content\/uploads\/2025\/06\/istockphoto-464437698-612x612-1.jpg\",\"width\":612,\"height\":409,\"caption\":\"Ourika Valley, Atlas Mountains, Morocco\"},{\"@type\":\"BreadcrumbList\",\"@id\":\"https:\/\/lavoixdesaintjo.fr\/2025\/marrakech\/la-route-du-miel\/#breadcrumb\",\"itemListElement\":[{\"@type\":\"ListItem\",\"position\":1,\"name\":\"Accueil\",\"item\":\"https:\/\/lavoixdesaintjo.fr\/2025\/marrakech\/\"},{\"@type\":\"ListItem\",\"position\":2,\"name\":\"La route du Miel\"}]},{\"@type\":\"WebSite\",\"@id\":\"https:\/\/lavoixdesaintjo.fr\/2025\/marrakech\/#website\",\"url\":\"https:\/\/lavoixdesaintjo.fr\/2025\/marrakech\/\",\"name\":\"\u00c0 la d\u00e9couverte de marrakech\",\"description\":\"\",\"publisher\":{\"@id\":\"https:\/\/lavoixdesaintjo.fr\/2025\/marrakech\/#organization\"},\"potentialAction\":[{\"@type\":\"SearchAction\",\"target\":{\"@type\":\"EntryPoint\",\"urlTemplate\":\"https:\/\/lavoixdesaintjo.fr\/2025\/marrakech\/?s={search_term_string}\"},\"query-input\":{\"@type\":\"PropertyValueSpecification\",\"valueRequired\":true,\"valueName\":\"search_term_string\"}}],\"inLanguage\":\"fr-FR\"},{\"@type\":\"Organization\",\"@id\":\"https:\/\/lavoixdesaintjo.fr\/2025\/marrakech\/#organization\",\"name\":\"\u00c0 la d\u00e9couverte de marrakech\",\"url\":\"https:\/\/lavoixdesaintjo.fr\/2025\/marrakech\/\",\"logo\":{\"@type\":\"ImageObject\",\"inLanguage\":\"fr-FR\",\"@id\":\"https:\/\/lavoixdesaintjo.fr\/2025\/marrakech\/#\/schema\/logo\/image\/\",\"url\":\"https:\/\/lavoixdesaintjo.fr\/2025\/marrakech\/wp-content\/uploads\/2025\/05\/logo-marrakech.webp\",\"contentUrl\":\"https:\/\/lavoixdesaintjo.fr\/2025\/marrakech\/wp-content\/uploads\/2025\/05\/logo-marrakech.webp\",\"width\":1024,\"height\":1024,\"caption\":\"\u00c0 la d\u00e9couverte de marrakech\"},\"image\":{\"@id\":\"https:\/\/lavoixdesaintjo.fr\/2025\/marrakech\/#\/schema\/logo\/image\/\"}}]}<\/script>\n<!-- \/ Yoast SEO plugin. -->","yoast_head_json":{"title":"La route du Miel - \u00c0 la d\u00e9couverte de marrakech","robots":{"index":"index","follow":"follow","max-snippet":"max-snippet:-1","max-image-preview":"max-image-preview:large","max-video-preview":"max-video-preview:-1"},"canonical":"https:\/\/lavoixdesaintjo.fr\/2025\/marrakech\/la-route-du-miel\/","og_locale":"fr_FR","og_type":"article","og_title":"La route du Miel - \u00c0 la d\u00e9couverte de marrakech","og_description":"Au c\u0153ur des montagnes marocaines, loin des sentiers battus, la Route du Miel invite \u00e0 d\u00e9couvrir un patrimoine m\u00e9connu mais profond\u00e9ment enracin\u00e9 : l\u2019art de l\u2019apiculture traditionnelle. Entre vall\u00e9es verdoyantes, villages berb\u00e8res et montagnes parfum\u00e9es, ce parcours unique m\u00eale nature, culture et saveurs. Une tradition mill\u00e9naire Depuis des si\u00e8cles, les communaut\u00e9s rurales du Maroc \u00e9l\u00e8vent &hellip; Lire la suite de\u00ab\u00a0La route du Miel\u00a0\u00bb","og_url":"https:\/\/lavoixdesaintjo.fr\/2025\/marrakech\/la-route-du-miel\/","og_site_name":"\u00c0 la d\u00e9couverte de marrakech","article_modified_time":"2025-06-16T14:36:19+00:00","og_image":[{"width":612,"height":409,"url":"https:\/\/lavoixdesaintjo.fr\/2025\/marrakech\/wp-content\/uploads\/2025\/06\/istockphoto-464437698-612x612-1.jpg","type":"image\/jpeg"}],"twitter_card":"summary_large_image","twitter_misc":{"Dur\u00e9e de lecture estim\u00e9e":"3 minutes"},"schema":{"@context":"https:\/\/schema.org","@graph":[{"@type":"WebPage","@id":"https:\/\/lavoixdesaintjo.fr\/2025\/marrakech\/la-route-du-miel\/","url":"https:\/\/lavoixdesaintjo.fr\/2025\/marrakech\/la-route-du-miel\/","name":"La route du Miel - \u00c0 la d\u00e9couverte de marrakech","isPartOf":{"@id":"https:\/\/lavoixdesaintjo.fr\/2025\/marrakech\/#website"},"primaryImageOfPage":{"@id":"https:\/\/lavoixdesaintjo.fr\/2025\/marrakech\/la-route-du-miel\/#primaryimage"},"image":{"@id":"https:\/\/lavoixdesaintjo.fr\/2025\/marrakech\/la-route-du-miel\/#primaryimage"},"thumbnailUrl":"https:\/\/lavoixdesaintjo.fr\/2025\/marrakech\/wp-content\/uploads\/2025\/06\/istockphoto-464437698-612x612-1.jpg","datePublished":"2025-05-20T08:53:49+00:00","dateModified":"2025-06-16T14:36:19+00:00","breadcrumb":{"@id":"https:\/\/lavoixdesaintjo.fr\/2025\/marrakech\/la-route-du-miel\/#breadcrumb"},"inLanguage":"fr-FR","potentialAction":[{"@type":"ReadAction","target":["https:\/\/lavoixdesaintjo.fr\/2025\/marrakech\/la-route-du-miel\/"]}]},{"@type":"ImageObject","inLanguage":"fr-FR","@id":"https:\/\/lavoixdesaintjo.fr\/2025\/marrakech\/la-route-du-miel\/#primaryimage","url":"https:\/\/lavoixdesaintjo.fr\/2025\/marrakech\/wp-content\/uploads\/2025\/06\/istockphoto-464437698-612x612-1.jpg","contentUrl":"https:\/\/lavoixdesaintjo.fr\/2025\/marrakech\/wp-content\/uploads\/2025\/06\/istockphoto-464437698-612x612-1.jpg","width":612,"height":409,"caption":"Ourika Valley, Atlas Mountains, Morocco"},{"@type":"BreadcrumbList","@id":"https:\/\/lavoixdesaintjo.fr\/2025\/marrakech\/la-route-du-miel\/#breadcrumb","itemListElement":[{"@type":"ListItem","position":1,"name":"Accueil","item":"https:\/\/lavoixdesaintjo.fr\/2025\/marrakech\/"},{"@type":"ListItem","position":2,"name":"La route du Miel"}]},{"@type":"WebSite","@id":"https:\/\/lavoixdesaintjo.fr\/2025\/marrakech\/#website","url":"https:\/\/lavoixdesaintjo.fr\/2025\/marrakech\/","name":"\u00c0 la d\u00e9couverte de marrakech","description":"","publisher":{"@id":"https:\/\/lavoixdesaintjo.fr\/2025\/marrakech\/#organization"},"potentialAction":[{"@type":"SearchAction","target":{"@type":"EntryPoint","urlTemplate":"https:\/\/lavoixdesaintjo.fr\/2025\/marrakech\/?s={search_term_string}"},"query-input":{"@type":"PropertyValueSpecification","valueRequired":true,"valueName":"search_term_string"}}],"inLanguage":"fr-FR"},{"@type":"Organization","@id":"https:\/\/lavoixdesaintjo.fr\/2025\/marrakech\/#organization","name":"\u00c0 la d\u00e9couverte de marrakech","url":"https:\/\/lavoixdesaintjo.fr\/2025\/marrakech\/","logo":{"@type":"ImageObject","inLanguage":"fr-FR","@id":"https:\/\/lavoixdesaintjo.fr\/2025\/marrakech\/#\/schema\/logo\/image\/","url":"https:\/\/lavoixdesaintjo.fr\/2025\/marrakech\/wp-content\/uploads\/2025\/05\/logo-marrakech.webp","contentUrl":"https:\/\/lavoixdesaintjo.fr\/2025\/marrakech\/wp-content\/uploads\/2025\/05\/logo-marrakech.webp","width":1024,"height":1024,"caption":"\u00c0 la d\u00e9couverte de marrakech"},"image":{"@id":"https:\/\/lavoixdesaintjo.fr\/2025\/marrakech\/#\/schema\/logo\/image\/"}}]}},"_links":{"self":[{"href":"https:\/\/lavoixdesaintjo.fr\/2025\/marrakech\/wp-json\/wp\/v2\/pages\/122","targetHints":{"allow":["GET"]}}],"collection":[{"href":"https:\/\/lavoixdesaintjo.fr\/2025\/marrakech\/wp-json\/wp\/v2\/pages"}],"about":[{"href":"https:\/\/lavoixdesaintjo.fr\/2025\/marrakech\/wp-json\/wp\/v2\/types\/page"}],"author":[{"embeddable":true,"href":"https:\/\/lavoixdesaintjo.fr\/2025\/marrakech\/wp-json\/wp\/v2\/users\/1"}],"replies":[{"embeddable":true,"href":"https:\/\/lavoixdesaintjo.fr\/2025\/marrakech\/wp-json\/wp\/v2\/comments?post=122"}],"version-history":[{"count":2,"href":"https:\/\/lavoixdesaintjo.fr\/2025\/marrakech\/wp-json\/wp\/v2\/pages\/122\/revisions"}],"predecessor-version":[{"id":477,"href":"https:\/\/lavoixdesaintjo.fr\/2025\/marrakech\/wp-json\/wp\/v2\/pages\/122\/revisions\/477"}],"wp:featuredmedia":[{"embeddable":true,"href":"https:\/\/lavoixdesaintjo.fr\/2025\/marrakech\/wp-json\/wp\/v2\/media\/470"}],"wp:attachment":[{"href":"https:\/\/lavoixdesaintjo.fr\/2025\/marrakech\/wp-json\/wp\/v2\/media?parent=122"}],"curies":[{"name":"wp","href":"https:\/\/api.w.org\/{rel}","templated":true}]}}