{"id":128,"date":"2025-05-20T10:54:56","date_gmt":"2025-05-20T08:54:56","guid":{"rendered":"https:\/\/lavoixdesaintjo.fr\/2025\/marrakech\/?page_id=128"},"modified":"2025-06-16T16:27:07","modified_gmt":"2025-06-16T14:27:07","slug":"la-route-des-1000-kasbahs","status":"publish","type":"page","link":"https:\/\/lavoixdesaintjo.fr\/2025\/marrakech\/la-route-des-1000-kasbahs\/","title":{"rendered":"La Route des 1000 Kasbahs"},"content":{"rendered":"\n<div class=\"wp-block-columns is-layout-flex wp-container-core-columns-is-layout-28f84493 wp-block-columns-is-layout-flex\">\n<div class=\"wp-block-column is-layout-flow wp-block-column-is-layout-flow\">\n<figure class=\"wp-block-image size-full\"><img fetchpriority=\"high\" decoding=\"async\" width=\"474\" height=\"316\" src=\"https:\/\/lavoixdesaintjo.fr\/2025\/marrakech\/wp-content\/uploads\/2025\/06\/dromadaire-1.jpg\" alt=\"\" class=\"wp-image-459\" srcset=\"https:\/\/lavoixdesaintjo.fr\/2025\/marrakech\/wp-content\/uploads\/2025\/06\/dromadaire-1.jpg 474w, https:\/\/lavoixdesaintjo.fr\/2025\/marrakech\/wp-content\/uploads\/2025\/06\/dromadaire-1-300x200.jpg 300w\" sizes=\"(max-width: 474px) 100vw, 474px\" \/><\/figure>\n<\/div>\n\n\n\n<div class=\"wp-block-column is-layout-flow wp-block-column-is-layout-flow\">\n<figure class=\"wp-block-image size-full is-resized\"><img decoding=\"async\" width=\"474\" height=\"355\" src=\"https:\/\/lavoixdesaintjo.fr\/2025\/marrakech\/wp-content\/uploads\/2025\/06\/voiture-route-1000.jpg\" alt=\"\" class=\"wp-image-465\" style=\"width:430px;height:auto\" srcset=\"https:\/\/lavoixdesaintjo.fr\/2025\/marrakech\/wp-content\/uploads\/2025\/06\/voiture-route-1000.jpg 474w, https:\/\/lavoixdesaintjo.fr\/2025\/marrakech\/wp-content\/uploads\/2025\/06\/voiture-route-1000-300x225.jpg 300w\" sizes=\"(max-width: 474px) 100vw, 474px\" \/><\/figure>\n<\/div>\n<\/div>\n\n\n\n<h2 class=\"wp-block-heading\">La Route des 1000 Kasbahs : un voyage au c\u0153ur du sud marocain<\/h2>\n\n\n\n<p>La <strong>Route des 1000 Kasbahs<\/strong> est l\u2019un des plus beaux itin\u00e9raires touristiques du Maroc. Elle traverse les vall\u00e9es, les oasis et les villages fortifi\u00e9s du sud, entre les montagnes de l\u2019Atlas et les premi\u00e8res dunes du Sahara. Ce parcours mythique relie souvent <strong>Ouarzazate \u00e0 Merzouga<\/strong>, en passant par <strong>Skoura<\/strong>, <strong>la Vall\u00e9e des Roses<\/strong>, <strong>les gorges du Dad\u00e8s et du Todgha<\/strong>, et bien d\u2019autres merveilles.<\/p>\n\n\n\n<h3 class=\"wp-block-heading\">Pourquoi ce nom ?<\/h3>\n\n\n\n<p>Parce que cette r\u00e9gion est parsem\u00e9e de <strong>kasbahs<\/strong>, ces forteresses en terre battue typiques du sud marocain, construites par les tribus berb\u00e8res pour se prot\u00e9ger des invasions et des conditions du d\u00e9sert. Certaines sont en ruines, d\u2019autres restaur\u00e9es, mais toutes racontent une histoire.<\/p>\n\n\n\n<h2 class=\"wp-block-heading\">Ce que vous pouvez d\u00e9couvrir sur la route :<\/h2>\n\n\n\n<ul class=\"wp-block-list\">\n<li><strong>La kasbah d\u2019A\u00eft Ben Haddou<\/strong> : class\u00e9e \u00e0 l\u2019UNESCO, un joyau architectural souvent utilis\u00e9 dans les films.<\/li>\n\n\n\n<li><strong>La palmeraie de Skoura<\/strong> : oasis verdoyante au milieu des kasbahs.<\/li>\n\n\n\n<li><strong>La Vall\u00e9e des Roses<\/strong> : connue pour ses cultures de roses au printemps et ses paysages envo\u00fbtants.<\/li>\n\n\n\n<li><strong>Les gorges du Dad\u00e8s et du Todgha<\/strong> : spectaculaires canyons aux falaises rouges.<\/li>\n\n\n\n<li><strong>Le d\u00e9sert de Merzouga<\/strong> : avec ses immenses dunes dor\u00e9es et ses bivouacs nomades.<\/li>\n<\/ul>\n\n\n\n<p>C\u2019est une route parfaite pour un <strong>road trip en 4&#215;4 ou avec chauffeur-guide<\/strong>, en plusieurs jours. Elle permet de vivre une <strong>immersion dans la culture berb\u00e8re<\/strong>, de dormir dans des kasbahs-h\u00f4tels, et de go\u00fbter \u00e0 la cuisine locale tout en traversant des paysages \u00e0 couper le souffle.<\/p>\n\n\n\n<figure class=\"wp-block-image aligncenter size-full is-resized\"><img decoding=\"async\" width=\"418\" height=\"255\" src=\"https:\/\/lavoixdesaintjo.fr\/2025\/marrakech\/wp-content\/uploads\/2025\/06\/itineraire-route-des-1000.jpg\" alt=\"\" class=\"wp-image-469\" style=\"width:542px;height:auto\" srcset=\"https:\/\/lavoixdesaintjo.fr\/2025\/marrakech\/wp-content\/uploads\/2025\/06\/itineraire-route-des-1000.jpg 418w, https:\/\/lavoixdesaintjo.fr\/2025\/marrakech\/wp-content\/uploads\/2025\/06\/itineraire-route-des-1000-300x183.jpg 300w\" sizes=\"(max-width: 418px) 100vw, 418px\" \/><figcaption class=\"wp-element-caption\">Itin\u00e9raire de la Route des 1000 Kasbahs<\/figcaption><\/figure>\n","protected":false},"excerpt":{"rendered":"<p>La Route des 1000 Kasbahs : un voyage au c\u0153ur du sud marocain La Route des 1000 Kasbahs est l\u2019un des plus beaux itin\u00e9raires touristiques du Maroc. Elle traverse les vall\u00e9es, les oasis et les villages fortifi\u00e9s du sud, entre les montagnes de l\u2019Atlas et les premi\u00e8res dunes du Sahara. Ce parcours mythique relie souvent &hellip; <\/p>\n<p class=\"link-more\"><a href=\"https:\/\/lavoixdesaintjo.fr\/2025\/marrakech\/la-route-des-1000-kasbahs\/\" class=\"more-link\">Lire la suite de<span class=\"screen-reader-text\">\u00ab\u00a0La Route des 1000 Kasbahs\u00a0\u00bb<\/span><\/a><\/p>\n","protected":false},"author":1,"featured_media":0,"parent":0,"menu_order":0,"comment_status":"closed","ping_status":"closed","template":"","meta":{"_acf_changed":false,"footnotes":""},"class_list":["post-128","page","type-page","status-publish","hentry"],"acf":[],"yoast_head":"<!-- This site is optimized with the Yoast SEO plugin v25.1 - https:\/\/yoast.com\/wordpress\/plugins\/seo\/ -->\n<title>La Route des 1000 Kasbahs - \u00c0 la d\u00e9couverte de marrakech<\/title>\n<meta name=\"robots\" content=\"index, follow, max-snippet:-1, max-image-preview:large, max-video-preview:-1\" \/>\n<link rel=\"canonical\" href=\"https:\/\/lavoixdesaintjo.fr\/2025\/marrakech\/la-route-des-1000-kasbahs\/\" \/>\n<meta property=\"og:locale\" content=\"fr_FR\" \/>\n<meta property=\"og:type\" content=\"article\" \/>\n<meta property=\"og:title\" content=\"La Route des 1000 Kasbahs - \u00c0 la d\u00e9couverte de marrakech\" \/>\n<meta property=\"og:description\" content=\"La Route des 1000 Kasbahs : un voyage au c\u0153ur du sud marocain La Route des 1000 Kasbahs est l\u2019un des plus beaux itin\u00e9raires touristiques du Maroc. Elle traverse les vall\u00e9es, les oasis et les villages fortifi\u00e9s du sud, entre les montagnes de l\u2019Atlas et les premi\u00e8res dunes du Sahara. Ce parcours mythique relie souvent &hellip; Lire la suite de\u00ab\u00a0La Route des 1000 Kasbahs\u00a0\u00bb\" \/>\n<meta property=\"og:url\" content=\"https:\/\/lavoixdesaintjo.fr\/2025\/marrakech\/la-route-des-1000-kasbahs\/\" \/>\n<meta property=\"og:site_name\" content=\"\u00c0 la d\u00e9couverte de marrakech\" \/>\n<meta property=\"article:modified_time\" content=\"2025-06-16T14:27:07+00:00\" \/>\n<meta property=\"og:image\" content=\"https:\/\/lavoixdesaintjo.fr\/2025\/marrakech\/wp-content\/uploads\/2025\/06\/dromadaire-1.jpg\" \/>\n\t<meta property=\"og:image:width\" content=\"474\" \/>\n\t<meta property=\"og:image:height\" content=\"316\" \/>\n\t<meta property=\"og:image:type\" content=\"image\/jpeg\" \/>\n<meta name=\"twitter:card\" content=\"summary_large_image\" \/>\n<meta name=\"twitter:label1\" content=\"Dur\u00e9e de lecture estim\u00e9e\" \/>\n\t<meta name=\"twitter:data1\" content=\"2 minutes\" \/>\n<script type=\"application\/ld+json\" class=\"yoast-schema-graph\">{\"@context\":\"https:\/\/schema.org\",\"@graph\":[{\"@type\":\"WebPage\",\"@id\":\"https:\/\/lavoixdesaintjo.fr\/2025\/marrakech\/la-route-des-1000-kasbahs\/\",\"url\":\"https:\/\/lavoixdesaintjo.fr\/2025\/marrakech\/la-route-des-1000-kasbahs\/\",\"name\":\"La Route des 1000 Kasbahs - \u00c0 la d\u00e9couverte de marrakech\",\"isPartOf\":{\"@id\":\"https:\/\/lavoixdesaintjo.fr\/2025\/marrakech\/#website\"},\"primaryImageOfPage\":{\"@id\":\"https:\/\/lavoixdesaintjo.fr\/2025\/marrakech\/la-route-des-1000-kasbahs\/#primaryimage\"},\"image\":{\"@id\":\"https:\/\/lavoixdesaintjo.fr\/2025\/marrakech\/la-route-des-1000-kasbahs\/#primaryimage\"},\"thumbnailUrl\":\"https:\/\/lavoixdesaintjo.fr\/2025\/marrakech\/wp-content\/uploads\/2025\/06\/dromadaire-1.jpg\",\"datePublished\":\"2025-05-20T08:54:56+00:00\",\"dateModified\":\"2025-06-16T14:27:07+00:00\",\"breadcrumb\":{\"@id\":\"https:\/\/lavoixdesaintjo.fr\/2025\/marrakech\/la-route-des-1000-kasbahs\/#breadcrumb\"},\"inLanguage\":\"fr-FR\",\"potentialAction\":[{\"@type\":\"ReadAction\",\"target\":[\"https:\/\/lavoixdesaintjo.fr\/2025\/marrakech\/la-route-des-1000-kasbahs\/\"]}]},{\"@type\":\"ImageObject\",\"inLanguage\":\"fr-FR\",\"@id\":\"https:\/\/lavoixdesaintjo.fr\/2025\/marrakech\/la-route-des-1000-kasbahs\/#primaryimage\",\"url\":\"https:\/\/lavoixdesaintjo.fr\/2025\/marrakech\/wp-content\/uploads\/2025\/06\/dromadaire-1.jpg\",\"contentUrl\":\"https:\/\/lavoixdesaintjo.fr\/2025\/marrakech\/wp-content\/uploads\/2025\/06\/dromadaire-1.jpg\",\"width\":474,\"height\":316},{\"@type\":\"BreadcrumbList\",\"@id\":\"https:\/\/lavoixdesaintjo.fr\/2025\/marrakech\/la-route-des-1000-kasbahs\/#breadcrumb\",\"itemListElement\":[{\"@type\":\"ListItem\",\"position\":1,\"name\":\"Accueil\",\"item\":\"https:\/\/lavoixdesaintjo.fr\/2025\/marrakech\/\"},{\"@type\":\"ListItem\",\"position\":2,\"name\":\"La Route des 1000 Kasbahs\"}]},{\"@type\":\"WebSite\",\"@id\":\"https:\/\/lavoixdesaintjo.fr\/2025\/marrakech\/#website\",\"url\":\"https:\/\/lavoixdesaintjo.fr\/2025\/marrakech\/\",\"name\":\"\u00c0 la d\u00e9couverte de marrakech\",\"description\":\"\",\"publisher\":{\"@id\":\"https:\/\/lavoixdesaintjo.fr\/2025\/marrakech\/#organization\"},\"potentialAction\":[{\"@type\":\"SearchAction\",\"target\":{\"@type\":\"EntryPoint\",\"urlTemplate\":\"https:\/\/lavoixdesaintjo.fr\/2025\/marrakech\/?s={search_term_string}\"},\"query-input\":{\"@type\":\"PropertyValueSpecification\",\"valueRequired\":true,\"valueName\":\"search_term_string\"}}],\"inLanguage\":\"fr-FR\"},{\"@type\":\"Organization\",\"@id\":\"https:\/\/lavoixdesaintjo.fr\/2025\/marrakech\/#organization\",\"name\":\"\u00c0 la d\u00e9couverte de marrakech\",\"url\":\"https:\/\/lavoixdesaintjo.fr\/2025\/marrakech\/\",\"logo\":{\"@type\":\"ImageObject\",\"inLanguage\":\"fr-FR\",\"@id\":\"https:\/\/lavoixdesaintjo.fr\/2025\/marrakech\/#\/schema\/logo\/image\/\",\"url\":\"https:\/\/lavoixdesaintjo.fr\/2025\/marrakech\/wp-content\/uploads\/2025\/05\/logo-marrakech.webp\",\"contentUrl\":\"https:\/\/lavoixdesaintjo.fr\/2025\/marrakech\/wp-content\/uploads\/2025\/05\/logo-marrakech.webp\",\"width\":1024,\"height\":1024,\"caption\":\"\u00c0 la d\u00e9couverte de marrakech\"},\"image\":{\"@id\":\"https:\/\/lavoixdesaintjo.fr\/2025\/marrakech\/#\/schema\/logo\/image\/\"}}]}<\/script>\n<!-- \/ Yoast SEO plugin. -->","yoast_head_json":{"title":"La Route des 1000 Kasbahs - \u00c0 la d\u00e9couverte de marrakech","robots":{"index":"index","follow":"follow","max-snippet":"max-snippet:-1","max-image-preview":"max-image-preview:large","max-video-preview":"max-video-preview:-1"},"canonical":"https:\/\/lavoixdesaintjo.fr\/2025\/marrakech\/la-route-des-1000-kasbahs\/","og_locale":"fr_FR","og_type":"article","og_title":"La Route des 1000 Kasbahs - \u00c0 la d\u00e9couverte de marrakech","og_description":"La Route des 1000 Kasbahs : un voyage au c\u0153ur du sud marocain La Route des 1000 Kasbahs est l\u2019un des plus beaux itin\u00e9raires touristiques du Maroc. Elle traverse les vall\u00e9es, les oasis et les villages fortifi\u00e9s du sud, entre les montagnes de l\u2019Atlas et les premi\u00e8res dunes du Sahara. Ce parcours mythique relie souvent &hellip; Lire la suite de\u00ab\u00a0La Route des 1000 Kasbahs\u00a0\u00bb","og_url":"https:\/\/lavoixdesaintjo.fr\/2025\/marrakech\/la-route-des-1000-kasbahs\/","og_site_name":"\u00c0 la d\u00e9couverte de marrakech","article_modified_time":"2025-06-16T14:27:07+00:00","og_image":[{"width":474,"height":316,"url":"https:\/\/lavoixdesaintjo.fr\/2025\/marrakech\/wp-content\/uploads\/2025\/06\/dromadaire-1.jpg","type":"image\/jpeg"}],"twitter_card":"summary_large_image","twitter_misc":{"Dur\u00e9e de lecture estim\u00e9e":"2 minutes"},"schema":{"@context":"https:\/\/schema.org","@graph":[{"@type":"WebPage","@id":"https:\/\/lavoixdesaintjo.fr\/2025\/marrakech\/la-route-des-1000-kasbahs\/","url":"https:\/\/lavoixdesaintjo.fr\/2025\/marrakech\/la-route-des-1000-kasbahs\/","name":"La Route des 1000 Kasbahs - \u00c0 la d\u00e9couverte de marrakech","isPartOf":{"@id":"https:\/\/lavoixdesaintjo.fr\/2025\/marrakech\/#website"},"primaryImageOfPage":{"@id":"https:\/\/lavoixdesaintjo.fr\/2025\/marrakech\/la-route-des-1000-kasbahs\/#primaryimage"},"image":{"@id":"https:\/\/lavoixdesaintjo.fr\/2025\/marrakech\/la-route-des-1000-kasbahs\/#primaryimage"},"thumbnailUrl":"https:\/\/lavoixdesaintjo.fr\/2025\/marrakech\/wp-content\/uploads\/2025\/06\/dromadaire-1.jpg","datePublished":"2025-05-20T08:54:56+00:00","dateModified":"2025-06-16T14:27:07+00:00","breadcrumb":{"@id":"https:\/\/lavoixdesaintjo.fr\/2025\/marrakech\/la-route-des-1000-kasbahs\/#breadcrumb"},"inLanguage":"fr-FR","potentialAction":[{"@type":"ReadAction","target":["https:\/\/lavoixdesaintjo.fr\/2025\/marrakech\/la-route-des-1000-kasbahs\/"]}]},{"@type":"ImageObject","inLanguage":"fr-FR","@id":"https:\/\/lavoixdesaintjo.fr\/2025\/marrakech\/la-route-des-1000-kasbahs\/#primaryimage","url":"https:\/\/lavoixdesaintjo.fr\/2025\/marrakech\/wp-content\/uploads\/2025\/06\/dromadaire-1.jpg","contentUrl":"https:\/\/lavoixdesaintjo.fr\/2025\/marrakech\/wp-content\/uploads\/2025\/06\/dromadaire-1.jpg","width":474,"height":316},{"@type":"BreadcrumbList","@id":"https:\/\/lavoixdesaintjo.fr\/2025\/marrakech\/la-route-des-1000-kasbahs\/#breadcrumb","itemListElement":[{"@type":"ListItem","position":1,"name":"Accueil","item":"https:\/\/lavoixdesaintjo.fr\/2025\/marrakech\/"},{"@type":"ListItem","position":2,"name":"La Route des 1000 Kasbahs"}]},{"@type":"WebSite","@id":"https:\/\/lavoixdesaintjo.fr\/2025\/marrakech\/#website","url":"https:\/\/lavoixdesaintjo.fr\/2025\/marrakech\/","name":"\u00c0 la d\u00e9couverte de marrakech","description":"","publisher":{"@id":"https:\/\/lavoixdesaintjo.fr\/2025\/marrakech\/#organization"},"potentialAction":[{"@type":"SearchAction","target":{"@type":"EntryPoint","urlTemplate":"https:\/\/lavoixdesaintjo.fr\/2025\/marrakech\/?s={search_term_string}"},"query-input":{"@type":"PropertyValueSpecification","valueRequired":true,"valueName":"search_term_string"}}],"inLanguage":"fr-FR"},{"@type":"Organization","@id":"https:\/\/lavoixdesaintjo.fr\/2025\/marrakech\/#organization","name":"\u00c0 la d\u00e9couverte de marrakech","url":"https:\/\/lavoixdesaintjo.fr\/2025\/marrakech\/","logo":{"@type":"ImageObject","inLanguage":"fr-FR","@id":"https:\/\/lavoixdesaintjo.fr\/2025\/marrakech\/#\/schema\/logo\/image\/","url":"https:\/\/lavoixdesaintjo.fr\/2025\/marrakech\/wp-content\/uploads\/2025\/05\/logo-marrakech.webp","contentUrl":"https:\/\/lavoixdesaintjo.fr\/2025\/marrakech\/wp-content\/uploads\/2025\/05\/logo-marrakech.webp","width":1024,"height":1024,"caption":"\u00c0 la d\u00e9couverte de marrakech"},"image":{"@id":"https:\/\/lavoixdesaintjo.fr\/2025\/marrakech\/#\/schema\/logo\/image\/"}}]}},"_links":{"self":[{"href":"https:\/\/lavoixdesaintjo.fr\/2025\/marrakech\/wp-json\/wp\/v2\/pages\/128","targetHints":{"allow":["GET"]}}],"collection":[{"href":"https:\/\/lavoixdesaintjo.fr\/2025\/marrakech\/wp-json\/wp\/v2\/pages"}],"about":[{"href":"https:\/\/lavoixdesaintjo.fr\/2025\/marrakech\/wp-json\/wp\/v2\/types\/page"}],"author":[{"embeddable":true,"href":"https:\/\/lavoixdesaintjo.fr\/2025\/marrakech\/wp-json\/wp\/v2\/users\/1"}],"replies":[{"embeddable":true,"href":"https:\/\/lavoixdesaintjo.fr\/2025\/marrakech\/wp-json\/wp\/v2\/comments?post=128"}],"version-history":[{"count":3,"href":"https:\/\/lavoixdesaintjo.fr\/2025\/marrakech\/wp-json\/wp\/v2\/pages\/128\/revisions"}],"predecessor-version":[{"id":471,"href":"https:\/\/lavoixdesaintjo.fr\/2025\/marrakech\/wp-json\/wp\/v2\/pages\/128\/revisions\/471"}],"wp:attachment":[{"href":"https:\/\/lavoixdesaintjo.fr\/2025\/marrakech\/wp-json\/wp\/v2\/media?parent=128"}],"curies":[{"name":"wp","href":"https:\/\/api.w.org\/{rel}","templated":true}]}}