{"id":136,"date":"2025-05-20T10:56:40","date_gmt":"2025-05-20T08:56:40","guid":{"rendered":"https:\/\/lavoixdesaintjo.fr\/2025\/marrakech\/?page_id=136"},"modified":"2025-06-16T14:59:39","modified_gmt":"2025-06-16T12:59:39","slug":"evenements","status":"publish","type":"page","link":"https:\/\/lavoixdesaintjo.fr\/2025\/marrakech\/evenements\/","title":{"rendered":"Les incontournables de Marrakech"},"content":{"rendered":"\n<p>Marrakech, la \u00ab ville rouge \u00bb aux mille facettes, ne cesse de vibrer au rythme de ses \u00e9v\u00e9nements culturels, sportifs et festifs tout au long de l\u2019ann\u00e9e. Que vous soyez passionn\u00e9 de cin\u00e9ma, amateur de musique, ou curieux de d\u00e9couvrir les traditions locales, Marrakech vous offre un calendrier riche en exp\u00e9riences uniques. Des festivals internationaux aux f\u00eates traditionnelles, chaque \u00e9v\u00e9nement est une occasion de plonger au c\u0153ur de l\u2019\u00e2me marocaine et de vivre des moments inoubliables.<\/p>\n\n\n\n<div style=\"height:100px\" aria-hidden=\"true\" class=\"wp-block-spacer\"><\/div>\n\n\n\n<div class=\"wp-block-columns is-layout-flex wp-container-core-columns-is-layout-28f84493 wp-block-columns-is-layout-flex\">\n<div class=\"wp-block-column is-layout-flow wp-block-column-is-layout-flow\">\n<h3 class=\"wp-block-heading\">Marrakech Marathon<\/h3>\n\n\n\n<p><strong>Quand ?<\/strong> En janvier ou f\u00e9vrier<br>Course sportive ouverte \u00e0 tous, le marathon traverse les quartiers embl\u00e9matiques de la ville, m\u00ealant effort physique et d\u00e9couverte du patrimoine. L\u2019ambiance festive et conviviale en fait un \u00e9v\u00e9nement appr\u00e9ci\u00e9 des coureurs locaux et internationaux.<\/p>\n<\/div>\n\n\n\n<div class=\"wp-block-column is-layout-flow wp-block-column-is-layout-flow\">\n<figure class=\"wp-block-image size-full is-resized\"><img fetchpriority=\"high\" decoding=\"async\" width=\"474\" height=\"316\" src=\"https:\/\/lavoixdesaintjo.fr\/2025\/marrakech\/wp-content\/uploads\/2025\/06\/marathon-marrakech.jpg\" alt=\"\" class=\"wp-image-383\" style=\"width:434px;height:auto\" srcset=\"https:\/\/lavoixdesaintjo.fr\/2025\/marrakech\/wp-content\/uploads\/2025\/06\/marathon-marrakech.jpg 474w, https:\/\/lavoixdesaintjo.fr\/2025\/marrakech\/wp-content\/uploads\/2025\/06\/marathon-marrakech-300x200.jpg 300w\" sizes=\"(max-width: 474px) 100vw, 474px\" \/><\/figure>\n<\/div>\n<\/div>\n\n\n\n<div style=\"height:100px\" aria-hidden=\"true\" class=\"wp-block-spacer\"><\/div>\n\n\n\n<div class=\"wp-block-columns is-layout-flex wp-container-core-columns-is-layout-28f84493 wp-block-columns-is-layout-flex\">\n<div class=\"wp-block-column is-layout-flow wp-block-column-is-layout-flow\">\n<figure class=\"wp-block-image size-full\"><img decoding=\"async\" width=\"474\" height=\"304\" src=\"https:\/\/lavoixdesaintjo.fr\/2025\/marrakech\/wp-content\/uploads\/2025\/06\/festival-des-arts-marrakech.jpg\" alt=\"\" class=\"wp-image-385\" srcset=\"https:\/\/lavoixdesaintjo.fr\/2025\/marrakech\/wp-content\/uploads\/2025\/06\/festival-des-arts-marrakech.jpg 474w, https:\/\/lavoixdesaintjo.fr\/2025\/marrakech\/wp-content\/uploads\/2025\/06\/festival-des-arts-marrakech-300x192.jpg 300w\" sizes=\"(max-width: 474px) 100vw, 474px\" \/><\/figure>\n<\/div>\n\n\n\n<div class=\"wp-block-column is-layout-flow wp-block-column-is-layout-flow\">\n<h3 class=\"wp-block-heading\">Festival National des Arts Populaires<\/h3>\n\n\n\n<p><strong>Quand ?<\/strong> Au printemps ou en \u00e9t\u00e9<br>C\u00e9l\u00e9bration de la musique, de la danse et des traditions marocaines, ce festival met en lumi\u00e8re la diversit\u00e9 culturelle du pays \u00e0 travers des spectacles hauts en couleur, souvent organis\u00e9s en plein air dans la m\u00e9dina.<\/p>\n<\/div>\n<\/div>\n\n\n\n<div style=\"height:100px\" aria-hidden=\"true\" class=\"wp-block-spacer\"><\/div>\n\n\n\n<div class=\"wp-block-columns is-layout-flex wp-container-core-columns-is-layout-28f84493 wp-block-columns-is-layout-flex\">\n<div class=\"wp-block-column is-layout-flow wp-block-column-is-layout-flow\">\n<h3 class=\"wp-block-heading\">Festival International du Film de Marrakech<\/h3>\n\n\n\n<p><strong>Quand ?<\/strong> En novembre<br>Un des plus grands festivals de cin\u00e9ma d\u2019Afrique, il r\u00e9unit stars internationales, r\u00e9alisateurs et amateurs de cin\u00e9ma autour de projections, d\u00e9bats et soir\u00e9es glamour. C\u2019est un rendez-vous culturel majeur qui propulse Marrakech sur la sc\u00e8ne mondiale.<\/p>\n<\/div>\n\n\n\n<div class=\"wp-block-column is-layout-flow wp-block-column-is-layout-flow\">\n<figure class=\"wp-block-image size-full is-resized\"><img decoding=\"async\" width=\"474\" height=\"201\" src=\"https:\/\/lavoixdesaintjo.fr\/2025\/marrakech\/wp-content\/uploads\/2025\/06\/festival-des-film-2024.jpg\" alt=\"\" class=\"wp-image-400\" style=\"width:519px;height:auto\" srcset=\"https:\/\/lavoixdesaintjo.fr\/2025\/marrakech\/wp-content\/uploads\/2025\/06\/festival-des-film-2024.jpg 474w, https:\/\/lavoixdesaintjo.fr\/2025\/marrakech\/wp-content\/uploads\/2025\/06\/festival-des-film-2024-300x127.jpg 300w\" sizes=\"(max-width: 474px) 100vw, 474px\" \/><\/figure>\n<\/div>\n<\/div>\n\n\n\n<div style=\"height:100px\" aria-hidden=\"true\" class=\"wp-block-spacer\"><\/div>\n\n\n\n<div class=\"wp-block-columns is-layout-flex wp-container-core-columns-is-layout-28f84493 wp-block-columns-is-layout-flex\">\n<div class=\"wp-block-column is-layout-flow wp-block-column-is-layout-flow\">\n<figure class=\"wp-block-image size-full is-resized\"><img loading=\"lazy\" decoding=\"async\" width=\"798\" height=\"448\" src=\"https:\/\/lavoixdesaintjo.fr\/2025\/marrakech\/wp-content\/uploads\/2025\/06\/jardin-majorelle.png\" alt=\"\" class=\"wp-image-394\" style=\"width:486px;height:auto\" srcset=\"https:\/\/lavoixdesaintjo.fr\/2025\/marrakech\/wp-content\/uploads\/2025\/06\/jardin-majorelle.png 798w, https:\/\/lavoixdesaintjo.fr\/2025\/marrakech\/wp-content\/uploads\/2025\/06\/jardin-majorelle-300x168.png 300w\" sizes=\"(max-width: 798px) 100vw, 798px\" \/><\/figure>\n<\/div>\n\n\n\n<div class=\"wp-block-column is-layout-flow wp-block-column-is-layout-flow\">\n<h3 class=\"wp-block-heading\"><strong>\u00c9v\u00e9nements au Jardin Majorelle<\/strong><\/h3>\n\n\n\n<ul class=\"wp-block-list\">\n<li><strong>Quand ?<\/strong> Toute l\u2019ann\u00e9e selon programmation<\/li>\n\n\n\n<li>Expositions artistiques, concerts et \u00e9v\u00e9nements culturels dans ce lieu embl\u00e9matique<\/li>\n<\/ul>\n<\/div>\n<\/div>\n\n\n\n<p><\/p>\n","protected":false},"excerpt":{"rendered":"<p>Marrakech, la \u00ab ville rouge \u00bb aux mille facettes, ne cesse de vibrer au rythme de ses \u00e9v\u00e9nements culturels, sportifs et festifs tout au long de l\u2019ann\u00e9e. Que vous soyez passionn\u00e9 de cin\u00e9ma, amateur de musique, ou curieux de d\u00e9couvrir les traditions locales, Marrakech vous offre un calendrier riche en exp\u00e9riences uniques. Des festivals internationaux &hellip; <\/p>\n<p class=\"link-more\"><a href=\"https:\/\/lavoixdesaintjo.fr\/2025\/marrakech\/evenements\/\" class=\"more-link\">Lire la suite de<span class=\"screen-reader-text\">\u00ab\u00a0Les incontournables de Marrakech\u00a0\u00bb<\/span><\/a><\/p>\n","protected":false},"author":1,"featured_media":0,"parent":0,"menu_order":0,"comment_status":"closed","ping_status":"closed","template":"","meta":{"_acf_changed":false,"footnotes":""},"class_list":["post-136","page","type-page","status-publish","hentry"],"acf":[],"yoast_head":"<!-- This site is optimized with the Yoast SEO plugin v25.1 - https:\/\/yoast.com\/wordpress\/plugins\/seo\/ -->\n<title>Les incontournables de Marrakech - \u00c0 la d\u00e9couverte de marrakech<\/title>\n<meta name=\"robots\" content=\"index, follow, max-snippet:-1, max-image-preview:large, max-video-preview:-1\" \/>\n<link rel=\"canonical\" href=\"https:\/\/lavoixdesaintjo.fr\/2025\/marrakech\/evenements\/\" \/>\n<meta property=\"og:locale\" content=\"fr_FR\" \/>\n<meta property=\"og:type\" content=\"article\" \/>\n<meta property=\"og:title\" content=\"Les incontournables de Marrakech - \u00c0 la d\u00e9couverte de marrakech\" \/>\n<meta property=\"og:description\" content=\"Marrakech, la \u00ab ville rouge \u00bb aux mille facettes, ne cesse de vibrer au rythme de ses \u00e9v\u00e9nements culturels, sportifs et festifs tout au long de l\u2019ann\u00e9e. Que vous soyez passionn\u00e9 de cin\u00e9ma, amateur de musique, ou curieux de d\u00e9couvrir les traditions locales, Marrakech vous offre un calendrier riche en exp\u00e9riences uniques. Des festivals internationaux &hellip; Lire la suite de\u00ab\u00a0Les incontournables de Marrakech\u00a0\u00bb\" \/>\n<meta property=\"og:url\" content=\"https:\/\/lavoixdesaintjo.fr\/2025\/marrakech\/evenements\/\" \/>\n<meta property=\"og:site_name\" content=\"\u00c0 la d\u00e9couverte de marrakech\" \/>\n<meta property=\"article:modified_time\" content=\"2025-06-16T12:59:39+00:00\" \/>\n<meta property=\"og:image\" content=\"https:\/\/lavoixdesaintjo.fr\/2025\/marrakech\/wp-content\/uploads\/2025\/06\/marathon-marrakech.jpg\" \/>\n\t<meta property=\"og:image:width\" content=\"474\" \/>\n\t<meta property=\"og:image:height\" content=\"316\" \/>\n\t<meta property=\"og:image:type\" content=\"image\/jpeg\" \/>\n<meta name=\"twitter:card\" content=\"summary_large_image\" \/>\n<meta name=\"twitter:label1\" content=\"Dur\u00e9e de lecture estim\u00e9e\" \/>\n\t<meta name=\"twitter:data1\" content=\"2 minutes\" \/>\n<script type=\"application\/ld+json\" class=\"yoast-schema-graph\">{\"@context\":\"https:\/\/schema.org\",\"@graph\":[{\"@type\":\"WebPage\",\"@id\":\"https:\/\/lavoixdesaintjo.fr\/2025\/marrakech\/evenements\/\",\"url\":\"https:\/\/lavoixdesaintjo.fr\/2025\/marrakech\/evenements\/\",\"name\":\"Les incontournables de Marrakech - \u00c0 la d\u00e9couverte de marrakech\",\"isPartOf\":{\"@id\":\"https:\/\/lavoixdesaintjo.fr\/2025\/marrakech\/#website\"},\"primaryImageOfPage\":{\"@id\":\"https:\/\/lavoixdesaintjo.fr\/2025\/marrakech\/evenements\/#primaryimage\"},\"image\":{\"@id\":\"https:\/\/lavoixdesaintjo.fr\/2025\/marrakech\/evenements\/#primaryimage\"},\"thumbnailUrl\":\"https:\/\/lavoixdesaintjo.fr\/2025\/marrakech\/wp-content\/uploads\/2025\/06\/marathon-marrakech.jpg\",\"datePublished\":\"2025-05-20T08:56:40+00:00\",\"dateModified\":\"2025-06-16T12:59:39+00:00\",\"breadcrumb\":{\"@id\":\"https:\/\/lavoixdesaintjo.fr\/2025\/marrakech\/evenements\/#breadcrumb\"},\"inLanguage\":\"fr-FR\",\"potentialAction\":[{\"@type\":\"ReadAction\",\"target\":[\"https:\/\/lavoixdesaintjo.fr\/2025\/marrakech\/evenements\/\"]}]},{\"@type\":\"ImageObject\",\"inLanguage\":\"fr-FR\",\"@id\":\"https:\/\/lavoixdesaintjo.fr\/2025\/marrakech\/evenements\/#primaryimage\",\"url\":\"https:\/\/lavoixdesaintjo.fr\/2025\/marrakech\/wp-content\/uploads\/2025\/06\/marathon-marrakech.jpg\",\"contentUrl\":\"https:\/\/lavoixdesaintjo.fr\/2025\/marrakech\/wp-content\/uploads\/2025\/06\/marathon-marrakech.jpg\",\"width\":474,\"height\":316},{\"@type\":\"BreadcrumbList\",\"@id\":\"https:\/\/lavoixdesaintjo.fr\/2025\/marrakech\/evenements\/#breadcrumb\",\"itemListElement\":[{\"@type\":\"ListItem\",\"position\":1,\"name\":\"Accueil\",\"item\":\"https:\/\/lavoixdesaintjo.fr\/2025\/marrakech\/\"},{\"@type\":\"ListItem\",\"position\":2,\"name\":\"Les incontournables de Marrakech\"}]},{\"@type\":\"WebSite\",\"@id\":\"https:\/\/lavoixdesaintjo.fr\/2025\/marrakech\/#website\",\"url\":\"https:\/\/lavoixdesaintjo.fr\/2025\/marrakech\/\",\"name\":\"\u00c0 la d\u00e9couverte de marrakech\",\"description\":\"\",\"publisher\":{\"@id\":\"https:\/\/lavoixdesaintjo.fr\/2025\/marrakech\/#organization\"},\"potentialAction\":[{\"@type\":\"SearchAction\",\"target\":{\"@type\":\"EntryPoint\",\"urlTemplate\":\"https:\/\/lavoixdesaintjo.fr\/2025\/marrakech\/?s={search_term_string}\"},\"query-input\":{\"@type\":\"PropertyValueSpecification\",\"valueRequired\":true,\"valueName\":\"search_term_string\"}}],\"inLanguage\":\"fr-FR\"},{\"@type\":\"Organization\",\"@id\":\"https:\/\/lavoixdesaintjo.fr\/2025\/marrakech\/#organization\",\"name\":\"\u00c0 la d\u00e9couverte de marrakech\",\"url\":\"https:\/\/lavoixdesaintjo.fr\/2025\/marrakech\/\",\"logo\":{\"@type\":\"ImageObject\",\"inLanguage\":\"fr-FR\",\"@id\":\"https:\/\/lavoixdesaintjo.fr\/2025\/marrakech\/#\/schema\/logo\/image\/\",\"url\":\"https:\/\/lavoixdesaintjo.fr\/2025\/marrakech\/wp-content\/uploads\/2025\/05\/logo-marrakech.webp\",\"contentUrl\":\"https:\/\/lavoixdesaintjo.fr\/2025\/marrakech\/wp-content\/uploads\/2025\/05\/logo-marrakech.webp\",\"width\":1024,\"height\":1024,\"caption\":\"\u00c0 la d\u00e9couverte de marrakech\"},\"image\":{\"@id\":\"https:\/\/lavoixdesaintjo.fr\/2025\/marrakech\/#\/schema\/logo\/image\/\"}}]}<\/script>\n<!-- \/ Yoast SEO plugin. -->","yoast_head_json":{"title":"Les incontournables de Marrakech - \u00c0 la d\u00e9couverte de marrakech","robots":{"index":"index","follow":"follow","max-snippet":"max-snippet:-1","max-image-preview":"max-image-preview:large","max-video-preview":"max-video-preview:-1"},"canonical":"https:\/\/lavoixdesaintjo.fr\/2025\/marrakech\/evenements\/","og_locale":"fr_FR","og_type":"article","og_title":"Les incontournables de Marrakech - \u00c0 la d\u00e9couverte de marrakech","og_description":"Marrakech, la \u00ab ville rouge \u00bb aux mille facettes, ne cesse de vibrer au rythme de ses \u00e9v\u00e9nements culturels, sportifs et festifs tout au long de l\u2019ann\u00e9e. Que vous soyez passionn\u00e9 de cin\u00e9ma, amateur de musique, ou curieux de d\u00e9couvrir les traditions locales, Marrakech vous offre un calendrier riche en exp\u00e9riences uniques. Des festivals internationaux &hellip; Lire la suite de\u00ab\u00a0Les incontournables de Marrakech\u00a0\u00bb","og_url":"https:\/\/lavoixdesaintjo.fr\/2025\/marrakech\/evenements\/","og_site_name":"\u00c0 la d\u00e9couverte de marrakech","article_modified_time":"2025-06-16T12:59:39+00:00","og_image":[{"width":474,"height":316,"url":"https:\/\/lavoixdesaintjo.fr\/2025\/marrakech\/wp-content\/uploads\/2025\/06\/marathon-marrakech.jpg","type":"image\/jpeg"}],"twitter_card":"summary_large_image","twitter_misc":{"Dur\u00e9e de lecture estim\u00e9e":"2 minutes"},"schema":{"@context":"https:\/\/schema.org","@graph":[{"@type":"WebPage","@id":"https:\/\/lavoixdesaintjo.fr\/2025\/marrakech\/evenements\/","url":"https:\/\/lavoixdesaintjo.fr\/2025\/marrakech\/evenements\/","name":"Les incontournables de Marrakech - \u00c0 la d\u00e9couverte de marrakech","isPartOf":{"@id":"https:\/\/lavoixdesaintjo.fr\/2025\/marrakech\/#website"},"primaryImageOfPage":{"@id":"https:\/\/lavoixdesaintjo.fr\/2025\/marrakech\/evenements\/#primaryimage"},"image":{"@id":"https:\/\/lavoixdesaintjo.fr\/2025\/marrakech\/evenements\/#primaryimage"},"thumbnailUrl":"https:\/\/lavoixdesaintjo.fr\/2025\/marrakech\/wp-content\/uploads\/2025\/06\/marathon-marrakech.jpg","datePublished":"2025-05-20T08:56:40+00:00","dateModified":"2025-06-16T12:59:39+00:00","breadcrumb":{"@id":"https:\/\/lavoixdesaintjo.fr\/2025\/marrakech\/evenements\/#breadcrumb"},"inLanguage":"fr-FR","potentialAction":[{"@type":"ReadAction","target":["https:\/\/lavoixdesaintjo.fr\/2025\/marrakech\/evenements\/"]}]},{"@type":"ImageObject","inLanguage":"fr-FR","@id":"https:\/\/lavoixdesaintjo.fr\/2025\/marrakech\/evenements\/#primaryimage","url":"https:\/\/lavoixdesaintjo.fr\/2025\/marrakech\/wp-content\/uploads\/2025\/06\/marathon-marrakech.jpg","contentUrl":"https:\/\/lavoixdesaintjo.fr\/2025\/marrakech\/wp-content\/uploads\/2025\/06\/marathon-marrakech.jpg","width":474,"height":316},{"@type":"BreadcrumbList","@id":"https:\/\/lavoixdesaintjo.fr\/2025\/marrakech\/evenements\/#breadcrumb","itemListElement":[{"@type":"ListItem","position":1,"name":"Accueil","item":"https:\/\/lavoixdesaintjo.fr\/2025\/marrakech\/"},{"@type":"ListItem","position":2,"name":"Les incontournables de Marrakech"}]},{"@type":"WebSite","@id":"https:\/\/lavoixdesaintjo.fr\/2025\/marrakech\/#website","url":"https:\/\/lavoixdesaintjo.fr\/2025\/marrakech\/","name":"\u00c0 la d\u00e9couverte de marrakech","description":"","publisher":{"@id":"https:\/\/lavoixdesaintjo.fr\/2025\/marrakech\/#organization"},"potentialAction":[{"@type":"SearchAction","target":{"@type":"EntryPoint","urlTemplate":"https:\/\/lavoixdesaintjo.fr\/2025\/marrakech\/?s={search_term_string}"},"query-input":{"@type":"PropertyValueSpecification","valueRequired":true,"valueName":"search_term_string"}}],"inLanguage":"fr-FR"},{"@type":"Organization","@id":"https:\/\/lavoixdesaintjo.fr\/2025\/marrakech\/#organization","name":"\u00c0 la d\u00e9couverte de marrakech","url":"https:\/\/lavoixdesaintjo.fr\/2025\/marrakech\/","logo":{"@type":"ImageObject","inLanguage":"fr-FR","@id":"https:\/\/lavoixdesaintjo.fr\/2025\/marrakech\/#\/schema\/logo\/image\/","url":"https:\/\/lavoixdesaintjo.fr\/2025\/marrakech\/wp-content\/uploads\/2025\/05\/logo-marrakech.webp","contentUrl":"https:\/\/lavoixdesaintjo.fr\/2025\/marrakech\/wp-content\/uploads\/2025\/05\/logo-marrakech.webp","width":1024,"height":1024,"caption":"\u00c0 la d\u00e9couverte de marrakech"},"image":{"@id":"https:\/\/lavoixdesaintjo.fr\/2025\/marrakech\/#\/schema\/logo\/image\/"}}]}},"_links":{"self":[{"href":"https:\/\/lavoixdesaintjo.fr\/2025\/marrakech\/wp-json\/wp\/v2\/pages\/136","targetHints":{"allow":["GET"]}}],"collection":[{"href":"https:\/\/lavoixdesaintjo.fr\/2025\/marrakech\/wp-json\/wp\/v2\/pages"}],"about":[{"href":"https:\/\/lavoixdesaintjo.fr\/2025\/marrakech\/wp-json\/wp\/v2\/types\/page"}],"author":[{"embeddable":true,"href":"https:\/\/lavoixdesaintjo.fr\/2025\/marrakech\/wp-json\/wp\/v2\/users\/1"}],"replies":[{"embeddable":true,"href":"https:\/\/lavoixdesaintjo.fr\/2025\/marrakech\/wp-json\/wp\/v2\/comments?post=136"}],"version-history":[{"count":8,"href":"https:\/\/lavoixdesaintjo.fr\/2025\/marrakech\/wp-json\/wp\/v2\/pages\/136\/revisions"}],"predecessor-version":[{"id":416,"href":"https:\/\/lavoixdesaintjo.fr\/2025\/marrakech\/wp-json\/wp\/v2\/pages\/136\/revisions\/416"}],"wp:attachment":[{"href":"https:\/\/lavoixdesaintjo.fr\/2025\/marrakech\/wp-json\/wp\/v2\/media?parent=136"}],"curies":[{"name":"wp","href":"https:\/\/api.w.org\/{rel}","templated":true}]}}