{"id":138,"date":"2025-05-20T10:56:51","date_gmt":"2025-05-20T08:56:51","guid":{"rendered":"https:\/\/lavoixdesaintjo.fr\/2025\/marrakech\/?page_id=138"},"modified":"2025-06-16T14:52:48","modified_gmt":"2025-06-16T12:52:48","slug":"se-deplacer","status":"publish","type":"page","link":"https:\/\/lavoixdesaintjo.fr\/2025\/marrakech\/se-deplacer\/","title":{"rendered":"Se d\u00e9placer dans Marrakech"},"content":{"rendered":"\n<div class=\"wp-block-group has-global-padding is-layout-constrained wp-block-group-is-layout-constrained\">\n<div class=\"wp-block-columns is-layout-flex wp-container-core-columns-is-layout-28f84493 wp-block-columns-is-layout-flex\">\n<div class=\"wp-block-column is-layout-flow wp-block-column-is-layout-flow\">\n<figure class=\"wp-block-image size-full\"><img fetchpriority=\"high\" decoding=\"async\" width=\"474\" height=\"316\" src=\"https:\/\/lavoixdesaintjo.fr\/2025\/marrakech\/wp-content\/uploads\/2025\/05\/dromadaire-1.jpg\" alt=\"\" class=\"wp-image-328\" srcset=\"https:\/\/lavoixdesaintjo.fr\/2025\/marrakech\/wp-content\/uploads\/2025\/05\/dromadaire-1.jpg 474w, https:\/\/lavoixdesaintjo.fr\/2025\/marrakech\/wp-content\/uploads\/2025\/05\/dromadaire-1-300x200.jpg 300w\" sizes=\"(max-width: 474px) 100vw, 474px\" \/><\/figure>\n<\/div>\n\n\n\n<div class=\"wp-block-column is-layout-flow wp-block-column-is-layout-flow\">\n<figure class=\"wp-block-image size-full\"><img decoding=\"async\" width=\"700\" height=\"450\" src=\"https:\/\/lavoixdesaintjo.fr\/2025\/marrakech\/wp-content\/uploads\/2025\/05\/sccc.jpg\" alt=\"\" class=\"wp-image-330\" srcset=\"https:\/\/lavoixdesaintjo.fr\/2025\/marrakech\/wp-content\/uploads\/2025\/05\/sccc.jpg 700w, https:\/\/lavoixdesaintjo.fr\/2025\/marrakech\/wp-content\/uploads\/2025\/05\/sccc-300x193.jpg 300w\" sizes=\"(max-width: 700px) 100vw, 700px\" \/><\/figure>\n<\/div>\n\n\n\n<div class=\"wp-block-column is-layout-flow wp-block-column-is-layout-flow\">\n<figure class=\"wp-block-image size-full\"><img decoding=\"async\" width=\"760\" height=\"512\" src=\"https:\/\/lavoixdesaintjo.fr\/2025\/marrakech\/wp-content\/uploads\/2025\/05\/nana.jpeg\" alt=\"\" class=\"wp-image-331\" srcset=\"https:\/\/lavoixdesaintjo.fr\/2025\/marrakech\/wp-content\/uploads\/2025\/05\/nana.jpeg 760w, https:\/\/lavoixdesaintjo.fr\/2025\/marrakech\/wp-content\/uploads\/2025\/05\/nana-300x202.jpeg 300w\" sizes=\"(max-width: 760px) 100vw, 760px\" \/><\/figure>\n<\/div>\n<\/div>\n<\/div>\n\n\n\n<p>\u00c0 Marrakech, plusieurs options s\u2019offrent \u00e0 toi pour te d\u00e9placer facilement :<\/p>\n\n\n\n<ul class=\"wp-block-list\">\n<li><strong>\u00c0 pied<\/strong> : id\u00e9al pour explorer la M\u00e9dina et les souks.<\/li>\n\n\n\n<li><strong>Petits taxis (orange)<\/strong> : pour les trajets en ville, peu chers (7\u201320 MAD)<\/li>\n\n\n\n<li><strong>Grands taxis (blancs)<\/strong> : pour aller \u00e0 l\u2019a\u00e9roport ou en excursion hors de la ville.<\/li>\n\n\n\n<li><strong>VTC (Careem, Heetch, Roby)<\/strong> : confortables, prix fixe via appli.<\/li>\n\n\n\n<li><strong>Scooter ou v\u00e9lo<\/strong> : \u00e0 louer pour plus de libert\u00e9.<\/li>\n\n\n\n<li><strong>Bus ALSA<\/strong> : tr\u00e8s \u00e9conomiques (4 MAD), mais peu pratiques pour les touristes.<\/li>\n\n\n\n<li><strong>Navettes touristiques<\/strong> : propos\u00e9es par les riads et agences pour les sorties.<\/li>\n\n\n\n<li><strong>Cal\u00e8ches ou dromadaires<\/strong> : pour une balade typique et originale.<\/li>\n<\/ul>\n\n\n\n<div class=\"wp-block-buttons is-content-justification-center is-layout-flex wp-container-core-buttons-is-layout-a89b3969 wp-block-buttons-is-layout-flex\">\n<div class=\"wp-block-button\"><a class=\"wp-block-button__link has-background has-text-align-center wp-element-button\" href=\"https:\/\/lavoixdesaintjo.fr\/2025\/marrakech\/page-de-contact\/\" style=\"background-color:#ec4646\">Une question ? Contactez nous<\/a><\/div>\n<\/div>\n\n\n\n<p><\/p>\n","protected":false},"excerpt":{"rendered":"<p>\u00c0 Marrakech, plusieurs options s\u2019offrent \u00e0 toi pour te d\u00e9placer facilement :<\/p>\n","protected":false},"author":1,"featured_media":0,"parent":0,"menu_order":0,"comment_status":"closed","ping_status":"closed","template":"","meta":{"_acf_changed":false,"footnotes":""},"class_list":["post-138","page","type-page","status-publish","hentry"],"acf":[],"yoast_head":"<!-- This site is optimized with the Yoast SEO plugin v25.1 - https:\/\/yoast.com\/wordpress\/plugins\/seo\/ -->\n<title>Se d\u00e9placer dans Marrakech - \u00c0 la d\u00e9couverte de marrakech<\/title>\n<meta name=\"robots\" content=\"index, follow, max-snippet:-1, max-image-preview:large, max-video-preview:-1\" \/>\n<link rel=\"canonical\" href=\"https:\/\/lavoixdesaintjo.fr\/2025\/marrakech\/se-deplacer\/\" \/>\n<meta property=\"og:locale\" content=\"fr_FR\" \/>\n<meta property=\"og:type\" content=\"article\" \/>\n<meta property=\"og:title\" content=\"Se d\u00e9placer dans Marrakech - \u00c0 la d\u00e9couverte de marrakech\" \/>\n<meta property=\"og:description\" content=\"\u00c0 Marrakech, plusieurs options s\u2019offrent \u00e0 toi pour te d\u00e9placer facilement :\" \/>\n<meta property=\"og:url\" content=\"https:\/\/lavoixdesaintjo.fr\/2025\/marrakech\/se-deplacer\/\" \/>\n<meta property=\"og:site_name\" content=\"\u00c0 la d\u00e9couverte de marrakech\" \/>\n<meta property=\"article:modified_time\" content=\"2025-06-16T12:52:48+00:00\" \/>\n<meta property=\"og:image\" content=\"https:\/\/lavoixdesaintjo.fr\/2025\/marrakech\/wp-content\/uploads\/2025\/05\/dromadaire-1.jpg\" \/>\n\t<meta property=\"og:image:width\" content=\"474\" \/>\n\t<meta property=\"og:image:height\" content=\"316\" \/>\n\t<meta property=\"og:image:type\" content=\"image\/jpeg\" \/>\n<meta name=\"twitter:card\" content=\"summary_large_image\" \/>\n<meta name=\"twitter:label1\" content=\"Dur\u00e9e de lecture estim\u00e9e\" \/>\n\t<meta name=\"twitter:data1\" content=\"2 minutes\" \/>\n<script type=\"application\/ld+json\" class=\"yoast-schema-graph\">{\"@context\":\"https:\/\/schema.org\",\"@graph\":[{\"@type\":\"WebPage\",\"@id\":\"https:\/\/lavoixdesaintjo.fr\/2025\/marrakech\/se-deplacer\/\",\"url\":\"https:\/\/lavoixdesaintjo.fr\/2025\/marrakech\/se-deplacer\/\",\"name\":\"Se d\u00e9placer dans Marrakech - \u00c0 la d\u00e9couverte de marrakech\",\"isPartOf\":{\"@id\":\"https:\/\/lavoixdesaintjo.fr\/2025\/marrakech\/#website\"},\"primaryImageOfPage\":{\"@id\":\"https:\/\/lavoixdesaintjo.fr\/2025\/marrakech\/se-deplacer\/#primaryimage\"},\"image\":{\"@id\":\"https:\/\/lavoixdesaintjo.fr\/2025\/marrakech\/se-deplacer\/#primaryimage\"},\"thumbnailUrl\":\"https:\/\/lavoixdesaintjo.fr\/2025\/marrakech\/wp-content\/uploads\/2025\/05\/dromadaire-1.jpg\",\"datePublished\":\"2025-05-20T08:56:51+00:00\",\"dateModified\":\"2025-06-16T12:52:48+00:00\",\"breadcrumb\":{\"@id\":\"https:\/\/lavoixdesaintjo.fr\/2025\/marrakech\/se-deplacer\/#breadcrumb\"},\"inLanguage\":\"fr-FR\",\"potentialAction\":[{\"@type\":\"ReadAction\",\"target\":[\"https:\/\/lavoixdesaintjo.fr\/2025\/marrakech\/se-deplacer\/\"]}]},{\"@type\":\"ImageObject\",\"inLanguage\":\"fr-FR\",\"@id\":\"https:\/\/lavoixdesaintjo.fr\/2025\/marrakech\/se-deplacer\/#primaryimage\",\"url\":\"https:\/\/lavoixdesaintjo.fr\/2025\/marrakech\/wp-content\/uploads\/2025\/05\/dromadaire-1.jpg\",\"contentUrl\":\"https:\/\/lavoixdesaintjo.fr\/2025\/marrakech\/wp-content\/uploads\/2025\/05\/dromadaire-1.jpg\",\"width\":474,\"height\":316},{\"@type\":\"BreadcrumbList\",\"@id\":\"https:\/\/lavoixdesaintjo.fr\/2025\/marrakech\/se-deplacer\/#breadcrumb\",\"itemListElement\":[{\"@type\":\"ListItem\",\"position\":1,\"name\":\"Accueil\",\"item\":\"https:\/\/lavoixdesaintjo.fr\/2025\/marrakech\/\"},{\"@type\":\"ListItem\",\"position\":2,\"name\":\"Se d\u00e9placer dans Marrakech\"}]},{\"@type\":\"WebSite\",\"@id\":\"https:\/\/lavoixdesaintjo.fr\/2025\/marrakech\/#website\",\"url\":\"https:\/\/lavoixdesaintjo.fr\/2025\/marrakech\/\",\"name\":\"\u00c0 la d\u00e9couverte de marrakech\",\"description\":\"\",\"publisher\":{\"@id\":\"https:\/\/lavoixdesaintjo.fr\/2025\/marrakech\/#organization\"},\"potentialAction\":[{\"@type\":\"SearchAction\",\"target\":{\"@type\":\"EntryPoint\",\"urlTemplate\":\"https:\/\/lavoixdesaintjo.fr\/2025\/marrakech\/?s={search_term_string}\"},\"query-input\":{\"@type\":\"PropertyValueSpecification\",\"valueRequired\":true,\"valueName\":\"search_term_string\"}}],\"inLanguage\":\"fr-FR\"},{\"@type\":\"Organization\",\"@id\":\"https:\/\/lavoixdesaintjo.fr\/2025\/marrakech\/#organization\",\"name\":\"\u00c0 la d\u00e9couverte de marrakech\",\"url\":\"https:\/\/lavoixdesaintjo.fr\/2025\/marrakech\/\",\"logo\":{\"@type\":\"ImageObject\",\"inLanguage\":\"fr-FR\",\"@id\":\"https:\/\/lavoixdesaintjo.fr\/2025\/marrakech\/#\/schema\/logo\/image\/\",\"url\":\"https:\/\/lavoixdesaintjo.fr\/2025\/marrakech\/wp-content\/uploads\/2025\/05\/logo-marrakech.webp\",\"contentUrl\":\"https:\/\/lavoixdesaintjo.fr\/2025\/marrakech\/wp-content\/uploads\/2025\/05\/logo-marrakech.webp\",\"width\":1024,\"height\":1024,\"caption\":\"\u00c0 la d\u00e9couverte de marrakech\"},\"image\":{\"@id\":\"https:\/\/lavoixdesaintjo.fr\/2025\/marrakech\/#\/schema\/logo\/image\/\"}}]}<\/script>\n<!-- \/ Yoast SEO plugin. -->","yoast_head_json":{"title":"Se d\u00e9placer dans Marrakech - \u00c0 la d\u00e9couverte de marrakech","robots":{"index":"index","follow":"follow","max-snippet":"max-snippet:-1","max-image-preview":"max-image-preview:large","max-video-preview":"max-video-preview:-1"},"canonical":"https:\/\/lavoixdesaintjo.fr\/2025\/marrakech\/se-deplacer\/","og_locale":"fr_FR","og_type":"article","og_title":"Se d\u00e9placer dans Marrakech - \u00c0 la d\u00e9couverte de marrakech","og_description":"\u00c0 Marrakech, plusieurs options s\u2019offrent \u00e0 toi pour te d\u00e9placer facilement :","og_url":"https:\/\/lavoixdesaintjo.fr\/2025\/marrakech\/se-deplacer\/","og_site_name":"\u00c0 la d\u00e9couverte de marrakech","article_modified_time":"2025-06-16T12:52:48+00:00","og_image":[{"width":474,"height":316,"url":"https:\/\/lavoixdesaintjo.fr\/2025\/marrakech\/wp-content\/uploads\/2025\/05\/dromadaire-1.jpg","type":"image\/jpeg"}],"twitter_card":"summary_large_image","twitter_misc":{"Dur\u00e9e de lecture estim\u00e9e":"2 minutes"},"schema":{"@context":"https:\/\/schema.org","@graph":[{"@type":"WebPage","@id":"https:\/\/lavoixdesaintjo.fr\/2025\/marrakech\/se-deplacer\/","url":"https:\/\/lavoixdesaintjo.fr\/2025\/marrakech\/se-deplacer\/","name":"Se d\u00e9placer dans Marrakech - \u00c0 la d\u00e9couverte de marrakech","isPartOf":{"@id":"https:\/\/lavoixdesaintjo.fr\/2025\/marrakech\/#website"},"primaryImageOfPage":{"@id":"https:\/\/lavoixdesaintjo.fr\/2025\/marrakech\/se-deplacer\/#primaryimage"},"image":{"@id":"https:\/\/lavoixdesaintjo.fr\/2025\/marrakech\/se-deplacer\/#primaryimage"},"thumbnailUrl":"https:\/\/lavoixdesaintjo.fr\/2025\/marrakech\/wp-content\/uploads\/2025\/05\/dromadaire-1.jpg","datePublished":"2025-05-20T08:56:51+00:00","dateModified":"2025-06-16T12:52:48+00:00","breadcrumb":{"@id":"https:\/\/lavoixdesaintjo.fr\/2025\/marrakech\/se-deplacer\/#breadcrumb"},"inLanguage":"fr-FR","potentialAction":[{"@type":"ReadAction","target":["https:\/\/lavoixdesaintjo.fr\/2025\/marrakech\/se-deplacer\/"]}]},{"@type":"ImageObject","inLanguage":"fr-FR","@id":"https:\/\/lavoixdesaintjo.fr\/2025\/marrakech\/se-deplacer\/#primaryimage","url":"https:\/\/lavoixdesaintjo.fr\/2025\/marrakech\/wp-content\/uploads\/2025\/05\/dromadaire-1.jpg","contentUrl":"https:\/\/lavoixdesaintjo.fr\/2025\/marrakech\/wp-content\/uploads\/2025\/05\/dromadaire-1.jpg","width":474,"height":316},{"@type":"BreadcrumbList","@id":"https:\/\/lavoixdesaintjo.fr\/2025\/marrakech\/se-deplacer\/#breadcrumb","itemListElement":[{"@type":"ListItem","position":1,"name":"Accueil","item":"https:\/\/lavoixdesaintjo.fr\/2025\/marrakech\/"},{"@type":"ListItem","position":2,"name":"Se d\u00e9placer dans Marrakech"}]},{"@type":"WebSite","@id":"https:\/\/lavoixdesaintjo.fr\/2025\/marrakech\/#website","url":"https:\/\/lavoixdesaintjo.fr\/2025\/marrakech\/","name":"\u00c0 la d\u00e9couverte de marrakech","description":"","publisher":{"@id":"https:\/\/lavoixdesaintjo.fr\/2025\/marrakech\/#organization"},"potentialAction":[{"@type":"SearchAction","target":{"@type":"EntryPoint","urlTemplate":"https:\/\/lavoixdesaintjo.fr\/2025\/marrakech\/?s={search_term_string}"},"query-input":{"@type":"PropertyValueSpecification","valueRequired":true,"valueName":"search_term_string"}}],"inLanguage":"fr-FR"},{"@type":"Organization","@id":"https:\/\/lavoixdesaintjo.fr\/2025\/marrakech\/#organization","name":"\u00c0 la d\u00e9couverte de marrakech","url":"https:\/\/lavoixdesaintjo.fr\/2025\/marrakech\/","logo":{"@type":"ImageObject","inLanguage":"fr-FR","@id":"https:\/\/lavoixdesaintjo.fr\/2025\/marrakech\/#\/schema\/logo\/image\/","url":"https:\/\/lavoixdesaintjo.fr\/2025\/marrakech\/wp-content\/uploads\/2025\/05\/logo-marrakech.webp","contentUrl":"https:\/\/lavoixdesaintjo.fr\/2025\/marrakech\/wp-content\/uploads\/2025\/05\/logo-marrakech.webp","width":1024,"height":1024,"caption":"\u00c0 la d\u00e9couverte de marrakech"},"image":{"@id":"https:\/\/lavoixdesaintjo.fr\/2025\/marrakech\/#\/schema\/logo\/image\/"}}]}},"_links":{"self":[{"href":"https:\/\/lavoixdesaintjo.fr\/2025\/marrakech\/wp-json\/wp\/v2\/pages\/138","targetHints":{"allow":["GET"]}}],"collection":[{"href":"https:\/\/lavoixdesaintjo.fr\/2025\/marrakech\/wp-json\/wp\/v2\/pages"}],"about":[{"href":"https:\/\/lavoixdesaintjo.fr\/2025\/marrakech\/wp-json\/wp\/v2\/types\/page"}],"author":[{"embeddable":true,"href":"https:\/\/lavoixdesaintjo.fr\/2025\/marrakech\/wp-json\/wp\/v2\/users\/1"}],"replies":[{"embeddable":true,"href":"https:\/\/lavoixdesaintjo.fr\/2025\/marrakech\/wp-json\/wp\/v2\/comments?post=138"}],"version-history":[{"count":7,"href":"https:\/\/lavoixdesaintjo.fr\/2025\/marrakech\/wp-json\/wp\/v2\/pages\/138\/revisions"}],"predecessor-version":[{"id":407,"href":"https:\/\/lavoixdesaintjo.fr\/2025\/marrakech\/wp-json\/wp\/v2\/pages\/138\/revisions\/407"}],"wp:attachment":[{"href":"https:\/\/lavoixdesaintjo.fr\/2025\/marrakech\/wp-json\/wp\/v2\/media?parent=138"}],"curies":[{"name":"wp","href":"https:\/\/api.w.org\/{rel}","templated":true}]}}