{"id":57,"date":"2025-05-20T10:50:22","date_gmt":"2025-05-20T08:50:22","guid":{"rendered":"https:\/\/lavoixdesaintjo.fr\/2025\/marrakech\/?page_id=57"},"modified":"2025-06-16T14:02:31","modified_gmt":"2025-06-16T12:02:31","slug":"plan-de-marrakech","status":"publish","type":"page","link":"https:\/\/lavoixdesaintjo.fr\/2025\/marrakech\/plan-de-marrakech\/","title":{"rendered":"Marrakech en un coup d&rsquo;\u0153il"},"content":{"rendered":"\n<p>Bienvenue sur notre carte interactive de Marrakech, con\u00e7ue pour vous aider \u00e0 explorer la ville rouge en toute simplicit\u00e9. Que vous soyez en pr\u00e9paration de voyage ou d\u00e9j\u00e0 sur place, ce plan vous permet de rep\u00e9rer en un clin d\u2019\u0153il les principaux quartiers, monuments historiques, souks traditionnels et bons plans locaux.<\/p>\n\n\n\n<div class=\"wp-block-columns alignwide are-vertically-aligned-center is-layout-flex wp-container-core-columns-is-layout-28f84493 wp-block-columns-is-layout-flex\">\n<div class=\"wp-block-column is-vertically-aligned-center is-layout-flow wp-block-column-is-layout-flow\" style=\"flex-basis:100%\">\n<div class=\"alignwide wp-block-gmap-gmap-block gmap-block-at3ineux\"><iframe src=\"https:\/\/maps.google.com\/maps?q=Marrakech%2C+Maroc&amp;z=7&amp;t=roadmap&amp;output=embed\" class=\"embd-map\" title=\"Marrakech, Maroc\"><\/iframe><\/div>\n<\/div>\n<\/div>\n","protected":false},"excerpt":{"rendered":"<p>Bienvenue sur notre carte interactive de Marrakech, con\u00e7ue pour vous aider \u00e0 explorer la ville rouge en toute simplicit\u00e9. Que vous soyez en pr\u00e9paration de voyage ou d\u00e9j\u00e0 sur place, ce plan vous permet de rep\u00e9rer en un clin d\u2019\u0153il les principaux quartiers, monuments historiques, souks traditionnels et bons plans locaux.<\/p>\n","protected":false},"author":1,"featured_media":0,"parent":0,"menu_order":0,"comment_status":"closed","ping_status":"closed","template":"","meta":{"_acf_changed":false,"footnotes":""},"class_list":["post-57","page","type-page","status-publish","hentry"],"acf":[],"yoast_head":"<!-- This site is optimized with the Yoast SEO plugin v25.1 - https:\/\/yoast.com\/wordpress\/plugins\/seo\/ -->\n<title>Marrakech en un coup d&#039;\u0153il - \u00c0 la d\u00e9couverte de marrakech<\/title>\n<meta name=\"robots\" content=\"index, follow, max-snippet:-1, max-image-preview:large, max-video-preview:-1\" \/>\n<link rel=\"canonical\" href=\"https:\/\/lavoixdesaintjo.fr\/2025\/marrakech\/plan-de-marrakech\/\" \/>\n<meta property=\"og:locale\" content=\"fr_FR\" \/>\n<meta property=\"og:type\" content=\"article\" \/>\n<meta property=\"og:title\" content=\"Marrakech en un coup d&#039;\u0153il - \u00c0 la d\u00e9couverte de marrakech\" \/>\n<meta property=\"og:description\" content=\"Bienvenue sur notre carte interactive de Marrakech, con\u00e7ue pour vous aider \u00e0 explorer la ville rouge en toute simplicit\u00e9. Que vous soyez en pr\u00e9paration de voyage ou d\u00e9j\u00e0 sur place, ce plan vous permet de rep\u00e9rer en un clin d\u2019\u0153il les principaux quartiers, monuments historiques, souks traditionnels et bons plans locaux.\" \/>\n<meta property=\"og:url\" content=\"https:\/\/lavoixdesaintjo.fr\/2025\/marrakech\/plan-de-marrakech\/\" \/>\n<meta property=\"og:site_name\" content=\"\u00c0 la d\u00e9couverte de marrakech\" \/>\n<meta property=\"article:modified_time\" content=\"2025-06-16T12:02:31+00:00\" \/>\n<meta name=\"twitter:card\" content=\"summary_large_image\" \/>\n<meta name=\"twitter:label1\" content=\"Dur\u00e9e de lecture estim\u00e9e\" \/>\n\t<meta name=\"twitter:data1\" content=\"1 minute\" \/>\n<script type=\"application\/ld+json\" class=\"yoast-schema-graph\">{\"@context\":\"https:\/\/schema.org\",\"@graph\":[{\"@type\":\"WebPage\",\"@id\":\"https:\/\/lavoixdesaintjo.fr\/2025\/marrakech\/plan-de-marrakech\/\",\"url\":\"https:\/\/lavoixdesaintjo.fr\/2025\/marrakech\/plan-de-marrakech\/\",\"name\":\"Marrakech en un coup d'\u0153il - \u00c0 la d\u00e9couverte de marrakech\",\"isPartOf\":{\"@id\":\"https:\/\/lavoixdesaintjo.fr\/2025\/marrakech\/#website\"},\"datePublished\":\"2025-05-20T08:50:22+00:00\",\"dateModified\":\"2025-06-16T12:02:31+00:00\",\"breadcrumb\":{\"@id\":\"https:\/\/lavoixdesaintjo.fr\/2025\/marrakech\/plan-de-marrakech\/#breadcrumb\"},\"inLanguage\":\"fr-FR\",\"potentialAction\":[{\"@type\":\"ReadAction\",\"target\":[\"https:\/\/lavoixdesaintjo.fr\/2025\/marrakech\/plan-de-marrakech\/\"]}]},{\"@type\":\"BreadcrumbList\",\"@id\":\"https:\/\/lavoixdesaintjo.fr\/2025\/marrakech\/plan-de-marrakech\/#breadcrumb\",\"itemListElement\":[{\"@type\":\"ListItem\",\"position\":1,\"name\":\"Accueil\",\"item\":\"https:\/\/lavoixdesaintjo.fr\/2025\/marrakech\/\"},{\"@type\":\"ListItem\",\"position\":2,\"name\":\"Marrakech en un coup d&rsquo;\u0153il\"}]},{\"@type\":\"WebSite\",\"@id\":\"https:\/\/lavoixdesaintjo.fr\/2025\/marrakech\/#website\",\"url\":\"https:\/\/lavoixdesaintjo.fr\/2025\/marrakech\/\",\"name\":\"\u00c0 la d\u00e9couverte de marrakech\",\"description\":\"\",\"publisher\":{\"@id\":\"https:\/\/lavoixdesaintjo.fr\/2025\/marrakech\/#organization\"},\"potentialAction\":[{\"@type\":\"SearchAction\",\"target\":{\"@type\":\"EntryPoint\",\"urlTemplate\":\"https:\/\/lavoixdesaintjo.fr\/2025\/marrakech\/?s={search_term_string}\"},\"query-input\":{\"@type\":\"PropertyValueSpecification\",\"valueRequired\":true,\"valueName\":\"search_term_string\"}}],\"inLanguage\":\"fr-FR\"},{\"@type\":\"Organization\",\"@id\":\"https:\/\/lavoixdesaintjo.fr\/2025\/marrakech\/#organization\",\"name\":\"\u00c0 la d\u00e9couverte de marrakech\",\"url\":\"https:\/\/lavoixdesaintjo.fr\/2025\/marrakech\/\",\"logo\":{\"@type\":\"ImageObject\",\"inLanguage\":\"fr-FR\",\"@id\":\"https:\/\/lavoixdesaintjo.fr\/2025\/marrakech\/#\/schema\/logo\/image\/\",\"url\":\"https:\/\/lavoixdesaintjo.fr\/2025\/marrakech\/wp-content\/uploads\/2025\/05\/logo-marrakech.webp\",\"contentUrl\":\"https:\/\/lavoixdesaintjo.fr\/2025\/marrakech\/wp-content\/uploads\/2025\/05\/logo-marrakech.webp\",\"width\":1024,\"height\":1024,\"caption\":\"\u00c0 la d\u00e9couverte de marrakech\"},\"image\":{\"@id\":\"https:\/\/lavoixdesaintjo.fr\/2025\/marrakech\/#\/schema\/logo\/image\/\"}}]}<\/script>\n<!-- \/ Yoast SEO plugin. -->","yoast_head_json":{"title":"Marrakech en un coup d'\u0153il - \u00c0 la d\u00e9couverte de marrakech","robots":{"index":"index","follow":"follow","max-snippet":"max-snippet:-1","max-image-preview":"max-image-preview:large","max-video-preview":"max-video-preview:-1"},"canonical":"https:\/\/lavoixdesaintjo.fr\/2025\/marrakech\/plan-de-marrakech\/","og_locale":"fr_FR","og_type":"article","og_title":"Marrakech en un coup d'\u0153il - \u00c0 la d\u00e9couverte de marrakech","og_description":"Bienvenue sur notre carte interactive de Marrakech, con\u00e7ue pour vous aider \u00e0 explorer la ville rouge en toute simplicit\u00e9. Que vous soyez en pr\u00e9paration de voyage ou d\u00e9j\u00e0 sur place, ce plan vous permet de rep\u00e9rer en un clin d\u2019\u0153il les principaux quartiers, monuments historiques, souks traditionnels et bons plans locaux.","og_url":"https:\/\/lavoixdesaintjo.fr\/2025\/marrakech\/plan-de-marrakech\/","og_site_name":"\u00c0 la d\u00e9couverte de marrakech","article_modified_time":"2025-06-16T12:02:31+00:00","twitter_card":"summary_large_image","twitter_misc":{"Dur\u00e9e de lecture estim\u00e9e":"1 minute"},"schema":{"@context":"https:\/\/schema.org","@graph":[{"@type":"WebPage","@id":"https:\/\/lavoixdesaintjo.fr\/2025\/marrakech\/plan-de-marrakech\/","url":"https:\/\/lavoixdesaintjo.fr\/2025\/marrakech\/plan-de-marrakech\/","name":"Marrakech en un coup d'\u0153il - \u00c0 la d\u00e9couverte de marrakech","isPartOf":{"@id":"https:\/\/lavoixdesaintjo.fr\/2025\/marrakech\/#website"},"datePublished":"2025-05-20T08:50:22+00:00","dateModified":"2025-06-16T12:02:31+00:00","breadcrumb":{"@id":"https:\/\/lavoixdesaintjo.fr\/2025\/marrakech\/plan-de-marrakech\/#breadcrumb"},"inLanguage":"fr-FR","potentialAction":[{"@type":"ReadAction","target":["https:\/\/lavoixdesaintjo.fr\/2025\/marrakech\/plan-de-marrakech\/"]}]},{"@type":"BreadcrumbList","@id":"https:\/\/lavoixdesaintjo.fr\/2025\/marrakech\/plan-de-marrakech\/#breadcrumb","itemListElement":[{"@type":"ListItem","position":1,"name":"Accueil","item":"https:\/\/lavoixdesaintjo.fr\/2025\/marrakech\/"},{"@type":"ListItem","position":2,"name":"Marrakech en un coup d&rsquo;\u0153il"}]},{"@type":"WebSite","@id":"https:\/\/lavoixdesaintjo.fr\/2025\/marrakech\/#website","url":"https:\/\/lavoixdesaintjo.fr\/2025\/marrakech\/","name":"\u00c0 la d\u00e9couverte de marrakech","description":"","publisher":{"@id":"https:\/\/lavoixdesaintjo.fr\/2025\/marrakech\/#organization"},"potentialAction":[{"@type":"SearchAction","target":{"@type":"EntryPoint","urlTemplate":"https:\/\/lavoixdesaintjo.fr\/2025\/marrakech\/?s={search_term_string}"},"query-input":{"@type":"PropertyValueSpecification","valueRequired":true,"valueName":"search_term_string"}}],"inLanguage":"fr-FR"},{"@type":"Organization","@id":"https:\/\/lavoixdesaintjo.fr\/2025\/marrakech\/#organization","name":"\u00c0 la d\u00e9couverte de marrakech","url":"https:\/\/lavoixdesaintjo.fr\/2025\/marrakech\/","logo":{"@type":"ImageObject","inLanguage":"fr-FR","@id":"https:\/\/lavoixdesaintjo.fr\/2025\/marrakech\/#\/schema\/logo\/image\/","url":"https:\/\/lavoixdesaintjo.fr\/2025\/marrakech\/wp-content\/uploads\/2025\/05\/logo-marrakech.webp","contentUrl":"https:\/\/lavoixdesaintjo.fr\/2025\/marrakech\/wp-content\/uploads\/2025\/05\/logo-marrakech.webp","width":1024,"height":1024,"caption":"\u00c0 la d\u00e9couverte de marrakech"},"image":{"@id":"https:\/\/lavoixdesaintjo.fr\/2025\/marrakech\/#\/schema\/logo\/image\/"}}]}},"_links":{"self":[{"href":"https:\/\/lavoixdesaintjo.fr\/2025\/marrakech\/wp-json\/wp\/v2\/pages\/57","targetHints":{"allow":["GET"]}}],"collection":[{"href":"https:\/\/lavoixdesaintjo.fr\/2025\/marrakech\/wp-json\/wp\/v2\/pages"}],"about":[{"href":"https:\/\/lavoixdesaintjo.fr\/2025\/marrakech\/wp-json\/wp\/v2\/types\/page"}],"author":[{"embeddable":true,"href":"https:\/\/lavoixdesaintjo.fr\/2025\/marrakech\/wp-json\/wp\/v2\/users\/1"}],"replies":[{"embeddable":true,"href":"https:\/\/lavoixdesaintjo.fr\/2025\/marrakech\/wp-json\/wp\/v2\/comments?post=57"}],"version-history":[{"count":6,"href":"https:\/\/lavoixdesaintjo.fr\/2025\/marrakech\/wp-json\/wp\/v2\/pages\/57\/revisions"}],"predecessor-version":[{"id":361,"href":"https:\/\/lavoixdesaintjo.fr\/2025\/marrakech\/wp-json\/wp\/v2\/pages\/57\/revisions\/361"}],"wp:attachment":[{"href":"https:\/\/lavoixdesaintjo.fr\/2025\/marrakech\/wp-json\/wp\/v2\/media?parent=57"}],"curies":[{"name":"wp","href":"https:\/\/api.w.org\/{rel}","templated":true}]}}