{"id":97,"date":"2025-05-20T10:40:43","date_gmt":"2025-05-20T08:40:43","guid":{"rendered":"https:\/\/lavoixdesaintjo.fr\/2025\/marrakech\/?page_id=97"},"modified":"2025-06-16T14:45:50","modified_gmt":"2025-06-16T12:45:50","slug":"histoire-geographie","status":"publish","type":"page","link":"https:\/\/lavoixdesaintjo.fr\/2025\/marrakech\/histoire-geographie\/","title":{"rendered":"Histoire &amp; G\u00e9ographie du Maroc"},"content":{"rendered":"\t\t<div data-elementor-type=\"wp-page\" data-elementor-id=\"97\" class=\"elementor elementor-97\">\n\t\t\t\t<div class=\"elementor-element elementor-element-fbdba2f e-flex e-con-boxed e-con e-parent\" data-id=\"fbdba2f\" data-element_type=\"container\">\n\t\t\t\t\t<div class=\"e-con-inner\">\n\t\t\t\t<div class=\"elementor-element elementor-element-9686f5f elementor-widget elementor-widget-heading\" data-id=\"9686f5f\" data-element_type=\"widget\" data-widget_type=\"heading.default\">\n\t\t\t\t<div class=\"elementor-widget-container\">\n\t\t\t\t\t<h2 class=\"elementor-heading-title elementor-size-default\">D\u00e9couvrez l'histoire du Maroc <\/h2>\t\t\t\t<\/div>\n\t\t\t\t<\/div>\n\t\t\t\t\t<\/div>\n\t\t\t\t<\/div>\n\t\t<div class=\"elementor-element elementor-element-4746136 e-flex e-con-boxed e-con e-parent\" data-id=\"4746136\" data-element_type=\"container\">\n\t\t\t\t\t<div class=\"e-con-inner\">\n\t\t\t\t<div class=\"elementor-element elementor-element-2ebe8bf elementor-widget elementor-widget-video\" data-id=\"2ebe8bf\" data-element_type=\"widget\" data-settings=\"{&quot;youtube_url&quot;:&quot;https:\\\/\\\/www.youtube.com\\\/watch?v=l4rWAkJCv4E&quot;,&quot;cc_load_policy&quot;:&quot;yes&quot;,&quot;video_type&quot;:&quot;youtube&quot;,&quot;controls&quot;:&quot;yes&quot;}\" data-widget_type=\"video.default\">\n\t\t\t\t<div class=\"elementor-widget-container\">\n\t\t\t\t\t\t\t<div class=\"elementor-wrapper elementor-open-inline\">\n\t\t\t<div class=\"elementor-video\"><\/div>\t\t<\/div>\n\t\t\t\t\t\t<\/div>\n\t\t\t\t<\/div>\n\t\t\t\t\t<\/div>\n\t\t\t\t<\/div>\n\t\t<div class=\"elementor-element elementor-element-872e4ca e-flex e-con-boxed e-con e-parent\" data-id=\"872e4ca\" data-element_type=\"container\">\n\t\t\t\t\t<div class=\"e-con-inner\">\n\t\t\t\t<div class=\"elementor-element elementor-element-b8bed1d elementor-widget elementor-widget-heading\" data-id=\"b8bed1d\" data-element_type=\"widget\" data-widget_type=\"heading.default\">\n\t\t\t\t<div class=\"elementor-widget-container\">\n\t\t\t\t\t<h2 class=\"elementor-heading-title elementor-size-default\">Maroc, carrefour des civilisations : une histoire riche et mill\u00e9naire<\/h2>\t\t\t\t<\/div>\n\t\t\t\t<\/div>\n\t\t\t\t\t<\/div>\n\t\t\t\t<\/div>\n\t\t<div class=\"elementor-element elementor-element-550a99b e-grid e-con-boxed e-con e-parent\" data-id=\"550a99b\" data-element_type=\"container\">\n\t\t\t\t\t<div class=\"e-con-inner\">\n\t\t\t\t<div class=\"elementor-element elementor-element-b528788 elementor-widget elementor-widget-image\" data-id=\"b528788\" data-element_type=\"widget\" data-widget_type=\"image.default\">\n\t\t\t\t<div class=\"elementor-widget-container\">\n\t\t\t\t\t\t\t\t\t\t\t\t\t\t\t<img fetchpriority=\"high\" decoding=\"async\" width=\"638\" height=\"390\" src=\"https:\/\/lavoixdesaintjo.fr\/2025\/marrakech\/wp-content\/uploads\/2025\/05\/R.jpg\" class=\"attachment-large size-large wp-image-261\" alt=\"Ancienne photo d&#039;une rue au Maroc\" srcset=\"https:\/\/lavoixdesaintjo.fr\/2025\/marrakech\/wp-content\/uploads\/2025\/05\/R.jpg 638w, https:\/\/lavoixdesaintjo.fr\/2025\/marrakech\/wp-content\/uploads\/2025\/05\/R-300x183.jpg 300w\" sizes=\"100vw\" \/>\t\t\t\t\t\t\t\t\t\t\t\t\t\t\t<\/div>\n\t\t\t\t<\/div>\n\t\t\t\t<div class=\"elementor-element elementor-element-d80180f elementor-widget elementor-widget-text-editor\" data-id=\"d80180f\" data-element_type=\"widget\" data-widget_type=\"text-editor.default\">\n\t\t\t\t<div class=\"elementor-widget-container\">\n\t\t\t\t\t\t\t\t\t<p><strong data-start=\"210\" data-end=\"256\"><i>Un territoire habit\u00e9 depuis la<\/i> <i>pr\u00e9histoire<\/i><\/strong><br data-start=\"256\" data-end=\"259\">Le Maroc poss\u00e8de une histoire qui remonte \u00e0 des milliers d\u2019ann\u00e9es. Des traces de vie humaine y ont \u00e9t\u00e9 d\u00e9couvertes datant de plus de 300 000 ans. Tr\u00e8s t\u00f4t, ce territoire strat\u00e9gique attire diverses civilisations, notamment les Ph\u00e9niciens et les Carthaginois, qui y d\u00e9veloppent des comptoirs commerciaux le long des c\u00f4tes m\u00e9diterran\u00e9ennes et atlantiques.<\/p>\t\t\t\t\t\t\t\t<\/div>\n\t\t\t\t<\/div>\n\t\t\t\t\t<\/div>\n\t\t\t\t<\/div>\n\t\t<div class=\"elementor-element elementor-element-3dedfbf e-grid e-con-boxed e-con e-parent\" data-id=\"3dedfbf\" data-element_type=\"container\">\n\t\t\t\t\t<div class=\"e-con-inner\">\n\t\t\t\t<div class=\"elementor-element elementor-element-d1bab34 elementor-widget elementor-widget-text-editor\" data-id=\"d1bab34\" data-element_type=\"widget\" data-widget_type=\"text-editor.default\">\n\t\t\t\t<div class=\"elementor-widget-container\">\n\t\t\t\t\t\t\t\t\t<p><strong data-start=\"619\" data-end=\"672\"><i>L\u2019h\u00e9ritage<\/i> <i>des Berb\u00e8res et l\u2019Islamisation du pays<\/i><\/strong><br data-start=\"672\" data-end=\"675\">Les Berb\u00e8res (ou Amazighs), peuple autochtone d\u2019Afrique du Nord, forment le socle de l\u2019identit\u00e9 marocaine. Au VIIe si\u00e8cle, l\u2019arriv\u00e9e de l\u2019islam marque un tournant majeur. Le pays s&rsquo;islamise progressivement tout en conservant une forte culture berb\u00e8re. Plusieurs dynasties musulmanes d\u2019origine berb\u00e8re vont marquer l\u2019histoire, comme les Almoravides et les Almohades, qui \u00e9tendent leur influence jusqu\u2019en Espagne et en Afrique subsaharienne.<\/p>\t\t\t\t\t\t\t\t<\/div>\n\t\t\t\t<\/div>\n\t\t\t\t<div class=\"elementor-element elementor-element-77bf21c elementor-widget elementor-widget-image\" data-id=\"77bf21c\" data-element_type=\"widget\" data-widget_type=\"image.default\">\n\t\t\t\t<div class=\"elementor-widget-container\">\n\t\t\t\t\t\t\t\t\t\t\t\t\t\t\t<img decoding=\"async\" width=\"950\" height=\"667\" src=\"https:\/\/lavoixdesaintjo.fr\/2025\/marrakech\/wp-content\/uploads\/2025\/05\/bebe-1024x719.jpg\" class=\"attachment-large size-large wp-image-275\" alt=\"groupe de femmes berberes\" srcset=\"https:\/\/lavoixdesaintjo.fr\/2025\/marrakech\/wp-content\/uploads\/2025\/05\/bebe-1024x719.jpg 1024w, https:\/\/lavoixdesaintjo.fr\/2025\/marrakech\/wp-content\/uploads\/2025\/05\/bebe-300x211.jpg 300w, https:\/\/lavoixdesaintjo.fr\/2025\/marrakech\/wp-content\/uploads\/2025\/05\/bebe.jpg 1029w\" sizes=\"100vw\" \/>\t\t\t\t\t\t\t\t\t\t\t\t\t\t\t<\/div>\n\t\t\t\t<\/div>\n\t\t\t\t\t<\/div>\n\t\t\t\t<\/div>\n\t\t<div class=\"elementor-element elementor-element-5102393 e-grid e-con-boxed e-con e-parent\" data-id=\"5102393\" data-element_type=\"container\">\n\t\t\t\t\t<div class=\"e-con-inner\">\n\t\t\t\t<div class=\"elementor-element elementor-element-20fb301 elementor-widget elementor-widget-image\" data-id=\"20fb301\" data-element_type=\"widget\" data-widget_type=\"image.default\">\n\t\t\t\t<div class=\"elementor-widget-container\">\n\t\t\t\t\t\t\t\t\t\t\t\t\t\t\t<img decoding=\"async\" width=\"800\" height=\"600\" src=\"https:\/\/lavoixdesaintjo.fr\/2025\/marrakech\/wp-content\/uploads\/2025\/05\/dynastie.jpg\" class=\"attachment-large size-large wp-image-288\" alt=\"Dynastie actuelle du Maroc\" srcset=\"https:\/\/lavoixdesaintjo.fr\/2025\/marrakech\/wp-content\/uploads\/2025\/05\/dynastie.jpg 800w, https:\/\/lavoixdesaintjo.fr\/2025\/marrakech\/wp-content\/uploads\/2025\/05\/dynastie-300x225.jpg 300w\" sizes=\"100vw\" \/>\t\t\t\t\t\t\t\t\t\t\t\t\t\t\t<\/div>\n\t\t\t\t<\/div>\n\t\t\t\t<div class=\"elementor-element elementor-element-028d755 elementor-widget elementor-widget-text-editor\" data-id=\"028d755\" data-element_type=\"widget\" data-widget_type=\"text-editor.default\">\n\t\t\t\t<div class=\"elementor-widget-container\">\n\t\t\t\t\t\t\t\t\t<p><strong data-start=\"1121\" data-end=\"1157\"><i>Les grandes dynasties marocaines<\/i><\/strong><br data-start=\"1157\" data-end=\"1160\">Le Maroc a \u00e9t\u00e9 gouvern\u00e9 par plusieurs grandes dynasties : les Idrissides (fondateurs de la premi\u00e8re entit\u00e9 musulmane ind\u00e9pendante au Maroc), les M\u00e9rinides, les Saadiens, et les Alaouites, dynastie encore r\u00e9gnante aujourd\u2019hui. Ces dynasties ont laiss\u00e9 un riche patrimoine architectural, religieux et culturel, visible dans les villes imp\u00e9riales comme F\u00e8s, Marrakech, Mekn\u00e8s et Rabat.<\/p>\t\t\t\t\t\t\t\t<\/div>\n\t\t\t\t<\/div>\n\t\t\t\t\t<\/div>\n\t\t\t\t<\/div>\n\t\t<div class=\"elementor-element elementor-element-4879d62 e-grid e-con-boxed e-con e-parent\" data-id=\"4879d62\" data-element_type=\"container\">\n\t\t\t\t\t<div class=\"e-con-inner\">\n\t\t\t\t<div class=\"elementor-element elementor-element-9781b50 elementor-widget elementor-widget-text-editor\" data-id=\"9781b50\" data-element_type=\"widget\" data-widget_type=\"text-editor.default\">\n\t\t\t\t<div class=\"elementor-widget-container\">\n\t\t\t\t\t\t\t\t\t<p><em><strong data-start=\"1549\" data-end=\"1588\">De la colonisation \u00e0 l\u2019ind\u00e9pendance<\/strong><\/em><br data-start=\"1588\" data-end=\"1591\" \/>\u00c0 partir du d\u00e9but du XXe si\u00e8cle, le Maroc est plac\u00e9 sous <strong data-start=\"1648\" data-end=\"1672\">protectorat fran\u00e7ais<\/strong> (1912-1956) et espagnol dans certaines r\u00e9gions. Le mouvement national se renforce au fil des d\u00e9cennies, jusqu\u2019\u00e0 ce que le pays retrouve son ind\u00e9pendance en <strong data-start=\"1829\" data-end=\"1837\">1956<\/strong> sous le r\u00e8gne de Mohammed V. Depuis, le Maroc a poursuivi un chemin d\u2019\u00e9volution politique, \u00e9conomique et sociale.<\/p>\t\t\t\t\t\t\t\t<\/div>\n\t\t\t\t<\/div>\n\t\t\t\t<div class=\"elementor-element elementor-element-0fee25c elementor-widget elementor-widget-image\" data-id=\"0fee25c\" data-element_type=\"widget\" data-widget_type=\"image.default\">\n\t\t\t\t<div class=\"elementor-widget-container\">\n\t\t\t\t\t\t\t\t\t\t\t\t\t\t\t<img loading=\"lazy\" decoding=\"async\" width=\"950\" height=\"685\" src=\"https:\/\/lavoixdesaintjo.fr\/2025\/marrakech\/wp-content\/uploads\/2025\/05\/coloni.jpg\" class=\"attachment-large size-large wp-image-289\" alt=\"fin de la colonisation\" srcset=\"https:\/\/lavoixdesaintjo.fr\/2025\/marrakech\/wp-content\/uploads\/2025\/05\/coloni.jpg 1023w, https:\/\/lavoixdesaintjo.fr\/2025\/marrakech\/wp-content\/uploads\/2025\/05\/coloni-300x216.jpg 300w\" sizes=\"100vw\" \/>\t\t\t\t\t\t\t\t\t\t\t\t\t\t\t<\/div>\n\t\t\t\t<\/div>\n\t\t\t\t\t<\/div>\n\t\t\t\t<\/div>\n\t\t<div class=\"elementor-element elementor-element-42e6523 e-grid e-con-boxed e-con e-parent\" data-id=\"42e6523\" data-element_type=\"container\">\n\t\t\t\t\t<div class=\"e-con-inner\">\n\t\t\t\t<div class=\"elementor-element elementor-element-5ee0d15 elementor-widget elementor-widget-image\" data-id=\"5ee0d15\" data-element_type=\"widget\" data-widget_type=\"image.default\">\n\t\t\t\t<div class=\"elementor-widget-container\">\n\t\t\t\t\t\t\t\t\t\t\t\t\t\t\t<img loading=\"lazy\" decoding=\"async\" width=\"746\" height=\"380\" src=\"https:\/\/lavoixdesaintjo.fr\/2025\/marrakech\/wp-content\/uploads\/2025\/05\/aujj.jpg\" class=\"attachment-large size-large wp-image-291\" alt=\"photo du march\u00e9 de Marrakech\" srcset=\"https:\/\/lavoixdesaintjo.fr\/2025\/marrakech\/wp-content\/uploads\/2025\/05\/aujj.jpg 746w, https:\/\/lavoixdesaintjo.fr\/2025\/marrakech\/wp-content\/uploads\/2025\/05\/aujj-300x153.jpg 300w\" sizes=\"100vw\" \/>\t\t\t\t\t\t\t\t\t\t\t\t\t\t\t<\/div>\n\t\t\t\t<\/div>\n\t\t\t\t<div class=\"elementor-element elementor-element-7e3104a elementor-widget elementor-widget-text-editor\" data-id=\"7e3104a\" data-element_type=\"widget\" data-widget_type=\"text-editor.default\">\n\t\t\t\t<div class=\"elementor-widget-container\">\n\t\t\t\t\t\t\t\t\t<p><em><strong data-start=\"1958\" data-end=\"2002\">Un royaume moderne aux racines profondes<\/strong><\/em><br data-start=\"2002\" data-end=\"2005\" \/>Aujourd\u2019hui, le Maroc est une monarchie constitutionnelle dirig\u00e9e par le roi Mohammed VI. Le pays conserve une forte identit\u00e9 culturelle m\u00ealant traditions berb\u00e8res, arabes, africaines, andalouses et europ\u00e9ennes. Cette richesse historique fait du Maroc un v\u00e9ritable <strong data-start=\"2270\" data-end=\"2300\">carrefour de civilisations<\/strong>, fier de son pass\u00e9 et tourn\u00e9 vers l\u2019avenir.<\/p>\t\t\t\t\t\t\t\t<\/div>\n\t\t\t\t<\/div>\n\t\t\t\t\t<\/div>\n\t\t\t\t<\/div>\n\t\t\t\t<\/div>\n\t\t","protected":false},"excerpt":{"rendered":"<p>D\u00e9couvrez l&rsquo;histoire du Maroc Maroc, carrefour des civilisations : une histoire riche et mill\u00e9naire Un territoire habit\u00e9 depuis la pr\u00e9histoireLe Maroc poss\u00e8de une histoire qui remonte \u00e0 des milliers d\u2019ann\u00e9es. Des traces de vie humaine y ont \u00e9t\u00e9 d\u00e9couvertes datant de plus de 300 000 ans. Tr\u00e8s t\u00f4t, ce territoire strat\u00e9gique attire diverses civilisations, notamment &hellip; <\/p>\n<p class=\"link-more\"><a href=\"https:\/\/lavoixdesaintjo.fr\/2025\/marrakech\/histoire-geographie\/\" class=\"more-link\">Lire la suite de<span class=\"screen-reader-text\">\u00ab\u00a0Histoire &amp; G\u00e9ographie du Maroc\u00a0\u00bb<\/span><\/a><\/p>\n","protected":false},"author":1,"featured_media":0,"parent":0,"menu_order":0,"comment_status":"closed","ping_status":"closed","template":"","meta":{"_acf_changed":false,"footnotes":""},"class_list":["post-97","page","type-page","status-publish","hentry"],"acf":[],"yoast_head":"<!-- This site is optimized with the Yoast SEO plugin v25.1 - https:\/\/yoast.com\/wordpress\/plugins\/seo\/ -->\n<title>Histoire &amp; G\u00e9ographie du Maroc - \u00c0 la d\u00e9couverte de marrakech<\/title>\n<meta name=\"robots\" content=\"index, follow, max-snippet:-1, max-image-preview:large, max-video-preview:-1\" \/>\n<link rel=\"canonical\" href=\"https:\/\/lavoixdesaintjo.fr\/2025\/marrakech\/histoire-geographie\/\" \/>\n<meta property=\"og:locale\" content=\"fr_FR\" \/>\n<meta property=\"og:type\" content=\"article\" \/>\n<meta property=\"og:title\" content=\"Histoire &amp; G\u00e9ographie du Maroc - \u00c0 la d\u00e9couverte de marrakech\" \/>\n<meta property=\"og:description\" content=\"D\u00e9couvrez l&rsquo;histoire du Maroc Maroc, carrefour des civilisations : une histoire riche et mill\u00e9naire Un territoire habit\u00e9 depuis la pr\u00e9histoireLe Maroc poss\u00e8de une histoire qui remonte \u00e0 des milliers d\u2019ann\u00e9es. Des traces de vie humaine y ont \u00e9t\u00e9 d\u00e9couvertes datant de plus de 300 000 ans. Tr\u00e8s t\u00f4t, ce territoire strat\u00e9gique attire diverses civilisations, notamment &hellip; Lire la suite de\u00ab\u00a0Histoire &amp; G\u00e9ographie du Maroc\u00a0\u00bb\" \/>\n<meta property=\"og:url\" content=\"https:\/\/lavoixdesaintjo.fr\/2025\/marrakech\/histoire-geographie\/\" \/>\n<meta property=\"og:site_name\" content=\"\u00c0 la d\u00e9couverte de marrakech\" \/>\n<meta property=\"article:modified_time\" content=\"2025-06-16T12:45:50+00:00\" \/>\n<meta property=\"og:image\" content=\"https:\/\/lavoixdesaintjo.fr\/2025\/marrakech\/wp-content\/uploads\/2025\/05\/R.jpg\" \/>\n<meta name=\"twitter:card\" content=\"summary_large_image\" \/>\n<meta name=\"twitter:label1\" content=\"Dur\u00e9e de lecture estim\u00e9e\" \/>\n\t<meta name=\"twitter:data1\" content=\"3 minutes\" \/>\n<script type=\"application\/ld+json\" class=\"yoast-schema-graph\">{\"@context\":\"https:\/\/schema.org\",\"@graph\":[{\"@type\":\"WebPage\",\"@id\":\"https:\/\/lavoixdesaintjo.fr\/2025\/marrakech\/histoire-geographie\/\",\"url\":\"https:\/\/lavoixdesaintjo.fr\/2025\/marrakech\/histoire-geographie\/\",\"name\":\"Histoire &amp; G\u00e9ographie du Maroc - \u00c0 la d\u00e9couverte de marrakech\",\"isPartOf\":{\"@id\":\"https:\/\/lavoixdesaintjo.fr\/2025\/marrakech\/#website\"},\"primaryImageOfPage\":{\"@id\":\"https:\/\/lavoixdesaintjo.fr\/2025\/marrakech\/histoire-geographie\/#primaryimage\"},\"image\":{\"@id\":\"https:\/\/lavoixdesaintjo.fr\/2025\/marrakech\/histoire-geographie\/#primaryimage\"},\"thumbnailUrl\":\"https:\/\/lavoixdesaintjo.fr\/2025\/marrakech\/wp-content\/uploads\/2025\/05\/R.jpg\",\"datePublished\":\"2025-05-20T08:40:43+00:00\",\"dateModified\":\"2025-06-16T12:45:50+00:00\",\"breadcrumb\":{\"@id\":\"https:\/\/lavoixdesaintjo.fr\/2025\/marrakech\/histoire-geographie\/#breadcrumb\"},\"inLanguage\":\"fr-FR\",\"potentialAction\":[{\"@type\":\"ReadAction\",\"target\":[\"https:\/\/lavoixdesaintjo.fr\/2025\/marrakech\/histoire-geographie\/\"]}]},{\"@type\":\"ImageObject\",\"inLanguage\":\"fr-FR\",\"@id\":\"https:\/\/lavoixdesaintjo.fr\/2025\/marrakech\/histoire-geographie\/#primaryimage\",\"url\":\"https:\/\/lavoixdesaintjo.fr\/2025\/marrakech\/wp-content\/uploads\/2025\/05\/R.jpg\",\"contentUrl\":\"https:\/\/lavoixdesaintjo.fr\/2025\/marrakech\/wp-content\/uploads\/2025\/05\/R.jpg\",\"width\":638,\"height\":390,\"caption\":\"Ancienne photo d'une rue au Maroc\"},{\"@type\":\"BreadcrumbList\",\"@id\":\"https:\/\/lavoixdesaintjo.fr\/2025\/marrakech\/histoire-geographie\/#breadcrumb\",\"itemListElement\":[{\"@type\":\"ListItem\",\"position\":1,\"name\":\"Accueil\",\"item\":\"https:\/\/lavoixdesaintjo.fr\/2025\/marrakech\/\"},{\"@type\":\"ListItem\",\"position\":2,\"name\":\"Histoire &amp; G\u00e9ographie du Maroc\"}]},{\"@type\":\"WebSite\",\"@id\":\"https:\/\/lavoixdesaintjo.fr\/2025\/marrakech\/#website\",\"url\":\"https:\/\/lavoixdesaintjo.fr\/2025\/marrakech\/\",\"name\":\"\u00c0 la d\u00e9couverte de marrakech\",\"description\":\"\",\"publisher\":{\"@id\":\"https:\/\/lavoixdesaintjo.fr\/2025\/marrakech\/#organization\"},\"potentialAction\":[{\"@type\":\"SearchAction\",\"target\":{\"@type\":\"EntryPoint\",\"urlTemplate\":\"https:\/\/lavoixdesaintjo.fr\/2025\/marrakech\/?s={search_term_string}\"},\"query-input\":{\"@type\":\"PropertyValueSpecification\",\"valueRequired\":true,\"valueName\":\"search_term_string\"}}],\"inLanguage\":\"fr-FR\"},{\"@type\":\"Organization\",\"@id\":\"https:\/\/lavoixdesaintjo.fr\/2025\/marrakech\/#organization\",\"name\":\"\u00c0 la d\u00e9couverte de marrakech\",\"url\":\"https:\/\/lavoixdesaintjo.fr\/2025\/marrakech\/\",\"logo\":{\"@type\":\"ImageObject\",\"inLanguage\":\"fr-FR\",\"@id\":\"https:\/\/lavoixdesaintjo.fr\/2025\/marrakech\/#\/schema\/logo\/image\/\",\"url\":\"https:\/\/lavoixdesaintjo.fr\/2025\/marrakech\/wp-content\/uploads\/2025\/05\/logo-marrakech.webp\",\"contentUrl\":\"https:\/\/lavoixdesaintjo.fr\/2025\/marrakech\/wp-content\/uploads\/2025\/05\/logo-marrakech.webp\",\"width\":1024,\"height\":1024,\"caption\":\"\u00c0 la d\u00e9couverte de marrakech\"},\"image\":{\"@id\":\"https:\/\/lavoixdesaintjo.fr\/2025\/marrakech\/#\/schema\/logo\/image\/\"}}]}<\/script>\n<!-- \/ Yoast SEO plugin. -->","yoast_head_json":{"title":"Histoire &amp; G\u00e9ographie du Maroc - \u00c0 la d\u00e9couverte de marrakech","robots":{"index":"index","follow":"follow","max-snippet":"max-snippet:-1","max-image-preview":"max-image-preview:large","max-video-preview":"max-video-preview:-1"},"canonical":"https:\/\/lavoixdesaintjo.fr\/2025\/marrakech\/histoire-geographie\/","og_locale":"fr_FR","og_type":"article","og_title":"Histoire &amp; G\u00e9ographie du Maroc - \u00c0 la d\u00e9couverte de marrakech","og_description":"D\u00e9couvrez l&rsquo;histoire du Maroc Maroc, carrefour des civilisations : une histoire riche et mill\u00e9naire Un territoire habit\u00e9 depuis la pr\u00e9histoireLe Maroc poss\u00e8de une histoire qui remonte \u00e0 des milliers d\u2019ann\u00e9es. Des traces de vie humaine y ont \u00e9t\u00e9 d\u00e9couvertes datant de plus de 300 000 ans. Tr\u00e8s t\u00f4t, ce territoire strat\u00e9gique attire diverses civilisations, notamment &hellip; Lire la suite de\u00ab\u00a0Histoire &amp; G\u00e9ographie du Maroc\u00a0\u00bb","og_url":"https:\/\/lavoixdesaintjo.fr\/2025\/marrakech\/histoire-geographie\/","og_site_name":"\u00c0 la d\u00e9couverte de marrakech","article_modified_time":"2025-06-16T12:45:50+00:00","og_image":[{"url":"https:\/\/lavoixdesaintjo.fr\/2025\/marrakech\/wp-content\/uploads\/2025\/05\/R.jpg","type":"","width":"","height":""}],"twitter_card":"summary_large_image","twitter_misc":{"Dur\u00e9e de lecture estim\u00e9e":"3 minutes"},"schema":{"@context":"https:\/\/schema.org","@graph":[{"@type":"WebPage","@id":"https:\/\/lavoixdesaintjo.fr\/2025\/marrakech\/histoire-geographie\/","url":"https:\/\/lavoixdesaintjo.fr\/2025\/marrakech\/histoire-geographie\/","name":"Histoire &amp; G\u00e9ographie du Maroc - \u00c0 la d\u00e9couverte de marrakech","isPartOf":{"@id":"https:\/\/lavoixdesaintjo.fr\/2025\/marrakech\/#website"},"primaryImageOfPage":{"@id":"https:\/\/lavoixdesaintjo.fr\/2025\/marrakech\/histoire-geographie\/#primaryimage"},"image":{"@id":"https:\/\/lavoixdesaintjo.fr\/2025\/marrakech\/histoire-geographie\/#primaryimage"},"thumbnailUrl":"https:\/\/lavoixdesaintjo.fr\/2025\/marrakech\/wp-content\/uploads\/2025\/05\/R.jpg","datePublished":"2025-05-20T08:40:43+00:00","dateModified":"2025-06-16T12:45:50+00:00","breadcrumb":{"@id":"https:\/\/lavoixdesaintjo.fr\/2025\/marrakech\/histoire-geographie\/#breadcrumb"},"inLanguage":"fr-FR","potentialAction":[{"@type":"ReadAction","target":["https:\/\/lavoixdesaintjo.fr\/2025\/marrakech\/histoire-geographie\/"]}]},{"@type":"ImageObject","inLanguage":"fr-FR","@id":"https:\/\/lavoixdesaintjo.fr\/2025\/marrakech\/histoire-geographie\/#primaryimage","url":"https:\/\/lavoixdesaintjo.fr\/2025\/marrakech\/wp-content\/uploads\/2025\/05\/R.jpg","contentUrl":"https:\/\/lavoixdesaintjo.fr\/2025\/marrakech\/wp-content\/uploads\/2025\/05\/R.jpg","width":638,"height":390,"caption":"Ancienne photo d'une rue au Maroc"},{"@type":"BreadcrumbList","@id":"https:\/\/lavoixdesaintjo.fr\/2025\/marrakech\/histoire-geographie\/#breadcrumb","itemListElement":[{"@type":"ListItem","position":1,"name":"Accueil","item":"https:\/\/lavoixdesaintjo.fr\/2025\/marrakech\/"},{"@type":"ListItem","position":2,"name":"Histoire &amp; G\u00e9ographie du Maroc"}]},{"@type":"WebSite","@id":"https:\/\/lavoixdesaintjo.fr\/2025\/marrakech\/#website","url":"https:\/\/lavoixdesaintjo.fr\/2025\/marrakech\/","name":"\u00c0 la d\u00e9couverte de marrakech","description":"","publisher":{"@id":"https:\/\/lavoixdesaintjo.fr\/2025\/marrakech\/#organization"},"potentialAction":[{"@type":"SearchAction","target":{"@type":"EntryPoint","urlTemplate":"https:\/\/lavoixdesaintjo.fr\/2025\/marrakech\/?s={search_term_string}"},"query-input":{"@type":"PropertyValueSpecification","valueRequired":true,"valueName":"search_term_string"}}],"inLanguage":"fr-FR"},{"@type":"Organization","@id":"https:\/\/lavoixdesaintjo.fr\/2025\/marrakech\/#organization","name":"\u00c0 la d\u00e9couverte de marrakech","url":"https:\/\/lavoixdesaintjo.fr\/2025\/marrakech\/","logo":{"@type":"ImageObject","inLanguage":"fr-FR","@id":"https:\/\/lavoixdesaintjo.fr\/2025\/marrakech\/#\/schema\/logo\/image\/","url":"https:\/\/lavoixdesaintjo.fr\/2025\/marrakech\/wp-content\/uploads\/2025\/05\/logo-marrakech.webp","contentUrl":"https:\/\/lavoixdesaintjo.fr\/2025\/marrakech\/wp-content\/uploads\/2025\/05\/logo-marrakech.webp","width":1024,"height":1024,"caption":"\u00c0 la d\u00e9couverte de marrakech"},"image":{"@id":"https:\/\/lavoixdesaintjo.fr\/2025\/marrakech\/#\/schema\/logo\/image\/"}}]}},"_links":{"self":[{"href":"https:\/\/lavoixdesaintjo.fr\/2025\/marrakech\/wp-json\/wp\/v2\/pages\/97","targetHints":{"allow":["GET"]}}],"collection":[{"href":"https:\/\/lavoixdesaintjo.fr\/2025\/marrakech\/wp-json\/wp\/v2\/pages"}],"about":[{"href":"https:\/\/lavoixdesaintjo.fr\/2025\/marrakech\/wp-json\/wp\/v2\/types\/page"}],"author":[{"embeddable":true,"href":"https:\/\/lavoixdesaintjo.fr\/2025\/marrakech\/wp-json\/wp\/v2\/users\/1"}],"replies":[{"embeddable":true,"href":"https:\/\/lavoixdesaintjo.fr\/2025\/marrakech\/wp-json\/wp\/v2\/comments?post=97"}],"version-history":[{"count":11,"href":"https:\/\/lavoixdesaintjo.fr\/2025\/marrakech\/wp-json\/wp\/v2\/pages\/97\/revisions"}],"predecessor-version":[{"id":404,"href":"https:\/\/lavoixdesaintjo.fr\/2025\/marrakech\/wp-json\/wp\/v2\/pages\/97\/revisions\/404"}],"wp:attachment":[{"href":"https:\/\/lavoixdesaintjo.fr\/2025\/marrakech\/wp-json\/wp\/v2\/media?parent=97"}],"curies":[{"name":"wp","href":"https:\/\/api.w.org\/{rel}","templated":true}]}}