{"id":99,"date":"2025-05-20T10:41:20","date_gmt":"2025-05-20T08:41:20","guid":{"rendered":"https:\/\/lavoixdesaintjo.fr\/2025\/marrakech\/?page_id=99"},"modified":"2025-06-16T14:51:04","modified_gmt":"2025-06-16T12:51:04","slug":"patrimoine-du-maroc","status":"publish","type":"page","link":"https:\/\/lavoixdesaintjo.fr\/2025\/marrakech\/patrimoine-du-maroc\/","title":{"rendered":"Patrimoine du Maroc"},"content":{"rendered":"\n<p>Le Maroc, pays riche en histoire, en culture et en diversit\u00e9 g\u00e9ographique, abrite plusieurs sites inscrits au patrimoine mondial de l\u2019UNESCO. Ces sites refl\u00e8tent la richesse du pass\u00e9 du royaume, sa diversit\u00e9 culturelle et la valeur universelle de ses tr\u00e9sors architecturaux et naturels.<\/p>\n\n\n\n<p>Parmi les plus embl\u00e9matiques figure <strong>la M\u00e9dina de F\u00e8s<\/strong>, fond\u00e9e au IXe si\u00e8cle. C\u2019est l\u2019une des plus grandes zones urbaines sans voitures au monde, un v\u00e9ritable labyrinthe de ruelles \u00e9troites, de mosqu\u00e9es, de medersas (\u00e9coles coraniques) et de souks anim\u00e9s. Elle illustre parfaitement l\u2019urbanisme islamique m\u00e9di\u00e9val.<\/p>\n\n\n\n<p>Autre joyau : <strong>la M\u00e9dina de Marrakech<\/strong>, connue pour sa c\u00e9l\u00e8bre place Jemaa el-Fna, class\u00e9e \u00e9galement comme patrimoine culturel immat\u00e9riel. Cette ville ocre allie traditions berb\u00e8res, arabes et andalouses dans une atmosph\u00e8re vibrante.<\/p>\n\n\n\n<p>Le <strong>Ksar d\u2019A\u00eft Ben Haddou<\/strong>, un ancien village fortifi\u00e9 en pis\u00e9 situ\u00e9 dans les montagnes de l\u2019Atlas, est aussi inscrit sur la liste de l\u2019UNESCO. Utilis\u00e9 comme d\u00e9cor pour de nombreux films, il est un exemple remarquable d\u2019architecture traditionnelle du sud marocain.<\/p>\n\n\n\n<p>Le Maroc compte \u00e9galement d\u2019autres sites prestigieux comme <strong>la ville historique de Mekn\u00e8s<\/strong>, <strong>la m\u00e9dina de T\u00e9touan<\/strong>, <strong>la ville portugaise de Mazagan (El Jadida)<\/strong>, <strong>la ville de Rabat, capitale moderne et ville historique<\/strong>, ou encore <strong>le site arch\u00e9ologique de Volubilis<\/strong>, t\u00e9moin impressionnant de l\u2019\u00e9poque romaine.<\/p>\n\n\n\n<p>Ces inscriptions \u00e0 l\u2019UNESCO ne sont pas seulement un honneur : elles t\u00e9moignent de l&rsquo;engagement du Maroc \u00e0 pr\u00e9server et valoriser son patrimoine pour les g\u00e9n\u00e9rations futures. Elles rappellent aussi la place centrale qu\u2019occupe le royaume dans le dialogue entre civilisations et dans la transmission du savoir-faire ancestral.<\/p>\n\n\n\n<figure class=\"wp-block-gallery has-nested-images columns-default is-cropped wp-block-gallery-1 is-layout-flex wp-block-gallery-is-layout-flex\">\n<figure class=\"wp-block-image size-full\"><img fetchpriority=\"high\" decoding=\"async\" width=\"612\" height=\"408\" data-id=\"353\" src=\"https:\/\/lavoixdesaintjo.fr\/2025\/marrakech\/wp-content\/uploads\/2025\/06\/istockphoto-2149359355-612x612-1.jpg\" alt=\"\" class=\"wp-image-353\" srcset=\"https:\/\/lavoixdesaintjo.fr\/2025\/marrakech\/wp-content\/uploads\/2025\/06\/istockphoto-2149359355-612x612-1.jpg 612w, https:\/\/lavoixdesaintjo.fr\/2025\/marrakech\/wp-content\/uploads\/2025\/06\/istockphoto-2149359355-612x612-1-300x200.jpg 300w\" sizes=\"(max-width: 612px) 100vw, 612px\" \/><figcaption class=\"wp-element-caption\">Ait-Ben-Haddou, Ksar or  fortified village in Ouarzazate province, Morocco. Prime example of southern Morocco architecture.<\/figcaption><\/figure>\n\n\n\n<figure class=\"wp-block-image size-full\"><img decoding=\"async\" width=\"612\" height=\"408\" data-id=\"354\" src=\"https:\/\/lavoixdesaintjo.fr\/2025\/marrakech\/wp-content\/uploads\/2025\/06\/istockphoto-610759748-612x612-3.jpg\" alt=\"\" class=\"wp-image-354\" srcset=\"https:\/\/lavoixdesaintjo.fr\/2025\/marrakech\/wp-content\/uploads\/2025\/06\/istockphoto-610759748-612x612-3.jpg 612w, https:\/\/lavoixdesaintjo.fr\/2025\/marrakech\/wp-content\/uploads\/2025\/06\/istockphoto-610759748-612x612-3-300x200.jpg 300w\" sizes=\"(max-width: 612px) 100vw, 612px\" \/><figcaption class=\"wp-element-caption\">Stairway in the blue medina of Chefchaouen, Morocco<\/figcaption><\/figure>\n<\/figure>\n\n\n\n<p>             <\/p>\n\n\n\n<p><\/p>\n\n\n\n<p><\/p>\n","protected":false},"excerpt":{"rendered":"<p>Le Maroc, pays riche en histoire, en culture et en diversit\u00e9 g\u00e9ographique, abrite plusieurs sites inscrits au patrimoine mondial de l\u2019UNESCO. Ces sites refl\u00e8tent la richesse du pass\u00e9 du royaume, sa diversit\u00e9 culturelle et la valeur universelle de ses tr\u00e9sors architecturaux et naturels. Parmi les plus embl\u00e9matiques figure la M\u00e9dina de F\u00e8s, fond\u00e9e au IXe &hellip; <\/p>\n<p class=\"link-more\"><a href=\"https:\/\/lavoixdesaintjo.fr\/2025\/marrakech\/patrimoine-du-maroc\/\" class=\"more-link\">Lire la suite de<span class=\"screen-reader-text\">\u00ab\u00a0Patrimoine du Maroc\u00a0\u00bb<\/span><\/a><\/p>\n","protected":false},"author":1,"featured_media":347,"parent":0,"menu_order":0,"comment_status":"closed","ping_status":"closed","template":"","meta":{"_acf_changed":false,"footnotes":""},"class_list":["post-99","page","type-page","status-publish","has-post-thumbnail","hentry"],"acf":[],"yoast_head":"<!-- This site is optimized with the Yoast SEO plugin v25.1 - https:\/\/yoast.com\/wordpress\/plugins\/seo\/ -->\n<title>Patrimoine du Maroc - \u00c0 la d\u00e9couverte de marrakech<\/title>\n<meta name=\"robots\" content=\"index, follow, max-snippet:-1, max-image-preview:large, max-video-preview:-1\" \/>\n<link rel=\"canonical\" href=\"https:\/\/lavoixdesaintjo.fr\/2025\/marrakech\/patrimoine-du-maroc\/\" \/>\n<meta property=\"og:locale\" content=\"fr_FR\" \/>\n<meta property=\"og:type\" content=\"article\" \/>\n<meta property=\"og:title\" content=\"Patrimoine du Maroc - \u00c0 la d\u00e9couverte de marrakech\" \/>\n<meta property=\"og:description\" content=\"Le Maroc, pays riche en histoire, en culture et en diversit\u00e9 g\u00e9ographique, abrite plusieurs sites inscrits au patrimoine mondial de l\u2019UNESCO. Ces sites refl\u00e8tent la richesse du pass\u00e9 du royaume, sa diversit\u00e9 culturelle et la valeur universelle de ses tr\u00e9sors architecturaux et naturels. Parmi les plus embl\u00e9matiques figure la M\u00e9dina de F\u00e8s, fond\u00e9e au IXe &hellip; Lire la suite de\u00ab\u00a0Patrimoine du Maroc\u00a0\u00bb\" \/>\n<meta property=\"og:url\" content=\"https:\/\/lavoixdesaintjo.fr\/2025\/marrakech\/patrimoine-du-maroc\/\" \/>\n<meta property=\"og:site_name\" content=\"\u00c0 la d\u00e9couverte de marrakech\" \/>\n<meta property=\"article:modified_time\" content=\"2025-06-16T12:51:04+00:00\" \/>\n<meta property=\"og:image\" content=\"https:\/\/lavoixdesaintjo.fr\/2025\/marrakech\/wp-content\/uploads\/2025\/06\/istockphoto-507177560-612x612-1.jpg\" \/>\n\t<meta property=\"og:image:width\" content=\"612\" \/>\n\t<meta property=\"og:image:height\" content=\"408\" \/>\n\t<meta property=\"og:image:type\" content=\"image\/jpeg\" \/>\n<meta name=\"twitter:card\" content=\"summary_large_image\" \/>\n<meta name=\"twitter:label1\" content=\"Dur\u00e9e de lecture estim\u00e9e\" \/>\n\t<meta name=\"twitter:data1\" content=\"3 minutes\" \/>\n<script type=\"application\/ld+json\" class=\"yoast-schema-graph\">{\"@context\":\"https:\/\/schema.org\",\"@graph\":[{\"@type\":\"WebPage\",\"@id\":\"https:\/\/lavoixdesaintjo.fr\/2025\/marrakech\/patrimoine-du-maroc\/\",\"url\":\"https:\/\/lavoixdesaintjo.fr\/2025\/marrakech\/patrimoine-du-maroc\/\",\"name\":\"Patrimoine du Maroc - \u00c0 la d\u00e9couverte de marrakech\",\"isPartOf\":{\"@id\":\"https:\/\/lavoixdesaintjo.fr\/2025\/marrakech\/#website\"},\"primaryImageOfPage\":{\"@id\":\"https:\/\/lavoixdesaintjo.fr\/2025\/marrakech\/patrimoine-du-maroc\/#primaryimage\"},\"image\":{\"@id\":\"https:\/\/lavoixdesaintjo.fr\/2025\/marrakech\/patrimoine-du-maroc\/#primaryimage\"},\"thumbnailUrl\":\"https:\/\/lavoixdesaintjo.fr\/2025\/marrakech\/wp-content\/uploads\/2025\/06\/istockphoto-507177560-612x612-1.jpg\",\"datePublished\":\"2025-05-20T08:41:20+00:00\",\"dateModified\":\"2025-06-16T12:51:04+00:00\",\"breadcrumb\":{\"@id\":\"https:\/\/lavoixdesaintjo.fr\/2025\/marrakech\/patrimoine-du-maroc\/#breadcrumb\"},\"inLanguage\":\"fr-FR\",\"potentialAction\":[{\"@type\":\"ReadAction\",\"target\":[\"https:\/\/lavoixdesaintjo.fr\/2025\/marrakech\/patrimoine-du-maroc\/\"]}]},{\"@type\":\"ImageObject\",\"inLanguage\":\"fr-FR\",\"@id\":\"https:\/\/lavoixdesaintjo.fr\/2025\/marrakech\/patrimoine-du-maroc\/#primaryimage\",\"url\":\"https:\/\/lavoixdesaintjo.fr\/2025\/marrakech\/wp-content\/uploads\/2025\/06\/istockphoto-507177560-612x612-1.jpg\",\"contentUrl\":\"https:\/\/lavoixdesaintjo.fr\/2025\/marrakech\/wp-content\/uploads\/2025\/06\/istockphoto-507177560-612x612-1.jpg\",\"width\":612,\"height\":408,\"caption\":\"Gate to ancient medina of Fez, Morocco\"},{\"@type\":\"BreadcrumbList\",\"@id\":\"https:\/\/lavoixdesaintjo.fr\/2025\/marrakech\/patrimoine-du-maroc\/#breadcrumb\",\"itemListElement\":[{\"@type\":\"ListItem\",\"position\":1,\"name\":\"Accueil\",\"item\":\"https:\/\/lavoixdesaintjo.fr\/2025\/marrakech\/\"},{\"@type\":\"ListItem\",\"position\":2,\"name\":\"Patrimoine du Maroc\"}]},{\"@type\":\"WebSite\",\"@id\":\"https:\/\/lavoixdesaintjo.fr\/2025\/marrakech\/#website\",\"url\":\"https:\/\/lavoixdesaintjo.fr\/2025\/marrakech\/\",\"name\":\"\u00c0 la d\u00e9couverte de marrakech\",\"description\":\"\",\"publisher\":{\"@id\":\"https:\/\/lavoixdesaintjo.fr\/2025\/marrakech\/#organization\"},\"potentialAction\":[{\"@type\":\"SearchAction\",\"target\":{\"@type\":\"EntryPoint\",\"urlTemplate\":\"https:\/\/lavoixdesaintjo.fr\/2025\/marrakech\/?s={search_term_string}\"},\"query-input\":{\"@type\":\"PropertyValueSpecification\",\"valueRequired\":true,\"valueName\":\"search_term_string\"}}],\"inLanguage\":\"fr-FR\"},{\"@type\":\"Organization\",\"@id\":\"https:\/\/lavoixdesaintjo.fr\/2025\/marrakech\/#organization\",\"name\":\"\u00c0 la d\u00e9couverte de marrakech\",\"url\":\"https:\/\/lavoixdesaintjo.fr\/2025\/marrakech\/\",\"logo\":{\"@type\":\"ImageObject\",\"inLanguage\":\"fr-FR\",\"@id\":\"https:\/\/lavoixdesaintjo.fr\/2025\/marrakech\/#\/schema\/logo\/image\/\",\"url\":\"https:\/\/lavoixdesaintjo.fr\/2025\/marrakech\/wp-content\/uploads\/2025\/05\/logo-marrakech.webp\",\"contentUrl\":\"https:\/\/lavoixdesaintjo.fr\/2025\/marrakech\/wp-content\/uploads\/2025\/05\/logo-marrakech.webp\",\"width\":1024,\"height\":1024,\"caption\":\"\u00c0 la d\u00e9couverte de marrakech\"},\"image\":{\"@id\":\"https:\/\/lavoixdesaintjo.fr\/2025\/marrakech\/#\/schema\/logo\/image\/\"}}]}<\/script>\n<!-- \/ Yoast SEO plugin. -->","yoast_head_json":{"title":"Patrimoine du Maroc - \u00c0 la d\u00e9couverte de marrakech","robots":{"index":"index","follow":"follow","max-snippet":"max-snippet:-1","max-image-preview":"max-image-preview:large","max-video-preview":"max-video-preview:-1"},"canonical":"https:\/\/lavoixdesaintjo.fr\/2025\/marrakech\/patrimoine-du-maroc\/","og_locale":"fr_FR","og_type":"article","og_title":"Patrimoine du Maroc - \u00c0 la d\u00e9couverte de marrakech","og_description":"Le Maroc, pays riche en histoire, en culture et en diversit\u00e9 g\u00e9ographique, abrite plusieurs sites inscrits au patrimoine mondial de l\u2019UNESCO. Ces sites refl\u00e8tent la richesse du pass\u00e9 du royaume, sa diversit\u00e9 culturelle et la valeur universelle de ses tr\u00e9sors architecturaux et naturels. Parmi les plus embl\u00e9matiques figure la M\u00e9dina de F\u00e8s, fond\u00e9e au IXe &hellip; Lire la suite de\u00ab\u00a0Patrimoine du Maroc\u00a0\u00bb","og_url":"https:\/\/lavoixdesaintjo.fr\/2025\/marrakech\/patrimoine-du-maroc\/","og_site_name":"\u00c0 la d\u00e9couverte de marrakech","article_modified_time":"2025-06-16T12:51:04+00:00","og_image":[{"width":612,"height":408,"url":"https:\/\/lavoixdesaintjo.fr\/2025\/marrakech\/wp-content\/uploads\/2025\/06\/istockphoto-507177560-612x612-1.jpg","type":"image\/jpeg"}],"twitter_card":"summary_large_image","twitter_misc":{"Dur\u00e9e de lecture estim\u00e9e":"3 minutes"},"schema":{"@context":"https:\/\/schema.org","@graph":[{"@type":"WebPage","@id":"https:\/\/lavoixdesaintjo.fr\/2025\/marrakech\/patrimoine-du-maroc\/","url":"https:\/\/lavoixdesaintjo.fr\/2025\/marrakech\/patrimoine-du-maroc\/","name":"Patrimoine du Maroc - \u00c0 la d\u00e9couverte de marrakech","isPartOf":{"@id":"https:\/\/lavoixdesaintjo.fr\/2025\/marrakech\/#website"},"primaryImageOfPage":{"@id":"https:\/\/lavoixdesaintjo.fr\/2025\/marrakech\/patrimoine-du-maroc\/#primaryimage"},"image":{"@id":"https:\/\/lavoixdesaintjo.fr\/2025\/marrakech\/patrimoine-du-maroc\/#primaryimage"},"thumbnailUrl":"https:\/\/lavoixdesaintjo.fr\/2025\/marrakech\/wp-content\/uploads\/2025\/06\/istockphoto-507177560-612x612-1.jpg","datePublished":"2025-05-20T08:41:20+00:00","dateModified":"2025-06-16T12:51:04+00:00","breadcrumb":{"@id":"https:\/\/lavoixdesaintjo.fr\/2025\/marrakech\/patrimoine-du-maroc\/#breadcrumb"},"inLanguage":"fr-FR","potentialAction":[{"@type":"ReadAction","target":["https:\/\/lavoixdesaintjo.fr\/2025\/marrakech\/patrimoine-du-maroc\/"]}]},{"@type":"ImageObject","inLanguage":"fr-FR","@id":"https:\/\/lavoixdesaintjo.fr\/2025\/marrakech\/patrimoine-du-maroc\/#primaryimage","url":"https:\/\/lavoixdesaintjo.fr\/2025\/marrakech\/wp-content\/uploads\/2025\/06\/istockphoto-507177560-612x612-1.jpg","contentUrl":"https:\/\/lavoixdesaintjo.fr\/2025\/marrakech\/wp-content\/uploads\/2025\/06\/istockphoto-507177560-612x612-1.jpg","width":612,"height":408,"caption":"Gate to ancient medina of Fez, Morocco"},{"@type":"BreadcrumbList","@id":"https:\/\/lavoixdesaintjo.fr\/2025\/marrakech\/patrimoine-du-maroc\/#breadcrumb","itemListElement":[{"@type":"ListItem","position":1,"name":"Accueil","item":"https:\/\/lavoixdesaintjo.fr\/2025\/marrakech\/"},{"@type":"ListItem","position":2,"name":"Patrimoine du Maroc"}]},{"@type":"WebSite","@id":"https:\/\/lavoixdesaintjo.fr\/2025\/marrakech\/#website","url":"https:\/\/lavoixdesaintjo.fr\/2025\/marrakech\/","name":"\u00c0 la d\u00e9couverte de marrakech","description":"","publisher":{"@id":"https:\/\/lavoixdesaintjo.fr\/2025\/marrakech\/#organization"},"potentialAction":[{"@type":"SearchAction","target":{"@type":"EntryPoint","urlTemplate":"https:\/\/lavoixdesaintjo.fr\/2025\/marrakech\/?s={search_term_string}"},"query-input":{"@type":"PropertyValueSpecification","valueRequired":true,"valueName":"search_term_string"}}],"inLanguage":"fr-FR"},{"@type":"Organization","@id":"https:\/\/lavoixdesaintjo.fr\/2025\/marrakech\/#organization","name":"\u00c0 la d\u00e9couverte de marrakech","url":"https:\/\/lavoixdesaintjo.fr\/2025\/marrakech\/","logo":{"@type":"ImageObject","inLanguage":"fr-FR","@id":"https:\/\/lavoixdesaintjo.fr\/2025\/marrakech\/#\/schema\/logo\/image\/","url":"https:\/\/lavoixdesaintjo.fr\/2025\/marrakech\/wp-content\/uploads\/2025\/05\/logo-marrakech.webp","contentUrl":"https:\/\/lavoixdesaintjo.fr\/2025\/marrakech\/wp-content\/uploads\/2025\/05\/logo-marrakech.webp","width":1024,"height":1024,"caption":"\u00c0 la d\u00e9couverte de marrakech"},"image":{"@id":"https:\/\/lavoixdesaintjo.fr\/2025\/marrakech\/#\/schema\/logo\/image\/"}}]}},"_links":{"self":[{"href":"https:\/\/lavoixdesaintjo.fr\/2025\/marrakech\/wp-json\/wp\/v2\/pages\/99","targetHints":{"allow":["GET"]}}],"collection":[{"href":"https:\/\/lavoixdesaintjo.fr\/2025\/marrakech\/wp-json\/wp\/v2\/pages"}],"about":[{"href":"https:\/\/lavoixdesaintjo.fr\/2025\/marrakech\/wp-json\/wp\/v2\/types\/page"}],"author":[{"embeddable":true,"href":"https:\/\/lavoixdesaintjo.fr\/2025\/marrakech\/wp-json\/wp\/v2\/users\/1"}],"replies":[{"embeddable":true,"href":"https:\/\/lavoixdesaintjo.fr\/2025\/marrakech\/wp-json\/wp\/v2\/comments?post=99"}],"version-history":[{"count":4,"href":"https:\/\/lavoixdesaintjo.fr\/2025\/marrakech\/wp-json\/wp\/v2\/pages\/99\/revisions"}],"predecessor-version":[{"id":406,"href":"https:\/\/lavoixdesaintjo.fr\/2025\/marrakech\/wp-json\/wp\/v2\/pages\/99\/revisions\/406"}],"wp:featuredmedia":[{"embeddable":true,"href":"https:\/\/lavoixdesaintjo.fr\/2025\/marrakech\/wp-json\/wp\/v2\/media\/347"}],"wp:attachment":[{"href":"https:\/\/lavoixdesaintjo.fr\/2025\/marrakech\/wp-json\/wp\/v2\/media?parent=99"}],"curies":[{"name":"wp","href":"https:\/\/api.w.org\/{rel}","templated":true}]}}