{"id":11,"date":"2025-05-12T16:09:47","date_gmt":"2025-05-12T14:09:47","guid":{"rendered":"https:\/\/lavoixdesaintjo.fr\/2025\/tahiti\/?page_id=11"},"modified":"2025-05-20T14:58:35","modified_gmt":"2025-05-20T12:58:35","slug":"a-propos","status":"publish","type":"page","link":"https:\/\/lavoixdesaintjo.fr\/2025\/tahiti\/a-propos\/","title":{"rendered":"\u00c0 propos"},"content":{"rendered":"\n<h2 class=\"wp-block-heading\">Bienvenue sur notre blog d\u00e9di\u00e9 \u00e0 Tahiti !<\/h2>\n\n\n\n<p>Le blog <strong>Voyage Tahiti<\/strong> est n\u00e9 d\u2019une passion profonde pour la Polyn\u00e9sie fran\u00e7aise et du d\u00e9sir de partager la beaut\u00e9, la culture et l\u2019authenticit\u00e9 de ses \u00eeles. \u00c0 travers des conseils pratiques, des itin\u00e9raires inspirants, des r\u00e9cits de lieux incontournables et des traditions locales, ce site invite \u00e0 explorer Tahiti bien au-del\u00e0 des clich\u00e9s<\/p>\n\n\n\n<p>Tahiti, ce n\u2019est pas seulement des plages de r\u00eave. C\u2019est aussi une terre de rencontres, de f\u00eates traditionnelles, de gastronomie g\u00e9n\u00e9reuse et de croyances fascinantes. Chaque article publi\u00e9 ici est pens\u00e9 pour informer, guider et \u00e9merveiller les voyageurs en qu\u00eate d\u2019authenticit\u00e9.<\/p>\n\n\n\n<p>Au fil des pages, vous d\u00e9couvrirez :<\/p>\n\n\n\n<ul class=\"wp-block-list\">\n<li>Des r\u00e9cits de voyage et des conseils pratiques pour pr\u00e9parer votre s\u00e9jour,<\/li>\n\n\n\n<li>Les plus belles plages, randonn\u00e9es, lagons et recoins secrets de l&rsquo;\u00eele,<\/li>\n\n\n\n<li>Une immersion dans la culture tahitienne : traditions, gastronomie, artisanat, musique\u2026<\/li>\n<\/ul>\n\n\n\n<p>\ud83c\udf1e Que vous r\u00eaviez de vous \u00e9vader, que vous planifiez un voyage ou que vous soyez simplement curieux, ce blog est fait pour vous.<\/p>\n\n\n\n<div style=\"height:40px\" aria-hidden=\"true\" class=\"wp-block-spacer\"><\/div>\n\n\n\n<div class=\"wp-block-media-text has-media-on-the-right is-stacked-on-mobile\"><div class=\"wp-block-media-text__content\">\n<h2 class=\"wp-block-heading\">Un espace pour tous les voyageurs<\/h2>\n\n\n\n<p>Que ce soit pour un premier s\u00e9jour, un projet de long voyage ou une simple envie d\u2019\u00e9vasion, <strong>Voyage Tahiti<\/strong> s\u2019adresse :<\/p>\n\n\n\n<ul class=\"wp-block-list\">\n<li>Aux passionn\u00e9s de nature<\/li>\n\n\n\n<li>Aux amateurs de culture locale<\/li>\n\n\n\n<li>Aux curieux d\u00e9sireux de d\u00e9couvrir la Polyn\u00e9sie hors des sentiers battus<\/li>\n\n\n\n<li>Aux familles, couples ou voyageurs solo<\/li>\n<\/ul>\n<\/div><figure class=\"wp-block-media-text__media\"><img fetchpriority=\"high\" decoding=\"async\" width=\"1024\" height=\"683\" src=\"https:\/\/lavoixdesaintjo.fr\/2025\/tahiti\/wp-content\/uploads\/2025\/05\/vue-laterale-des-femmes-portant-des-tenues-de-vacances-1024x683.jpg\" alt=\"\" class=\"wp-image-243 size-full\" srcset=\"https:\/\/lavoixdesaintjo.fr\/2025\/tahiti\/wp-content\/uploads\/2025\/05\/vue-laterale-des-femmes-portant-des-tenues-de-vacances-1024x683.jpg 1024w, https:\/\/lavoixdesaintjo.fr\/2025\/tahiti\/wp-content\/uploads\/2025\/05\/vue-laterale-des-femmes-portant-des-tenues-de-vacances-300x200.jpg 300w, https:\/\/lavoixdesaintjo.fr\/2025\/tahiti\/wp-content\/uploads\/2025\/05\/vue-laterale-des-femmes-portant-des-tenues-de-vacances-2000x1333.jpg 2000w\" sizes=\"(max-width: 1024px) 100vw, 1024px\" \/><\/figure><\/div>\n\n\n\n<div style=\"height:40px\" aria-hidden=\"true\" class=\"wp-block-spacer\"><\/div>\n\n\n\n<p>L\u2019objectif est simple : <strong>faire voyager depuis l\u2019\u00e9cran<\/strong> et <strong>donner envie de vivre l\u2019exp\u00e9rience polyn\u00e9sienne dans toute sa richesse<\/strong>. Chaque contenu est r\u00e9dig\u00e9 avec soin, mis \u00e0 jour r\u00e9guli\u00e8rement et enrichi de visuels authentiques pour un d\u00e9paysement imm\u00e9diat.<\/p>\n\n\n\n<p>Mauruuru (merci) de nous lire et de faire un bout de chemin avec nous sur cette \u00eele magnifique !<\/p>\n\n\n\n<div style=\"height:20px\" aria-hidden=\"true\" class=\"wp-block-spacer\"><\/div>\n\n\n\n<div class=\"wp-block-buttons is-content-justification-center is-layout-flex wp-container-core-buttons-is-layout-a89b3969 wp-block-buttons-is-layout-flex\">\n<div class=\"wp-block-button is-style-fill\"><a class=\"wp-block-button__link has-white-color has-secondary-background-color has-text-color has-background has-link-color wp-element-button\" href=\"https:\/\/lavoixdesaintjo.fr\/2025\/tahiti\/\" style=\"border-style:none;border-width:0px;border-radius:100px\"><strong>Commence<\/strong>z<strong> l&rsquo;aventure<\/strong> !<\/a><\/div>\n<\/div>\n\n\n\n<p><\/p>\n","protected":false},"excerpt":{"rendered":"<p>Bienvenue sur notre blog d\u00e9di\u00e9 \u00e0 Tahiti ! Le blog Voyage Tahiti est n\u00e9 d\u2019une passion profonde pour la Polyn\u00e9sie fran\u00e7aise et du d\u00e9sir de partager la beaut\u00e9, la culture et l\u2019authenticit\u00e9 de ses \u00eeles. \u00c0 travers des conseils pratiques, des itin\u00e9raires inspirants, des r\u00e9cits de lieux incontournables et des traditions locales, ce site invite &hellip; <\/p>\n<p class=\"link-more\"><a href=\"https:\/\/lavoixdesaintjo.fr\/2025\/tahiti\/a-propos\/\" class=\"more-link\">Lire la suite de<span class=\"screen-reader-text\">\u00ab\u00a0\u00c0 propos\u00a0\u00bb<\/span><\/a><\/p>\n","protected":false},"author":2,"featured_media":0,"parent":0,"menu_order":0,"comment_status":"closed","ping_status":"closed","template":"","meta":{"_acf_changed":false,"_kadence_starter_templates_imported_post":false,"footnotes":""},"class_list":["post-11","page","type-page","status-publish","hentry"],"acf":[],"yoast_head":"<!-- This site is optimized with the Yoast SEO plugin v25.1 - https:\/\/yoast.com\/wordpress\/plugins\/seo\/ -->\n<title>\u00c0 propos - Voyage \u00e0 Tahiti<\/title>\n<meta name=\"description\" content=\"D\u00e9couvrez l\u2019univers du blog Voyage Tahiti : conseils pratiques, culture locale, lieux incontournables et inspirations pour explorer la Polyn\u00e9sie.\" \/>\n<meta name=\"robots\" content=\"index, follow, max-snippet:-1, max-image-preview:large, max-video-preview:-1\" \/>\n<link rel=\"canonical\" href=\"https:\/\/lavoixdesaintjo.fr\/2025\/tahiti\/a-propos\/\" \/>\n<meta property=\"og:locale\" content=\"fr_FR\" \/>\n<meta property=\"og:type\" content=\"article\" \/>\n<meta property=\"og:title\" content=\"\u00c0 propos - Voyage \u00e0 Tahiti\" \/>\n<meta property=\"og:description\" content=\"D\u00e9couvrez l\u2019univers du blog Voyage Tahiti : conseils pratiques, culture locale, lieux incontournables et inspirations pour explorer la Polyn\u00e9sie.\" \/>\n<meta property=\"og:url\" content=\"https:\/\/lavoixdesaintjo.fr\/2025\/tahiti\/a-propos\/\" \/>\n<meta property=\"og:site_name\" content=\"Voyage \u00e0 Tahiti\" \/>\n<meta property=\"article:modified_time\" content=\"2025-05-20T12:58:35+00:00\" \/>\n<meta property=\"og:image\" content=\"https:\/\/lavoixdesaintjo.fr\/2025\/tahiti\/wp-content\/uploads\/2025\/05\/vue-laterale-des-femmes-portant-des-tenues-de-vacances-1024x683.jpg\" \/>\n<meta name=\"twitter:card\" content=\"summary_large_image\" \/>\n<meta name=\"twitter:label1\" content=\"Dur\u00e9e de lecture estim\u00e9e\" \/>\n\t<meta name=\"twitter:data1\" content=\"2 minutes\" \/>\n<script type=\"application\/ld+json\" class=\"yoast-schema-graph\">{\"@context\":\"https:\/\/schema.org\",\"@graph\":[{\"@type\":\"WebPage\",\"@id\":\"https:\/\/lavoixdesaintjo.fr\/2025\/tahiti\/a-propos\/\",\"url\":\"https:\/\/lavoixdesaintjo.fr\/2025\/tahiti\/a-propos\/\",\"name\":\"\u00c0 propos - Voyage \u00e0 Tahiti\",\"isPartOf\":{\"@id\":\"https:\/\/lavoixdesaintjo.fr\/2025\/tahiti\/#website\"},\"primaryImageOfPage\":{\"@id\":\"https:\/\/lavoixdesaintjo.fr\/2025\/tahiti\/a-propos\/#primaryimage\"},\"image\":{\"@id\":\"https:\/\/lavoixdesaintjo.fr\/2025\/tahiti\/a-propos\/#primaryimage\"},\"thumbnailUrl\":\"https:\/\/lavoixdesaintjo.fr\/2025\/tahiti\/wp-content\/uploads\/2025\/05\/vue-laterale-des-femmes-portant-des-tenues-de-vacances-1024x683.jpg\",\"datePublished\":\"2025-05-12T14:09:47+00:00\",\"dateModified\":\"2025-05-20T12:58:35+00:00\",\"description\":\"D\u00e9couvrez l\u2019univers du blog Voyage Tahiti : conseils pratiques, culture locale, lieux incontournables et inspirations pour explorer la Polyn\u00e9sie.\",\"breadcrumb\":{\"@id\":\"https:\/\/lavoixdesaintjo.fr\/2025\/tahiti\/a-propos\/#breadcrumb\"},\"inLanguage\":\"fr-FR\",\"potentialAction\":[{\"@type\":\"ReadAction\",\"target\":[\"https:\/\/lavoixdesaintjo.fr\/2025\/tahiti\/a-propos\/\"]}]},{\"@type\":\"ImageObject\",\"inLanguage\":\"fr-FR\",\"@id\":\"https:\/\/lavoixdesaintjo.fr\/2025\/tahiti\/a-propos\/#primaryimage\",\"url\":\"https:\/\/lavoixdesaintjo.fr\/2025\/tahiti\/wp-content\/uploads\/2025\/05\/vue-laterale-des-femmes-portant-des-tenues-de-vacances-scaled.jpg\",\"contentUrl\":\"https:\/\/lavoixdesaintjo.fr\/2025\/tahiti\/wp-content\/uploads\/2025\/05\/vue-laterale-des-femmes-portant-des-tenues-de-vacances-scaled.jpg\",\"width\":2560,\"height\":1707},{\"@type\":\"BreadcrumbList\",\"@id\":\"https:\/\/lavoixdesaintjo.fr\/2025\/tahiti\/a-propos\/#breadcrumb\",\"itemListElement\":[{\"@type\":\"ListItem\",\"position\":1,\"name\":\"Accueil\",\"item\":\"https:\/\/lavoixdesaintjo.fr\/2025\/tahiti\/\"},{\"@type\":\"ListItem\",\"position\":2,\"name\":\"\u00c0 propos\"}]},{\"@type\":\"WebSite\",\"@id\":\"https:\/\/lavoixdesaintjo.fr\/2025\/tahiti\/#website\",\"url\":\"https:\/\/lavoixdesaintjo.fr\/2025\/tahiti\/\",\"name\":\"Voyage \u00e0 Tahiti\",\"description\":\"Tous les chemins m\u00e8nent \u00e0 Tahiti\",\"publisher\":{\"@id\":\"https:\/\/lavoixdesaintjo.fr\/2025\/tahiti\/#organization\"},\"potentialAction\":[{\"@type\":\"SearchAction\",\"target\":{\"@type\":\"EntryPoint\",\"urlTemplate\":\"https:\/\/lavoixdesaintjo.fr\/2025\/tahiti\/?s={search_term_string}\"},\"query-input\":{\"@type\":\"PropertyValueSpecification\",\"valueRequired\":true,\"valueName\":\"search_term_string\"}}],\"inLanguage\":\"fr-FR\"},{\"@type\":\"Organization\",\"@id\":\"https:\/\/lavoixdesaintjo.fr\/2025\/tahiti\/#organization\",\"name\":\"Voyage \u00e0 Tahiti\",\"url\":\"https:\/\/lavoixdesaintjo.fr\/2025\/tahiti\/\",\"logo\":{\"@type\":\"ImageObject\",\"inLanguage\":\"fr-FR\",\"@id\":\"https:\/\/lavoixdesaintjo.fr\/2025\/tahiti\/#\/schema\/logo\/image\/\",\"url\":\"https:\/\/lavoixdesaintjo.fr\/2025\/tahiti\/wp-content\/uploads\/2025\/05\/cropped-cropped-ChatGPT_Image_12_mai_2025__15_55_28-removebg-preview.png\",\"contentUrl\":\"https:\/\/lavoixdesaintjo.fr\/2025\/tahiti\/wp-content\/uploads\/2025\/05\/cropped-cropped-ChatGPT_Image_12_mai_2025__15_55_28-removebg-preview.png\",\"width\":500,\"height\":500,\"caption\":\"Voyage \u00e0 Tahiti\"},\"image\":{\"@id\":\"https:\/\/lavoixdesaintjo.fr\/2025\/tahiti\/#\/schema\/logo\/image\/\"}}]}<\/script>\n<!-- \/ Yoast SEO plugin. -->","yoast_head_json":{"title":"\u00c0 propos - Voyage \u00e0 Tahiti","description":"D\u00e9couvrez l\u2019univers du blog Voyage Tahiti : conseils pratiques, culture locale, lieux incontournables et inspirations pour explorer la Polyn\u00e9sie.","robots":{"index":"index","follow":"follow","max-snippet":"max-snippet:-1","max-image-preview":"max-image-preview:large","max-video-preview":"max-video-preview:-1"},"canonical":"https:\/\/lavoixdesaintjo.fr\/2025\/tahiti\/a-propos\/","og_locale":"fr_FR","og_type":"article","og_title":"\u00c0 propos - Voyage \u00e0 Tahiti","og_description":"D\u00e9couvrez l\u2019univers du blog Voyage Tahiti : conseils pratiques, culture locale, lieux incontournables et inspirations pour explorer la Polyn\u00e9sie.","og_url":"https:\/\/lavoixdesaintjo.fr\/2025\/tahiti\/a-propos\/","og_site_name":"Voyage \u00e0 Tahiti","article_modified_time":"2025-05-20T12:58:35+00:00","og_image":[{"url":"https:\/\/lavoixdesaintjo.fr\/2025\/tahiti\/wp-content\/uploads\/2025\/05\/vue-laterale-des-femmes-portant-des-tenues-de-vacances-1024x683.jpg","type":"","width":"","height":""}],"twitter_card":"summary_large_image","twitter_misc":{"Dur\u00e9e de lecture estim\u00e9e":"2 minutes"},"schema":{"@context":"https:\/\/schema.org","@graph":[{"@type":"WebPage","@id":"https:\/\/lavoixdesaintjo.fr\/2025\/tahiti\/a-propos\/","url":"https:\/\/lavoixdesaintjo.fr\/2025\/tahiti\/a-propos\/","name":"\u00c0 propos - Voyage \u00e0 Tahiti","isPartOf":{"@id":"https:\/\/lavoixdesaintjo.fr\/2025\/tahiti\/#website"},"primaryImageOfPage":{"@id":"https:\/\/lavoixdesaintjo.fr\/2025\/tahiti\/a-propos\/#primaryimage"},"image":{"@id":"https:\/\/lavoixdesaintjo.fr\/2025\/tahiti\/a-propos\/#primaryimage"},"thumbnailUrl":"https:\/\/lavoixdesaintjo.fr\/2025\/tahiti\/wp-content\/uploads\/2025\/05\/vue-laterale-des-femmes-portant-des-tenues-de-vacances-1024x683.jpg","datePublished":"2025-05-12T14:09:47+00:00","dateModified":"2025-05-20T12:58:35+00:00","description":"D\u00e9couvrez l\u2019univers du blog Voyage Tahiti : conseils pratiques, culture locale, lieux incontournables et inspirations pour explorer la Polyn\u00e9sie.","breadcrumb":{"@id":"https:\/\/lavoixdesaintjo.fr\/2025\/tahiti\/a-propos\/#breadcrumb"},"inLanguage":"fr-FR","potentialAction":[{"@type":"ReadAction","target":["https:\/\/lavoixdesaintjo.fr\/2025\/tahiti\/a-propos\/"]}]},{"@type":"ImageObject","inLanguage":"fr-FR","@id":"https:\/\/lavoixdesaintjo.fr\/2025\/tahiti\/a-propos\/#primaryimage","url":"https:\/\/lavoixdesaintjo.fr\/2025\/tahiti\/wp-content\/uploads\/2025\/05\/vue-laterale-des-femmes-portant-des-tenues-de-vacances-scaled.jpg","contentUrl":"https:\/\/lavoixdesaintjo.fr\/2025\/tahiti\/wp-content\/uploads\/2025\/05\/vue-laterale-des-femmes-portant-des-tenues-de-vacances-scaled.jpg","width":2560,"height":1707},{"@type":"BreadcrumbList","@id":"https:\/\/lavoixdesaintjo.fr\/2025\/tahiti\/a-propos\/#breadcrumb","itemListElement":[{"@type":"ListItem","position":1,"name":"Accueil","item":"https:\/\/lavoixdesaintjo.fr\/2025\/tahiti\/"},{"@type":"ListItem","position":2,"name":"\u00c0 propos"}]},{"@type":"WebSite","@id":"https:\/\/lavoixdesaintjo.fr\/2025\/tahiti\/#website","url":"https:\/\/lavoixdesaintjo.fr\/2025\/tahiti\/","name":"Voyage \u00e0 Tahiti","description":"Tous les chemins m\u00e8nent \u00e0 Tahiti","publisher":{"@id":"https:\/\/lavoixdesaintjo.fr\/2025\/tahiti\/#organization"},"potentialAction":[{"@type":"SearchAction","target":{"@type":"EntryPoint","urlTemplate":"https:\/\/lavoixdesaintjo.fr\/2025\/tahiti\/?s={search_term_string}"},"query-input":{"@type":"PropertyValueSpecification","valueRequired":true,"valueName":"search_term_string"}}],"inLanguage":"fr-FR"},{"@type":"Organization","@id":"https:\/\/lavoixdesaintjo.fr\/2025\/tahiti\/#organization","name":"Voyage \u00e0 Tahiti","url":"https:\/\/lavoixdesaintjo.fr\/2025\/tahiti\/","logo":{"@type":"ImageObject","inLanguage":"fr-FR","@id":"https:\/\/lavoixdesaintjo.fr\/2025\/tahiti\/#\/schema\/logo\/image\/","url":"https:\/\/lavoixdesaintjo.fr\/2025\/tahiti\/wp-content\/uploads\/2025\/05\/cropped-cropped-ChatGPT_Image_12_mai_2025__15_55_28-removebg-preview.png","contentUrl":"https:\/\/lavoixdesaintjo.fr\/2025\/tahiti\/wp-content\/uploads\/2025\/05\/cropped-cropped-ChatGPT_Image_12_mai_2025__15_55_28-removebg-preview.png","width":500,"height":500,"caption":"Voyage \u00e0 Tahiti"},"image":{"@id":"https:\/\/lavoixdesaintjo.fr\/2025\/tahiti\/#\/schema\/logo\/image\/"}}]}},"_links":{"self":[{"href":"https:\/\/lavoixdesaintjo.fr\/2025\/tahiti\/wp-json\/wp\/v2\/pages\/11","targetHints":{"allow":["GET"]}}],"collection":[{"href":"https:\/\/lavoixdesaintjo.fr\/2025\/tahiti\/wp-json\/wp\/v2\/pages"}],"about":[{"href":"https:\/\/lavoixdesaintjo.fr\/2025\/tahiti\/wp-json\/wp\/v2\/types\/page"}],"author":[{"embeddable":true,"href":"https:\/\/lavoixdesaintjo.fr\/2025\/tahiti\/wp-json\/wp\/v2\/users\/2"}],"replies":[{"embeddable":true,"href":"https:\/\/lavoixdesaintjo.fr\/2025\/tahiti\/wp-json\/wp\/v2\/comments?post=11"}],"version-history":[{"count":17,"href":"https:\/\/lavoixdesaintjo.fr\/2025\/tahiti\/wp-json\/wp\/v2\/pages\/11\/revisions"}],"predecessor-version":[{"id":275,"href":"https:\/\/lavoixdesaintjo.fr\/2025\/tahiti\/wp-json\/wp\/v2\/pages\/11\/revisions\/275"}],"wp:attachment":[{"href":"https:\/\/lavoixdesaintjo.fr\/2025\/tahiti\/wp-json\/wp\/v2\/media?parent=11"}],"curies":[{"name":"wp","href":"https:\/\/api.w.org\/{rel}","templated":true}]}}