{"id":13,"date":"2025-05-12T16:10:13","date_gmt":"2025-05-12T14:10:13","guid":{"rendered":"https:\/\/lavoixdesaintjo.fr\/2025\/tahiti\/?page_id=13"},"modified":"2025-05-27T09:04:40","modified_gmt":"2025-05-27T07:04:40","slug":"contact","status":"publish","type":"page","link":"https:\/\/lavoixdesaintjo.fr\/2025\/tahiti\/contact\/","title":{"rendered":"Contact"},"content":{"rendered":"\t\t<div data-elementor-type=\"wp-page\" data-elementor-id=\"13\" class=\"elementor elementor-13\">\n\t\t\t\t<div class=\"elementor-element elementor-element-1e49bea e-flex e-con-boxed e-con e-parent\" data-id=\"1e49bea\" data-element_type=\"container\">\n\t\t\t\t\t<div class=\"e-con-inner\">\n\t\t<div class=\"elementor-element elementor-element-00a4d61 e-con-full e-flex e-con e-child\" data-id=\"00a4d61\" data-element_type=\"container\">\n\t\t\t\t<div class=\"elementor-element elementor-element-3730947 elementor-widget elementor-widget-heading\" data-id=\"3730947\" data-element_type=\"widget\" data-widget_type=\"heading.default\">\n\t\t\t\t<div class=\"elementor-widget-container\">\n\t\t\t\t\t<h2 class=\"elementor-heading-title elementor-size-default\">Contactez Voyage Tahiti<\/h2>\t\t\t\t<\/div>\n\t\t\t\t<\/div>\n\t\t\t\t<div class=\"elementor-element elementor-element-3728bbb elementor-widget elementor-widget-text-editor\" data-id=\"3728bbb\" data-element_type=\"widget\" data-widget_type=\"text-editor.default\">\n\t\t\t\t<div class=\"elementor-widget-container\">\n\t\t\t\t\t\t\t\t\t<p>Des questions sur un s\u00e9jour \u00e0 Tahiti, une suggestion d\u2019article ou une envie de collaboration ? Le formulaire ci-dessous est l\u00e0 pour faciliter l\u2019\u00e9change. Chaque message est lu avec attention et une r\u00e9ponse est apport\u00e9e dans les meilleurs d\u00e9lais.<\/p>\t\t\t\t\t\t\t\t<\/div>\n\t\t\t\t<\/div>\n\t\t\t\t<\/div>\n\t\t<div class=\"elementor-element elementor-element-8dea543 e-con-full e-flex e-con e-child\" data-id=\"8dea543\" data-element_type=\"container\">\n\t\t\t\t<div class=\"elementor-element elementor-element-21cb5b9 elementor-widget elementor-widget-image\" data-id=\"21cb5b9\" data-element_type=\"widget\" data-widget_type=\"image.default\">\n\t\t\t\t<div class=\"elementor-widget-container\">\n\t\t\t\t\t\t\t\t\t\t\t\t\t\t\t<img fetchpriority=\"high\" decoding=\"async\" width=\"950\" height=\"713\" src=\"https:\/\/lavoixdesaintjo.fr\/2025\/tahiti\/wp-content\/uploads\/2025\/05\/parasol-de-plage-a-fakarawa-lagoon-1024x768.jpg\" class=\"attachment-large size-large wp-image-322\" alt=\"\" srcset=\"https:\/\/lavoixdesaintjo.fr\/2025\/tahiti\/wp-content\/uploads\/2025\/05\/parasol-de-plage-a-fakarawa-lagoon-1024x768.jpg 1024w, https:\/\/lavoixdesaintjo.fr\/2025\/tahiti\/wp-content\/uploads\/2025\/05\/parasol-de-plage-a-fakarawa-lagoon-300x225.jpg 300w, https:\/\/lavoixdesaintjo.fr\/2025\/tahiti\/wp-content\/uploads\/2025\/05\/parasol-de-plage-a-fakarawa-lagoon-2000x1500.jpg 2000w, https:\/\/lavoixdesaintjo.fr\/2025\/tahiti\/wp-content\/uploads\/2025\/05\/parasol-de-plage-a-fakarawa-lagoon-scaled-1536x1152.jpg 1536w, https:\/\/lavoixdesaintjo.fr\/2025\/tahiti\/wp-content\/uploads\/2025\/05\/parasol-de-plage-a-fakarawa-lagoon-scaled-2048x1536.jpg 2048w, https:\/\/lavoixdesaintjo.fr\/2025\/tahiti\/wp-content\/uploads\/2025\/05\/parasol-de-plage-a-fakarawa-lagoon-scaled-1320x990.jpg 1320w\" sizes=\"100vw\" \/>\t\t\t\t\t\t\t\t\t\t\t\t\t\t\t<\/div>\n\t\t\t\t<\/div>\n\t\t\t\t<\/div>\n\t\t\t\t\t<\/div>\n\t\t\t\t<\/div>\n\t\t<div class=\"elementor-element elementor-element-07656a2 e-flex e-con-boxed e-con e-parent\" data-id=\"07656a2\" data-element_type=\"container\">\n\t\t\t\t\t<div class=\"e-con-inner\">\n\t\t\t\t<div class=\"elementor-element elementor-element-fffd71c elementor-widget elementor-widget-wpforms\" data-id=\"fffd71c\" data-element_type=\"widget\" data-widget_type=\"wpforms.default\">\n\t\t\t\t<div class=\"elementor-widget-container\">\n\t\t\t\t\t<style id=\"wpforms-css-vars-elementor-widget-fffd71c\">\n\t\t\t\t.elementor-widget-wpforms.elementor-element-fffd71c {\n\t\t\t\t--wpforms-field-size-input-height: 43px;\n--wpforms-field-size-input-spacing: 15px;\n--wpforms-field-size-font-size: 16px;\n--wpforms-field-size-line-height: 19px;\n--wpforms-field-size-padding-h: 14px;\n--wpforms-field-size-checkbox-size: 16px;\n--wpforms-field-size-sublabel-spacing: 5px;\n--wpforms-field-size-icon-size: 1;\n--wpforms-label-size-font-size: 16px;\n--wpforms-label-size-line-height: 19px;\n--wpforms-label-size-sublabel-font-size: 14px;\n--wpforms-label-size-sublabel-line-height: 17px;\n--wpforms-button-size-font-size: 17px;\n--wpforms-button-size-height: 41px;\n--wpforms-button-size-padding-h: 15px;\n--wpforms-button-size-margin-top: 10px;\n\n\t\t\t}\n\t\t\t<\/style><div class=\"wpforms-container wpforms-container-full wpforms-render-modern\" id=\"wpforms-311\"><form id=\"wpforms-form-311\" class=\"wpforms-validate wpforms-form wpforms-ajax-form\" data-formid=\"311\" method=\"post\" enctype=\"multipart\/form-data\" action=\"\/2025\/tahiti\/wp-json\/wp\/v2\/pages\/13\" data-token=\"63916cf6bc2176ac6d31038ef39d4195\" data-token-time=\"1778419393\"><noscript class=\"wpforms-error-noscript\">Veuillez activer JavaScript dans votre navigateur pour remplir ce formulaire.<\/noscript><div class=\"wpforms-hidden\" id=\"wpforms-error-noscript\">Veuillez activer JavaScript dans votre navigateur pour remplir ce formulaire.<\/div><div class=\"wpforms-field-container\"><div id=\"wpforms-311-field_1-container\" class=\"wpforms-field wpforms-field-name\" data-field-id=\"1\"><fieldset><legend class=\"wpforms-field-label\">Nom <span class=\"wpforms-required-label\" aria-hidden=\"true\">*<\/span><\/legend><div class=\"wpforms-field-row wpforms-field-medium\"><div class=\"wpforms-field-row-block wpforms-first wpforms-one-half\"><input type=\"text\" id=\"wpforms-311-field_1\" class=\"wpforms-field-name-first wpforms-field-required\" name=\"wpforms[fields][1][first]\" aria-errormessage=\"wpforms-311-field_1-error\" required><label for=\"wpforms-311-field_1\" class=\"wpforms-field-sublabel after\">Pr\u00e9nom<\/label><\/div><div class=\"wpforms-field-row-block wpforms-one-half\"><input type=\"text\" id=\"wpforms-311-field_1-last\" class=\"wpforms-field-name-last wpforms-field-required\" name=\"wpforms[fields][1][last]\" aria-errormessage=\"wpforms-311-field_1-last-error\" required><label for=\"wpforms-311-field_1-last\" class=\"wpforms-field-sublabel after\">Nom<\/label><\/div><\/div><\/fieldset><\/div><div id=\"wpforms-311-field_2-container\" class=\"wpforms-field wpforms-field-email\" data-field-id=\"2\"><label class=\"wpforms-field-label\" for=\"wpforms-311-field_2\">E-mail <span class=\"wpforms-required-label\" aria-hidden=\"true\">*<\/span><\/label><input type=\"email\" id=\"wpforms-311-field_2\" class=\"wpforms-field-medium wpforms-field-required\" name=\"wpforms[fields][2]\" spellcheck=\"false\" aria-errormessage=\"wpforms-311-field_2-error\" required><\/div><div id=\"wpforms-311-field_3-container\" class=\"wpforms-field wpforms-field-textarea\" data-field-id=\"3\"><label class=\"wpforms-field-label\" for=\"wpforms-311-field_3\">Commentaire ou message<\/label><textarea id=\"wpforms-311-field_3\" class=\"wpforms-field-medium\" name=\"wpforms[fields][3]\" aria-errormessage=\"wpforms-311-field_3-error\" ><\/textarea><\/div><\/div><!-- .wpforms-field-container --><div class=\"wpforms-submit-container\" ><input type=\"hidden\" name=\"wpforms[id]\" value=\"311\"><input type=\"hidden\" name=\"page_title\" value=\"\"><input type=\"hidden\" name=\"page_url\" value=\"https:\/\/lavoixdesaintjo.fr\/2025\/tahiti\/wp-json\/wp\/v2\/pages\/13\"><input type=\"hidden\" name=\"url_referer\" value=\"\"><button type=\"submit\" name=\"wpforms[submit]\" id=\"wpforms-submit-311\" class=\"wpforms-submit\" data-alt-text=\"Envoi...\" data-submit-text=\"Envoyer\" aria-live=\"assertive\" value=\"wpforms-submit\">Envoyer<\/button><img decoding=\"async\" src=\"https:\/\/lavoixdesaintjo.fr\/2025\/tahiti\/wp-content\/plugins\/wpforms-lite\/assets\/images\/submit-spin.svg\" class=\"wpforms-submit-spinner\" style=\"display: none;\" width=\"26\" height=\"26\" alt=\"Chargement en cours\"><\/div><\/form><\/div>  <!-- .wpforms-container -->\t\t\t\t<\/div>\n\t\t\t\t<\/div>\n\t\t\t\t\t<\/div>\n\t\t\t\t<\/div>\n\t\t<div class=\"elementor-element elementor-element-daee484 e-flex e-con-boxed e-con e-parent\" data-id=\"daee484\" data-element_type=\"container\">\n\t\t\t\t\t<div class=\"e-con-inner\">\n\t\t<div class=\"elementor-element elementor-element-83e25fd e-con-full e-flex e-con e-child\" data-id=\"83e25fd\" data-element_type=\"container\">\n\t\t\t\t<div class=\"elementor-element elementor-element-9d9ac0d elementor-widget elementor-widget-text-editor\" data-id=\"9d9ac0d\" data-element_type=\"widget\" data-widget_type=\"text-editor.default\">\n\t\t\t\t<div class=\"elementor-widget-container\">\n\t\t\t\t\t\t\t\t\t<p><strong data-start=\"1770\" data-end=\"1779\">Email<\/strong> : <a class=\"cursor-pointer\" rel=\"noopener\" data-start=\"1782\" data-end=\"1805\">contact@voyaetahiti.com<\/a><\/p>\t\t\t\t\t\t\t\t<\/div>\n\t\t\t\t<\/div>\n\t\t\t\t<\/div>\n\t\t<div class=\"elementor-element elementor-element-80a4920 e-con-full e-flex e-con e-child\" data-id=\"80a4920\" data-element_type=\"container\">\n\t\t\t\t<div class=\"elementor-element elementor-element-a552363 elementor-view-default elementor-position-top elementor-mobile-position-top elementor-widget elementor-widget-icon-box\" data-id=\"a552363\" data-element_type=\"widget\" data-widget_type=\"icon-box.default\">\n\t\t\t\t<div class=\"elementor-widget-container\">\n\t\t\t\t\t\t\t<div class=\"elementor-icon-box-wrapper\">\n\n\t\t\t\t\t\t<div class=\"elementor-icon-box-icon\">\n\t\t\t\t<span  class=\"elementor-icon\">\n\t\t\t\t<svg aria-hidden=\"true\" class=\"e-font-icon-svg e-fab-instagram\" viewBox=\"0 0 448 512\" xmlns=\"http:\/\/www.w3.org\/2000\/svg\"><path d=\"M224.1 141c-63.6 0-114.9 51.3-114.9 114.9s51.3 114.9 114.9 114.9S339 319.5 339 255.9 287.7 141 224.1 141zm0 189.6c-41.1 0-74.7-33.5-74.7-74.7s33.5-74.7 74.7-74.7 74.7 33.5 74.7 74.7-33.6 74.7-74.7 74.7zm146.4-194.3c0 14.9-12 26.8-26.8 26.8-14.9 0-26.8-12-26.8-26.8s12-26.8 26.8-26.8 26.8 12 26.8 26.8zm76.1 27.2c-1.7-35.9-9.9-67.7-36.2-93.9-26.2-26.2-58-34.4-93.9-36.2-37-2.1-147.9-2.1-184.9 0-35.8 1.7-67.6 9.9-93.9 36.1s-34.4 58-36.2 93.9c-2.1 37-2.1 147.9 0 184.9 1.7 35.9 9.9 67.7 36.2 93.9s58 34.4 93.9 36.2c37 2.1 147.9 2.1 184.9 0 35.9-1.7 67.7-9.9 93.9-36.2 26.2-26.2 34.4-58 36.2-93.9 2.1-37 2.1-147.8 0-184.8zM398.8 388c-7.8 19.6-22.9 34.7-42.6 42.6-29.5 11.7-99.5 9-132.1 9s-102.7 2.6-132.1-9c-19.6-7.8-34.7-22.9-42.6-42.6-11.7-29.5-9-99.5-9-132.1s-2.6-102.7 9-132.1c7.8-19.6 22.9-34.7 42.6-42.6 29.5-11.7 99.5-9 132.1-9s102.7-2.6 132.1 9c19.6 7.8 34.7 22.9 42.6 42.6 11.7 29.5 9 99.5 9 132.1s2.7 102.7-9 132.1z\"><\/path><\/svg>\t\t\t\t<\/span>\n\t\t\t<\/div>\n\t\t\t\n\t\t\t\n\t\t<\/div>\n\t\t\t\t\t\t<\/div>\n\t\t\t\t<\/div>\n\t\t\t\t<\/div>\n\t\t<div class=\"elementor-element elementor-element-1153b4f e-con-full e-flex e-con e-child\" data-id=\"1153b4f\" data-element_type=\"container\">\n\t\t\t\t<div class=\"elementor-element elementor-element-1768321 elementor-view-default elementor-position-top elementor-mobile-position-top elementor-widget elementor-widget-icon-box\" data-id=\"1768321\" data-element_type=\"widget\" data-widget_type=\"icon-box.default\">\n\t\t\t\t<div class=\"elementor-widget-container\">\n\t\t\t\t\t\t\t<div class=\"elementor-icon-box-wrapper\">\n\n\t\t\t\t\t\t<div class=\"elementor-icon-box-icon\">\n\t\t\t\t<span  class=\"elementor-icon\">\n\t\t\t\t<svg aria-hidden=\"true\" class=\"e-font-icon-svg e-fab-facebook-square\" viewBox=\"0 0 448 512\" xmlns=\"http:\/\/www.w3.org\/2000\/svg\"><path d=\"M400 32H48A48 48 0 0 0 0 80v352a48 48 0 0 0 48 48h137.25V327.69h-63V256h63v-54.64c0-62.15 37-96.48 93.67-96.48 27.14 0 55.52 4.84 55.52 4.84v61h-31.27c-30.81 0-40.42 19.12-40.42 38.73V256h68.78l-11 71.69h-57.78V480H400a48 48 0 0 0 48-48V80a48 48 0 0 0-48-48z\"><\/path><\/svg>\t\t\t\t<\/span>\n\t\t\t<\/div>\n\t\t\t\n\t\t\t\n\t\t<\/div>\n\t\t\t\t\t\t<\/div>\n\t\t\t\t<\/div>\n\t\t\t\t<\/div>\n\t\t<div class=\"elementor-element elementor-element-ab19cf5 e-con-full e-flex e-con e-child\" data-id=\"ab19cf5\" data-element_type=\"container\">\n\t\t\t\t<div class=\"elementor-element elementor-element-0a4ddf3 elementor-view-default elementor-position-top elementor-mobile-position-top elementor-widget elementor-widget-icon-box\" data-id=\"0a4ddf3\" data-element_type=\"widget\" data-widget_type=\"icon-box.default\">\n\t\t\t\t<div class=\"elementor-widget-container\">\n\t\t\t\t\t\t\t<div class=\"elementor-icon-box-wrapper\">\n\n\t\t\t\t\t\t<div class=\"elementor-icon-box-icon\">\n\t\t\t\t<span  class=\"elementor-icon\">\n\t\t\t\t<svg aria-hidden=\"true\" class=\"e-font-icon-svg e-fab-pinterest\" viewBox=\"0 0 496 512\" xmlns=\"http:\/\/www.w3.org\/2000\/svg\"><path d=\"M496 256c0 137-111 248-248 248-25.6 0-50.2-3.9-73.4-11.1 10.1-16.5 25.2-43.5 30.8-65 3-11.6 15.4-59 15.4-59 8.1 15.4 31.7 28.5 56.8 28.5 74.8 0 128.7-68.8 128.7-154.3 0-81.9-66.9-143.2-152.9-143.2-107 0-163.9 71.8-163.9 150.1 0 36.4 19.4 81.7 50.3 96.1 4.7 2.2 7.2 1.2 8.3-3.3.8-3.4 5-20.3 6.9-28.1.6-2.5.3-4.7-1.7-7.1-10.1-12.5-18.3-35.3-18.3-56.6 0-54.7 41.4-107.6 112-107.6 60.9 0 103.6 41.5 103.6 100.9 0 67.1-33.9 113.6-78 113.6-24.3 0-42.6-20.1-36.7-44.8 7-29.5 20.5-61.3 20.5-82.6 0-19-10.2-34.9-31.4-34.9-24.9 0-44.9 25.7-44.9 60.2 0 22 7.4 36.8 7.4 36.8s-24.5 103.8-29 123.2c-5 21.4-3 51.6-.9 71.2C65.4 450.9 0 361.1 0 256 0 119 111 8 248 8s248 111 248 248z\"><\/path><\/svg>\t\t\t\t<\/span>\n\t\t\t<\/div>\n\t\t\t\n\t\t\t\n\t\t<\/div>\n\t\t\t\t\t\t<\/div>\n\t\t\t\t<\/div>\n\t\t\t\t<\/div>\n\t\t\t\t\t<\/div>\n\t\t\t\t<\/div>\n\t\t\t\t<\/div>\n\t\t","protected":false},"excerpt":{"rendered":"<p>Contactez Voyage Tahiti Des questions sur un s\u00e9jour \u00e0 Tahiti, une suggestion d\u2019article ou une envie de collaboration ? Le formulaire ci-dessous est l\u00e0 pour faciliter l\u2019\u00e9change. Chaque message est lu avec attention et une r\u00e9ponse est apport\u00e9e dans les meilleurs d\u00e9lais. Veuillez activer JavaScript dans votre navigateur pour remplir ce formulaire.Veuillez activer JavaScript dans &hellip; <\/p>\n<p class=\"link-more\"><a href=\"https:\/\/lavoixdesaintjo.fr\/2025\/tahiti\/contact\/\" class=\"more-link\">Lire la suite de<span class=\"screen-reader-text\">\u00ab\u00a0Contact\u00a0\u00bb<\/span><\/a><\/p>\n","protected":false},"author":2,"featured_media":0,"parent":0,"menu_order":0,"comment_status":"closed","ping_status":"closed","template":"","meta":{"_acf_changed":false,"_kadence_starter_templates_imported_post":false,"footnotes":""},"class_list":["post-13","page","type-page","status-publish","hentry"],"acf":[],"yoast_head":"<!-- This site is optimized with the Yoast SEO plugin v25.1 - https:\/\/yoast.com\/wordpress\/plugins\/seo\/ -->\n<title>Contact - Voyage \u00e0 Tahiti<\/title>\n<meta name=\"robots\" content=\"index, follow, max-snippet:-1, max-image-preview:large, max-video-preview:-1\" \/>\n<link rel=\"canonical\" href=\"https:\/\/lavoixdesaintjo.fr\/2025\/tahiti\/contact\/\" \/>\n<meta property=\"og:locale\" content=\"fr_FR\" \/>\n<meta property=\"og:type\" content=\"article\" \/>\n<meta property=\"og:title\" content=\"Contact - Voyage \u00e0 Tahiti\" \/>\n<meta property=\"og:description\" content=\"Contactez Voyage Tahiti Des questions sur un s\u00e9jour \u00e0 Tahiti, une suggestion d\u2019article ou une envie de collaboration ? Le formulaire ci-dessous est l\u00e0 pour faciliter l\u2019\u00e9change. Chaque message est lu avec attention et une r\u00e9ponse est apport\u00e9e dans les meilleurs d\u00e9lais. Veuillez activer JavaScript dans votre navigateur pour remplir ce formulaire.Veuillez activer JavaScript dans &hellip; Lire la suite de\u00ab\u00a0Contact\u00a0\u00bb\" \/>\n<meta property=\"og:url\" content=\"https:\/\/lavoixdesaintjo.fr\/2025\/tahiti\/contact\/\" \/>\n<meta property=\"og:site_name\" content=\"Voyage \u00e0 Tahiti\" \/>\n<meta property=\"article:modified_time\" content=\"2025-05-27T07:04:40+00:00\" \/>\n<meta property=\"og:image\" content=\"https:\/\/lavoixdesaintjo.fr\/2025\/tahiti\/wp-content\/uploads\/2025\/05\/parasol-de-plage-a-fakarawa-lagoon-1024x768.jpg\" \/>\n<meta name=\"twitter:card\" content=\"summary_large_image\" \/>\n<script type=\"application\/ld+json\" class=\"yoast-schema-graph\">{\"@context\":\"https:\/\/schema.org\",\"@graph\":[{\"@type\":\"WebPage\",\"@id\":\"https:\/\/lavoixdesaintjo.fr\/2025\/tahiti\/contact\/\",\"url\":\"https:\/\/lavoixdesaintjo.fr\/2025\/tahiti\/contact\/\",\"name\":\"Contact - Voyage \u00e0 Tahiti\",\"isPartOf\":{\"@id\":\"https:\/\/lavoixdesaintjo.fr\/2025\/tahiti\/#website\"},\"primaryImageOfPage\":{\"@id\":\"https:\/\/lavoixdesaintjo.fr\/2025\/tahiti\/contact\/#primaryimage\"},\"image\":{\"@id\":\"https:\/\/lavoixdesaintjo.fr\/2025\/tahiti\/contact\/#primaryimage\"},\"thumbnailUrl\":\"https:\/\/lavoixdesaintjo.fr\/2025\/tahiti\/wp-content\/uploads\/2025\/05\/parasol-de-plage-a-fakarawa-lagoon-1024x768.jpg\",\"datePublished\":\"2025-05-12T14:10:13+00:00\",\"dateModified\":\"2025-05-27T07:04:40+00:00\",\"breadcrumb\":{\"@id\":\"https:\/\/lavoixdesaintjo.fr\/2025\/tahiti\/contact\/#breadcrumb\"},\"inLanguage\":\"fr-FR\",\"potentialAction\":[{\"@type\":\"ReadAction\",\"target\":[\"https:\/\/lavoixdesaintjo.fr\/2025\/tahiti\/contact\/\"]}]},{\"@type\":\"ImageObject\",\"inLanguage\":\"fr-FR\",\"@id\":\"https:\/\/lavoixdesaintjo.fr\/2025\/tahiti\/contact\/#primaryimage\",\"url\":\"https:\/\/lavoixdesaintjo.fr\/2025\/tahiti\/wp-content\/uploads\/2025\/05\/parasol-de-plage-a-fakarawa-lagoon-scaled.jpg\",\"contentUrl\":\"https:\/\/lavoixdesaintjo.fr\/2025\/tahiti\/wp-content\/uploads\/2025\/05\/parasol-de-plage-a-fakarawa-lagoon-scaled.jpg\",\"width\":2560,\"height\":1920,\"caption\":\"A view from a resort in Fakarawa\"},{\"@type\":\"BreadcrumbList\",\"@id\":\"https:\/\/lavoixdesaintjo.fr\/2025\/tahiti\/contact\/#breadcrumb\",\"itemListElement\":[{\"@type\":\"ListItem\",\"position\":1,\"name\":\"Accueil\",\"item\":\"https:\/\/lavoixdesaintjo.fr\/2025\/tahiti\/\"},{\"@type\":\"ListItem\",\"position\":2,\"name\":\"Contact\"}]},{\"@type\":\"WebSite\",\"@id\":\"https:\/\/lavoixdesaintjo.fr\/2025\/tahiti\/#website\",\"url\":\"https:\/\/lavoixdesaintjo.fr\/2025\/tahiti\/\",\"name\":\"Voyage \u00e0 Tahiti\",\"description\":\"Tous les chemins m\u00e8nent \u00e0 Tahiti\",\"publisher\":{\"@id\":\"https:\/\/lavoixdesaintjo.fr\/2025\/tahiti\/#organization\"},\"potentialAction\":[{\"@type\":\"SearchAction\",\"target\":{\"@type\":\"EntryPoint\",\"urlTemplate\":\"https:\/\/lavoixdesaintjo.fr\/2025\/tahiti\/?s={search_term_string}\"},\"query-input\":{\"@type\":\"PropertyValueSpecification\",\"valueRequired\":true,\"valueName\":\"search_term_string\"}}],\"inLanguage\":\"fr-FR\"},{\"@type\":\"Organization\",\"@id\":\"https:\/\/lavoixdesaintjo.fr\/2025\/tahiti\/#organization\",\"name\":\"Voyage \u00e0 Tahiti\",\"url\":\"https:\/\/lavoixdesaintjo.fr\/2025\/tahiti\/\",\"logo\":{\"@type\":\"ImageObject\",\"inLanguage\":\"fr-FR\",\"@id\":\"https:\/\/lavoixdesaintjo.fr\/2025\/tahiti\/#\/schema\/logo\/image\/\",\"url\":\"https:\/\/lavoixdesaintjo.fr\/2025\/tahiti\/wp-content\/uploads\/2025\/05\/cropped-cropped-ChatGPT_Image_12_mai_2025__15_55_28-removebg-preview.png\",\"contentUrl\":\"https:\/\/lavoixdesaintjo.fr\/2025\/tahiti\/wp-content\/uploads\/2025\/05\/cropped-cropped-ChatGPT_Image_12_mai_2025__15_55_28-removebg-preview.png\",\"width\":500,\"height\":500,\"caption\":\"Voyage \u00e0 Tahiti\"},\"image\":{\"@id\":\"https:\/\/lavoixdesaintjo.fr\/2025\/tahiti\/#\/schema\/logo\/image\/\"}}]}<\/script>\n<!-- \/ Yoast SEO plugin. -->","yoast_head_json":{"title":"Contact - Voyage \u00e0 Tahiti","robots":{"index":"index","follow":"follow","max-snippet":"max-snippet:-1","max-image-preview":"max-image-preview:large","max-video-preview":"max-video-preview:-1"},"canonical":"https:\/\/lavoixdesaintjo.fr\/2025\/tahiti\/contact\/","og_locale":"fr_FR","og_type":"article","og_title":"Contact - Voyage \u00e0 Tahiti","og_description":"Contactez Voyage Tahiti Des questions sur un s\u00e9jour \u00e0 Tahiti, une suggestion d\u2019article ou une envie de collaboration ? Le formulaire ci-dessous est l\u00e0 pour faciliter l\u2019\u00e9change. Chaque message est lu avec attention et une r\u00e9ponse est apport\u00e9e dans les meilleurs d\u00e9lais. Veuillez activer JavaScript dans votre navigateur pour remplir ce formulaire.Veuillez activer JavaScript dans &hellip; Lire la suite de\u00ab\u00a0Contact\u00a0\u00bb","og_url":"https:\/\/lavoixdesaintjo.fr\/2025\/tahiti\/contact\/","og_site_name":"Voyage \u00e0 Tahiti","article_modified_time":"2025-05-27T07:04:40+00:00","og_image":[{"url":"https:\/\/lavoixdesaintjo.fr\/2025\/tahiti\/wp-content\/uploads\/2025\/05\/parasol-de-plage-a-fakarawa-lagoon-1024x768.jpg","type":"","width":"","height":""}],"twitter_card":"summary_large_image","schema":{"@context":"https:\/\/schema.org","@graph":[{"@type":"WebPage","@id":"https:\/\/lavoixdesaintjo.fr\/2025\/tahiti\/contact\/","url":"https:\/\/lavoixdesaintjo.fr\/2025\/tahiti\/contact\/","name":"Contact - Voyage \u00e0 Tahiti","isPartOf":{"@id":"https:\/\/lavoixdesaintjo.fr\/2025\/tahiti\/#website"},"primaryImageOfPage":{"@id":"https:\/\/lavoixdesaintjo.fr\/2025\/tahiti\/contact\/#primaryimage"},"image":{"@id":"https:\/\/lavoixdesaintjo.fr\/2025\/tahiti\/contact\/#primaryimage"},"thumbnailUrl":"https:\/\/lavoixdesaintjo.fr\/2025\/tahiti\/wp-content\/uploads\/2025\/05\/parasol-de-plage-a-fakarawa-lagoon-1024x768.jpg","datePublished":"2025-05-12T14:10:13+00:00","dateModified":"2025-05-27T07:04:40+00:00","breadcrumb":{"@id":"https:\/\/lavoixdesaintjo.fr\/2025\/tahiti\/contact\/#breadcrumb"},"inLanguage":"fr-FR","potentialAction":[{"@type":"ReadAction","target":["https:\/\/lavoixdesaintjo.fr\/2025\/tahiti\/contact\/"]}]},{"@type":"ImageObject","inLanguage":"fr-FR","@id":"https:\/\/lavoixdesaintjo.fr\/2025\/tahiti\/contact\/#primaryimage","url":"https:\/\/lavoixdesaintjo.fr\/2025\/tahiti\/wp-content\/uploads\/2025\/05\/parasol-de-plage-a-fakarawa-lagoon-scaled.jpg","contentUrl":"https:\/\/lavoixdesaintjo.fr\/2025\/tahiti\/wp-content\/uploads\/2025\/05\/parasol-de-plage-a-fakarawa-lagoon-scaled.jpg","width":2560,"height":1920,"caption":"A view from a resort in Fakarawa"},{"@type":"BreadcrumbList","@id":"https:\/\/lavoixdesaintjo.fr\/2025\/tahiti\/contact\/#breadcrumb","itemListElement":[{"@type":"ListItem","position":1,"name":"Accueil","item":"https:\/\/lavoixdesaintjo.fr\/2025\/tahiti\/"},{"@type":"ListItem","position":2,"name":"Contact"}]},{"@type":"WebSite","@id":"https:\/\/lavoixdesaintjo.fr\/2025\/tahiti\/#website","url":"https:\/\/lavoixdesaintjo.fr\/2025\/tahiti\/","name":"Voyage \u00e0 Tahiti","description":"Tous les chemins m\u00e8nent \u00e0 Tahiti","publisher":{"@id":"https:\/\/lavoixdesaintjo.fr\/2025\/tahiti\/#organization"},"potentialAction":[{"@type":"SearchAction","target":{"@type":"EntryPoint","urlTemplate":"https:\/\/lavoixdesaintjo.fr\/2025\/tahiti\/?s={search_term_string}"},"query-input":{"@type":"PropertyValueSpecification","valueRequired":true,"valueName":"search_term_string"}}],"inLanguage":"fr-FR"},{"@type":"Organization","@id":"https:\/\/lavoixdesaintjo.fr\/2025\/tahiti\/#organization","name":"Voyage \u00e0 Tahiti","url":"https:\/\/lavoixdesaintjo.fr\/2025\/tahiti\/","logo":{"@type":"ImageObject","inLanguage":"fr-FR","@id":"https:\/\/lavoixdesaintjo.fr\/2025\/tahiti\/#\/schema\/logo\/image\/","url":"https:\/\/lavoixdesaintjo.fr\/2025\/tahiti\/wp-content\/uploads\/2025\/05\/cropped-cropped-ChatGPT_Image_12_mai_2025__15_55_28-removebg-preview.png","contentUrl":"https:\/\/lavoixdesaintjo.fr\/2025\/tahiti\/wp-content\/uploads\/2025\/05\/cropped-cropped-ChatGPT_Image_12_mai_2025__15_55_28-removebg-preview.png","width":500,"height":500,"caption":"Voyage \u00e0 Tahiti"},"image":{"@id":"https:\/\/lavoixdesaintjo.fr\/2025\/tahiti\/#\/schema\/logo\/image\/"}}]}},"_links":{"self":[{"href":"https:\/\/lavoixdesaintjo.fr\/2025\/tahiti\/wp-json\/wp\/v2\/pages\/13","targetHints":{"allow":["GET"]}}],"collection":[{"href":"https:\/\/lavoixdesaintjo.fr\/2025\/tahiti\/wp-json\/wp\/v2\/pages"}],"about":[{"href":"https:\/\/lavoixdesaintjo.fr\/2025\/tahiti\/wp-json\/wp\/v2\/types\/page"}],"author":[{"embeddable":true,"href":"https:\/\/lavoixdesaintjo.fr\/2025\/tahiti\/wp-json\/wp\/v2\/users\/2"}],"replies":[{"embeddable":true,"href":"https:\/\/lavoixdesaintjo.fr\/2025\/tahiti\/wp-json\/wp\/v2\/comments?post=13"}],"version-history":[{"count":21,"href":"https:\/\/lavoixdesaintjo.fr\/2025\/tahiti\/wp-json\/wp\/v2\/pages\/13\/revisions"}],"predecessor-version":[{"id":362,"href":"https:\/\/lavoixdesaintjo.fr\/2025\/tahiti\/wp-json\/wp\/v2\/pages\/13\/revisions\/362"}],"wp:attachment":[{"href":"https:\/\/lavoixdesaintjo.fr\/2025\/tahiti\/wp-json\/wp\/v2\/media?parent=13"}],"curies":[{"name":"wp","href":"https:\/\/api.w.org\/{rel}","templated":true}]}}