{"id":15,"date":"2025-05-12T16:10:39","date_gmt":"2025-05-12T14:10:39","guid":{"rendered":"https:\/\/lavoixdesaintjo.fr\/2025\/tahiti\/?page_id=15"},"modified":"2025-06-16T16:30:50","modified_gmt":"2025-06-16T14:30:50","slug":"mentions-legales","status":"publish","type":"page","link":"https:\/\/lavoixdesaintjo.fr\/2025\/tahiti\/mentions-legales\/","title":{"rendered":"Mentions l\u00e9gales"},"content":{"rendered":"\n<p><strong>Conform\u00e9ment \u00e0 la loi n\u00b02004-575 du 21 juin 2004 pour la confiance dans l&rsquo;\u00e9conomie num\u00e9rique<\/strong>, il est pr\u00e9cis\u00e9 aux utilisateurs du site l&rsquo;identit\u00e9 des diff\u00e9rents intervenants dans le cadre de sa r\u00e9alisation et de son suivi.<\/p>\n\n\n\n<h2 class=\"wp-block-heading\">1. \u00c9diteur du site<\/h2>\n\n\n\n<ul class=\"wp-block-list\">\n<li><strong>Nom de l\u2019auteur<\/strong> : [jeremylmr]<\/li>\n\n\n\n<li><strong>Adresse postale<\/strong> : Adresse non communiqu\u00e9e<\/li>\n\n\n\n<li><strong>E-mail<\/strong> : [contact@isjm.fr]<\/li>\n\n\n\n<li><strong>Statut<\/strong> : Blog personnel \/ sans finalit\u00e9 commerciale<\/li>\n<\/ul>\n\n\n\n<blockquote class=\"wp-block-quote is-layout-flow wp-block-quote-is-layout-flow\">\n<p><em>Ce site est \u00e9dit\u00e9 \u00e0 titre personnel dans un but informatif et non lucratif. Il ne constitue pas un service de presse.<\/em><\/p>\n<\/blockquote>\n\n\n\n<h2 class=\"wp-block-heading\">2. H\u00e9bergement<\/h2>\n\n\n\n<ul class=\"wp-block-list\">\n<li><strong>H\u00e9bergeur<\/strong> : Infomaniak Network SA<\/li>\n\n\n\n<li><strong>Adresse<\/strong> : Rue Eug\u00e8ne-Marziano 25, 1227 Les Acacias (Gen\u00e8ve), Suisse<\/li>\n\n\n\n<li><strong>T\u00e9l\u00e9phone<\/strong> : +41 22 820 35 44<\/li>\n\n\n\n<li><strong>Site web<\/strong> : <a class=\"\" href=\"https:\/\/www.infomaniak.com\">https:\/\/www.infomaniak.com<\/a><\/li>\n<\/ul>\n\n\n\n<h2 class=\"wp-block-heading\">3. Propri\u00e9t\u00e9 intellectuelle<\/h2>\n\n\n\n<p>Tous les contenus pr\u00e9sents sur ce site (textes, images, logos, vid\u00e9os, etc.) sont, sauf mention contraire, la propri\u00e9t\u00e9 exclusive de l\u2019\u00e9diteur du site.<br>Toute reproduction, repr\u00e9sentation, modification, publication ou adaptation de tout ou partie des \u00e9l\u00e9ments du site, quel que soit le moyen ou le proc\u00e9d\u00e9 utilis\u00e9, est interdite, sauf autorisation \u00e9crite pr\u00e9alable. Tous les contenus sont libres de droit, trouv\u00e9s sur Freepik, Pixabay ou encore des liens Youtube ramenant aux pages des cr\u00e9ateurs. Il y a aussi du contenu g\u00e9n\u00e9r\u00e9 par l&rsquo;IA. <\/p>\n\n\n\n<h2 class=\"wp-block-heading\">4. Donn\u00e9es personnelles<\/h2>\n\n\n\n<p>Le site peut collecter certaines donn\u00e9es personnelles (commentaires, formulaire de contact, statistiques anonymes).<br>Ces donn\u00e9es sont uniquement utilis\u00e9es dans le cadre du fonctionnement du site et ne sont jamais revendues \u00e0 des tiers.<\/p>\n\n\n\n<p>Conform\u00e9ment au RGPD (R\u00e8glement G\u00e9n\u00e9ral sur la Protection des Donn\u00e9es), vous disposez d\u2019un droit d\u2019acc\u00e8s, de rectification et de suppression des donn\u00e9es vous concernant.<br>Pour exercer ce droit, contactez : [contact@isjm.fr]<\/p>\n\n\n\n<p>Google Analytics<\/p>\n\n\n\n<h2 class=\"wp-block-heading\">5. Cookies<\/h2>\n\n\n\n<p>Ce site utilise des cookies \u00e0 des fins de statistiques anonymes et d\u2019am\u00e9lioration de l\u2019exp\u00e9rience utilisateur.<br>Vous pouvez configurer votre navigateur pour refuser les cookies.<\/p>\n\n\n\n<h2 class=\"wp-block-heading\">6. Responsabilit\u00e9<\/h2>\n\n\n\n<p>L\u2019\u00e9diteur du site ne peut \u00eatre tenu responsable des erreurs, inexactitudes ou oublis dans les informations publi\u00e9es, ni d\u2019un mauvais usage du contenu par les internautes.<br>Le contenu est fourni \u00e0 titre indicatif, sans garantie de mise \u00e0 jour permanente.<\/p>\n","protected":false},"excerpt":{"rendered":"<p>Conform\u00e9ment \u00e0 la loi n\u00b02004-575 du 21 juin 2004 pour la confiance dans l&rsquo;\u00e9conomie num\u00e9rique, il est pr\u00e9cis\u00e9 aux utilisateurs du site l&rsquo;identit\u00e9 des diff\u00e9rents intervenants dans le cadre de sa r\u00e9alisation et de son suivi. 1. \u00c9diteur du site Ce site est \u00e9dit\u00e9 \u00e0 titre personnel dans un but informatif et non lucratif. Il &hellip; <\/p>\n<p class=\"link-more\"><a href=\"https:\/\/lavoixdesaintjo.fr\/2025\/tahiti\/mentions-legales\/\" class=\"more-link\">Lire la suite de<span class=\"screen-reader-text\">\u00ab\u00a0Mentions l\u00e9gales\u00a0\u00bb<\/span><\/a><\/p>\n","protected":false},"author":2,"featured_media":0,"parent":0,"menu_order":0,"comment_status":"closed","ping_status":"closed","template":"","meta":{"_acf_changed":false,"_kadence_starter_templates_imported_post":false,"footnotes":""},"class_list":["post-15","page","type-page","status-publish","hentry"],"acf":[],"yoast_head":"<!-- This site is optimized with the Yoast SEO plugin v25.1 - https:\/\/yoast.com\/wordpress\/plugins\/seo\/ -->\n<title>Mentions l\u00e9gales - Voyage \u00e0 Tahiti<\/title>\n<meta name=\"robots\" content=\"index, follow, max-snippet:-1, max-image-preview:large, max-video-preview:-1\" \/>\n<link rel=\"canonical\" href=\"https:\/\/lavoixdesaintjo.fr\/2025\/tahiti\/mentions-legales\/\" \/>\n<meta property=\"og:locale\" content=\"fr_FR\" \/>\n<meta property=\"og:type\" content=\"article\" \/>\n<meta property=\"og:title\" content=\"Mentions l\u00e9gales - Voyage \u00e0 Tahiti\" \/>\n<meta property=\"og:description\" content=\"Conform\u00e9ment \u00e0 la loi n\u00b02004-575 du 21 juin 2004 pour la confiance dans l&rsquo;\u00e9conomie num\u00e9rique, il est pr\u00e9cis\u00e9 aux utilisateurs du site l&rsquo;identit\u00e9 des diff\u00e9rents intervenants dans le cadre de sa r\u00e9alisation et de son suivi. 1. \u00c9diteur du site Ce site est \u00e9dit\u00e9 \u00e0 titre personnel dans un but informatif et non lucratif. Il &hellip; Lire la suite de\u00ab\u00a0Mentions l\u00e9gales\u00a0\u00bb\" \/>\n<meta property=\"og:url\" content=\"https:\/\/lavoixdesaintjo.fr\/2025\/tahiti\/mentions-legales\/\" \/>\n<meta property=\"og:site_name\" content=\"Voyage \u00e0 Tahiti\" \/>\n<meta property=\"article:modified_time\" content=\"2025-06-16T14:30:50+00:00\" \/>\n<meta name=\"twitter:card\" content=\"summary_large_image\" \/>\n<meta name=\"twitter:label1\" content=\"Dur\u00e9e de lecture estim\u00e9e\" \/>\n\t<meta name=\"twitter:data1\" content=\"2 minutes\" \/>\n<script type=\"application\/ld+json\" class=\"yoast-schema-graph\">{\"@context\":\"https:\/\/schema.org\",\"@graph\":[{\"@type\":\"WebPage\",\"@id\":\"https:\/\/lavoixdesaintjo.fr\/2025\/tahiti\/mentions-legales\/\",\"url\":\"https:\/\/lavoixdesaintjo.fr\/2025\/tahiti\/mentions-legales\/\",\"name\":\"Mentions l\u00e9gales - Voyage \u00e0 Tahiti\",\"isPartOf\":{\"@id\":\"https:\/\/lavoixdesaintjo.fr\/2025\/tahiti\/#website\"},\"datePublished\":\"2025-05-12T14:10:39+00:00\",\"dateModified\":\"2025-06-16T14:30:50+00:00\",\"breadcrumb\":{\"@id\":\"https:\/\/lavoixdesaintjo.fr\/2025\/tahiti\/mentions-legales\/#breadcrumb\"},\"inLanguage\":\"fr-FR\",\"potentialAction\":[{\"@type\":\"ReadAction\",\"target\":[\"https:\/\/lavoixdesaintjo.fr\/2025\/tahiti\/mentions-legales\/\"]}]},{\"@type\":\"BreadcrumbList\",\"@id\":\"https:\/\/lavoixdesaintjo.fr\/2025\/tahiti\/mentions-legales\/#breadcrumb\",\"itemListElement\":[{\"@type\":\"ListItem\",\"position\":1,\"name\":\"Accueil\",\"item\":\"https:\/\/lavoixdesaintjo.fr\/2025\/tahiti\/\"},{\"@type\":\"ListItem\",\"position\":2,\"name\":\"Mentions l\u00e9gales\"}]},{\"@type\":\"WebSite\",\"@id\":\"https:\/\/lavoixdesaintjo.fr\/2025\/tahiti\/#website\",\"url\":\"https:\/\/lavoixdesaintjo.fr\/2025\/tahiti\/\",\"name\":\"Voyage \u00e0 Tahiti\",\"description\":\"Tous les chemins m\u00e8nent \u00e0 Tahiti\",\"publisher\":{\"@id\":\"https:\/\/lavoixdesaintjo.fr\/2025\/tahiti\/#organization\"},\"potentialAction\":[{\"@type\":\"SearchAction\",\"target\":{\"@type\":\"EntryPoint\",\"urlTemplate\":\"https:\/\/lavoixdesaintjo.fr\/2025\/tahiti\/?s={search_term_string}\"},\"query-input\":{\"@type\":\"PropertyValueSpecification\",\"valueRequired\":true,\"valueName\":\"search_term_string\"}}],\"inLanguage\":\"fr-FR\"},{\"@type\":\"Organization\",\"@id\":\"https:\/\/lavoixdesaintjo.fr\/2025\/tahiti\/#organization\",\"name\":\"Voyage \u00e0 Tahiti\",\"url\":\"https:\/\/lavoixdesaintjo.fr\/2025\/tahiti\/\",\"logo\":{\"@type\":\"ImageObject\",\"inLanguage\":\"fr-FR\",\"@id\":\"https:\/\/lavoixdesaintjo.fr\/2025\/tahiti\/#\/schema\/logo\/image\/\",\"url\":\"https:\/\/lavoixdesaintjo.fr\/2025\/tahiti\/wp-content\/uploads\/2025\/05\/cropped-cropped-ChatGPT_Image_12_mai_2025__15_55_28-removebg-preview.png\",\"contentUrl\":\"https:\/\/lavoixdesaintjo.fr\/2025\/tahiti\/wp-content\/uploads\/2025\/05\/cropped-cropped-ChatGPT_Image_12_mai_2025__15_55_28-removebg-preview.png\",\"width\":500,\"height\":500,\"caption\":\"Voyage \u00e0 Tahiti\"},\"image\":{\"@id\":\"https:\/\/lavoixdesaintjo.fr\/2025\/tahiti\/#\/schema\/logo\/image\/\"}}]}<\/script>\n<!-- \/ Yoast SEO plugin. -->","yoast_head_json":{"title":"Mentions l\u00e9gales - Voyage \u00e0 Tahiti","robots":{"index":"index","follow":"follow","max-snippet":"max-snippet:-1","max-image-preview":"max-image-preview:large","max-video-preview":"max-video-preview:-1"},"canonical":"https:\/\/lavoixdesaintjo.fr\/2025\/tahiti\/mentions-legales\/","og_locale":"fr_FR","og_type":"article","og_title":"Mentions l\u00e9gales - Voyage \u00e0 Tahiti","og_description":"Conform\u00e9ment \u00e0 la loi n\u00b02004-575 du 21 juin 2004 pour la confiance dans l&rsquo;\u00e9conomie num\u00e9rique, il est pr\u00e9cis\u00e9 aux utilisateurs du site l&rsquo;identit\u00e9 des diff\u00e9rents intervenants dans le cadre de sa r\u00e9alisation et de son suivi. 1. \u00c9diteur du site Ce site est \u00e9dit\u00e9 \u00e0 titre personnel dans un but informatif et non lucratif. Il &hellip; Lire la suite de\u00ab\u00a0Mentions l\u00e9gales\u00a0\u00bb","og_url":"https:\/\/lavoixdesaintjo.fr\/2025\/tahiti\/mentions-legales\/","og_site_name":"Voyage \u00e0 Tahiti","article_modified_time":"2025-06-16T14:30:50+00:00","twitter_card":"summary_large_image","twitter_misc":{"Dur\u00e9e de lecture estim\u00e9e":"2 minutes"},"schema":{"@context":"https:\/\/schema.org","@graph":[{"@type":"WebPage","@id":"https:\/\/lavoixdesaintjo.fr\/2025\/tahiti\/mentions-legales\/","url":"https:\/\/lavoixdesaintjo.fr\/2025\/tahiti\/mentions-legales\/","name":"Mentions l\u00e9gales - Voyage \u00e0 Tahiti","isPartOf":{"@id":"https:\/\/lavoixdesaintjo.fr\/2025\/tahiti\/#website"},"datePublished":"2025-05-12T14:10:39+00:00","dateModified":"2025-06-16T14:30:50+00:00","breadcrumb":{"@id":"https:\/\/lavoixdesaintjo.fr\/2025\/tahiti\/mentions-legales\/#breadcrumb"},"inLanguage":"fr-FR","potentialAction":[{"@type":"ReadAction","target":["https:\/\/lavoixdesaintjo.fr\/2025\/tahiti\/mentions-legales\/"]}]},{"@type":"BreadcrumbList","@id":"https:\/\/lavoixdesaintjo.fr\/2025\/tahiti\/mentions-legales\/#breadcrumb","itemListElement":[{"@type":"ListItem","position":1,"name":"Accueil","item":"https:\/\/lavoixdesaintjo.fr\/2025\/tahiti\/"},{"@type":"ListItem","position":2,"name":"Mentions l\u00e9gales"}]},{"@type":"WebSite","@id":"https:\/\/lavoixdesaintjo.fr\/2025\/tahiti\/#website","url":"https:\/\/lavoixdesaintjo.fr\/2025\/tahiti\/","name":"Voyage \u00e0 Tahiti","description":"Tous les chemins m\u00e8nent \u00e0 Tahiti","publisher":{"@id":"https:\/\/lavoixdesaintjo.fr\/2025\/tahiti\/#organization"},"potentialAction":[{"@type":"SearchAction","target":{"@type":"EntryPoint","urlTemplate":"https:\/\/lavoixdesaintjo.fr\/2025\/tahiti\/?s={search_term_string}"},"query-input":{"@type":"PropertyValueSpecification","valueRequired":true,"valueName":"search_term_string"}}],"inLanguage":"fr-FR"},{"@type":"Organization","@id":"https:\/\/lavoixdesaintjo.fr\/2025\/tahiti\/#organization","name":"Voyage \u00e0 Tahiti","url":"https:\/\/lavoixdesaintjo.fr\/2025\/tahiti\/","logo":{"@type":"ImageObject","inLanguage":"fr-FR","@id":"https:\/\/lavoixdesaintjo.fr\/2025\/tahiti\/#\/schema\/logo\/image\/","url":"https:\/\/lavoixdesaintjo.fr\/2025\/tahiti\/wp-content\/uploads\/2025\/05\/cropped-cropped-ChatGPT_Image_12_mai_2025__15_55_28-removebg-preview.png","contentUrl":"https:\/\/lavoixdesaintjo.fr\/2025\/tahiti\/wp-content\/uploads\/2025\/05\/cropped-cropped-ChatGPT_Image_12_mai_2025__15_55_28-removebg-preview.png","width":500,"height":500,"caption":"Voyage \u00e0 Tahiti"},"image":{"@id":"https:\/\/lavoixdesaintjo.fr\/2025\/tahiti\/#\/schema\/logo\/image\/"}}]}},"_links":{"self":[{"href":"https:\/\/lavoixdesaintjo.fr\/2025\/tahiti\/wp-json\/wp\/v2\/pages\/15","targetHints":{"allow":["GET"]}}],"collection":[{"href":"https:\/\/lavoixdesaintjo.fr\/2025\/tahiti\/wp-json\/wp\/v2\/pages"}],"about":[{"href":"https:\/\/lavoixdesaintjo.fr\/2025\/tahiti\/wp-json\/wp\/v2\/types\/page"}],"author":[{"embeddable":true,"href":"https:\/\/lavoixdesaintjo.fr\/2025\/tahiti\/wp-json\/wp\/v2\/users\/2"}],"replies":[{"embeddable":true,"href":"https:\/\/lavoixdesaintjo.fr\/2025\/tahiti\/wp-json\/wp\/v2\/comments?post=15"}],"version-history":[{"count":8,"href":"https:\/\/lavoixdesaintjo.fr\/2025\/tahiti\/wp-json\/wp\/v2\/pages\/15\/revisions"}],"predecessor-version":[{"id":528,"href":"https:\/\/lavoixdesaintjo.fr\/2025\/tahiti\/wp-json\/wp\/v2\/pages\/15\/revisions\/528"}],"wp:attachment":[{"href":"https:\/\/lavoixdesaintjo.fr\/2025\/tahiti\/wp-json\/wp\/v2\/media?parent=15"}],"curies":[{"name":"wp","href":"https:\/\/api.w.org\/{rel}","templated":true}]}}