{"id":148,"date":"2025-05-16T16:31:43","date_gmt":"2025-05-16T14:31:43","guid":{"rendered":"https:\/\/lavoixdesaintjo.fr\/2025\/tokyo-japon\/?page_id=148"},"modified":"2025-06-16T16:02:24","modified_gmt":"2025-06-16T14:02:24","slug":"a-ne-pas-manquer","status":"publish","type":"page","link":"https:\/\/lavoixdesaintjo.fr\/2025\/tokyo-japon\/page-daccueil\/a-ne-pas-manquer\/","title":{"rendered":"A ne pas manquer \u00e0 Tokyo"},"content":{"rendered":"\n<p>Tokyo, une m\u00e9tropole o\u00f9 tradition et modernit\u00e9 se c\u00f4toient, regorge de tr\u00e9sors \u00e0 explorer. Pour vous aider \u00e0 planifier votre s\u00e9jour, voici une s\u00e9lection des 10 choses \u00e0 ne pas manquer \u00e0 Tokyo \u2014 des temples traditionnels aux quartiers futuristes, en passant par la gastronomie japonaise authentique.<\/p>\n\n\n\n<hr class=\"wp-block-separator has-alpha-channel-opacity\"\/>\n\n\n\n<h2 class=\"wp-block-heading has-text-align-center\"><strong>1. Admirer la vue depuis la Tokyo Skytree<\/strong><\/h2>\n\n\n\n<p>Offrant l\u2019un des plus beaux panoramas sur la ville, la Tokyo Skytree culmine \u00e0 634 m\u00e8tres. Incontournable pour une premi\u00e8re visite, admirez Tokyo \u00e0 360\u00b0 depuis la plus haute tour du Japon. Une exp\u00e9rience immanquable, surtout au coucher du soleil.<\/p>\n\n\n\n<p class=\"has-text-align-center\">\ud83d\udd17 <a href=\"https:\/\/www.tokyo-skytree.jp\/en\/\">Voir les horaires et billets sur le site officiel<\/a><\/p>\n\n\n\n<figure class=\"wp-block-image alignwide size-full has-custom-border is-style-default\" style=\"margin-top:0;margin-bottom:0\"><img loading=\"lazy\" decoding=\"async\" width=\"626\" height=\"418\" src=\"https:\/\/lavoixdesaintjo.fr\/2025\/tokyo-japon\/wp-content\/uploads\/2025\/05\/belle-vue-aerienne-architecture-ville-moderne-tour-illuminee-cote_181624-17142.jpg\" alt=\"Belle vue a\u00e9rienne de l'architecture de la ville moderne avec une tour illumin\u00e9e sur le c\u00f4t\u00e9\n\" class=\"has-border-color wp-image-554\" style=\"border-color:#e0cccc;border-width:10px\" srcset=\"https:\/\/lavoixdesaintjo.fr\/2025\/tokyo-japon\/wp-content\/uploads\/2025\/05\/belle-vue-aerienne-architecture-ville-moderne-tour-illuminee-cote_181624-17142.jpg 626w, https:\/\/lavoixdesaintjo.fr\/2025\/tokyo-japon\/wp-content\/uploads\/2025\/05\/belle-vue-aerienne-architecture-ville-moderne-tour-illuminee-cote_181624-17142-300x200.jpg 300w\" sizes=\"auto, (max-width: 626px) 100vw, 626px\" \/><figcaption class=\"wp-element-caption\"><em>Belle vue a\u00e9rienne de l&rsquo;architecture de la ville moderne avec une tour illumin\u00e9e sur le c\u00f4t\u00e9<br><\/em><\/figcaption><\/figure>\n\n\n\n<hr class=\"wp-block-separator has-alpha-channel-opacity\"\/>\n\n\n\n<h2 class=\"wp-block-heading has-text-align-center\"><strong>2. Traverser le c\u00e9l\u00e8bre Shibuya Crossing<\/strong><\/h2>\n\n\n\n<p>D\u00e9couvrez l\u2019\u00e9nergie des quartiers les plus dynamiques de Tokyo : Shibuya Crossing, n\u00e9ons g\u00e9ants, boutiques branch\u00e9es et bars cach\u00e9s vous plongent dans l\u2019ambiance tokyo\u00efte. Ne manquez pas la statue de Hachiko, symbole de fid\u00e9lit\u00e9, situ\u00e9e \u00e0 proximit\u00e9.<\/p>\n\n\n\n<figure class=\"wp-block-image alignwide size-large has-custom-border is-style-default\"><img loading=\"lazy\" decoding=\"async\" width=\"1024\" height=\"681\" src=\"https:\/\/lavoixdesaintjo.fr\/2025\/tokyo-japon\/wp-content\/uploads\/2025\/05\/belle-ville-japonaise-avec-des-gens-qui-marchent-5-1024x681.jpg\" alt=\"belle ville japonaise avec des gens qui marchent\" class=\"has-border-color wp-image-572\" style=\"border-color:#e0cccc;border-width:10px\" srcset=\"https:\/\/lavoixdesaintjo.fr\/2025\/tokyo-japon\/wp-content\/uploads\/2025\/05\/belle-ville-japonaise-avec-des-gens-qui-marchent-5-1024x681.jpg 1024w, https:\/\/lavoixdesaintjo.fr\/2025\/tokyo-japon\/wp-content\/uploads\/2025\/05\/belle-ville-japonaise-avec-des-gens-qui-marchent-5-300x200.jpg 300w, https:\/\/lavoixdesaintjo.fr\/2025\/tokyo-japon\/wp-content\/uploads\/2025\/05\/belle-ville-japonaise-avec-des-gens-qui-marchent-5-2000x1331.jpg 2000w\" sizes=\"auto, (max-width: 1024px) 100vw, 1024px\" \/><figcaption class=\"wp-element-caption\"><em>belle-ville-japonaise-avec-des-gens-qui-marchent<\/em><\/figcaption><\/figure>\n\n\n\n<figure class=\"wp-block-image alignwide size-large has-custom-border is-style-default\"><img loading=\"lazy\" decoding=\"async\" width=\"1024\" height=\"574\" src=\"https:\/\/lavoixdesaintjo.fr\/2025\/tokyo-japon\/wp-content\/uploads\/2025\/05\/paysage-urbain-cyberpunk-4-1024x574.jpg\" alt=\"paysage-urbain-cyberpunk\" class=\"has-border-color wp-image-571\" style=\"border-color:#e0cccc;border-width:10px\" srcset=\"https:\/\/lavoixdesaintjo.fr\/2025\/tokyo-japon\/wp-content\/uploads\/2025\/05\/paysage-urbain-cyberpunk-4-1024x574.jpg 1024w, https:\/\/lavoixdesaintjo.fr\/2025\/tokyo-japon\/wp-content\/uploads\/2025\/05\/paysage-urbain-cyberpunk-4-300x168.jpg 300w, https:\/\/lavoixdesaintjo.fr\/2025\/tokyo-japon\/wp-content\/uploads\/2025\/05\/paysage-urbain-cyberpunk-4-2000x1121.jpg 2000w\" sizes=\"auto, (max-width: 1024px) 100vw, 1024px\" \/><figcaption class=\"wp-element-caption\"><em>paysage-urbain-cyberpunk<\/em><\/figcaption><\/figure>\n\n\n\n<hr class=\"wp-block-separator has-alpha-channel-opacity\"\/>\n\n\n\n<h2 class=\"wp-block-heading has-text-align-center\"><strong>3. Go\u00fbter aux saveurs locales<\/strong><\/h2>\n\n\n\n<p class=\"has-text-align-center\">La cuisine japonaise fait partie int\u00e9grante du voyage. Testez un restaurant de ramen local, d\u00e9gustez des sushis frais \u00e0 Tsukiji et une glace au matcha \u00e0 Asakusa. Pour une exp\u00e9rience culinaire unique, essayez les izakayas, ces bars-restaurants typiquement japonais o\u00f9 vous pourrez d\u00e9guster des yakitori et autres sp\u00e9cialit\u00e9s locales.<\/p>\n\n\n\n<figure class=\"wp-block-gallery has-nested-images columns-default is-cropped wp-block-gallery-1 is-layout-flex wp-block-gallery-is-layout-flex\">\n<figure class=\"wp-block-image alignwide size-large has-custom-border is-style-default\"><img loading=\"lazy\" decoding=\"async\" width=\"1024\" height=\"683\" data-id=\"577\" src=\"https:\/\/lavoixdesaintjo.fr\/2025\/tokyo-japon\/wp-content\/uploads\/2025\/05\/delicieux-ramen-sur-une-surface-sombre-1-1-1024x683.jpg\" alt=\"ramen artisanaux\" class=\"has-border-color wp-image-577\" style=\"border-color:#e0cccc;border-width:10px\" srcset=\"https:\/\/lavoixdesaintjo.fr\/2025\/tokyo-japon\/wp-content\/uploads\/2025\/05\/delicieux-ramen-sur-une-surface-sombre-1-1-1024x683.jpg 1024w, https:\/\/lavoixdesaintjo.fr\/2025\/tokyo-japon\/wp-content\/uploads\/2025\/05\/delicieux-ramen-sur-une-surface-sombre-1-1-300x200.jpg 300w, https:\/\/lavoixdesaintjo.fr\/2025\/tokyo-japon\/wp-content\/uploads\/2025\/05\/delicieux-ramen-sur-une-surface-sombre-1-1-2000x1333.jpg 2000w\" sizes=\"auto, (max-width: 1024px) 100vw, 1024px\" \/><figcaption class=\"wp-element-caption\"><em>ramen artisanaux<\/em><\/figcaption><\/figure>\n\n\n\n<figure class=\"wp-block-image alignwide size-large has-custom-border is-style-default\"><img loading=\"lazy\" decoding=\"async\" width=\"819\" height=\"1024\" data-id=\"578\" src=\"https:\/\/lavoixdesaintjo.fr\/2025\/tokyo-japon\/wp-content\/uploads\/2025\/05\/assiette-gros-plan-avec-sushi-1-819x1024.jpg\" alt=\"sushi\" class=\"has-border-color wp-image-578\" style=\"border-color:#e0cccc;border-width:10px\" srcset=\"https:\/\/lavoixdesaintjo.fr\/2025\/tokyo-japon\/wp-content\/uploads\/2025\/05\/assiette-gros-plan-avec-sushi-1-819x1024.jpg 819w, https:\/\/lavoixdesaintjo.fr\/2025\/tokyo-japon\/wp-content\/uploads\/2025\/05\/assiette-gros-plan-avec-sushi-1-240x300.jpg 240w, https:\/\/lavoixdesaintjo.fr\/2025\/tokyo-japon\/wp-content\/uploads\/2025\/05\/assiette-gros-plan-avec-sushi-1.jpg 2000w\" sizes=\"auto, (max-width: 819px) 100vw, 819px\" \/><figcaption class=\"wp-element-caption\"><em>sushi<\/em><\/figcaption><\/figure>\n\n\n\n<figure class=\"wp-block-image alignwide size-large has-custom-border is-style-default\"><img loading=\"lazy\" decoding=\"async\" width=\"660\" height=\"660\" data-id=\"579\" src=\"https:\/\/lavoixdesaintjo.fr\/2025\/tokyo-japon\/wp-content\/uploads\/2025\/05\/i196490-mochi-glace-1.jpg\" alt=\"mochi glac\u00e9\" class=\"has-border-color wp-image-579\" style=\"border-color:#e0cccc;border-width:10px\" srcset=\"https:\/\/lavoixdesaintjo.fr\/2025\/tokyo-japon\/wp-content\/uploads\/2025\/05\/i196490-mochi-glace-1.jpg 660w, https:\/\/lavoixdesaintjo.fr\/2025\/tokyo-japon\/wp-content\/uploads\/2025\/05\/i196490-mochi-glace-1-300x300.jpg 300w, https:\/\/lavoixdesaintjo.fr\/2025\/tokyo-japon\/wp-content\/uploads\/2025\/05\/i196490-mochi-glace-1-150x150.jpg 150w\" sizes=\"auto, (max-width: 660px) 100vw, 660px\" \/><figcaption class=\"wp-element-caption\"><em>mochi glac\u00e9<\/em><\/figcaption><\/figure>\n<\/figure>\n\n\n\n<hr class=\"wp-block-separator has-alpha-channel-opacity\"\/>\n\n\n\n<h2 class=\"wp-block-heading has-text-align-center\"><strong>4. Visiter les temples traditionnels<\/strong><\/h2>\n\n\n\n<p>Le Sens\u014d-ji, temple bouddhiste le plus ancien de Tokyo, est une \u00e9tape paisible et spirituelle. Fl\u00e2nez aussi dans la rue commer\u00e7ante Nakamise-dori \u00e0 proximit\u00e9, o\u00f9 vous trouverez des souvenirs traditionnels et des snacks japonais.<\/p>\n\n\n\n<p class=\"has-text-align-center\"><a href=\"https:\/\/www.japan.travel\/fr\/spot\/1990\/\">\ud83d\udd17 Infos sur le temple Sens\u014d-ji sur l\u2019Office national du tourisme japonais (JNTO)<\/a><\/p>\n\n\n\n<figure class=\"wp-block-image alignwide size-large has-custom-border is-style-default\"><img loading=\"lazy\" decoding=\"async\" width=\"1024\" height=\"683\" src=\"https:\/\/lavoixdesaintjo.fr\/2025\/tokyo-japon\/wp-content\/uploads\/2025\/05\/fleurs-de-cerisier-et-temple-sensoji-a-asakusa-tokyo-japon-1-1024x683.jpg\" alt=\"Sensoji Temple in Asakusa Tokyo, Japan.\" class=\"has-border-color wp-image-580\" style=\"border-color:#e0cccc;border-width:10px\" srcset=\"https:\/\/lavoixdesaintjo.fr\/2025\/tokyo-japon\/wp-content\/uploads\/2025\/05\/fleurs-de-cerisier-et-temple-sensoji-a-asakusa-tokyo-japon-1-1024x683.jpg 1024w, https:\/\/lavoixdesaintjo.fr\/2025\/tokyo-japon\/wp-content\/uploads\/2025\/05\/fleurs-de-cerisier-et-temple-sensoji-a-asakusa-tokyo-japon-1-300x200.jpg 300w, https:\/\/lavoixdesaintjo.fr\/2025\/tokyo-japon\/wp-content\/uploads\/2025\/05\/fleurs-de-cerisier-et-temple-sensoji-a-asakusa-tokyo-japon-1-2000x1333.jpg 2000w\" sizes=\"auto, (max-width: 1024px) 100vw, 1024px\" \/><figcaption class=\"wp-element-caption\">Sensoji Temple in Asakusa Tokyo, Japan.<\/figcaption><\/figure>\n\n\n\n<hr class=\"wp-block-separator has-alpha-channel-opacity\"\/>\n\n\n\n<h2 class=\"wp-block-heading has-text-align-center\"><strong>5. D\u00e9couvrir les parcs et jardins<\/strong><\/h2>\n\n\n\n<p class=\"has-text-align-center\">Ne manquez pas les cerisiers en fleurs au parc d\u2019Ueno ou les \u00e9rables rouges \u00e0 Shinjuku Gyoen. Tokyo offre aussi de superbes jardins japonais comme le jardin Hamarikyu, un havre de paix en plein c\u0153ur de la ville.<\/p>\n\n\n\n<figure class=\"wp-block-gallery has-nested-images columns-default is-cropped wp-block-gallery-2 is-layout-flex wp-block-gallery-is-layout-flex\">\n<figure class=\"wp-block-image alignwide size-large has-custom-border is-style-default\"><img loading=\"lazy\" decoding=\"async\" width=\"1024\" height=\"683\" data-id=\"584\" src=\"https:\/\/lavoixdesaintjo.fr\/2025\/tokyo-japon\/wp-content\/uploads\/2025\/05\/les-rangees-de-fleurs-de-cerisier-le-long-de-la-riviere-meguro-a-tokyo-japon-1-1024x683.jpg\" alt=\"Fleurs de cerisier \u00e0 travers la Meguro rivi\u00e8re \u00e0 Tokyo, Japan\" class=\"has-border-color wp-image-584\" style=\"border-color:#e0cccc;border-width:10px\" srcset=\"https:\/\/lavoixdesaintjo.fr\/2025\/tokyo-japon\/wp-content\/uploads\/2025\/05\/les-rangees-de-fleurs-de-cerisier-le-long-de-la-riviere-meguro-a-tokyo-japon-1-1024x683.jpg 1024w, https:\/\/lavoixdesaintjo.fr\/2025\/tokyo-japon\/wp-content\/uploads\/2025\/05\/les-rangees-de-fleurs-de-cerisier-le-long-de-la-riviere-meguro-a-tokyo-japon-1-300x200.jpg 300w, https:\/\/lavoixdesaintjo.fr\/2025\/tokyo-japon\/wp-content\/uploads\/2025\/05\/les-rangees-de-fleurs-de-cerisier-le-long-de-la-riviere-meguro-a-tokyo-japon-1-2000x1333.jpg 2000w\" sizes=\"auto, (max-width: 1024px) 100vw, 1024px\" \/><figcaption class=\"wp-element-caption\"><em>Fleurs de cerisier \u00e0 travers la Meguro rivi\u00e8re \u00e0 Tokyo, Japan<\/em><\/figcaption><\/figure>\n\n\n\n<figure class=\"wp-block-image alignwide size-large has-custom-border is-style-default\"><img loading=\"lazy\" decoding=\"async\" width=\"1024\" height=\"683\" data-id=\"585\" src=\"https:\/\/lavoixdesaintjo.fr\/2025\/tokyo-japon\/wp-content\/uploads\/2025\/05\/femme-avec-kimono-et-parapluie-wagasa-1024x683.jpg\" alt=\"Parc de Ueno\" class=\"has-border-color wp-image-585\" style=\"border-color:#e0cccc;border-width:10px\" srcset=\"https:\/\/lavoixdesaintjo.fr\/2025\/tokyo-japon\/wp-content\/uploads\/2025\/05\/femme-avec-kimono-et-parapluie-wagasa-1024x683.jpg 1024w, https:\/\/lavoixdesaintjo.fr\/2025\/tokyo-japon\/wp-content\/uploads\/2025\/05\/femme-avec-kimono-et-parapluie-wagasa-300x200.jpg 300w, https:\/\/lavoixdesaintjo.fr\/2025\/tokyo-japon\/wp-content\/uploads\/2025\/05\/femme-avec-kimono-et-parapluie-wagasa-2000x1333.jpg 2000w\" sizes=\"auto, (max-width: 1024px) 100vw, 1024px\" \/><figcaption class=\"wp-element-caption\"><em>Parc de Ueno<\/em><\/figcaption><\/figure>\n<\/figure>\n\n\n\n<hr class=\"wp-block-separator has-alpha-channel-opacity\"\/>\n\n\n\n<p>\ud83d\udccc <strong>Conseil pratique<\/strong> : Le <strong>printemps<\/strong> (mars-avril) et l\u2019<strong>automne<\/strong> (octobre-novembre) sont les meilleures p\u00e9riodes pour visiter Tokyo et profiter de ses festivals et paysages.<\/p>\n\n\n\n<p class=\"has-text-align-center\">A lire ensuite -&gt; <strong><em><a href=\"https:\/\/lavoixdesaintjo.fr\/2025\/tokyo-japon\/page-daccueil\/quand-partir\/\">D\u00e9couvrir quand partir \u00e0 Tokyo <\/a><\/em><\/strong><\/p>\n\n\n\n<p><\/p>\n","protected":false},"excerpt":{"rendered":"<p>Tokyo, une m\u00e9tropole o\u00f9 tradition et modernit\u00e9 se c\u00f4toient, regorge de tr\u00e9sors \u00e0 explorer. Pour vous aider \u00e0 planifier votre s\u00e9jour, voici une s\u00e9lection des 10 choses \u00e0 ne pas manquer \u00e0 Tokyo \u2014 des temples traditionnels aux quartiers futuristes, en passant par la gastronomie japonaise authentique. 1. Admirer la vue depuis la Tokyo Skytree &hellip; <\/p>\n<p class=\"link-more\"><a href=\"https:\/\/lavoixdesaintjo.fr\/2025\/tokyo-japon\/page-daccueil\/a-ne-pas-manquer\/\" class=\"more-link\">Lire la suite de<span class=\"screen-reader-text\">\u00ab\u00a0A ne pas manquer \u00e0 Tokyo\u00a0\u00bb<\/span><\/a><\/p>\n","protected":false},"author":2,"featured_media":0,"parent":17,"menu_order":0,"comment_status":"closed","ping_status":"closed","template":"","meta":{"_acf_changed":false,"footnotes":""},"class_list":["post-148","page","type-page","status-publish","hentry"],"acf":[],"yoast_head":"<!-- This site is optimized with the Yoast SEO plugin v25.3 - https:\/\/yoast.com\/wordpress\/plugins\/seo\/ -->\n<title>A ne pas manquer \u00e0 Tokyo - Voyage \u00e0 Tokyo<\/title>\n<meta name=\"description\" content=\"A ne pas manquer \u00e0 Tokyo : temples, gastronomie, quartiers anim\u00e9s\u2026 Le top des activit\u00e9s et lieux \u00e0 ne pas manquer pendant votre voyage au Japon.\" \/>\n<meta name=\"robots\" content=\"index, follow, max-snippet:-1, max-image-preview:large, max-video-preview:-1\" \/>\n<link rel=\"canonical\" href=\"https:\/\/lavoixdesaintjo.fr\/2025\/tokyo-japon\/page-daccueil\/a-ne-pas-manquer\/\" \/>\n<meta property=\"og:locale\" content=\"fr_FR\" \/>\n<meta property=\"og:type\" content=\"article\" \/>\n<meta property=\"og:title\" content=\"A ne pas manquer \u00e0 Tokyo - Voyage \u00e0 Tokyo\" \/>\n<meta property=\"og:description\" content=\"A ne pas manquer \u00e0 Tokyo : temples, gastronomie, quartiers anim\u00e9s\u2026 Le top des activit\u00e9s et lieux \u00e0 ne pas manquer pendant votre voyage au Japon.\" \/>\n<meta property=\"og:url\" content=\"https:\/\/lavoixdesaintjo.fr\/2025\/tokyo-japon\/page-daccueil\/a-ne-pas-manquer\/\" \/>\n<meta property=\"og:site_name\" content=\"Voyage \u00e0 Tokyo\" \/>\n<meta property=\"article:modified_time\" content=\"2025-06-16T14:02:24+00:00\" \/>\n<meta property=\"og:image\" content=\"https:\/\/lavoixdesaintjo.fr\/2025\/tokyo-japon\/wp-content\/uploads\/2025\/05\/belle-vue-aerienne-architecture-ville-moderne-tour-illuminee-cote_181624-17142.jpg\" \/>\n<meta name=\"twitter:card\" content=\"summary_large_image\" \/>\n<meta name=\"twitter:label1\" content=\"Dur\u00e9e de lecture estim\u00e9e\" \/>\n\t<meta name=\"twitter:data1\" content=\"4 minutes\" \/>\n<script type=\"application\/ld+json\" class=\"yoast-schema-graph\">{\"@context\":\"https:\/\/schema.org\",\"@graph\":[{\"@type\":\"WebPage\",\"@id\":\"https:\/\/lavoixdesaintjo.fr\/2025\/tokyo-japon\/page-daccueil\/a-ne-pas-manquer\/\",\"url\":\"https:\/\/lavoixdesaintjo.fr\/2025\/tokyo-japon\/page-daccueil\/a-ne-pas-manquer\/\",\"name\":\"A ne pas manquer \u00e0 Tokyo - Voyage \u00e0 Tokyo\",\"isPartOf\":{\"@id\":\"https:\/\/lavoixdesaintjo.fr\/2025\/tokyo-japon\/#website\"},\"primaryImageOfPage\":{\"@id\":\"https:\/\/lavoixdesaintjo.fr\/2025\/tokyo-japon\/page-daccueil\/a-ne-pas-manquer\/#primaryimage\"},\"image\":{\"@id\":\"https:\/\/lavoixdesaintjo.fr\/2025\/tokyo-japon\/page-daccueil\/a-ne-pas-manquer\/#primaryimage\"},\"thumbnailUrl\":\"https:\/\/lavoixdesaintjo.fr\/2025\/tokyo-japon\/wp-content\/uploads\/2025\/05\/belle-vue-aerienne-architecture-ville-moderne-tour-illuminee-cote_181624-17142.jpg\",\"datePublished\":\"2025-05-16T14:31:43+00:00\",\"dateModified\":\"2025-06-16T14:02:24+00:00\",\"description\":\"A ne pas manquer \u00e0 Tokyo : temples, gastronomie, quartiers anim\u00e9s\u2026 Le top des activit\u00e9s et lieux \u00e0 ne pas manquer pendant votre voyage au Japon.\",\"breadcrumb\":{\"@id\":\"https:\/\/lavoixdesaintjo.fr\/2025\/tokyo-japon\/page-daccueil\/a-ne-pas-manquer\/#breadcrumb\"},\"inLanguage\":\"fr-FR\",\"potentialAction\":[{\"@type\":\"ReadAction\",\"target\":[\"https:\/\/lavoixdesaintjo.fr\/2025\/tokyo-japon\/page-daccueil\/a-ne-pas-manquer\/\"]}]},{\"@type\":\"ImageObject\",\"inLanguage\":\"fr-FR\",\"@id\":\"https:\/\/lavoixdesaintjo.fr\/2025\/tokyo-japon\/page-daccueil\/a-ne-pas-manquer\/#primaryimage\",\"url\":\"https:\/\/lavoixdesaintjo.fr\/2025\/tokyo-japon\/wp-content\/uploads\/2025\/05\/belle-vue-aerienne-architecture-ville-moderne-tour-illuminee-cote_181624-17142.jpg\",\"contentUrl\":\"https:\/\/lavoixdesaintjo.fr\/2025\/tokyo-japon\/wp-content\/uploads\/2025\/05\/belle-vue-aerienne-architecture-ville-moderne-tour-illuminee-cote_181624-17142.jpg\",\"width\":626,\"height\":418},{\"@type\":\"BreadcrumbList\",\"@id\":\"https:\/\/lavoixdesaintjo.fr\/2025\/tokyo-japon\/page-daccueil\/a-ne-pas-manquer\/#breadcrumb\",\"itemListElement\":[{\"@type\":\"ListItem\",\"position\":1,\"name\":\"Accueil\",\"item\":\"https:\/\/lavoixdesaintjo.fr\/2025\/tokyo-japon\/\"},{\"@type\":\"ListItem\",\"position\":2,\"name\":\"Voyage \u00e0 Tokyo\",\"item\":\"https:\/\/lavoixdesaintjo.fr\/2025\/tokyo-japon\/\"},{\"@type\":\"ListItem\",\"position\":3,\"name\":\"A ne pas manquer \u00e0 Tokyo\"}]},{\"@type\":\"WebSite\",\"@id\":\"https:\/\/lavoixdesaintjo.fr\/2025\/tokyo-japon\/#website\",\"url\":\"https:\/\/lavoixdesaintjo.fr\/2025\/tokyo-japon\/\",\"name\":\"Voyage \u00e0 Tokyo\",\"description\":\"D\u00e9couvrez Tokyo...Dattebayo!!\",\"publisher\":{\"@id\":\"https:\/\/lavoixdesaintjo.fr\/2025\/tokyo-japon\/#organization\"},\"potentialAction\":[{\"@type\":\"SearchAction\",\"target\":{\"@type\":\"EntryPoint\",\"urlTemplate\":\"https:\/\/lavoixdesaintjo.fr\/2025\/tokyo-japon\/?s={search_term_string}\"},\"query-input\":{\"@type\":\"PropertyValueSpecification\",\"valueRequired\":true,\"valueName\":\"search_term_string\"}}],\"inLanguage\":\"fr-FR\"},{\"@type\":\"Organization\",\"@id\":\"https:\/\/lavoixdesaintjo.fr\/2025\/tokyo-japon\/#organization\",\"name\":\"Voyage \u00e0 Tokyo\",\"url\":\"https:\/\/lavoixdesaintjo.fr\/2025\/tokyo-japon\/\",\"logo\":{\"@type\":\"ImageObject\",\"inLanguage\":\"fr-FR\",\"@id\":\"https:\/\/lavoixdesaintjo.fr\/2025\/tokyo-japon\/#\/schema\/logo\/image\/\",\"url\":\"https:\/\/lavoixdesaintjo.fr\/2025\/tokyo-japon\/wp-content\/uploads\/2025\/05\/cropped-ChatGPT-Image-12-mai-2025-15_52_40-1-1.png\",\"contentUrl\":\"https:\/\/lavoixdesaintjo.fr\/2025\/tokyo-japon\/wp-content\/uploads\/2025\/05\/cropped-ChatGPT-Image-12-mai-2025-15_52_40-1-1.png\",\"width\":512,\"height\":512,\"caption\":\"Voyage \u00e0 Tokyo\"},\"image\":{\"@id\":\"https:\/\/lavoixdesaintjo.fr\/2025\/tokyo-japon\/#\/schema\/logo\/image\/\"}}]}<\/script>\n<!-- \/ Yoast SEO plugin. -->","yoast_head_json":{"title":"A ne pas manquer \u00e0 Tokyo - Voyage \u00e0 Tokyo","description":"A ne pas manquer \u00e0 Tokyo : temples, gastronomie, quartiers anim\u00e9s\u2026 Le top des activit\u00e9s et lieux \u00e0 ne pas manquer pendant votre voyage au Japon.","robots":{"index":"index","follow":"follow","max-snippet":"max-snippet:-1","max-image-preview":"max-image-preview:large","max-video-preview":"max-video-preview:-1"},"canonical":"https:\/\/lavoixdesaintjo.fr\/2025\/tokyo-japon\/page-daccueil\/a-ne-pas-manquer\/","og_locale":"fr_FR","og_type":"article","og_title":"A ne pas manquer \u00e0 Tokyo - Voyage \u00e0 Tokyo","og_description":"A ne pas manquer \u00e0 Tokyo : temples, gastronomie, quartiers anim\u00e9s\u2026 Le top des activit\u00e9s et lieux \u00e0 ne pas manquer pendant votre voyage au Japon.","og_url":"https:\/\/lavoixdesaintjo.fr\/2025\/tokyo-japon\/page-daccueil\/a-ne-pas-manquer\/","og_site_name":"Voyage \u00e0 Tokyo","article_modified_time":"2025-06-16T14:02:24+00:00","og_image":[{"url":"https:\/\/lavoixdesaintjo.fr\/2025\/tokyo-japon\/wp-content\/uploads\/2025\/05\/belle-vue-aerienne-architecture-ville-moderne-tour-illuminee-cote_181624-17142.jpg","type":"","width":"","height":""}],"twitter_card":"summary_large_image","twitter_misc":{"Dur\u00e9e de lecture estim\u00e9e":"4 minutes"},"schema":{"@context":"https:\/\/schema.org","@graph":[{"@type":"WebPage","@id":"https:\/\/lavoixdesaintjo.fr\/2025\/tokyo-japon\/page-daccueil\/a-ne-pas-manquer\/","url":"https:\/\/lavoixdesaintjo.fr\/2025\/tokyo-japon\/page-daccueil\/a-ne-pas-manquer\/","name":"A ne pas manquer \u00e0 Tokyo - Voyage \u00e0 Tokyo","isPartOf":{"@id":"https:\/\/lavoixdesaintjo.fr\/2025\/tokyo-japon\/#website"},"primaryImageOfPage":{"@id":"https:\/\/lavoixdesaintjo.fr\/2025\/tokyo-japon\/page-daccueil\/a-ne-pas-manquer\/#primaryimage"},"image":{"@id":"https:\/\/lavoixdesaintjo.fr\/2025\/tokyo-japon\/page-daccueil\/a-ne-pas-manquer\/#primaryimage"},"thumbnailUrl":"https:\/\/lavoixdesaintjo.fr\/2025\/tokyo-japon\/wp-content\/uploads\/2025\/05\/belle-vue-aerienne-architecture-ville-moderne-tour-illuminee-cote_181624-17142.jpg","datePublished":"2025-05-16T14:31:43+00:00","dateModified":"2025-06-16T14:02:24+00:00","description":"A ne pas manquer \u00e0 Tokyo : temples, gastronomie, quartiers anim\u00e9s\u2026 Le top des activit\u00e9s et lieux \u00e0 ne pas manquer pendant votre voyage au Japon.","breadcrumb":{"@id":"https:\/\/lavoixdesaintjo.fr\/2025\/tokyo-japon\/page-daccueil\/a-ne-pas-manquer\/#breadcrumb"},"inLanguage":"fr-FR","potentialAction":[{"@type":"ReadAction","target":["https:\/\/lavoixdesaintjo.fr\/2025\/tokyo-japon\/page-daccueil\/a-ne-pas-manquer\/"]}]},{"@type":"ImageObject","inLanguage":"fr-FR","@id":"https:\/\/lavoixdesaintjo.fr\/2025\/tokyo-japon\/page-daccueil\/a-ne-pas-manquer\/#primaryimage","url":"https:\/\/lavoixdesaintjo.fr\/2025\/tokyo-japon\/wp-content\/uploads\/2025\/05\/belle-vue-aerienne-architecture-ville-moderne-tour-illuminee-cote_181624-17142.jpg","contentUrl":"https:\/\/lavoixdesaintjo.fr\/2025\/tokyo-japon\/wp-content\/uploads\/2025\/05\/belle-vue-aerienne-architecture-ville-moderne-tour-illuminee-cote_181624-17142.jpg","width":626,"height":418},{"@type":"BreadcrumbList","@id":"https:\/\/lavoixdesaintjo.fr\/2025\/tokyo-japon\/page-daccueil\/a-ne-pas-manquer\/#breadcrumb","itemListElement":[{"@type":"ListItem","position":1,"name":"Accueil","item":"https:\/\/lavoixdesaintjo.fr\/2025\/tokyo-japon\/"},{"@type":"ListItem","position":2,"name":"Voyage \u00e0 Tokyo","item":"https:\/\/lavoixdesaintjo.fr\/2025\/tokyo-japon\/"},{"@type":"ListItem","position":3,"name":"A ne pas manquer \u00e0 Tokyo"}]},{"@type":"WebSite","@id":"https:\/\/lavoixdesaintjo.fr\/2025\/tokyo-japon\/#website","url":"https:\/\/lavoixdesaintjo.fr\/2025\/tokyo-japon\/","name":"Voyage \u00e0 Tokyo","description":"D\u00e9couvrez Tokyo...Dattebayo!!","publisher":{"@id":"https:\/\/lavoixdesaintjo.fr\/2025\/tokyo-japon\/#organization"},"potentialAction":[{"@type":"SearchAction","target":{"@type":"EntryPoint","urlTemplate":"https:\/\/lavoixdesaintjo.fr\/2025\/tokyo-japon\/?s={search_term_string}"},"query-input":{"@type":"PropertyValueSpecification","valueRequired":true,"valueName":"search_term_string"}}],"inLanguage":"fr-FR"},{"@type":"Organization","@id":"https:\/\/lavoixdesaintjo.fr\/2025\/tokyo-japon\/#organization","name":"Voyage \u00e0 Tokyo","url":"https:\/\/lavoixdesaintjo.fr\/2025\/tokyo-japon\/","logo":{"@type":"ImageObject","inLanguage":"fr-FR","@id":"https:\/\/lavoixdesaintjo.fr\/2025\/tokyo-japon\/#\/schema\/logo\/image\/","url":"https:\/\/lavoixdesaintjo.fr\/2025\/tokyo-japon\/wp-content\/uploads\/2025\/05\/cropped-ChatGPT-Image-12-mai-2025-15_52_40-1-1.png","contentUrl":"https:\/\/lavoixdesaintjo.fr\/2025\/tokyo-japon\/wp-content\/uploads\/2025\/05\/cropped-ChatGPT-Image-12-mai-2025-15_52_40-1-1.png","width":512,"height":512,"caption":"Voyage \u00e0 Tokyo"},"image":{"@id":"https:\/\/lavoixdesaintjo.fr\/2025\/tokyo-japon\/#\/schema\/logo\/image\/"}}]}},"_links":{"self":[{"href":"https:\/\/lavoixdesaintjo.fr\/2025\/tokyo-japon\/wp-json\/wp\/v2\/pages\/148","targetHints":{"allow":["GET"]}}],"collection":[{"href":"https:\/\/lavoixdesaintjo.fr\/2025\/tokyo-japon\/wp-json\/wp\/v2\/pages"}],"about":[{"href":"https:\/\/lavoixdesaintjo.fr\/2025\/tokyo-japon\/wp-json\/wp\/v2\/types\/page"}],"author":[{"embeddable":true,"href":"https:\/\/lavoixdesaintjo.fr\/2025\/tokyo-japon\/wp-json\/wp\/v2\/users\/2"}],"replies":[{"embeddable":true,"href":"https:\/\/lavoixdesaintjo.fr\/2025\/tokyo-japon\/wp-json\/wp\/v2\/comments?post=148"}],"version-history":[{"count":24,"href":"https:\/\/lavoixdesaintjo.fr\/2025\/tokyo-japon\/wp-json\/wp\/v2\/pages\/148\/revisions"}],"predecessor-version":[{"id":953,"href":"https:\/\/lavoixdesaintjo.fr\/2025\/tokyo-japon\/wp-json\/wp\/v2\/pages\/148\/revisions\/953"}],"up":[{"embeddable":true,"href":"https:\/\/lavoixdesaintjo.fr\/2025\/tokyo-japon\/wp-json\/wp\/v2\/pages\/17"}],"wp:attachment":[{"href":"https:\/\/lavoixdesaintjo.fr\/2025\/tokyo-japon\/wp-json\/wp\/v2\/media?parent=148"}],"curies":[{"name":"wp","href":"https:\/\/api.w.org\/{rel}","templated":true}]}}