{"id":150,"date":"2025-05-16T16:32:03","date_gmt":"2025-05-16T14:32:03","guid":{"rendered":"https:\/\/lavoixdesaintjo.fr\/2025\/tokyo-japon\/?page_id=150"},"modified":"2025-06-16T15:45:46","modified_gmt":"2025-06-16T13:45:46","slug":"quand-partir-a-tokyo","status":"publish","type":"page","link":"https:\/\/lavoixdesaintjo.fr\/2025\/tokyo-japon\/page-daccueil\/quand-partir-a-tokyo\/","title":{"rendered":"Quand partir \u00e0 Tokyo ?"},"content":{"rendered":"\n<div class=\"wp-block-columns is-layout-flex wp-container-core-columns-is-layout-28f84493 wp-block-columns-is-layout-flex\">\n<div class=\"wp-block-column is-vertically-aligned-center is-layout-flow wp-block-column-is-layout-flow\">\n<h2 class=\"wp-block-heading\">      Printemps \u2013 Saison des cerisiers en fleurs<\/h2>\n\n\n\n<p>Le printemps est sans doute <strong>la saison la plus populaire<\/strong> pour partir \u00e0 Tokyo. Les temp\u00e9ratures sont douces et les parcs se couvrent de fleurs de cerisiers (sakura).<\/p>\n\n\n\n<h4 class=\"wp-block-heading\">                            Activit\u00e9s recommand\u00e9es :<\/h4>\n\n\n\n<ul class=\"wp-block-list\">\n<li><strong>Hanami <\/strong>(pique-nique sous les cerisiers) \u00e0 Ueno Park ou Chidorigafuchi<\/li>\n\n\n\n<li>Balade romantique au <strong><a href=\"https:\/\/www.kanpai.fr\/tokyo\/shinjuku-gyoen\">Shinjuku Gyoen<\/a><\/strong><\/li>\n\n\n\n<li>Visite des temples avec les jardins en fleurs (Meiji-jing\u016b, Sens\u014d-ji)<\/li>\n\n\n\n<li>D\u00e9gustation de desserts saisonniers au matcha et sakura<\/li>\n<\/ul>\n<\/div>\n\n\n\n<div class=\"wp-block-column is-layout-flow wp-block-column-is-layout-flow\">\n<figure class=\"wp-block-image alignright size-large is-resized\"><img loading=\"lazy\" decoding=\"async\" width=\"683\" height=\"1024\" src=\"https:\/\/lavoixdesaintjo.fr\/2025\/tokyo-japon\/wp-content\/uploads\/2025\/05\/fleurs-de-cerisier-et-chateau-a-himeji-japon-683x1024.jpg\" alt=\"Temple de tokyo - Sakura\" class=\"wp-image-398\" style=\"width:430px;height:auto\" srcset=\"https:\/\/lavoixdesaintjo.fr\/2025\/tokyo-japon\/wp-content\/uploads\/2025\/05\/fleurs-de-cerisier-et-chateau-a-himeji-japon-683x1024.jpg 683w, https:\/\/lavoixdesaintjo.fr\/2025\/tokyo-japon\/wp-content\/uploads\/2025\/05\/fleurs-de-cerisier-et-chateau-a-himeji-japon-200x300.jpg 200w, https:\/\/lavoixdesaintjo.fr\/2025\/tokyo-japon\/wp-content\/uploads\/2025\/05\/fleurs-de-cerisier-et-chateau-a-himeji-japon-2000x3000.jpg 2000w, https:\/\/lavoixdesaintjo.fr\/2025\/tokyo-japon\/wp-content\/uploads\/2025\/05\/fleurs-de-cerisier-et-chateau-a-himeji-japon-scaled.jpg 1707w\" sizes=\"auto, (max-width: 683px) 100vw, 683px\" \/><\/figure>\n<\/div>\n<\/div>\n\n\n\n<hr class=\"wp-block-separator has-alpha-channel-opacity\"\/>\n\n\n\n<div class=\"wp-block-columns is-layout-flex wp-container-core-columns-is-layout-28f84493 wp-block-columns-is-layout-flex\">\n<div class=\"wp-block-column is-layout-flow wp-block-column-is-layout-flow\"><\/div>\n\n\n\n<div class=\"wp-block-column is-layout-flow wp-block-column-is-layout-flow\"><\/div>\n<\/div>\n\n\n\n<div class=\"wp-block-columns are-vertically-aligned-center is-layout-flex wp-container-core-columns-is-layout-28f84493 wp-block-columns-is-layout-flex\">\n<div class=\"wp-block-column is-vertically-aligned-center is-layout-flow wp-block-column-is-layout-flow\">\n<figure class=\"wp-block-image alignleft size-full is-resized\"><img loading=\"lazy\" decoding=\"async\" width=\"417\" height=\"626\" src=\"https:\/\/lavoixdesaintjo.fr\/2025\/tokyo-japon\/wp-content\/uploads\/2025\/05\/femme-kimono-parapluie-wagasa_23-21497378482-1.jpg\" alt=\"Parc de tokyo\" class=\"wp-image-406\" style=\"width:429px\" srcset=\"https:\/\/lavoixdesaintjo.fr\/2025\/tokyo-japon\/wp-content\/uploads\/2025\/05\/femme-kimono-parapluie-wagasa_23-21497378482-1.jpg 417w, https:\/\/lavoixdesaintjo.fr\/2025\/tokyo-japon\/wp-content\/uploads\/2025\/05\/femme-kimono-parapluie-wagasa_23-21497378482-1-200x300.jpg 200w\" sizes=\"auto, (max-width: 417px) 100vw, 417px\" \/><\/figure>\n<\/div>\n\n\n\n<div class=\"wp-block-column is-vertically-aligned-center is-layout-flow wp-block-column-is-layout-flow\">\n<h2 class=\"wp-block-heading has-text-align-center\">  \u00c9t\u00e9  \u2013 Chaleur et festivals<\/h2>\n\n\n\n<p class=\"has-text-align-center\">L\u2019\u00e9t\u00e9 est chaud et humide, mais aussi tr\u00e8s anim\u00e9 avec des <strong>festivals traditionnels (matsuri)<\/strong> et <strong>feux d\u2019artifice<\/strong> pour partir \u00e0 Tokyo<\/p>\n\n\n\n<h4 class=\"wp-block-heading has-text-align-center\">    Activit\u00e9s recommand\u00e9es :<\/h4>\n\n\n\n<ul class=\"wp-block-list\">\n<li>Assister \u00e0 un <strong>matsuri<\/strong> : Sumidagawa Fireworks Festival, Koenji Awa Odori<\/li>\n\n\n\n<li>Manger des <strong>kakigori<\/strong> (glaces pil\u00e9es) et porter un yukata<\/li>\n\n\n\n<li>Visiter <strong>Odaiba<\/strong> ou profiter de parcs aquatiques pour se rafra\u00eechir<\/li>\n\n\n\n<li>Balades nocturnes dans les quartiers illumin\u00e9s (Shinjuku, Akihabara)<\/li>\n<\/ul>\n<\/div>\n<\/div>\n\n\n\n<hr class=\"wp-block-separator has-alpha-channel-opacity\"\/>\n\n\n\n<div class=\"wp-block-columns is-layout-flex wp-container-core-columns-is-layout-28f84493 wp-block-columns-is-layout-flex\">\n<div class=\"wp-block-column is-vertically-aligned-center is-layout-flow wp-block-column-is-layout-flow\">\n<h2 class=\"wp-block-heading has-text-align-center\">      Automne \u2013 Feuilles rouges et climat doux<\/h2>\n\n\n\n<p class=\"has-text-align-center\">L\u2019automne est <strong>calme, color\u00e9 et agr\u00e9able<\/strong>. Les temp\u00e9ratures varient entre 15 et 25\u00b0C, parfaites pour visiter.<\/p>\n\n\n\n<p class=\"has-text-align-center\"><strong>   Activit\u00e9s recommand\u00e9es :<\/strong><\/p>\n\n\n\n<ul class=\"wp-block-list\">\n<li>Observer les <strong>momiji<\/strong> (feuilles d\u2019\u00e9rable rouges) au parc Rikugien ou \u00e0 Meiji-jing\u016b Gaien<\/li>\n\n\n\n<li>Explorer les march\u00e9s et ruelles anciennes (Yanaka, Kagurazaka)<\/li>\n\n\n\n<li>Faire une randonn\u00e9e facile autour de Tokyo (Mont Takao)<\/li>\n\n\n\n<li>Boire un th\u00e9 matcha dans un jardin traditionnel<\/li>\n<\/ul>\n<\/div>\n\n\n\n<div class=\"wp-block-column is-layout-flow wp-block-column-is-layout-flow\">\n<figure class=\"wp-block-image alignright size-full\"><img loading=\"lazy\" decoding=\"async\" width=\"626\" height=\"417\" src=\"https:\/\/lavoixdesaintjo.fr\/2025\/tokyo-japon\/wp-content\/uploads\/2025\/05\/temple-daigoji-automne-kyoto-japon-saisons-automne_335224-161.jpg\" alt=\"Momiji Feuilles d'\u00e9rable rouges\" class=\"wp-image-432\" srcset=\"https:\/\/lavoixdesaintjo.fr\/2025\/tokyo-japon\/wp-content\/uploads\/2025\/05\/temple-daigoji-automne-kyoto-japon-saisons-automne_335224-161.jpg 626w, https:\/\/lavoixdesaintjo.fr\/2025\/tokyo-japon\/wp-content\/uploads\/2025\/05\/temple-daigoji-automne-kyoto-japon-saisons-automne_335224-161-300x200.jpg 300w\" sizes=\"auto, (max-width: 626px) 100vw, 626px\" \/><\/figure>\n<\/div>\n<\/div>\n\n\n\n<hr class=\"wp-block-separator has-alpha-channel-opacity\"\/>\n\n\n\n<div class=\"wp-block-columns is-layout-flex wp-container-core-columns-is-layout-28f84493 wp-block-columns-is-layout-flex\">\n<div class=\"wp-block-column is-layout-flow wp-block-column-is-layout-flow\"><\/div>\n<\/div>\n\n\n\n<p><\/p>\n\n\n\n<div class=\"wp-block-columns are-vertically-aligned-center is-layout-flex wp-container-core-columns-is-layout-28f84493 wp-block-columns-is-layout-flex\">\n<div class=\"wp-block-column is-vertically-aligned-center is-layout-flow wp-block-column-is-layout-flow\">\n<figure class=\"wp-block-image size-full is-resized\"><img loading=\"lazy\" decoding=\"async\" width=\"541\" height=\"357\" src=\"https:\/\/lavoixdesaintjo.fr\/2025\/tokyo-japon\/wp-content\/uploads\/2025\/05\/Capture-decran-2025-05-20-145712.png\" alt=\"temple hiver\" class=\"wp-image-436\" style=\"width:475px;height:auto\" srcset=\"https:\/\/lavoixdesaintjo.fr\/2025\/tokyo-japon\/wp-content\/uploads\/2025\/05\/Capture-decran-2025-05-20-145712.png 541w, https:\/\/lavoixdesaintjo.fr\/2025\/tokyo-japon\/wp-content\/uploads\/2025\/05\/Capture-decran-2025-05-20-145712-300x198.png 300w\" sizes=\"auto, (max-width: 541px) 100vw, 541px\" \/><\/figure>\n<\/div>\n\n\n\n<div class=\"wp-block-column is-vertically-aligned-center is-layout-flow wp-block-column-is-layout-flow\">\n<h2 class=\"wp-block-heading alignwide\">         Hiver \u2013 Calme, illuminations et ambiance zen<\/h2>\n\n\n\n<p class=\"has-text-align-center\">L\u2019hiver est <strong>froid mais sec<\/strong> (0\u201310\u00b0C). Il neige rarement \u00e0 Tokyo, mais la ville devient magique avec ses illuminations de No\u00ebl et son ambiance paisible.<\/p>\n\n\n\n<h4 class=\"wp-block-heading\">                                    Activit\u00e9s recommand\u00e9es :<\/h4>\n\n\n\n<ul class=\"wp-block-list\">\n<li>Voir les <strong>illuminations hivernales<\/strong> \u00e0 Roppongi Hills ou Marunouchi<\/li>\n\n\n\n<li>Faire du shopping pendant les soldes de janvier<\/li>\n\n\n\n<li>D\u00e9guster un <strong>nabe<\/strong> (fondue japonaise) ou un ramen bien chaud<\/li>\n\n\n\n<li>Visiter des <strong>onsen<\/strong> (sources chaudes) \u00e0 proximit\u00e9 (Hakone, Oedo Onsen Monogatari)<\/li>\n<\/ul>\n<\/div>\n<\/div>\n\n\n\n<p><\/p>\n","protected":false},"excerpt":{"rendered":"<p>Printemps \u2013 Saison des cerisiers en fleurs Le printemps est sans doute la saison la plus populaire pour partir \u00e0 Tokyo. Les temp\u00e9ratures sont douces et les parcs se couvrent de fleurs de cerisiers (sakura). Activit\u00e9s recommand\u00e9es : \u00c9t\u00e9 \u2013 Chaleur et festivals L\u2019\u00e9t\u00e9 est chaud et humide, mais aussi tr\u00e8s anim\u00e9 avec des festivals &hellip; <\/p>\n<p class=\"link-more\"><a href=\"https:\/\/lavoixdesaintjo.fr\/2025\/tokyo-japon\/page-daccueil\/quand-partir-a-tokyo\/\" class=\"more-link\">Lire la suite de<span class=\"screen-reader-text\">\u00ab\u00a0Quand partir \u00e0 Tokyo ?\u00a0\u00bb<\/span><\/a><\/p>\n","protected":false},"author":2,"featured_media":0,"parent":17,"menu_order":0,"comment_status":"closed","ping_status":"closed","template":"","meta":{"_acf_changed":false,"footnotes":""},"class_list":["post-150","page","type-page","status-publish","hentry"],"acf":[],"yoast_head":"<!-- This site is optimized with the Yoast SEO plugin v25.3 - https:\/\/yoast.com\/wordpress\/plugins\/seo\/ -->\n<title>Quand partir \u00e0 Tokyo ? - Voyage \u00e0 Tokyo<\/title>\n<meta name=\"description\" content=\"Dans cette page vous retrouverez quelle est le moment id\u00e9ale pour partir \u00e0 Tokyo selon vos envies. Que ce soit \u00e0 n&#039;importe quelle saison !\" \/>\n<meta name=\"robots\" content=\"index, follow, max-snippet:-1, max-image-preview:large, max-video-preview:-1\" \/>\n<link rel=\"canonical\" href=\"https:\/\/lavoixdesaintjo.fr\/2025\/tokyo-japon\/page-daccueil\/quand-partir-a-tokyo\/\" \/>\n<meta property=\"og:locale\" content=\"fr_FR\" \/>\n<meta property=\"og:type\" content=\"article\" \/>\n<meta property=\"og:title\" content=\"Quand partir \u00e0 Tokyo ? - Voyage \u00e0 Tokyo\" \/>\n<meta property=\"og:description\" content=\"Dans cette page vous retrouverez quelle est le moment id\u00e9ale pour partir \u00e0 Tokyo selon vos envies. Que ce soit \u00e0 n&#039;importe quelle saison !\" \/>\n<meta property=\"og:url\" content=\"https:\/\/lavoixdesaintjo.fr\/2025\/tokyo-japon\/page-daccueil\/quand-partir-a-tokyo\/\" \/>\n<meta property=\"og:site_name\" content=\"Voyage \u00e0 Tokyo\" \/>\n<meta property=\"article:modified_time\" content=\"2025-06-16T13:45:46+00:00\" \/>\n<meta property=\"og:image\" content=\"https:\/\/lavoixdesaintjo.fr\/2025\/tokyo-japon\/wp-content\/uploads\/2025\/05\/fleurs-de-cerisier-et-chateau-a-himeji-japon-683x1024.jpg\" \/>\n<meta name=\"twitter:card\" content=\"summary_large_image\" \/>\n<meta name=\"twitter:label1\" content=\"Dur\u00e9e de lecture estim\u00e9e\" \/>\n\t<meta name=\"twitter:data1\" content=\"3 minutes\" \/>\n<script type=\"application\/ld+json\" class=\"yoast-schema-graph\">{\"@context\":\"https:\/\/schema.org\",\"@graph\":[{\"@type\":\"WebPage\",\"@id\":\"https:\/\/lavoixdesaintjo.fr\/2025\/tokyo-japon\/page-daccueil\/quand-partir-a-tokyo\/\",\"url\":\"https:\/\/lavoixdesaintjo.fr\/2025\/tokyo-japon\/page-daccueil\/quand-partir-a-tokyo\/\",\"name\":\"Quand partir \u00e0 Tokyo ? - Voyage \u00e0 Tokyo\",\"isPartOf\":{\"@id\":\"https:\/\/lavoixdesaintjo.fr\/2025\/tokyo-japon\/#website\"},\"primaryImageOfPage\":{\"@id\":\"https:\/\/lavoixdesaintjo.fr\/2025\/tokyo-japon\/page-daccueil\/quand-partir-a-tokyo\/#primaryimage\"},\"image\":{\"@id\":\"https:\/\/lavoixdesaintjo.fr\/2025\/tokyo-japon\/page-daccueil\/quand-partir-a-tokyo\/#primaryimage\"},\"thumbnailUrl\":\"https:\/\/lavoixdesaintjo.fr\/2025\/tokyo-japon\/wp-content\/uploads\/2025\/05\/fleurs-de-cerisier-et-chateau-a-himeji-japon-683x1024.jpg\",\"datePublished\":\"2025-05-16T14:32:03+00:00\",\"dateModified\":\"2025-06-16T13:45:46+00:00\",\"description\":\"Dans cette page vous retrouverez quelle est le moment id\u00e9ale pour partir \u00e0 Tokyo selon vos envies. Que ce soit \u00e0 n'importe quelle saison !\",\"breadcrumb\":{\"@id\":\"https:\/\/lavoixdesaintjo.fr\/2025\/tokyo-japon\/page-daccueil\/quand-partir-a-tokyo\/#breadcrumb\"},\"inLanguage\":\"fr-FR\",\"potentialAction\":[{\"@type\":\"ReadAction\",\"target\":[\"https:\/\/lavoixdesaintjo.fr\/2025\/tokyo-japon\/page-daccueil\/quand-partir-a-tokyo\/\"]}]},{\"@type\":\"ImageObject\",\"inLanguage\":\"fr-FR\",\"@id\":\"https:\/\/lavoixdesaintjo.fr\/2025\/tokyo-japon\/page-daccueil\/quand-partir-a-tokyo\/#primaryimage\",\"url\":\"https:\/\/lavoixdesaintjo.fr\/2025\/tokyo-japon\/wp-content\/uploads\/2025\/05\/fleurs-de-cerisier-et-chateau-a-himeji-japon-scaled.jpg\",\"contentUrl\":\"https:\/\/lavoixdesaintjo.fr\/2025\/tokyo-japon\/wp-content\/uploads\/2025\/05\/fleurs-de-cerisier-et-chateau-a-himeji-japon-scaled.jpg\",\"width\":1707,\"height\":2560,\"caption\":\"Cherry blossoms and castle in Himeji, Japan.\"},{\"@type\":\"BreadcrumbList\",\"@id\":\"https:\/\/lavoixdesaintjo.fr\/2025\/tokyo-japon\/page-daccueil\/quand-partir-a-tokyo\/#breadcrumb\",\"itemListElement\":[{\"@type\":\"ListItem\",\"position\":1,\"name\":\"Accueil\",\"item\":\"https:\/\/lavoixdesaintjo.fr\/2025\/tokyo-japon\/\"},{\"@type\":\"ListItem\",\"position\":2,\"name\":\"Voyage \u00e0 Tokyo\",\"item\":\"https:\/\/lavoixdesaintjo.fr\/2025\/tokyo-japon\/\"},{\"@type\":\"ListItem\",\"position\":3,\"name\":\"Quand partir \u00e0 Tokyo ?\"}]},{\"@type\":\"WebSite\",\"@id\":\"https:\/\/lavoixdesaintjo.fr\/2025\/tokyo-japon\/#website\",\"url\":\"https:\/\/lavoixdesaintjo.fr\/2025\/tokyo-japon\/\",\"name\":\"Voyage \u00e0 Tokyo\",\"description\":\"D\u00e9couvrez Tokyo...Dattebayo!!\",\"publisher\":{\"@id\":\"https:\/\/lavoixdesaintjo.fr\/2025\/tokyo-japon\/#organization\"},\"potentialAction\":[{\"@type\":\"SearchAction\",\"target\":{\"@type\":\"EntryPoint\",\"urlTemplate\":\"https:\/\/lavoixdesaintjo.fr\/2025\/tokyo-japon\/?s={search_term_string}\"},\"query-input\":{\"@type\":\"PropertyValueSpecification\",\"valueRequired\":true,\"valueName\":\"search_term_string\"}}],\"inLanguage\":\"fr-FR\"},{\"@type\":\"Organization\",\"@id\":\"https:\/\/lavoixdesaintjo.fr\/2025\/tokyo-japon\/#organization\",\"name\":\"Voyage \u00e0 Tokyo\",\"url\":\"https:\/\/lavoixdesaintjo.fr\/2025\/tokyo-japon\/\",\"logo\":{\"@type\":\"ImageObject\",\"inLanguage\":\"fr-FR\",\"@id\":\"https:\/\/lavoixdesaintjo.fr\/2025\/tokyo-japon\/#\/schema\/logo\/image\/\",\"url\":\"https:\/\/lavoixdesaintjo.fr\/2025\/tokyo-japon\/wp-content\/uploads\/2025\/05\/cropped-ChatGPT-Image-12-mai-2025-15_52_40-1-1.png\",\"contentUrl\":\"https:\/\/lavoixdesaintjo.fr\/2025\/tokyo-japon\/wp-content\/uploads\/2025\/05\/cropped-ChatGPT-Image-12-mai-2025-15_52_40-1-1.png\",\"width\":512,\"height\":512,\"caption\":\"Voyage \u00e0 Tokyo\"},\"image\":{\"@id\":\"https:\/\/lavoixdesaintjo.fr\/2025\/tokyo-japon\/#\/schema\/logo\/image\/\"}}]}<\/script>\n<!-- \/ Yoast SEO plugin. -->","yoast_head_json":{"title":"Quand partir \u00e0 Tokyo ? - Voyage \u00e0 Tokyo","description":"Dans cette page vous retrouverez quelle est le moment id\u00e9ale pour partir \u00e0 Tokyo selon vos envies. Que ce soit \u00e0 n'importe quelle saison !","robots":{"index":"index","follow":"follow","max-snippet":"max-snippet:-1","max-image-preview":"max-image-preview:large","max-video-preview":"max-video-preview:-1"},"canonical":"https:\/\/lavoixdesaintjo.fr\/2025\/tokyo-japon\/page-daccueil\/quand-partir-a-tokyo\/","og_locale":"fr_FR","og_type":"article","og_title":"Quand partir \u00e0 Tokyo ? - Voyage \u00e0 Tokyo","og_description":"Dans cette page vous retrouverez quelle est le moment id\u00e9ale pour partir \u00e0 Tokyo selon vos envies. Que ce soit \u00e0 n'importe quelle saison !","og_url":"https:\/\/lavoixdesaintjo.fr\/2025\/tokyo-japon\/page-daccueil\/quand-partir-a-tokyo\/","og_site_name":"Voyage \u00e0 Tokyo","article_modified_time":"2025-06-16T13:45:46+00:00","og_image":[{"url":"https:\/\/lavoixdesaintjo.fr\/2025\/tokyo-japon\/wp-content\/uploads\/2025\/05\/fleurs-de-cerisier-et-chateau-a-himeji-japon-683x1024.jpg","type":"","width":"","height":""}],"twitter_card":"summary_large_image","twitter_misc":{"Dur\u00e9e de lecture estim\u00e9e":"3 minutes"},"schema":{"@context":"https:\/\/schema.org","@graph":[{"@type":"WebPage","@id":"https:\/\/lavoixdesaintjo.fr\/2025\/tokyo-japon\/page-daccueil\/quand-partir-a-tokyo\/","url":"https:\/\/lavoixdesaintjo.fr\/2025\/tokyo-japon\/page-daccueil\/quand-partir-a-tokyo\/","name":"Quand partir \u00e0 Tokyo ? - Voyage \u00e0 Tokyo","isPartOf":{"@id":"https:\/\/lavoixdesaintjo.fr\/2025\/tokyo-japon\/#website"},"primaryImageOfPage":{"@id":"https:\/\/lavoixdesaintjo.fr\/2025\/tokyo-japon\/page-daccueil\/quand-partir-a-tokyo\/#primaryimage"},"image":{"@id":"https:\/\/lavoixdesaintjo.fr\/2025\/tokyo-japon\/page-daccueil\/quand-partir-a-tokyo\/#primaryimage"},"thumbnailUrl":"https:\/\/lavoixdesaintjo.fr\/2025\/tokyo-japon\/wp-content\/uploads\/2025\/05\/fleurs-de-cerisier-et-chateau-a-himeji-japon-683x1024.jpg","datePublished":"2025-05-16T14:32:03+00:00","dateModified":"2025-06-16T13:45:46+00:00","description":"Dans cette page vous retrouverez quelle est le moment id\u00e9ale pour partir \u00e0 Tokyo selon vos envies. Que ce soit \u00e0 n'importe quelle saison !","breadcrumb":{"@id":"https:\/\/lavoixdesaintjo.fr\/2025\/tokyo-japon\/page-daccueil\/quand-partir-a-tokyo\/#breadcrumb"},"inLanguage":"fr-FR","potentialAction":[{"@type":"ReadAction","target":["https:\/\/lavoixdesaintjo.fr\/2025\/tokyo-japon\/page-daccueil\/quand-partir-a-tokyo\/"]}]},{"@type":"ImageObject","inLanguage":"fr-FR","@id":"https:\/\/lavoixdesaintjo.fr\/2025\/tokyo-japon\/page-daccueil\/quand-partir-a-tokyo\/#primaryimage","url":"https:\/\/lavoixdesaintjo.fr\/2025\/tokyo-japon\/wp-content\/uploads\/2025\/05\/fleurs-de-cerisier-et-chateau-a-himeji-japon-scaled.jpg","contentUrl":"https:\/\/lavoixdesaintjo.fr\/2025\/tokyo-japon\/wp-content\/uploads\/2025\/05\/fleurs-de-cerisier-et-chateau-a-himeji-japon-scaled.jpg","width":1707,"height":2560,"caption":"Cherry blossoms and castle in Himeji, Japan."},{"@type":"BreadcrumbList","@id":"https:\/\/lavoixdesaintjo.fr\/2025\/tokyo-japon\/page-daccueil\/quand-partir-a-tokyo\/#breadcrumb","itemListElement":[{"@type":"ListItem","position":1,"name":"Accueil","item":"https:\/\/lavoixdesaintjo.fr\/2025\/tokyo-japon\/"},{"@type":"ListItem","position":2,"name":"Voyage \u00e0 Tokyo","item":"https:\/\/lavoixdesaintjo.fr\/2025\/tokyo-japon\/"},{"@type":"ListItem","position":3,"name":"Quand partir \u00e0 Tokyo ?"}]},{"@type":"WebSite","@id":"https:\/\/lavoixdesaintjo.fr\/2025\/tokyo-japon\/#website","url":"https:\/\/lavoixdesaintjo.fr\/2025\/tokyo-japon\/","name":"Voyage \u00e0 Tokyo","description":"D\u00e9couvrez Tokyo...Dattebayo!!","publisher":{"@id":"https:\/\/lavoixdesaintjo.fr\/2025\/tokyo-japon\/#organization"},"potentialAction":[{"@type":"SearchAction","target":{"@type":"EntryPoint","urlTemplate":"https:\/\/lavoixdesaintjo.fr\/2025\/tokyo-japon\/?s={search_term_string}"},"query-input":{"@type":"PropertyValueSpecification","valueRequired":true,"valueName":"search_term_string"}}],"inLanguage":"fr-FR"},{"@type":"Organization","@id":"https:\/\/lavoixdesaintjo.fr\/2025\/tokyo-japon\/#organization","name":"Voyage \u00e0 Tokyo","url":"https:\/\/lavoixdesaintjo.fr\/2025\/tokyo-japon\/","logo":{"@type":"ImageObject","inLanguage":"fr-FR","@id":"https:\/\/lavoixdesaintjo.fr\/2025\/tokyo-japon\/#\/schema\/logo\/image\/","url":"https:\/\/lavoixdesaintjo.fr\/2025\/tokyo-japon\/wp-content\/uploads\/2025\/05\/cropped-ChatGPT-Image-12-mai-2025-15_52_40-1-1.png","contentUrl":"https:\/\/lavoixdesaintjo.fr\/2025\/tokyo-japon\/wp-content\/uploads\/2025\/05\/cropped-ChatGPT-Image-12-mai-2025-15_52_40-1-1.png","width":512,"height":512,"caption":"Voyage \u00e0 Tokyo"},"image":{"@id":"https:\/\/lavoixdesaintjo.fr\/2025\/tokyo-japon\/#\/schema\/logo\/image\/"}}]}},"_links":{"self":[{"href":"https:\/\/lavoixdesaintjo.fr\/2025\/tokyo-japon\/wp-json\/wp\/v2\/pages\/150","targetHints":{"allow":["GET"]}}],"collection":[{"href":"https:\/\/lavoixdesaintjo.fr\/2025\/tokyo-japon\/wp-json\/wp\/v2\/pages"}],"about":[{"href":"https:\/\/lavoixdesaintjo.fr\/2025\/tokyo-japon\/wp-json\/wp\/v2\/types\/page"}],"author":[{"embeddable":true,"href":"https:\/\/lavoixdesaintjo.fr\/2025\/tokyo-japon\/wp-json\/wp\/v2\/users\/2"}],"replies":[{"embeddable":true,"href":"https:\/\/lavoixdesaintjo.fr\/2025\/tokyo-japon\/wp-json\/wp\/v2\/comments?post=150"}],"version-history":[{"count":21,"href":"https:\/\/lavoixdesaintjo.fr\/2025\/tokyo-japon\/wp-json\/wp\/v2\/pages\/150\/revisions"}],"predecessor-version":[{"id":948,"href":"https:\/\/lavoixdesaintjo.fr\/2025\/tokyo-japon\/wp-json\/wp\/v2\/pages\/150\/revisions\/948"}],"up":[{"embeddable":true,"href":"https:\/\/lavoixdesaintjo.fr\/2025\/tokyo-japon\/wp-json\/wp\/v2\/pages\/17"}],"wp:attachment":[{"href":"https:\/\/lavoixdesaintjo.fr\/2025\/tokyo-japon\/wp-json\/wp\/v2\/media?parent=150"}],"curies":[{"name":"wp","href":"https:\/\/api.w.org\/{rel}","templated":true}]}}