{"id":152,"date":"2025-05-16T16:32:31","date_gmt":"2025-05-16T14:32:31","guid":{"rendered":"https:\/\/lavoixdesaintjo.fr\/2025\/tokyo-japon\/?page_id=152"},"modified":"2025-06-16T16:07:29","modified_gmt":"2025-06-16T14:07:29","slug":"histoire-de-tokyo","status":"publish","type":"page","link":"https:\/\/lavoixdesaintjo.fr\/2025\/tokyo-japon\/a-propos-de-tokyo\/histoire-de-tokyo\/","title":{"rendered":"Histoire de la ville"},"content":{"rendered":"\n<hr class=\"wp-block-separator has-alpha-channel-opacity\"\/>\n\n\n\n<h2 class=\"wp-block-heading has-text-align-center\"><strong>Histoire de Tokyo : des origines \u00e0 la m\u00e9tropole moderne<\/strong><\/h2>\n\n\n\n<p class=\"has-text-align-center\">L\u2019<strong>histoire de Tokyo<\/strong> est riche, mouvement\u00e9e et fascinante. Autrefois appel\u00e9e Edo, cette ville est pass\u00e9e du statut de petit village de p\u00eacheurs \u00e0 celui de plus grande agglom\u00e9ration urbaine du monde. Entre shoguns, guerres, tremblements de terre et Jeux Olympiques, d\u00e9couvrez les grandes \u00e9tapes de son \u00e9volution.<\/p>\n\n\n\n<hr class=\"wp-block-separator has-alpha-channel-opacity\"\/>\n\n\n\n<h2 class=\"wp-block-heading has-text-align-center\"><strong>Les origines : Edo, un village de p\u00eacheurs<\/strong><\/h2>\n\n\n\n<p class=\"has-text-align-center\">Tokyo s\u2019appelait autrefois <strong>Edo<\/strong>, un petit village situ\u00e9 au bord de la baie. Le tournant historique survient en 1603, lorsque <strong>Tokugawa Ieyasu<\/strong> \u00e9tablit le shogunat \u00e0 Edo, en faisant le centre politique du Japon. Bien que l\u2019empereur r\u00e9side encore \u00e0 Kyoto, Edo devient la capitale de fait du pays.<\/p>\n\n\n\n<figure class=\"wp-block-image alignwide size-full\"><img loading=\"lazy\" decoding=\"async\" width=\"1024\" height=\"667\" src=\"https:\/\/lavoixdesaintjo.fr\/2025\/tokyo-japon\/wp-content\/uploads\/2025\/06\/Nihonbashi_bridge_in_Edo-1024x667-1.jpg\" alt=\"Gravure de la ville d\u2019Edo au XVIIe si\u00e8cle\" class=\"wp-image-742\" srcset=\"https:\/\/lavoixdesaintjo.fr\/2025\/tokyo-japon\/wp-content\/uploads\/2025\/06\/Nihonbashi_bridge_in_Edo-1024x667-1.jpg 1024w, https:\/\/lavoixdesaintjo.fr\/2025\/tokyo-japon\/wp-content\/uploads\/2025\/06\/Nihonbashi_bridge_in_Edo-1024x667-1-300x195.jpg 300w\" sizes=\"auto, (max-width: 1024px) 100vw, 1024px\" \/><figcaption class=\"wp-element-caption\">Gravure de la ville d\u2019Edo au XVIIe si\u00e8cle<\/figcaption><\/figure>\n\n\n\n<ul class=\"wp-block-list\">\n<li>1603 : D\u00e9but de l\u2019\u00e9poque Edo (\u00e8re Tokugawa)<\/li>\n\n\n\n<li>\u00c9poque de paix et d\u2019isolement national (sakoku)<\/li>\n\n\n\n<li>D\u00e9veloppement du th\u00e9\u00e2tre kabuki, de la litt\u00e9rature et des arts traditionnels<\/li>\n<\/ul>\n\n\n\n<hr class=\"wp-block-separator has-alpha-channel-opacity\"\/>\n\n\n\n<h2 class=\"wp-block-heading has-text-align-center\"><strong>1868 : Edo devient Tokyo, la capitale imp\u00e9riale<\/strong><\/h2>\n\n\n\n<p class=\"has-text-align-center\">En 1868, \u00e0 la suite de la <strong>Restauration Meiji<\/strong>, le shogunat est aboli. L\u2019empereur Meiji transf\u00e8re sa r\u00e9sidence \u00e0 Edo, qui est alors renomm\u00e9e <strong>Tokyo<\/strong>, signifiant \u00ab capitale de l\u2019est \u00bb. La ville entame une rapide modernisation \u00e0 l\u2019occidentale.<\/p>\n\n\n\n<figure class=\"wp-block-image alignwide size-large\"><img loading=\"lazy\" decoding=\"async\" width=\"1024\" height=\"768\" src=\"https:\/\/lavoixdesaintjo.fr\/2025\/tokyo-japon\/wp-content\/uploads\/2025\/06\/3515374968_57bb9c4a5e_b_0-1024x768.webp\" alt=\"L\u2019empereur Meiji et l\u2019essor industriel\" class=\"wp-image-743\" srcset=\"https:\/\/lavoixdesaintjo.fr\/2025\/tokyo-japon\/wp-content\/uploads\/2025\/06\/3515374968_57bb9c4a5e_b_0-1024x768.webp 1024w, https:\/\/lavoixdesaintjo.fr\/2025\/tokyo-japon\/wp-content\/uploads\/2025\/06\/3515374968_57bb9c4a5e_b_0-300x225.webp 300w, https:\/\/lavoixdesaintjo.fr\/2025\/tokyo-japon\/wp-content\/uploads\/2025\/06\/3515374968_57bb9c4a5e_b_0.webp 1200w\" sizes=\"auto, (max-width: 1024px) 100vw, 1024px\" \/><figcaption class=\"wp-element-caption\">L\u2019empereur Meiji et l\u2019essor industriel<\/figcaption><\/figure>\n\n\n\n<ul class=\"wp-block-list\">\n<li>Construction de b\u00e2timents en brique et en acier<\/li>\n\n\n\n<li>D\u00e9veloppement des premi\u00e8res lignes de train et tramway<\/li>\n\n\n\n<li>Inspiration europ\u00e9enne dans l\u2019urbanisme<\/li>\n<\/ul>\n\n\n\n<hr class=\"wp-block-separator has-alpha-channel-opacity\"\/>\n\n\n\n<h2 class=\"wp-block-heading has-text-align-center\"><strong>Les catastrophes du XXe si\u00e8cle<\/strong><\/h2>\n\n\n\n<p class=\"has-text-align-center\">L\u2019histoire de Tokyo a \u00e9t\u00e9 marqu\u00e9e par deux grandes trag\u00e9dies : le <strong>grand tremblement de terre de 1923<\/strong> (s\u00e9isme du Kant\u014d) et la <strong>Seconde Guerre mondiale<\/strong>.<\/p>\n\n\n\n<ul class=\"wp-block-list\">\n<li><strong>1923<\/strong> : S\u00e9isme de magnitude 7,9 \u2013 plus de 100 000 morts<\/li>\n\n\n\n<li><strong>1945<\/strong> : Bombardements a\u00e9riens d\u00e9truisent la majorit\u00e9 de la ville<\/li>\n\n\n\n<li>Reconstruction rapide avec soutien am\u00e9ricain pendant l\u2019occupation<\/li>\n<\/ul>\n\n\n\n<figure class=\"wp-block-image alignwide size-full\"><img loading=\"lazy\" decoding=\"async\" width=\"980\" height=\"692\" src=\"https:\/\/lavoixdesaintjo.fr\/2025\/tokyo-japon\/wp-content\/uploads\/2025\/06\/AP090301016.jpg\" alt=\"Tokyo apr\u00e8s les bombardements de 1945\" class=\"wp-image-744\" srcset=\"https:\/\/lavoixdesaintjo.fr\/2025\/tokyo-japon\/wp-content\/uploads\/2025\/06\/AP090301016.jpg 980w, https:\/\/lavoixdesaintjo.fr\/2025\/tokyo-japon\/wp-content\/uploads\/2025\/06\/AP090301016-300x212.jpg 300w\" sizes=\"auto, (max-width: 980px) 100vw, 980px\" \/><figcaption class=\"wp-element-caption\">Tokyo apr\u00e8s les bombardements de 1945<\/figcaption><\/figure>\n\n\n\n<hr class=\"wp-block-separator has-alpha-channel-opacity\"\/>\n\n\n\n<h2 class=\"wp-block-heading has-text-align-center\"><strong>La renaissance et l\u2019essor mondial<\/strong><\/h2>\n\n\n\n<p class=\"has-text-align-center\">Apr\u00e8s la guerre, Tokyo se reconstruit \u00e0 une vitesse impressionnante. L\u2019organisation des Jeux olympiques de 1964 marque un tournant symbolique dans l\u2019histoire de la ville, qui entre de plain-pied dans l\u2019\u00e8re moderne.<\/p>\n\n\n\n<ul class=\"wp-block-list\">\n<li><strong>1964<\/strong> : Premiers JO organis\u00e9s en Asie<\/li>\n\n\n\n<li>Expansion urbaine vers la baie et la banlieue<\/li>\n\n\n\n<li>Apparition des gratte-ciel, du m\u00e9tro, et des quartiers modernes<\/li>\n<\/ul>\n\n\n\n<figure class=\"wp-block-image alignwide size-large\"><img loading=\"lazy\" decoding=\"async\" width=\"1024\" height=\"538\" src=\"https:\/\/lavoixdesaintjo.fr\/2025\/tokyo-japon\/wp-content\/uploads\/2025\/06\/fb-tokyo.1538895-1024x538.jpg\" alt=\"Tokyo moderne : fusion entre pass\u00e9 et futur\" class=\"wp-image-745\" srcset=\"https:\/\/lavoixdesaintjo.fr\/2025\/tokyo-japon\/wp-content\/uploads\/2025\/06\/fb-tokyo.1538895-1024x538.jpg 1024w, https:\/\/lavoixdesaintjo.fr\/2025\/tokyo-japon\/wp-content\/uploads\/2025\/06\/fb-tokyo.1538895-300x158.jpg 300w, https:\/\/lavoixdesaintjo.fr\/2025\/tokyo-japon\/wp-content\/uploads\/2025\/06\/fb-tokyo.1538895.jpg 1200w\" sizes=\"auto, (max-width: 1024px) 100vw, 1024px\" \/><figcaption class=\"wp-element-caption\">Tokyo moderne : fusion entre pass\u00e9 et futur<\/figcaption><\/figure>\n\n\n\n<hr class=\"wp-block-separator has-alpha-channel-opacity\"\/>\n\n\n\n<h2 class=\"wp-block-heading has-text-align-center\"><strong>Tokyo aujourd\u2019hui<\/strong><\/h2>\n\n\n\n<p class=\"has-text-align-center\">Tokyo est aujourd\u2019hui l\u2019une des villes les plus dynamiques et technologiquement avanc\u00e9es du monde. Tout en restant fid\u00e8le \u00e0 ses racines historiques, elle incarne l\u2019innovation, l\u2019architecture futuriste, et l\u2019excellence du savoir-vivre japonais.<\/p>\n\n\n\n<ul class=\"wp-block-list\">\n<li>37 millions d\u2019habitants dans l\u2019aire m\u00e9tropolitaine<\/li>\n\n\n\n<li>Capitale culturelle, \u00e9conomique et politique du Japon<\/li>\n\n\n\n<li>Ville h\u00f4te des <strong>Jeux Olympiques de 2020<\/strong> (report\u00e9s en 2021)<\/li>\n<\/ul>\n\n\n\n<p class=\"has-text-align-center\">Explorer Tokyo, c\u2019est marcher sur les traces de samoura\u00efs, de shoguns, de catastrophes surmont\u00e9es et de progr\u00e8s fulgurants. Une ville o\u00f9 le pass\u00e9 et le futur se croisent \u00e0 chaque coin de rue.<\/p>\n\n\n\n<hr class=\"wp-block-separator has-alpha-channel-opacity\"\/>\n\n\n\n<h2 class=\"wp-block-heading has-text-align-center\"><strong>Pour aller plus loin<\/strong><\/h2>\n\n\n\n<p class=\"has-text-align-center\"><em><br> <a href=\"\/chiffres-cles\">\u2192 <\/a><a href=\"https:\/\/lavoixdesaintjo.fr\/2025\/tokyo-japon\/a-propos-de-tokyo\/chiffres-cles-tokyo\/\">Consultez les chiffres cl\u00e9s de la ville<\/a><br> <a href=\"https:\/\/www.historytokyo.com\" target=\"_blank\" rel=\"noopener\">\u2192 <\/a><a href=\"https:\/\/lavoixdesaintjo.fr\/2025\/tokyo-japon\/a-propos-de-tokyo\/histoire-de-tokyo\/\" target=\"_blank\" rel=\"noreferrer noopener\">Histoire de Tokyo<\/a><\/em><\/p>\n","protected":false},"excerpt":{"rendered":"<p>Histoire de Tokyo : des origines \u00e0 la m\u00e9tropole moderne L\u2019histoire de Tokyo est riche, mouvement\u00e9e et fascinante. Autrefois appel\u00e9e Edo, cette ville est pass\u00e9e du statut de petit village de p\u00eacheurs \u00e0 celui de plus grande agglom\u00e9ration urbaine du monde. Entre shoguns, guerres, tremblements de terre et Jeux Olympiques, d\u00e9couvrez les grandes \u00e9tapes de &hellip; <\/p>\n<p class=\"link-more\"><a href=\"https:\/\/lavoixdesaintjo.fr\/2025\/tokyo-japon\/a-propos-de-tokyo\/histoire-de-tokyo\/\" class=\"more-link\">Lire la suite de<span class=\"screen-reader-text\">\u00ab\u00a0Histoire de la ville\u00a0\u00bb<\/span><\/a><\/p>\n","protected":false},"author":2,"featured_media":0,"parent":28,"menu_order":0,"comment_status":"closed","ping_status":"closed","template":"","meta":{"_acf_changed":false,"footnotes":""},"class_list":["post-152","page","type-page","status-publish","hentry"],"acf":[],"yoast_head":"<!-- This site is optimized with the Yoast SEO plugin v25.3 - https:\/\/yoast.com\/wordpress\/plugins\/seo\/ -->\n<title>Histoire de la ville - Voyage \u00e0 Tokyo<\/title>\n<meta name=\"description\" content=\"D\u00e9couvrez l\u2019histoire de Tokyo, de son pass\u00e9 f\u00e9odal sous le nom d\u2019Edo \u00e0 son essor comme capitale du Japon moderne.\" \/>\n<meta name=\"robots\" content=\"index, follow, max-snippet:-1, max-image-preview:large, max-video-preview:-1\" \/>\n<link rel=\"canonical\" href=\"https:\/\/lavoixdesaintjo.fr\/2025\/tokyo-japon\/a-propos-de-tokyo\/histoire-de-tokyo\/\" \/>\n<meta property=\"og:locale\" content=\"fr_FR\" \/>\n<meta property=\"og:type\" content=\"article\" \/>\n<meta property=\"og:title\" content=\"Histoire de la ville - Voyage \u00e0 Tokyo\" \/>\n<meta property=\"og:description\" content=\"D\u00e9couvrez l\u2019histoire de Tokyo, de son pass\u00e9 f\u00e9odal sous le nom d\u2019Edo \u00e0 son essor comme capitale du Japon moderne.\" \/>\n<meta property=\"og:url\" content=\"https:\/\/lavoixdesaintjo.fr\/2025\/tokyo-japon\/a-propos-de-tokyo\/histoire-de-tokyo\/\" \/>\n<meta property=\"og:site_name\" content=\"Voyage \u00e0 Tokyo\" \/>\n<meta property=\"article:modified_time\" content=\"2025-06-16T14:07:29+00:00\" \/>\n<meta property=\"og:image\" content=\"https:\/\/lavoixdesaintjo.fr\/2025\/tokyo-japon\/wp-content\/uploads\/2025\/06\/Nihonbashi_bridge_in_Edo-1024x667-1.jpg\" \/>\n<meta name=\"twitter:card\" content=\"summary_large_image\" \/>\n<meta name=\"twitter:label1\" content=\"Dur\u00e9e de lecture estim\u00e9e\" \/>\n\t<meta name=\"twitter:data1\" content=\"4 minutes\" \/>\n<script type=\"application\/ld+json\" class=\"yoast-schema-graph\">{\"@context\":\"https:\/\/schema.org\",\"@graph\":[{\"@type\":\"WebPage\",\"@id\":\"https:\/\/lavoixdesaintjo.fr\/2025\/tokyo-japon\/a-propos-de-tokyo\/histoire-de-tokyo\/\",\"url\":\"https:\/\/lavoixdesaintjo.fr\/2025\/tokyo-japon\/a-propos-de-tokyo\/histoire-de-tokyo\/\",\"name\":\"Histoire de la ville - Voyage \u00e0 Tokyo\",\"isPartOf\":{\"@id\":\"https:\/\/lavoixdesaintjo.fr\/2025\/tokyo-japon\/#website\"},\"primaryImageOfPage\":{\"@id\":\"https:\/\/lavoixdesaintjo.fr\/2025\/tokyo-japon\/a-propos-de-tokyo\/histoire-de-tokyo\/#primaryimage\"},\"image\":{\"@id\":\"https:\/\/lavoixdesaintjo.fr\/2025\/tokyo-japon\/a-propos-de-tokyo\/histoire-de-tokyo\/#primaryimage\"},\"thumbnailUrl\":\"https:\/\/lavoixdesaintjo.fr\/2025\/tokyo-japon\/wp-content\/uploads\/2025\/06\/Nihonbashi_bridge_in_Edo-1024x667-1.jpg\",\"datePublished\":\"2025-05-16T14:32:31+00:00\",\"dateModified\":\"2025-06-16T14:07:29+00:00\",\"description\":\"D\u00e9couvrez l\u2019histoire de Tokyo, de son pass\u00e9 f\u00e9odal sous le nom d\u2019Edo \u00e0 son essor comme capitale du Japon moderne.\",\"breadcrumb\":{\"@id\":\"https:\/\/lavoixdesaintjo.fr\/2025\/tokyo-japon\/a-propos-de-tokyo\/histoire-de-tokyo\/#breadcrumb\"},\"inLanguage\":\"fr-FR\",\"potentialAction\":[{\"@type\":\"ReadAction\",\"target\":[\"https:\/\/lavoixdesaintjo.fr\/2025\/tokyo-japon\/a-propos-de-tokyo\/histoire-de-tokyo\/\"]}]},{\"@type\":\"ImageObject\",\"inLanguage\":\"fr-FR\",\"@id\":\"https:\/\/lavoixdesaintjo.fr\/2025\/tokyo-japon\/a-propos-de-tokyo\/histoire-de-tokyo\/#primaryimage\",\"url\":\"https:\/\/lavoixdesaintjo.fr\/2025\/tokyo-japon\/wp-content\/uploads\/2025\/06\/Nihonbashi_bridge_in_Edo-1024x667-1.jpg\",\"contentUrl\":\"https:\/\/lavoixdesaintjo.fr\/2025\/tokyo-japon\/wp-content\/uploads\/2025\/06\/Nihonbashi_bridge_in_Edo-1024x667-1.jpg\",\"width\":1024,\"height\":667},{\"@type\":\"BreadcrumbList\",\"@id\":\"https:\/\/lavoixdesaintjo.fr\/2025\/tokyo-japon\/a-propos-de-tokyo\/histoire-de-tokyo\/#breadcrumb\",\"itemListElement\":[{\"@type\":\"ListItem\",\"position\":1,\"name\":\"Accueil\",\"item\":\"https:\/\/lavoixdesaintjo.fr\/2025\/tokyo-japon\/\"},{\"@type\":\"ListItem\",\"position\":2,\"name\":\"A propos de Tokyo\",\"item\":\"https:\/\/lavoixdesaintjo.fr\/2025\/tokyo-japon\/a-propos-de-tokyo\/\"},{\"@type\":\"ListItem\",\"position\":3,\"name\":\"Histoire de la ville\"}]},{\"@type\":\"WebSite\",\"@id\":\"https:\/\/lavoixdesaintjo.fr\/2025\/tokyo-japon\/#website\",\"url\":\"https:\/\/lavoixdesaintjo.fr\/2025\/tokyo-japon\/\",\"name\":\"Voyage \u00e0 Tokyo\",\"description\":\"D\u00e9couvrez Tokyo...Dattebayo!!\",\"publisher\":{\"@id\":\"https:\/\/lavoixdesaintjo.fr\/2025\/tokyo-japon\/#organization\"},\"potentialAction\":[{\"@type\":\"SearchAction\",\"target\":{\"@type\":\"EntryPoint\",\"urlTemplate\":\"https:\/\/lavoixdesaintjo.fr\/2025\/tokyo-japon\/?s={search_term_string}\"},\"query-input\":{\"@type\":\"PropertyValueSpecification\",\"valueRequired\":true,\"valueName\":\"search_term_string\"}}],\"inLanguage\":\"fr-FR\"},{\"@type\":\"Organization\",\"@id\":\"https:\/\/lavoixdesaintjo.fr\/2025\/tokyo-japon\/#organization\",\"name\":\"Voyage \u00e0 Tokyo\",\"url\":\"https:\/\/lavoixdesaintjo.fr\/2025\/tokyo-japon\/\",\"logo\":{\"@type\":\"ImageObject\",\"inLanguage\":\"fr-FR\",\"@id\":\"https:\/\/lavoixdesaintjo.fr\/2025\/tokyo-japon\/#\/schema\/logo\/image\/\",\"url\":\"https:\/\/lavoixdesaintjo.fr\/2025\/tokyo-japon\/wp-content\/uploads\/2025\/05\/cropped-ChatGPT-Image-12-mai-2025-15_52_40-1-1.png\",\"contentUrl\":\"https:\/\/lavoixdesaintjo.fr\/2025\/tokyo-japon\/wp-content\/uploads\/2025\/05\/cropped-ChatGPT-Image-12-mai-2025-15_52_40-1-1.png\",\"width\":512,\"height\":512,\"caption\":\"Voyage \u00e0 Tokyo\"},\"image\":{\"@id\":\"https:\/\/lavoixdesaintjo.fr\/2025\/tokyo-japon\/#\/schema\/logo\/image\/\"}}]}<\/script>\n<!-- \/ Yoast SEO plugin. -->","yoast_head_json":{"title":"Histoire de la ville - Voyage \u00e0 Tokyo","description":"D\u00e9couvrez l\u2019histoire de Tokyo, de son pass\u00e9 f\u00e9odal sous le nom d\u2019Edo \u00e0 son essor comme capitale du Japon moderne.","robots":{"index":"index","follow":"follow","max-snippet":"max-snippet:-1","max-image-preview":"max-image-preview:large","max-video-preview":"max-video-preview:-1"},"canonical":"https:\/\/lavoixdesaintjo.fr\/2025\/tokyo-japon\/a-propos-de-tokyo\/histoire-de-tokyo\/","og_locale":"fr_FR","og_type":"article","og_title":"Histoire de la ville - Voyage \u00e0 Tokyo","og_description":"D\u00e9couvrez l\u2019histoire de Tokyo, de son pass\u00e9 f\u00e9odal sous le nom d\u2019Edo \u00e0 son essor comme capitale du Japon moderne.","og_url":"https:\/\/lavoixdesaintjo.fr\/2025\/tokyo-japon\/a-propos-de-tokyo\/histoire-de-tokyo\/","og_site_name":"Voyage \u00e0 Tokyo","article_modified_time":"2025-06-16T14:07:29+00:00","og_image":[{"url":"https:\/\/lavoixdesaintjo.fr\/2025\/tokyo-japon\/wp-content\/uploads\/2025\/06\/Nihonbashi_bridge_in_Edo-1024x667-1.jpg","type":"","width":"","height":""}],"twitter_card":"summary_large_image","twitter_misc":{"Dur\u00e9e de lecture estim\u00e9e":"4 minutes"},"schema":{"@context":"https:\/\/schema.org","@graph":[{"@type":"WebPage","@id":"https:\/\/lavoixdesaintjo.fr\/2025\/tokyo-japon\/a-propos-de-tokyo\/histoire-de-tokyo\/","url":"https:\/\/lavoixdesaintjo.fr\/2025\/tokyo-japon\/a-propos-de-tokyo\/histoire-de-tokyo\/","name":"Histoire de la ville - Voyage \u00e0 Tokyo","isPartOf":{"@id":"https:\/\/lavoixdesaintjo.fr\/2025\/tokyo-japon\/#website"},"primaryImageOfPage":{"@id":"https:\/\/lavoixdesaintjo.fr\/2025\/tokyo-japon\/a-propos-de-tokyo\/histoire-de-tokyo\/#primaryimage"},"image":{"@id":"https:\/\/lavoixdesaintjo.fr\/2025\/tokyo-japon\/a-propos-de-tokyo\/histoire-de-tokyo\/#primaryimage"},"thumbnailUrl":"https:\/\/lavoixdesaintjo.fr\/2025\/tokyo-japon\/wp-content\/uploads\/2025\/06\/Nihonbashi_bridge_in_Edo-1024x667-1.jpg","datePublished":"2025-05-16T14:32:31+00:00","dateModified":"2025-06-16T14:07:29+00:00","description":"D\u00e9couvrez l\u2019histoire de Tokyo, de son pass\u00e9 f\u00e9odal sous le nom d\u2019Edo \u00e0 son essor comme capitale du Japon moderne.","breadcrumb":{"@id":"https:\/\/lavoixdesaintjo.fr\/2025\/tokyo-japon\/a-propos-de-tokyo\/histoire-de-tokyo\/#breadcrumb"},"inLanguage":"fr-FR","potentialAction":[{"@type":"ReadAction","target":["https:\/\/lavoixdesaintjo.fr\/2025\/tokyo-japon\/a-propos-de-tokyo\/histoire-de-tokyo\/"]}]},{"@type":"ImageObject","inLanguage":"fr-FR","@id":"https:\/\/lavoixdesaintjo.fr\/2025\/tokyo-japon\/a-propos-de-tokyo\/histoire-de-tokyo\/#primaryimage","url":"https:\/\/lavoixdesaintjo.fr\/2025\/tokyo-japon\/wp-content\/uploads\/2025\/06\/Nihonbashi_bridge_in_Edo-1024x667-1.jpg","contentUrl":"https:\/\/lavoixdesaintjo.fr\/2025\/tokyo-japon\/wp-content\/uploads\/2025\/06\/Nihonbashi_bridge_in_Edo-1024x667-1.jpg","width":1024,"height":667},{"@type":"BreadcrumbList","@id":"https:\/\/lavoixdesaintjo.fr\/2025\/tokyo-japon\/a-propos-de-tokyo\/histoire-de-tokyo\/#breadcrumb","itemListElement":[{"@type":"ListItem","position":1,"name":"Accueil","item":"https:\/\/lavoixdesaintjo.fr\/2025\/tokyo-japon\/"},{"@type":"ListItem","position":2,"name":"A propos de Tokyo","item":"https:\/\/lavoixdesaintjo.fr\/2025\/tokyo-japon\/a-propos-de-tokyo\/"},{"@type":"ListItem","position":3,"name":"Histoire de la ville"}]},{"@type":"WebSite","@id":"https:\/\/lavoixdesaintjo.fr\/2025\/tokyo-japon\/#website","url":"https:\/\/lavoixdesaintjo.fr\/2025\/tokyo-japon\/","name":"Voyage \u00e0 Tokyo","description":"D\u00e9couvrez Tokyo...Dattebayo!!","publisher":{"@id":"https:\/\/lavoixdesaintjo.fr\/2025\/tokyo-japon\/#organization"},"potentialAction":[{"@type":"SearchAction","target":{"@type":"EntryPoint","urlTemplate":"https:\/\/lavoixdesaintjo.fr\/2025\/tokyo-japon\/?s={search_term_string}"},"query-input":{"@type":"PropertyValueSpecification","valueRequired":true,"valueName":"search_term_string"}}],"inLanguage":"fr-FR"},{"@type":"Organization","@id":"https:\/\/lavoixdesaintjo.fr\/2025\/tokyo-japon\/#organization","name":"Voyage \u00e0 Tokyo","url":"https:\/\/lavoixdesaintjo.fr\/2025\/tokyo-japon\/","logo":{"@type":"ImageObject","inLanguage":"fr-FR","@id":"https:\/\/lavoixdesaintjo.fr\/2025\/tokyo-japon\/#\/schema\/logo\/image\/","url":"https:\/\/lavoixdesaintjo.fr\/2025\/tokyo-japon\/wp-content\/uploads\/2025\/05\/cropped-ChatGPT-Image-12-mai-2025-15_52_40-1-1.png","contentUrl":"https:\/\/lavoixdesaintjo.fr\/2025\/tokyo-japon\/wp-content\/uploads\/2025\/05\/cropped-ChatGPT-Image-12-mai-2025-15_52_40-1-1.png","width":512,"height":512,"caption":"Voyage \u00e0 Tokyo"},"image":{"@id":"https:\/\/lavoixdesaintjo.fr\/2025\/tokyo-japon\/#\/schema\/logo\/image\/"}}]}},"_links":{"self":[{"href":"https:\/\/lavoixdesaintjo.fr\/2025\/tokyo-japon\/wp-json\/wp\/v2\/pages\/152","targetHints":{"allow":["GET"]}}],"collection":[{"href":"https:\/\/lavoixdesaintjo.fr\/2025\/tokyo-japon\/wp-json\/wp\/v2\/pages"}],"about":[{"href":"https:\/\/lavoixdesaintjo.fr\/2025\/tokyo-japon\/wp-json\/wp\/v2\/types\/page"}],"author":[{"embeddable":true,"href":"https:\/\/lavoixdesaintjo.fr\/2025\/tokyo-japon\/wp-json\/wp\/v2\/users\/2"}],"replies":[{"embeddable":true,"href":"https:\/\/lavoixdesaintjo.fr\/2025\/tokyo-japon\/wp-json\/wp\/v2\/comments?post=152"}],"version-history":[{"count":13,"href":"https:\/\/lavoixdesaintjo.fr\/2025\/tokyo-japon\/wp-json\/wp\/v2\/pages\/152\/revisions"}],"predecessor-version":[{"id":951,"href":"https:\/\/lavoixdesaintjo.fr\/2025\/tokyo-japon\/wp-json\/wp\/v2\/pages\/152\/revisions\/951"}],"up":[{"embeddable":true,"href":"https:\/\/lavoixdesaintjo.fr\/2025\/tokyo-japon\/wp-json\/wp\/v2\/pages\/28"}],"wp:attachment":[{"href":"https:\/\/lavoixdesaintjo.fr\/2025\/tokyo-japon\/wp-json\/wp\/v2\/media?parent=152"}],"curies":[{"name":"wp","href":"https:\/\/api.w.org\/{rel}","templated":true}]}}