{"id":28,"date":"2025-05-12T16:13:44","date_gmt":"2025-05-12T14:13:44","guid":{"rendered":"https:\/\/lavoixdesaintjo.fr\/2025\/tokyo-japon\/?page_id=28"},"modified":"2025-06-16T14:30:16","modified_gmt":"2025-06-16T12:30:16","slug":"a-propos-de-tokyo","status":"publish","type":"page","link":"https:\/\/lavoixdesaintjo.fr\/2025\/tokyo-japon\/a-propos-de-tokyo\/","title":{"rendered":"A propos de Tokyo"},"content":{"rendered":"\n<hr class=\"wp-block-separator has-alpha-channel-opacity\"\/>\n\n\n\n<h2 class=\"wp-block-heading has-text-align-center\"><strong>\u00c0 propos de Tokyo : une capitale entre tradition et modernit\u00e9<\/strong><\/h2>\n\n\n\n<p class=\"has-text-align-center\">Bienvenue sur notre page <strong>\u00e0 propos de Tokyo<\/strong> ! <br>Capitale du Japon et m\u00e9galopole fascinante, Tokyo est une ville qui conjugue avec brio <strong>histoire ancienne<\/strong>, <strong>technologie de pointe<\/strong>, <strong>art de vivre raffin\u00e9<\/strong> et <strong>culture pop<\/strong> ultra moderne. Que vous soyez curieux, voyageur ou passionn\u00e9 de Japon, d\u00e9couvrez ici un aper\u00e7u complet de cette ville hors du commun.<\/p>\n\n\n\n<figure class=\"wp-block-image alignwide size-full\"><img loading=\"lazy\" decoding=\"async\" width=\"800\" height=\"485\" src=\"https:\/\/lavoixdesaintjo.fr\/2025\/tokyo-japon\/wp-content\/uploads\/2025\/06\/Tokyo-en-24h-un-expert-devoile-un-itineraire-inoubliable-entre-tradition-et-modernite-800x485-1.webp\" alt=\"Vue panoramique de Tokyo, entre gratte-ciel et tradition\" class=\"wp-image-767\" srcset=\"https:\/\/lavoixdesaintjo.fr\/2025\/tokyo-japon\/wp-content\/uploads\/2025\/06\/Tokyo-en-24h-un-expert-devoile-un-itineraire-inoubliable-entre-tradition-et-modernite-800x485-1.webp 800w, https:\/\/lavoixdesaintjo.fr\/2025\/tokyo-japon\/wp-content\/uploads\/2025\/06\/Tokyo-en-24h-un-expert-devoile-un-itineraire-inoubliable-entre-tradition-et-modernite-800x485-1-300x182.webp 300w\" sizes=\"auto, (max-width: 800px) 100vw, 800px\" \/><figcaption class=\"wp-element-caption\"><em>Vue panoramique de Tokyo, entre gratte-ciel et tradition<\/em><\/figcaption><\/figure>\n\n\n\n<hr class=\"wp-block-separator has-alpha-channel-opacity\"\/>\n\n\n\n<h2 class=\"wp-block-heading has-text-align-center\"><strong>Une ville \u00e0 l\u2019histoire riche<\/strong><\/h2>\n\n\n\n<p>Tokyo s\u2019appelait autrefois <strong>Edo<\/strong>. Elle devint le c\u0153ur du pouvoir politique au XVIIe si\u00e8cle sous l\u2019\u00e8re Tokugawa, avant de devenir officiellement la capitale imp\u00e9riale en 1868. Depuis, elle a connu de grands bouleversements : tremblements de terre, guerres, reconstruction, et aujourd\u2019hui, elle rayonne sur la sc\u00e8ne mondiale.<\/p>\n\n\n\n<p class=\"has-text-align-center\"><em><a href=\"https:\/\/lavoixdesaintjo.fr\/2025\/tokyo-japon\/a-propos-de-tokyo\/histoire-de-tokyo\/\">\u2192 En savoir plus sur l\u2019histoire de Tokyo<\/a><\/em><\/p>\n\n\n\n<hr class=\"wp-block-separator has-alpha-channel-opacity\"\/>\n\n\n\n<h2 class=\"wp-block-heading has-text-align-center\"><strong>Culture et traditions uniques<\/strong><\/h2>\n\n\n\n<p>Tokyo est une ville o\u00f9 les <strong>traditions japonaises<\/strong> restent vivantes : sanctuaires shinto, temples bouddhistes, c\u00e9r\u00e9monies du th\u00e9, festivals saisonniers et art de vivre zen. La politesse, la propret\u00e9 et le respect y sont essentiels, et les habitants perp\u00e9tuent des pratiques h\u00e9rit\u00e9es de plusieurs si\u00e8cles.<\/p>\n\n\n\n<figure class=\"wp-block-image alignwide size-large\"><img loading=\"lazy\" decoding=\"async\" width=\"1024\" height=\"683\" src=\"https:\/\/lavoixdesaintjo.fr\/2025\/tokyo-japon\/wp-content\/uploads\/2025\/06\/japon-kyoto-ceremonie-the.jpg.1920x0_q85_format-jpg-1024x683.jpg\" alt=\"Une c\u00e9r\u00e9monie traditionnelle \u00e0 Tokyo\" class=\"wp-image-768\" srcset=\"https:\/\/lavoixdesaintjo.fr\/2025\/tokyo-japon\/wp-content\/uploads\/2025\/06\/japon-kyoto-ceremonie-the.jpg.1920x0_q85_format-jpg-1024x683.jpg 1024w, https:\/\/lavoixdesaintjo.fr\/2025\/tokyo-japon\/wp-content\/uploads\/2025\/06\/japon-kyoto-ceremonie-the.jpg.1920x0_q85_format-jpg-300x200.jpg 300w, https:\/\/lavoixdesaintjo.fr\/2025\/tokyo-japon\/wp-content\/uploads\/2025\/06\/japon-kyoto-ceremonie-the.jpg.1920x0_q85_format-jpg.jpg 1920w\" sizes=\"auto, (max-width: 1024px) 100vw, 1024px\" \/><figcaption class=\"wp-element-caption\"><em>Une c\u00e9r\u00e9monie traditionnelle \u00e0 Tokyo<\/em><\/figcaption><\/figure>\n\n\n\n<hr class=\"wp-block-separator has-alpha-channel-opacity\"\/>\n\n\n\n<h2 class=\"wp-block-heading has-text-align-center\"><strong>Des quartiers embl\u00e9matiques<\/strong><\/h2>\n\n\n\n<p>Chaque quartier de Tokyo a sa propre identit\u00e9 : <strong>Shibuya<\/strong> et son c\u00e9l\u00e8bre carrefour, <strong>Shinjuku<\/strong> et ses n\u00e9ons, <strong>Asakusa<\/strong> pour son atmosph\u00e8re traditionnelle, ou encore <strong>Akihabara<\/strong>, paradis des geeks. Que vous soyez amateur d\u2019art, de technologie, de mode ou de spiritualit\u00e9, Tokyo a un quartier pour vous.<\/p>\n\n\n\n<figure class=\"wp-block-image alignwide size-large\"><img loading=\"lazy\" decoding=\"async\" width=\"1024\" height=\"680\" src=\"https:\/\/lavoixdesaintjo.fr\/2025\/tokyo-japon\/wp-content\/uploads\/2025\/06\/Carrefour-de-Shibuya-Copyright-Rei-Imagine-shutterstock-1024x680.webp\" alt=\"Shibuya, le carrefour le plus c\u00e9l\u00e8bre du monde\" class=\"wp-image-769\" srcset=\"https:\/\/lavoixdesaintjo.fr\/2025\/tokyo-japon\/wp-content\/uploads\/2025\/06\/Carrefour-de-Shibuya-Copyright-Rei-Imagine-shutterstock-1024x680.webp 1024w, https:\/\/lavoixdesaintjo.fr\/2025\/tokyo-japon\/wp-content\/uploads\/2025\/06\/Carrefour-de-Shibuya-Copyright-Rei-Imagine-shutterstock-300x199.webp 300w, https:\/\/lavoixdesaintjo.fr\/2025\/tokyo-japon\/wp-content\/uploads\/2025\/06\/Carrefour-de-Shibuya-Copyright-Rei-Imagine-shutterstock.webp 1200w\" sizes=\"auto, (max-width: 1024px) 100vw, 1024px\" \/><figcaption class=\"wp-element-caption\"><em>Shibuya, le carrefour le plus c\u00e9l\u00e8bre du monde<\/em><\/figcaption><\/figure>\n\n\n\n<p class=\"has-text-align-center\"><a href=\"https:\/\/lavoixdesaintjo.fr\/2025\/tokyo-japon\/page-daccueil\/pourquoi-visiter-tokyo\/\">\u2192 Explorer les quartiers de Tokyo<\/a><\/p>\n\n\n\n<hr class=\"wp-block-separator has-alpha-channel-opacity\"\/>\n\n\n\n<h2 class=\"wp-block-heading has-text-align-center\"><strong>Tokyo en chiffres<\/strong><\/h2>\n\n\n\n<p class=\"has-text-align-center\">Tokyo est l\u2019une des plus grandes villes du monde. Voici quelques donn\u00e9es cl\u00e9s :<\/p>\n\n\n\n<ul class=\"wp-block-list\">\n<li>Population (aire urbaine) : plus de 37 millions d\u2019habitants<\/li>\n\n\n\n<li>Superficie : 2 194 km\u00b2<\/li>\n\n\n\n<li>Nombre de stations de m\u00e9tro : 282<\/li>\n\n\n\n<li>Temp\u00e9rature moyenne en \u00e9t\u00e9 : 27\u00b0C<\/li>\n\n\n\n<li>Plus de 1 500 temples et sanctuaires<\/li>\n<\/ul>\n\n\n\n<p class=\"has-text-align-center\"><em><a href=\"https:\/\/lavoixdesaintjo.fr\/2025\/tokyo-japon\/a-propos-de-tokyo\/chiffres-cles-tokyo\/\">\u2192 Consulter tous les chiffres cl\u00e9s de Tokyo<\/a><\/em><\/p>\n\n\n\n<hr class=\"wp-block-separator has-alpha-channel-opacity\"\/>\n\n\n\n<h2 class=\"wp-block-heading has-text-align-center\"><strong>Pourquoi visiter Tokyo ?<\/strong><\/h2>\n\n\n\n<p class=\"has-text-align-center\">Tokyo est une destination inoubliable pour les voyageurs du monde entier. En une seule journ\u00e9e, on peut passer d\u2019un jardin zen mill\u00e9naire \u00e0 une salle d\u2019arcade futuriste, manger dans un izakaya traditionnel ou un restaurant \u00e9toil\u00e9, d\u00e9couvrir une exposition contemporaine ou assister \u00e0 un tournoi de sumo. C\u2019est une ville qui ne dort jamais, mais qui sait aussi offrir des moments de calme et de contemplation.<\/p>\n\n\n\n<figure class=\"wp-block-image alignwide size-full\"><img loading=\"lazy\" decoding=\"async\" width=\"800\" height=\"600\" src=\"https:\/\/lavoixdesaintjo.fr\/2025\/tokyo-japon\/wp-content\/uploads\/2025\/06\/VM-le-japon-de-villes-en-iles-J3.jpg\" alt=\"Tokyo : une ville de contrastes\" class=\"wp-image-770\" srcset=\"https:\/\/lavoixdesaintjo.fr\/2025\/tokyo-japon\/wp-content\/uploads\/2025\/06\/VM-le-japon-de-villes-en-iles-J3.jpg 800w, https:\/\/lavoixdesaintjo.fr\/2025\/tokyo-japon\/wp-content\/uploads\/2025\/06\/VM-le-japon-de-villes-en-iles-J3-300x225.jpg 300w\" sizes=\"auto, (max-width: 800px) 100vw, 800px\" \/><figcaption class=\"wp-element-caption\"><em>Tokyo : une ville de contrastes<\/em><\/figcaption><\/figure>\n\n\n\n<hr class=\"wp-block-separator has-alpha-channel-opacity\"\/>\n\n\n\n<h2 class=\"wp-block-heading has-text-align-center\">En savoir plus<\/h2>\n\n\n\n<p class=\"has-text-align-center\">D\u00e9couvrez nos autres pages d\u00e9di\u00e9es \u00e0 Tokyo :<\/p>\n\n\n\n<ul class=\"wp-block-list\">\n<li><em><a href=\"https:\/\/lavoixdesaintjo.fr\/2025\/tokyo-japon\/a-propos-de-tokyo\/histoire-de-tokyo\/\">\u2192 L\u2019histoire de la ville<\/a><\/em><\/li>\n\n\n\n<li><em><a href=\"https:\/\/lavoixdesaintjo.fr\/2025\/tokyo-japon\/page-daccueil\/pourquoi-visiter-tokyo\/\">\u2192 Les quartiers \u00e0 explorer<\/a><\/em><\/li>\n\n\n\n<li><em><a href=\"https:\/\/lavoixdesaintjo.fr\/2025\/tokyo-japon\/a-propos-de-tokyo\/chiffres-cles-tokyo\/\">\u2192Les chiffres cl\u00e9s \u00e0 connaitre<\/a><\/em><\/li>\n<\/ul>\n","protected":false},"excerpt":{"rendered":"<p>\u00c0 propos de Tokyo : une capitale entre tradition et modernit\u00e9 Bienvenue sur notre page \u00e0 propos de Tokyo ! Capitale du Japon et m\u00e9galopole fascinante, Tokyo est une ville qui conjugue avec brio histoire ancienne, technologie de pointe, art de vivre raffin\u00e9 et culture pop ultra moderne. Que vous soyez curieux, voyageur ou passionn\u00e9 &hellip; <\/p>\n<p class=\"link-more\"><a href=\"https:\/\/lavoixdesaintjo.fr\/2025\/tokyo-japon\/a-propos-de-tokyo\/\" class=\"more-link\">Lire la suite de<span class=\"screen-reader-text\">\u00ab\u00a0A propos de Tokyo\u00a0\u00bb<\/span><\/a><\/p>\n","protected":false},"author":1,"featured_media":0,"parent":0,"menu_order":0,"comment_status":"closed","ping_status":"closed","template":"","meta":{"_acf_changed":false,"footnotes":""},"class_list":["post-28","page","type-page","status-publish","hentry"],"acf":[],"yoast_head":"<!-- This site is optimized with the Yoast SEO plugin v25.3 - https:\/\/yoast.com\/wordpress\/plugins\/seo\/ -->\n<title>A propos de Tokyo - Voyage \u00e0 Tokyo<\/title>\n<meta name=\"description\" content=\"D\u00e9couvrez \u00e0 propos de Tokyo, capitale fascinante du Japon : son histoire, sa culture, ses quartiers embl\u00e9matiques \u00e0 conna\u00eetre avant votre voyage.\" \/>\n<meta name=\"robots\" content=\"index, follow, max-snippet:-1, max-image-preview:large, max-video-preview:-1\" \/>\n<link rel=\"canonical\" href=\"https:\/\/lavoixdesaintjo.fr\/2025\/tokyo-japon\/a-propos-de-tokyo\/\" \/>\n<meta property=\"og:locale\" content=\"fr_FR\" \/>\n<meta property=\"og:type\" content=\"article\" \/>\n<meta property=\"og:title\" content=\"A propos de Tokyo - Voyage \u00e0 Tokyo\" \/>\n<meta property=\"og:description\" content=\"D\u00e9couvrez \u00e0 propos de Tokyo, capitale fascinante du Japon : son histoire, sa culture, ses quartiers embl\u00e9matiques \u00e0 conna\u00eetre avant votre voyage.\" \/>\n<meta property=\"og:url\" content=\"https:\/\/lavoixdesaintjo.fr\/2025\/tokyo-japon\/a-propos-de-tokyo\/\" \/>\n<meta property=\"og:site_name\" content=\"Voyage \u00e0 Tokyo\" \/>\n<meta property=\"article:modified_time\" content=\"2025-06-16T12:30:16+00:00\" \/>\n<meta property=\"og:image\" content=\"https:\/\/lavoixdesaintjo.fr\/2025\/tokyo-japon\/wp-content\/uploads\/2025\/06\/Tokyo-en-24h-un-expert-devoile-un-itineraire-inoubliable-entre-tradition-et-modernite-800x485-1.webp\" \/>\n<meta name=\"twitter:card\" content=\"summary_large_image\" \/>\n<meta name=\"twitter:label1\" content=\"Dur\u00e9e de lecture estim\u00e9e\" \/>\n\t<meta name=\"twitter:data1\" content=\"3 minutes\" \/>\n<script type=\"application\/ld+json\" class=\"yoast-schema-graph\">{\"@context\":\"https:\/\/schema.org\",\"@graph\":[{\"@type\":\"WebPage\",\"@id\":\"https:\/\/lavoixdesaintjo.fr\/2025\/tokyo-japon\/a-propos-de-tokyo\/\",\"url\":\"https:\/\/lavoixdesaintjo.fr\/2025\/tokyo-japon\/a-propos-de-tokyo\/\",\"name\":\"A propos de Tokyo - Voyage \u00e0 Tokyo\",\"isPartOf\":{\"@id\":\"https:\/\/lavoixdesaintjo.fr\/2025\/tokyo-japon\/#website\"},\"primaryImageOfPage\":{\"@id\":\"https:\/\/lavoixdesaintjo.fr\/2025\/tokyo-japon\/a-propos-de-tokyo\/#primaryimage\"},\"image\":{\"@id\":\"https:\/\/lavoixdesaintjo.fr\/2025\/tokyo-japon\/a-propos-de-tokyo\/#primaryimage\"},\"thumbnailUrl\":\"https:\/\/lavoixdesaintjo.fr\/2025\/tokyo-japon\/wp-content\/uploads\/2025\/06\/Tokyo-en-24h-un-expert-devoile-un-itineraire-inoubliable-entre-tradition-et-modernite-800x485-1.webp\",\"datePublished\":\"2025-05-12T14:13:44+00:00\",\"dateModified\":\"2025-06-16T12:30:16+00:00\",\"description\":\"D\u00e9couvrez \u00e0 propos de Tokyo, capitale fascinante du Japon : son histoire, sa culture, ses quartiers embl\u00e9matiques \u00e0 conna\u00eetre avant votre voyage.\",\"breadcrumb\":{\"@id\":\"https:\/\/lavoixdesaintjo.fr\/2025\/tokyo-japon\/a-propos-de-tokyo\/#breadcrumb\"},\"inLanguage\":\"fr-FR\",\"potentialAction\":[{\"@type\":\"ReadAction\",\"target\":[\"https:\/\/lavoixdesaintjo.fr\/2025\/tokyo-japon\/a-propos-de-tokyo\/\"]}]},{\"@type\":\"ImageObject\",\"inLanguage\":\"fr-FR\",\"@id\":\"https:\/\/lavoixdesaintjo.fr\/2025\/tokyo-japon\/a-propos-de-tokyo\/#primaryimage\",\"url\":\"https:\/\/lavoixdesaintjo.fr\/2025\/tokyo-japon\/wp-content\/uploads\/2025\/06\/Tokyo-en-24h-un-expert-devoile-un-itineraire-inoubliable-entre-tradition-et-modernite-800x485-1.webp\",\"contentUrl\":\"https:\/\/lavoixdesaintjo.fr\/2025\/tokyo-japon\/wp-content\/uploads\/2025\/06\/Tokyo-en-24h-un-expert-devoile-un-itineraire-inoubliable-entre-tradition-et-modernite-800x485-1.webp\",\"width\":800,\"height\":485,\"caption\":\"Tokyo-en-24h-un-expert-devoile-un-itineraire-inoubliable-entre-tradition-et-modernite\"},{\"@type\":\"BreadcrumbList\",\"@id\":\"https:\/\/lavoixdesaintjo.fr\/2025\/tokyo-japon\/a-propos-de-tokyo\/#breadcrumb\",\"itemListElement\":[{\"@type\":\"ListItem\",\"position\":1,\"name\":\"Accueil\",\"item\":\"https:\/\/lavoixdesaintjo.fr\/2025\/tokyo-japon\/\"},{\"@type\":\"ListItem\",\"position\":2,\"name\":\"A propos de Tokyo\"}]},{\"@type\":\"WebSite\",\"@id\":\"https:\/\/lavoixdesaintjo.fr\/2025\/tokyo-japon\/#website\",\"url\":\"https:\/\/lavoixdesaintjo.fr\/2025\/tokyo-japon\/\",\"name\":\"Voyage \u00e0 Tokyo\",\"description\":\"D\u00e9couvrez Tokyo...Dattebayo!!\",\"publisher\":{\"@id\":\"https:\/\/lavoixdesaintjo.fr\/2025\/tokyo-japon\/#organization\"},\"potentialAction\":[{\"@type\":\"SearchAction\",\"target\":{\"@type\":\"EntryPoint\",\"urlTemplate\":\"https:\/\/lavoixdesaintjo.fr\/2025\/tokyo-japon\/?s={search_term_string}\"},\"query-input\":{\"@type\":\"PropertyValueSpecification\",\"valueRequired\":true,\"valueName\":\"search_term_string\"}}],\"inLanguage\":\"fr-FR\"},{\"@type\":\"Organization\",\"@id\":\"https:\/\/lavoixdesaintjo.fr\/2025\/tokyo-japon\/#organization\",\"name\":\"Voyage \u00e0 Tokyo\",\"url\":\"https:\/\/lavoixdesaintjo.fr\/2025\/tokyo-japon\/\",\"logo\":{\"@type\":\"ImageObject\",\"inLanguage\":\"fr-FR\",\"@id\":\"https:\/\/lavoixdesaintjo.fr\/2025\/tokyo-japon\/#\/schema\/logo\/image\/\",\"url\":\"https:\/\/lavoixdesaintjo.fr\/2025\/tokyo-japon\/wp-content\/uploads\/2025\/05\/cropped-ChatGPT-Image-12-mai-2025-15_52_40-1-1.png\",\"contentUrl\":\"https:\/\/lavoixdesaintjo.fr\/2025\/tokyo-japon\/wp-content\/uploads\/2025\/05\/cropped-ChatGPT-Image-12-mai-2025-15_52_40-1-1.png\",\"width\":512,\"height\":512,\"caption\":\"Voyage \u00e0 Tokyo\"},\"image\":{\"@id\":\"https:\/\/lavoixdesaintjo.fr\/2025\/tokyo-japon\/#\/schema\/logo\/image\/\"}}]}<\/script>\n<!-- \/ Yoast SEO plugin. -->","yoast_head_json":{"title":"A propos de Tokyo - Voyage \u00e0 Tokyo","description":"D\u00e9couvrez \u00e0 propos de Tokyo, capitale fascinante du Japon : son histoire, sa culture, ses quartiers embl\u00e9matiques \u00e0 conna\u00eetre avant votre voyage.","robots":{"index":"index","follow":"follow","max-snippet":"max-snippet:-1","max-image-preview":"max-image-preview:large","max-video-preview":"max-video-preview:-1"},"canonical":"https:\/\/lavoixdesaintjo.fr\/2025\/tokyo-japon\/a-propos-de-tokyo\/","og_locale":"fr_FR","og_type":"article","og_title":"A propos de Tokyo - Voyage \u00e0 Tokyo","og_description":"D\u00e9couvrez \u00e0 propos de Tokyo, capitale fascinante du Japon : son histoire, sa culture, ses quartiers embl\u00e9matiques \u00e0 conna\u00eetre avant votre voyage.","og_url":"https:\/\/lavoixdesaintjo.fr\/2025\/tokyo-japon\/a-propos-de-tokyo\/","og_site_name":"Voyage \u00e0 Tokyo","article_modified_time":"2025-06-16T12:30:16+00:00","og_image":[{"url":"https:\/\/lavoixdesaintjo.fr\/2025\/tokyo-japon\/wp-content\/uploads\/2025\/06\/Tokyo-en-24h-un-expert-devoile-un-itineraire-inoubliable-entre-tradition-et-modernite-800x485-1.webp","type":"","width":"","height":""}],"twitter_card":"summary_large_image","twitter_misc":{"Dur\u00e9e de lecture estim\u00e9e":"3 minutes"},"schema":{"@context":"https:\/\/schema.org","@graph":[{"@type":"WebPage","@id":"https:\/\/lavoixdesaintjo.fr\/2025\/tokyo-japon\/a-propos-de-tokyo\/","url":"https:\/\/lavoixdesaintjo.fr\/2025\/tokyo-japon\/a-propos-de-tokyo\/","name":"A propos de Tokyo - Voyage \u00e0 Tokyo","isPartOf":{"@id":"https:\/\/lavoixdesaintjo.fr\/2025\/tokyo-japon\/#website"},"primaryImageOfPage":{"@id":"https:\/\/lavoixdesaintjo.fr\/2025\/tokyo-japon\/a-propos-de-tokyo\/#primaryimage"},"image":{"@id":"https:\/\/lavoixdesaintjo.fr\/2025\/tokyo-japon\/a-propos-de-tokyo\/#primaryimage"},"thumbnailUrl":"https:\/\/lavoixdesaintjo.fr\/2025\/tokyo-japon\/wp-content\/uploads\/2025\/06\/Tokyo-en-24h-un-expert-devoile-un-itineraire-inoubliable-entre-tradition-et-modernite-800x485-1.webp","datePublished":"2025-05-12T14:13:44+00:00","dateModified":"2025-06-16T12:30:16+00:00","description":"D\u00e9couvrez \u00e0 propos de Tokyo, capitale fascinante du Japon : son histoire, sa culture, ses quartiers embl\u00e9matiques \u00e0 conna\u00eetre avant votre voyage.","breadcrumb":{"@id":"https:\/\/lavoixdesaintjo.fr\/2025\/tokyo-japon\/a-propos-de-tokyo\/#breadcrumb"},"inLanguage":"fr-FR","potentialAction":[{"@type":"ReadAction","target":["https:\/\/lavoixdesaintjo.fr\/2025\/tokyo-japon\/a-propos-de-tokyo\/"]}]},{"@type":"ImageObject","inLanguage":"fr-FR","@id":"https:\/\/lavoixdesaintjo.fr\/2025\/tokyo-japon\/a-propos-de-tokyo\/#primaryimage","url":"https:\/\/lavoixdesaintjo.fr\/2025\/tokyo-japon\/wp-content\/uploads\/2025\/06\/Tokyo-en-24h-un-expert-devoile-un-itineraire-inoubliable-entre-tradition-et-modernite-800x485-1.webp","contentUrl":"https:\/\/lavoixdesaintjo.fr\/2025\/tokyo-japon\/wp-content\/uploads\/2025\/06\/Tokyo-en-24h-un-expert-devoile-un-itineraire-inoubliable-entre-tradition-et-modernite-800x485-1.webp","width":800,"height":485,"caption":"Tokyo-en-24h-un-expert-devoile-un-itineraire-inoubliable-entre-tradition-et-modernite"},{"@type":"BreadcrumbList","@id":"https:\/\/lavoixdesaintjo.fr\/2025\/tokyo-japon\/a-propos-de-tokyo\/#breadcrumb","itemListElement":[{"@type":"ListItem","position":1,"name":"Accueil","item":"https:\/\/lavoixdesaintjo.fr\/2025\/tokyo-japon\/"},{"@type":"ListItem","position":2,"name":"A propos de Tokyo"}]},{"@type":"WebSite","@id":"https:\/\/lavoixdesaintjo.fr\/2025\/tokyo-japon\/#website","url":"https:\/\/lavoixdesaintjo.fr\/2025\/tokyo-japon\/","name":"Voyage \u00e0 Tokyo","description":"D\u00e9couvrez Tokyo...Dattebayo!!","publisher":{"@id":"https:\/\/lavoixdesaintjo.fr\/2025\/tokyo-japon\/#organization"},"potentialAction":[{"@type":"SearchAction","target":{"@type":"EntryPoint","urlTemplate":"https:\/\/lavoixdesaintjo.fr\/2025\/tokyo-japon\/?s={search_term_string}"},"query-input":{"@type":"PropertyValueSpecification","valueRequired":true,"valueName":"search_term_string"}}],"inLanguage":"fr-FR"},{"@type":"Organization","@id":"https:\/\/lavoixdesaintjo.fr\/2025\/tokyo-japon\/#organization","name":"Voyage \u00e0 Tokyo","url":"https:\/\/lavoixdesaintjo.fr\/2025\/tokyo-japon\/","logo":{"@type":"ImageObject","inLanguage":"fr-FR","@id":"https:\/\/lavoixdesaintjo.fr\/2025\/tokyo-japon\/#\/schema\/logo\/image\/","url":"https:\/\/lavoixdesaintjo.fr\/2025\/tokyo-japon\/wp-content\/uploads\/2025\/05\/cropped-ChatGPT-Image-12-mai-2025-15_52_40-1-1.png","contentUrl":"https:\/\/lavoixdesaintjo.fr\/2025\/tokyo-japon\/wp-content\/uploads\/2025\/05\/cropped-ChatGPT-Image-12-mai-2025-15_52_40-1-1.png","width":512,"height":512,"caption":"Voyage \u00e0 Tokyo"},"image":{"@id":"https:\/\/lavoixdesaintjo.fr\/2025\/tokyo-japon\/#\/schema\/logo\/image\/"}}]}},"_links":{"self":[{"href":"https:\/\/lavoixdesaintjo.fr\/2025\/tokyo-japon\/wp-json\/wp\/v2\/pages\/28","targetHints":{"allow":["GET"]}}],"collection":[{"href":"https:\/\/lavoixdesaintjo.fr\/2025\/tokyo-japon\/wp-json\/wp\/v2\/pages"}],"about":[{"href":"https:\/\/lavoixdesaintjo.fr\/2025\/tokyo-japon\/wp-json\/wp\/v2\/types\/page"}],"author":[{"embeddable":true,"href":"https:\/\/lavoixdesaintjo.fr\/2025\/tokyo-japon\/wp-json\/wp\/v2\/users\/1"}],"replies":[{"embeddable":true,"href":"https:\/\/lavoixdesaintjo.fr\/2025\/tokyo-japon\/wp-json\/wp\/v2\/comments?post=28"}],"version-history":[{"count":8,"href":"https:\/\/lavoixdesaintjo.fr\/2025\/tokyo-japon\/wp-json\/wp\/v2\/pages\/28\/revisions"}],"predecessor-version":[{"id":899,"href":"https:\/\/lavoixdesaintjo.fr\/2025\/tokyo-japon\/wp-json\/wp\/v2\/pages\/28\/revisions\/899"}],"wp:attachment":[{"href":"https:\/\/lavoixdesaintjo.fr\/2025\/tokyo-japon\/wp-json\/wp\/v2\/media?parent=28"}],"curies":[{"name":"wp","href":"https:\/\/api.w.org\/{rel}","templated":true}]}}